{"id":29208,"date":"2026-02-05T16:48:53","date_gmt":"2026-02-12T18:03:49","guid":{"rendered":"https:\/\/foresteel.eu\/product\/interrupteur-de-securite-integre\/"},"modified":"2026-02-12T21:03:49","modified_gmt":"2026-02-12T18:03:49","slug":"interrupteur-de-securite-integre","status":"publish","type":"product","link":"https:\/\/foresteel.eu\/fr\/produit\/interrupteur-de-securite-integre\/","title":{"rendered":"Interrupteur de s\u00e9curit\u00e9 int\u00e9gr\u00e9"},"content":{"rendered":"<p>Interrupteur de s\u00e9curit\u00e9 int\u00e9gr\u00e9<\/p>\n","protected":false},"excerpt":{"rendered":"<p>Goulotte d&rsquo;\u00e9vacuation \u00e0 d\u00e9gagement rapide pour un retrait ais\u00e9 et un nettoyage rapide<\/p>\n","protected":false},"featured_media":28905,"template":"","meta":{"_acf_changed":false},"product_brand":[],"product_cat":[325],"product_tag":[],"class_list":{"0":"post-29208","1":"product","2":"type-product","3":"status-publish","4":"has-post-thumbnail","6":"product_cat-equipement-standard","7":"tm-has-options","8":"member-discount","9":"discount-restricted","11":"first","12":"instock","13":"taxable","14":"shipping-taxable","15":"purchasable","16":"product-type-simple"},"acf":[],"yoast_head":"<!-- This site is optimized with the Yoast SEO plugin v26.3 - https:\/\/yoast.com\/wordpress\/plugins\/seo\/ -->\n<title>Interrupteur de s\u00e9curit\u00e9 int\u00e9gr\u00e9 - Foresteel\u00a0: Remorques basculantes et ramasseurs de feuilles haut de gamme, nettoyeurs haute pression mobiles et solutions d&#039;arrosage<\/title>\n<meta name=\"description\" content=\"Interrupteur de s\u00e9curit\u00e9 int\u00e9gr\u00e9\" \/>\n<meta name=\"robots\" content=\"index, follow, max-snippet:-1, max-image-preview:large, max-video-preview:-1\" \/>\n<link rel=\"canonical\" href=\"https:\/\/foresteel.eu\/fr\/produit\/interrupteur-de-securite-integre\/\" \/>\n<meta property=\"og:locale\" content=\"fr_FR\" \/>\n<meta property=\"og:type\" content=\"article\" \/>\n<meta property=\"og:title\" content=\"Interrupteur de s\u00e9curit\u00e9 int\u00e9gr\u00e9 - Foresteel\u00a0: Remorques basculantes et ramasseurs de feuilles haut de gamme, nettoyeurs haute pression mobiles et solutions d&#039;arrosage\" \/>\n<meta property=\"og:description\" content=\"Interrupteur de s\u00e9curit\u00e9 int\u00e9gr\u00e9\" \/>\n<meta property=\"og:url\" content=\"https:\/\/foresteel.eu\/fr\/produit\/interrupteur-de-securite-integre\/\" \/>\n<meta property=\"og:site_name\" content=\"Foresteel\u00a0: Remorques basculantes et ramasseurs de feuilles haut de gamme, nettoyeurs haute pression mobiles et solutions d&#039;arrosage\" \/>\n<meta property=\"article:publisher\" content=\"https:\/\/www.facebook.com\/foresteel.eu\/\" \/>\n<meta property=\"og:image\" content=\"https:\/\/foresteel.eu\/wp-content\/uploads\/2026\/02\/Foresteel-VAC-G2-quick-connect-safety-switch-s.jpg\" \/>\n\t<meta property=\"og:image:width\" content=\"600\" \/>\n\t<meta property=\"og:image:height\" content=\"600\" \/>\n\t<meta property=\"og:image:type\" content=\"image\/jpeg\" \/>\n<meta name=\"twitter:card\" content=\"summary_large_image\" \/>\n<script type=\"application\/ld+json\" class=\"yoast-schema-graph\">{\"@context\":\"https:\/\/schema.org\",\"@graph\":[{\"@type\":\"WebPage\",\"@id\":\"https:\/\/foresteel.eu\/fr\/produit\/interrupteur-de-securite-integre\/\",\"url\":\"https:\/\/foresteel.eu\/fr\/produit\/interrupteur-de-securite-integre\/\",\"name\":\"Interrupteur de s\u00e9curit\u00e9 int\u00e9gr\u00e9 - Foresteel\u00a0: Remorques basculantes et ramasseurs de feuilles haut de gamme, nettoyeurs haute pression mobiles et solutions d'arrosage\",\"isPartOf\":{\"@id\":\"https:\/\/foresteel.eu\/#website\"},\"primaryImageOfPage\":{\"@id\":\"https:\/\/foresteel.eu\/fr\/produit\/interrupteur-de-securite-integre\/#primaryimage\"},\"image\":{\"@id\":\"https:\/\/foresteel.eu\/fr\/produit\/interrupteur-de-securite-integre\/#primaryimage\"},\"thumbnailUrl\":\"https:\/\/foresteel.eu\/wp-content\/uploads\/2026\/02\/Foresteel-VAC-G2-quick-connect-safety-switch-s.jpg\",\"datePublished\":\"2026-02-12T18:03:49+00:00\",\"description\":\"Interrupteur de s\u00e9curit\u00e9 int\u00e9gr\u00e9\",\"breadcrumb\":{\"@id\":\"https:\/\/foresteel.eu\/fr\/produit\/interrupteur-de-securite-integre\/#breadcrumb\"},\"inLanguage\":\"fr-FR\",\"potentialAction\":[{\"@type\":\"ReadAction\",\"target\":[\"https:\/\/foresteel.eu\/fr\/produit\/interrupteur-de-securite-integre\/\"]}]},{\"@type\":\"ImageObject\",\"inLanguage\":\"fr-FR\",\"@id\":\"https:\/\/foresteel.eu\/fr\/produit\/interrupteur-de-securite-integre\/#primaryimage\",\"url\":\"https:\/\/foresteel.eu\/wp-content\/uploads\/2026\/02\/Foresteel-VAC-G2-quick-connect-safety-switch-s.jpg\",\"contentUrl\":\"https:\/\/foresteel.eu\/wp-content\/uploads\/2026\/02\/Foresteel-VAC-G2-quick-connect-safety-switch-s.jpg\",\"width\":600,\"height\":600},{\"@type\":\"BreadcrumbList\",\"@id\":\"https:\/\/foresteel.eu\/fr\/produit\/interrupteur-de-securite-integre\/#breadcrumb\",\"itemListElement\":[{\"@type\":\"ListItem\",\"position\":1,\"name\":\"Home\",\"item\":\"https:\/\/foresteel.eu\/fr\/home\/\"},{\"@type\":\"ListItem\",\"position\":2,\"name\":\"Boutique\",\"item\":\"https:\/\/foresteel.eu\/fr\/boutique\/\"},{\"@type\":\"ListItem\",\"position\":3,\"name\":\"Interrupteur de s\u00e9curit\u00e9 int\u00e9gr\u00e9\"}]},{\"@type\":\"WebSite\",\"@id\":\"https:\/\/foresteel.eu\/#website\",\"url\":\"https:\/\/foresteel.eu\/\",\"name\":\"Foresteel\u00a0: Remorques basculantes et ramasseurs de feuilles haut de gamme, nettoyeurs haute pression mobiles et solutions d'arrosage\",\"description\":\"Foresteel.\",\"publisher\":{\"@id\":\"https:\/\/foresteel.eu\/#organization\"},\"potentialAction\":[{\"@type\":\"SearchAction\",\"target\":{\"@type\":\"EntryPoint\",\"urlTemplate\":\"https:\/\/foresteel.eu\/?s={search_term_string}\"},\"query-input\":{\"@type\":\"PropertyValueSpecification\",\"valueRequired\":true,\"valueName\":\"search_term_string\"}}],\"inLanguage\":\"fr-FR\"},{\"@type\":\"Organization\",\"@id\":\"https:\/\/foresteel.eu\/#organization\",\"name\":\"Foresteel\",\"url\":\"https:\/\/foresteel.eu\/\",\"logo\":{\"@type\":\"ImageObject\",\"inLanguage\":\"fr-FR\",\"@id\":\"https:\/\/foresteel.eu\/#\/schema\/logo\/image\/\",\"url\":\"https:\/\/foresteel.eu\/wp-content\/uploads\/2022\/02\/header-logo.png\",\"contentUrl\":\"https:\/\/foresteel.eu\/wp-content\/uploads\/2022\/02\/header-logo.png\",\"width\":233,\"height\":60,\"caption\":\"Foresteel\"},\"image\":{\"@id\":\"https:\/\/foresteel.eu\/#\/schema\/logo\/image\/\"},\"sameAs\":[\"https:\/\/www.facebook.com\/foresteel.eu\/\",\"https:\/\/www.instagram.com\/foresteel\/\",\"https:\/\/www.youtube.com\/channel\/UCnGStzIvsDkYmZ7T1bwH6og\"]}]}<\/script>\n<!-- \/ Yoast SEO plugin. -->","yoast_head_json":{"title":"Interrupteur de s\u00e9curit\u00e9 int\u00e9gr\u00e9 - Foresteel\u00a0: Remorques basculantes et ramasseurs de feuilles haut de gamme, nettoyeurs haute pression mobiles et solutions d'arrosage","description":"Interrupteur de s\u00e9curit\u00e9 int\u00e9gr\u00e9","robots":{"index":"index","follow":"follow","max-snippet":"max-snippet:-1","max-image-preview":"max-image-preview:large","max-video-preview":"max-video-preview:-1"},"canonical":"https:\/\/foresteel.eu\/fr\/produit\/interrupteur-de-securite-integre\/","og_locale":"fr_FR","og_type":"article","og_title":"Interrupteur de s\u00e9curit\u00e9 int\u00e9gr\u00e9 - Foresteel\u00a0: Remorques basculantes et ramasseurs de feuilles haut de gamme, nettoyeurs haute pression mobiles et solutions d'arrosage","og_description":"Interrupteur de s\u00e9curit\u00e9 int\u00e9gr\u00e9","og_url":"https:\/\/foresteel.eu\/fr\/produit\/interrupteur-de-securite-integre\/","og_site_name":"Foresteel\u00a0: Remorques basculantes et ramasseurs de feuilles haut de gamme, nettoyeurs haute pression mobiles et solutions d'arrosage","article_publisher":"https:\/\/www.facebook.com\/foresteel.eu\/","og_image":[{"width":600,"height":600,"url":"https:\/\/foresteel.eu\/wp-content\/uploads\/2026\/02\/Foresteel-VAC-G2-quick-connect-safety-switch-s.jpg","type":"image\/jpeg"}],"twitter_card":"summary_large_image","schema":{"@context":"https:\/\/schema.org","@graph":[{"@type":"WebPage","@id":"https:\/\/foresteel.eu\/fr\/produit\/interrupteur-de-securite-integre\/","url":"https:\/\/foresteel.eu\/fr\/produit\/interrupteur-de-securite-integre\/","name":"Interrupteur de s\u00e9curit\u00e9 int\u00e9gr\u00e9 - Foresteel\u00a0: Remorques basculantes et ramasseurs de feuilles haut de gamme, nettoyeurs haute pression mobiles et solutions d'arrosage","isPartOf":{"@id":"https:\/\/foresteel.eu\/#website"},"primaryImageOfPage":{"@id":"https:\/\/foresteel.eu\/fr\/produit\/interrupteur-de-securite-integre\/#primaryimage"},"image":{"@id":"https:\/\/foresteel.eu\/fr\/produit\/interrupteur-de-securite-integre\/#primaryimage"},"thumbnailUrl":"https:\/\/foresteel.eu\/wp-content\/uploads\/2026\/02\/Foresteel-VAC-G2-quick-connect-safety-switch-s.jpg","datePublished":"2026-02-12T18:03:49+00:00","description":"Interrupteur de s\u00e9curit\u00e9 int\u00e9gr\u00e9","breadcrumb":{"@id":"https:\/\/foresteel.eu\/fr\/produit\/interrupteur-de-securite-integre\/#breadcrumb"},"inLanguage":"fr-FR","potentialAction":[{"@type":"ReadAction","target":["https:\/\/foresteel.eu\/fr\/produit\/interrupteur-de-securite-integre\/"]}]},{"@type":"ImageObject","inLanguage":"fr-FR","@id":"https:\/\/foresteel.eu\/fr\/produit\/interrupteur-de-securite-integre\/#primaryimage","url":"https:\/\/foresteel.eu\/wp-content\/uploads\/2026\/02\/Foresteel-VAC-G2-quick-connect-safety-switch-s.jpg","contentUrl":"https:\/\/foresteel.eu\/wp-content\/uploads\/2026\/02\/Foresteel-VAC-G2-quick-connect-safety-switch-s.jpg","width":600,"height":600},{"@type":"BreadcrumbList","@id":"https:\/\/foresteel.eu\/fr\/produit\/interrupteur-de-securite-integre\/#breadcrumb","itemListElement":[{"@type":"ListItem","position":1,"name":"Home","item":"https:\/\/foresteel.eu\/fr\/home\/"},{"@type":"ListItem","position":2,"name":"Boutique","item":"https:\/\/foresteel.eu\/fr\/boutique\/"},{"@type":"ListItem","position":3,"name":"Interrupteur de s\u00e9curit\u00e9 int\u00e9gr\u00e9"}]},{"@type":"WebSite","@id":"https:\/\/foresteel.eu\/#website","url":"https:\/\/foresteel.eu\/","name":"Foresteel\u00a0: Remorques basculantes et ramasseurs de feuilles haut de gamme, nettoyeurs haute pression mobiles et solutions d'arrosage","description":"Foresteel.","publisher":{"@id":"https:\/\/foresteel.eu\/#organization"},"potentialAction":[{"@type":"SearchAction","target":{"@type":"EntryPoint","urlTemplate":"https:\/\/foresteel.eu\/?s={search_term_string}"},"query-input":{"@type":"PropertyValueSpecification","valueRequired":true,"valueName":"search_term_string"}}],"inLanguage":"fr-FR"},{"@type":"Organization","@id":"https:\/\/foresteel.eu\/#organization","name":"Foresteel","url":"https:\/\/foresteel.eu\/","logo":{"@type":"ImageObject","inLanguage":"fr-FR","@id":"https:\/\/foresteel.eu\/#\/schema\/logo\/image\/","url":"https:\/\/foresteel.eu\/wp-content\/uploads\/2022\/02\/header-logo.png","contentUrl":"https:\/\/foresteel.eu\/wp-content\/uploads\/2022\/02\/header-logo.png","width":233,"height":60,"caption":"Foresteel"},"image":{"@id":"https:\/\/foresteel.eu\/#\/schema\/logo\/image\/"},"sameAs":["https:\/\/www.facebook.com\/foresteel.eu\/","https:\/\/www.instagram.com\/foresteel\/","https:\/\/www.youtube.com\/channel\/UCnGStzIvsDkYmZ7T1bwH6og"]}]}},"_links":{"self":[{"href":"https:\/\/foresteel.eu\/fr\/wp-json\/wp\/v2\/product\/29208","targetHints":{"allow":["GET"]}}],"collection":[{"href":"https:\/\/foresteel.eu\/fr\/wp-json\/wp\/v2\/product"}],"about":[{"href":"https:\/\/foresteel.eu\/fr\/wp-json\/wp\/v2\/types\/product"}],"version-history":[{"count":0,"href":"https:\/\/foresteel.eu\/fr\/wp-json\/wp\/v2\/product\/29208\/revisions"}],"wp:featuredmedia":[{"embeddable":true,"href":"https:\/\/foresteel.eu\/fr\/wp-json\/wp\/v2\/media\/28905"}],"wp:attachment":[{"href":"https:\/\/foresteel.eu\/fr\/wp-json\/wp\/v2\/media?parent=29208"}],"wp:term":[{"taxonomy":"product_brand","embeddable":true,"href":"https:\/\/foresteel.eu\/fr\/wp-json\/wp\/v2\/product_brand?post=29208"},{"taxonomy":"product_cat","embeddable":true,"href":"https:\/\/foresteel.eu\/fr\/wp-json\/wp\/v2\/product_cat?post=29208"},{"taxonomy":"product_tag","embeddable":true,"href":"https:\/\/foresteel.eu\/fr\/wp-json\/wp\/v2\/product_tag?post=29208"}],"curies":[{"name":"wp","href":"https:\/\/api.w.org\/{rel}","templated":true}]}}