{"id":29193,"date":"2026-02-05T17:30:32","date_gmt":"2026-02-12T17:34:54","guid":{"rendered":"https:\/\/foresteel.eu\/product\/kit-dentretien-annuel-du-moteur-midvac-14hp-vanguard\/"},"modified":"2026-02-12T20:34:54","modified_gmt":"2026-02-12T17:34:54","slug":"kit-dentretien-annuel-du-moteur-midvac-14hp-vanguard","status":"publish","type":"product","link":"https:\/\/foresteel.eu\/fr\/produit\/kit-dentretien-annuel-du-moteur-midvac-14hp-vanguard\/","title":{"rendered":"Kit d&rsquo;entretien annuel du moteur MIDvac, 14HP Vanguard"},"content":{"rendered":"<p>Kit d&rsquo;entretien annuel du moteur MIDvac, 14HP Vanguard<\/p>\n<p>Comprend :<\/p>\n<ul>\n<li>2x 0,6L d&rsquo;huile recommand\u00e9e<\/li>\n<li>Bougie d&rsquo;allumage<\/li>\n<li>Filtre \u00e0 air<\/li>\n<\/ul>\n","protected":false},"excerpt":{"rendered":"<p>Kit d&rsquo;entretien annuel du moteur MIDvac, 14HP Vanguard<\/p>\n<p>Comprend :<\/p>\n<ul>\n<li>2x 0,6L d&rsquo;huile recommand\u00e9e<\/li>\n<li>Bougie d&rsquo;allumage<\/li>\n<li>Filtre \u00e0 air<\/li>\n<\/ul>\n","protected":false},"featured_media":28933,"template":"","meta":{"_acf_changed":false},"product_brand":[],"product_cat":[323],"product_tag":[],"class_list":{"0":"post-29193","1":"product","2":"type-product","3":"status-publish","4":"has-post-thumbnail","6":"product_cat-equipement-en-option","7":"tm-has-options","8":"member-discount","9":"discount-restricted","11":"first","12":"instock","13":"taxable","14":"shipping-taxable","15":"purchasable","16":"product-type-simple"},"acf":[],"yoast_head":"<!-- This site is optimized with the Yoast SEO plugin v26.3 - https:\/\/yoast.com\/wordpress\/plugins\/seo\/ -->\n<title>Kit d&#039;entretien annuel du moteur MIDvac, 14HP Vanguard - Foresteel\u00a0: Remorques basculantes et ramasseurs de feuilles haut de gamme, nettoyeurs haute pression mobiles et solutions d&#039;arrosage<\/title>\n<meta name=\"description\" content=\"Le bras de support de tuyau allong\u00e9 du chargeur de d\u00e9bris Foresteel\u2122 am\u00e9liore l&#039;ergonomie et r\u00e9duit la fatigue de l&#039;op\u00e9rateur.\" \/>\n<meta name=\"robots\" content=\"index, follow, max-snippet:-1, max-image-preview:large, max-video-preview:-1\" \/>\n<link rel=\"canonical\" href=\"https:\/\/foresteel.eu\/fr\/produit\/kit-dentretien-annuel-du-moteur-midvac-14hp-vanguard\/\" \/>\n<meta property=\"og:locale\" content=\"fr_FR\" \/>\n<meta property=\"og:type\" content=\"article\" \/>\n<meta property=\"og:title\" content=\"Kit d&#039;entretien annuel du moteur MIDvac, 14HP Vanguard - Foresteel\u00a0: Remorques basculantes et ramasseurs de feuilles haut de gamme, nettoyeurs haute pression mobiles et solutions d&#039;arrosage\" \/>\n<meta property=\"og:description\" content=\"Le bras de support de tuyau allong\u00e9 du chargeur de d\u00e9bris Foresteel\u2122 am\u00e9liore l&#039;ergonomie et r\u00e9duit la fatigue de l&#039;op\u00e9rateur.\" \/>\n<meta property=\"og:url\" content=\"https:\/\/foresteel.eu\/fr\/produit\/kit-dentretien-annuel-du-moteur-midvac-14hp-vanguard\/\" \/>\n<meta property=\"og:site_name\" content=\"Foresteel\u00a0: Remorques basculantes et ramasseurs de feuilles haut de gamme, nettoyeurs haute pression mobiles et solutions d&#039;arrosage\" \/>\n<meta property=\"article:publisher\" content=\"https:\/\/www.facebook.com\/foresteel.eu\/\" \/>\n<meta property=\"og:image\" content=\"https:\/\/foresteel.eu\/wp-content\/uploads\/2026\/02\/FORESTEEL-FVAC-13-ANNUAL.jpg\" \/>\n\t<meta property=\"og:image:width\" content=\"800\" \/>\n\t<meta property=\"og:image:height\" content=\"800\" \/>\n\t<meta property=\"og:image:type\" content=\"image\/jpeg\" \/>\n<meta name=\"twitter:card\" content=\"summary_large_image\" \/>\n<script type=\"application\/ld+json\" class=\"yoast-schema-graph\">{\"@context\":\"https:\/\/schema.org\",\"@graph\":[{\"@type\":\"WebPage\",\"@id\":\"https:\/\/foresteel.eu\/fr\/produit\/kit-dentretien-annuel-du-moteur-midvac-14hp-vanguard\/\",\"url\":\"https:\/\/foresteel.eu\/fr\/produit\/kit-dentretien-annuel-du-moteur-midvac-14hp-vanguard\/\",\"name\":\"Kit d'entretien annuel du moteur MIDvac, 14HP Vanguard - Foresteel\u00a0: Remorques basculantes et ramasseurs de feuilles haut de gamme, nettoyeurs haute pression mobiles et solutions d'arrosage\",\"isPartOf\":{\"@id\":\"https:\/\/foresteel.eu\/#website\"},\"primaryImageOfPage\":{\"@id\":\"https:\/\/foresteel.eu\/fr\/produit\/kit-dentretien-annuel-du-moteur-midvac-14hp-vanguard\/#primaryimage\"},\"image\":{\"@id\":\"https:\/\/foresteel.eu\/fr\/produit\/kit-dentretien-annuel-du-moteur-midvac-14hp-vanguard\/#primaryimage\"},\"thumbnailUrl\":\"https:\/\/foresteel.eu\/wp-content\/uploads\/2026\/02\/FORESTEEL-FVAC-13-ANNUAL.jpg\",\"datePublished\":\"2026-02-12T17:34:54+00:00\",\"description\":\"Le bras de support de tuyau allong\u00e9 du chargeur de d\u00e9bris Foresteel\u2122 am\u00e9liore l'ergonomie et r\u00e9duit la fatigue de l'op\u00e9rateur.\",\"breadcrumb\":{\"@id\":\"https:\/\/foresteel.eu\/fr\/produit\/kit-dentretien-annuel-du-moteur-midvac-14hp-vanguard\/#breadcrumb\"},\"inLanguage\":\"fr-FR\",\"potentialAction\":[{\"@type\":\"ReadAction\",\"target\":[\"https:\/\/foresteel.eu\/fr\/produit\/kit-dentretien-annuel-du-moteur-midvac-14hp-vanguard\/\"]}]},{\"@type\":\"ImageObject\",\"inLanguage\":\"fr-FR\",\"@id\":\"https:\/\/foresteel.eu\/fr\/produit\/kit-dentretien-annuel-du-moteur-midvac-14hp-vanguard\/#primaryimage\",\"url\":\"https:\/\/foresteel.eu\/wp-content\/uploads\/2026\/02\/FORESTEEL-FVAC-13-ANNUAL.jpg\",\"contentUrl\":\"https:\/\/foresteel.eu\/wp-content\/uploads\/2026\/02\/FORESTEEL-FVAC-13-ANNUAL.jpg\",\"width\":800,\"height\":800},{\"@type\":\"BreadcrumbList\",\"@id\":\"https:\/\/foresteel.eu\/fr\/produit\/kit-dentretien-annuel-du-moteur-midvac-14hp-vanguard\/#breadcrumb\",\"itemListElement\":[{\"@type\":\"ListItem\",\"position\":1,\"name\":\"Home\",\"item\":\"https:\/\/foresteel.eu\/fr\/home\/\"},{\"@type\":\"ListItem\",\"position\":2,\"name\":\"Boutique\",\"item\":\"https:\/\/foresteel.eu\/fr\/boutique\/\"},{\"@type\":\"ListItem\",\"position\":3,\"name\":\"Kit d&#8217;entretien annuel du moteur MIDvac, 14HP Vanguard\"}]},{\"@type\":\"WebSite\",\"@id\":\"https:\/\/foresteel.eu\/#website\",\"url\":\"https:\/\/foresteel.eu\/\",\"name\":\"Foresteel\u00a0: Remorques basculantes et ramasseurs de feuilles haut de gamme, nettoyeurs haute pression mobiles et solutions d'arrosage\",\"description\":\"Foresteel.\",\"publisher\":{\"@id\":\"https:\/\/foresteel.eu\/#organization\"},\"potentialAction\":[{\"@type\":\"SearchAction\",\"target\":{\"@type\":\"EntryPoint\",\"urlTemplate\":\"https:\/\/foresteel.eu\/?s={search_term_string}\"},\"query-input\":{\"@type\":\"PropertyValueSpecification\",\"valueRequired\":true,\"valueName\":\"search_term_string\"}}],\"inLanguage\":\"fr-FR\"},{\"@type\":\"Organization\",\"@id\":\"https:\/\/foresteel.eu\/#organization\",\"name\":\"Foresteel\",\"url\":\"https:\/\/foresteel.eu\/\",\"logo\":{\"@type\":\"ImageObject\",\"inLanguage\":\"fr-FR\",\"@id\":\"https:\/\/foresteel.eu\/#\/schema\/logo\/image\/\",\"url\":\"https:\/\/foresteel.eu\/wp-content\/uploads\/2022\/02\/header-logo.png\",\"contentUrl\":\"https:\/\/foresteel.eu\/wp-content\/uploads\/2022\/02\/header-logo.png\",\"width\":233,\"height\":60,\"caption\":\"Foresteel\"},\"image\":{\"@id\":\"https:\/\/foresteel.eu\/#\/schema\/logo\/image\/\"},\"sameAs\":[\"https:\/\/www.facebook.com\/foresteel.eu\/\",\"https:\/\/www.instagram.com\/foresteel\/\",\"https:\/\/www.youtube.com\/channel\/UCnGStzIvsDkYmZ7T1bwH6og\"]}]}<\/script>\n<!-- \/ Yoast SEO plugin. -->","yoast_head_json":{"title":"Kit d'entretien annuel du moteur MIDvac, 14HP Vanguard - Foresteel\u00a0: Remorques basculantes et ramasseurs de feuilles haut de gamme, nettoyeurs haute pression mobiles et solutions d'arrosage","description":"Le bras de support de tuyau allong\u00e9 du chargeur de d\u00e9bris Foresteel\u2122 am\u00e9liore l'ergonomie et r\u00e9duit la fatigue de l'op\u00e9rateur.","robots":{"index":"index","follow":"follow","max-snippet":"max-snippet:-1","max-image-preview":"max-image-preview:large","max-video-preview":"max-video-preview:-1"},"canonical":"https:\/\/foresteel.eu\/fr\/produit\/kit-dentretien-annuel-du-moteur-midvac-14hp-vanguard\/","og_locale":"fr_FR","og_type":"article","og_title":"Kit d'entretien annuel du moteur MIDvac, 14HP Vanguard - Foresteel\u00a0: Remorques basculantes et ramasseurs de feuilles haut de gamme, nettoyeurs haute pression mobiles et solutions d'arrosage","og_description":"Le bras de support de tuyau allong\u00e9 du chargeur de d\u00e9bris Foresteel\u2122 am\u00e9liore l'ergonomie et r\u00e9duit la fatigue de l'op\u00e9rateur.","og_url":"https:\/\/foresteel.eu\/fr\/produit\/kit-dentretien-annuel-du-moteur-midvac-14hp-vanguard\/","og_site_name":"Foresteel\u00a0: Remorques basculantes et ramasseurs de feuilles haut de gamme, nettoyeurs haute pression mobiles et solutions d'arrosage","article_publisher":"https:\/\/www.facebook.com\/foresteel.eu\/","og_image":[{"width":800,"height":800,"url":"https:\/\/foresteel.eu\/wp-content\/uploads\/2026\/02\/FORESTEEL-FVAC-13-ANNUAL.jpg","type":"image\/jpeg"}],"twitter_card":"summary_large_image","schema":{"@context":"https:\/\/schema.org","@graph":[{"@type":"WebPage","@id":"https:\/\/foresteel.eu\/fr\/produit\/kit-dentretien-annuel-du-moteur-midvac-14hp-vanguard\/","url":"https:\/\/foresteel.eu\/fr\/produit\/kit-dentretien-annuel-du-moteur-midvac-14hp-vanguard\/","name":"Kit d'entretien annuel du moteur MIDvac, 14HP Vanguard - Foresteel\u00a0: Remorques basculantes et ramasseurs de feuilles haut de gamme, nettoyeurs haute pression mobiles et solutions d'arrosage","isPartOf":{"@id":"https:\/\/foresteel.eu\/#website"},"primaryImageOfPage":{"@id":"https:\/\/foresteel.eu\/fr\/produit\/kit-dentretien-annuel-du-moteur-midvac-14hp-vanguard\/#primaryimage"},"image":{"@id":"https:\/\/foresteel.eu\/fr\/produit\/kit-dentretien-annuel-du-moteur-midvac-14hp-vanguard\/#primaryimage"},"thumbnailUrl":"https:\/\/foresteel.eu\/wp-content\/uploads\/2026\/02\/FORESTEEL-FVAC-13-ANNUAL.jpg","datePublished":"2026-02-12T17:34:54+00:00","description":"Le bras de support de tuyau allong\u00e9 du chargeur de d\u00e9bris Foresteel\u2122 am\u00e9liore l'ergonomie et r\u00e9duit la fatigue de l'op\u00e9rateur.","breadcrumb":{"@id":"https:\/\/foresteel.eu\/fr\/produit\/kit-dentretien-annuel-du-moteur-midvac-14hp-vanguard\/#breadcrumb"},"inLanguage":"fr-FR","potentialAction":[{"@type":"ReadAction","target":["https:\/\/foresteel.eu\/fr\/produit\/kit-dentretien-annuel-du-moteur-midvac-14hp-vanguard\/"]}]},{"@type":"ImageObject","inLanguage":"fr-FR","@id":"https:\/\/foresteel.eu\/fr\/produit\/kit-dentretien-annuel-du-moteur-midvac-14hp-vanguard\/#primaryimage","url":"https:\/\/foresteel.eu\/wp-content\/uploads\/2026\/02\/FORESTEEL-FVAC-13-ANNUAL.jpg","contentUrl":"https:\/\/foresteel.eu\/wp-content\/uploads\/2026\/02\/FORESTEEL-FVAC-13-ANNUAL.jpg","width":800,"height":800},{"@type":"BreadcrumbList","@id":"https:\/\/foresteel.eu\/fr\/produit\/kit-dentretien-annuel-du-moteur-midvac-14hp-vanguard\/#breadcrumb","itemListElement":[{"@type":"ListItem","position":1,"name":"Home","item":"https:\/\/foresteel.eu\/fr\/home\/"},{"@type":"ListItem","position":2,"name":"Boutique","item":"https:\/\/foresteel.eu\/fr\/boutique\/"},{"@type":"ListItem","position":3,"name":"Kit d&#8217;entretien annuel du moteur MIDvac, 14HP Vanguard"}]},{"@type":"WebSite","@id":"https:\/\/foresteel.eu\/#website","url":"https:\/\/foresteel.eu\/","name":"Foresteel\u00a0: Remorques basculantes et ramasseurs de feuilles haut de gamme, nettoyeurs haute pression mobiles et solutions d'arrosage","description":"Foresteel.","publisher":{"@id":"https:\/\/foresteel.eu\/#organization"},"potentialAction":[{"@type":"SearchAction","target":{"@type":"EntryPoint","urlTemplate":"https:\/\/foresteel.eu\/?s={search_term_string}"},"query-input":{"@type":"PropertyValueSpecification","valueRequired":true,"valueName":"search_term_string"}}],"inLanguage":"fr-FR"},{"@type":"Organization","@id":"https:\/\/foresteel.eu\/#organization","name":"Foresteel","url":"https:\/\/foresteel.eu\/","logo":{"@type":"ImageObject","inLanguage":"fr-FR","@id":"https:\/\/foresteel.eu\/#\/schema\/logo\/image\/","url":"https:\/\/foresteel.eu\/wp-content\/uploads\/2022\/02\/header-logo.png","contentUrl":"https:\/\/foresteel.eu\/wp-content\/uploads\/2022\/02\/header-logo.png","width":233,"height":60,"caption":"Foresteel"},"image":{"@id":"https:\/\/foresteel.eu\/#\/schema\/logo\/image\/"},"sameAs":["https:\/\/www.facebook.com\/foresteel.eu\/","https:\/\/www.instagram.com\/foresteel\/","https:\/\/www.youtube.com\/channel\/UCnGStzIvsDkYmZ7T1bwH6og"]}]}},"_links":{"self":[{"href":"https:\/\/foresteel.eu\/fr\/wp-json\/wp\/v2\/product\/29193","targetHints":{"allow":["GET"]}}],"collection":[{"href":"https:\/\/foresteel.eu\/fr\/wp-json\/wp\/v2\/product"}],"about":[{"href":"https:\/\/foresteel.eu\/fr\/wp-json\/wp\/v2\/types\/product"}],"version-history":[{"count":0,"href":"https:\/\/foresteel.eu\/fr\/wp-json\/wp\/v2\/product\/29193\/revisions"}],"wp:featuredmedia":[{"embeddable":true,"href":"https:\/\/foresteel.eu\/fr\/wp-json\/wp\/v2\/media\/28933"}],"wp:attachment":[{"href":"https:\/\/foresteel.eu\/fr\/wp-json\/wp\/v2\/media?parent=29193"}],"wp:term":[{"taxonomy":"product_brand","embeddable":true,"href":"https:\/\/foresteel.eu\/fr\/wp-json\/wp\/v2\/product_brand?post=29193"},{"taxonomy":"product_cat","embeddable":true,"href":"https:\/\/foresteel.eu\/fr\/wp-json\/wp\/v2\/product_cat?post=29193"},{"taxonomy":"product_tag","embeddable":true,"href":"https:\/\/foresteel.eu\/fr\/wp-json\/wp\/v2\/product_tag?post=29193"}],"curies":[{"name":"wp","href":"https:\/\/api.w.org\/{rel}","templated":true}]}}