{"id":29172,"date":"2026-02-16T10:30:38","date_gmt":"2026-02-16T07:30:38","guid":{"rendered":"https:\/\/foresteel.eu\/?post_type=product&#038;p=29172"},"modified":"2026-02-16T11:17:27","modified_gmt":"2026-02-16T08:17:27","slug":"midvac-g2-aspirateur-de-feuilles","status":"publish","type":"product","link":"https:\/\/foresteel.eu\/fr\/produit\/midvac-g2-aspirateur-de-feuilles\/","title":{"rendered":"Aspirateur de feuilles MIDvac G2"},"content":{"rendered":"<p><span style=\"color: #ff0000;\"><em><strong>Meilleure vente : MIDvac-EL<br \/>\n<\/strong><\/em><\/span><strong>Chargeurs de d\u00e9bris professionnels haute efficacit\u00e9 pour le nettoyage des feuilles, de l\u2019herbe et des d\u00e9bris.<br \/>\n<\/strong>Propuls\u00e9s par des <strong>moteurs <\/strong><strong>Briggs &amp; Stratton Vanguard<\/strong> et con\u00e7us autour d\u2019une <strong>turbine Hardox<\/strong>, d\u2019une <strong>lame d\u00e9chiqueteuse<\/strong> et d\u2019un <strong>blindage d\u2019usure Hardox rempla\u00e7able<\/strong>, les aspirateurs de feuilles Foresteel offrent une aspiration constante et un faible co\u00fbt d\u2019exploitation sur toute la dur\u00e9e de vie. Con\u00e7u pour une utilisation professionnelle quotidienne et une installation flexible sur remorques, camions et plateformes utilitaires.<\/p>\n<p><strong>Le MIDvac 14 ch (d\u00e9sormais motoris\u00e9 Vanguard)<\/strong> est le choix polyvalent pour le nettoyage professionnel quotidien, offrant des performances efficaces et un faible co\u00fbt d\u2019exploitation pour les applications typiques de feuilles et de d\u00e9bris.<\/p>\n<p>Voir ci-dessous l\u2019\u00e9quipement <strong>standard<\/strong> et les <strong>options<\/strong>.<\/p>\n<p>Turbine centrifuge optimis\u00e9e et dynamique d\u2019\u00e9coulement am\u00e9lior\u00e9e pour un transport efficace des mat\u00e9riaux et une performance d\u2019aspiration constante en usage professionnel.<\/p>\n","protected":false},"excerpt":{"rendered":"<p><span style=\"color: #ff0000;\"><em><strong>Meilleure vente : MIDvac-EL<\/strong><\/em><\/span><br \/>\nChargeurs de d\u00e9bris professionnels haute efficacit\u00e9 pour le nettoyage des feuilles, de l\u2019herbe et des d\u00e9bris. Propuls\u00e9s par des <strong>moteurs <\/strong><strong>Briggs &amp; Stratton Vanguard<\/strong> et construits autour d\u2019une <strong>turbine Hardox<\/strong>, d\u2019une <strong>lame d\u00e9chiqueteuse<\/strong> et d\u2019un <strong>blindage d\u2019usure Hardox rempla\u00e7able<\/strong>, les aspirateurs de feuilles Foresteel garantissent une aspiration constante et un faible co\u00fbt d\u2019exploitation sur toute la dur\u00e9e de vie. <\/p>\n<p>Con\u00e7u pour une utilisation professionnelle quotidienne et une installation flexible sur remorques, camions et plateformes utilitaires.<\/p>\n<p><strong>Le MIDvac 14 ch \u00e0 d\u00e9marrage \u00e9lectrique<\/strong> est le choix polyvalent pour le nettoyage professionnel quotidien, offrant des performances efficaces et un faible co\u00fbt d\u2019exploitation pour les applications typiques de feuilles et de d\u00e9bris.<\/p>\n<p>Voir ci-dessous l\u2019\u00e9quipement standard et les options.<\/p>\n","protected":false},"featured_media":29282,"template":"","meta":{"_acf_changed":false},"product_brand":[],"product_cat":[712],"product_tag":[588,592,589,591,590],"class_list":{"0":"post-29172","1":"product","2":"type-product","3":"status-publish","4":"has-post-thumbnail","6":"product_cat-aspirateur-de-feuilles","7":"product_tag-aspirateur-de-feuilles","8":"product_tag-aspirateur-foresteel","9":"product_tag-chargeur-de-debris","10":"product_tag-dechiqueteur","11":"product_tag-vangaurd-fr","12":"tm-has-options","13":"member-discount","14":"discount-restricted","16":"first","17":"instock","18":"taxable","19":"shipping-taxable","20":"purchasable","21":"product-type-simple"},"acf":[],"yoast_head":"<!-- This site is optimized with the Yoast SEO plugin v27.4 - https:\/\/yoast.com\/product\/yoast-seo-wordpress\/ -->\n<title>Aspirateur de feuilles MIDvac G2 - Foresteel\u00a0: Remorques basculantes et ramasseurs de feuilles haut de gamme, nettoyeurs haute pression mobiles et solutions d&#039;arrosage<\/title>\n<meta name=\"robots\" content=\"index, follow, max-snippet:-1, max-image-preview:large, max-video-preview:-1\" \/>\n<link rel=\"canonical\" href=\"https:\/\/foresteel.eu\/fr\/produit\/midvac-g2-aspirateur-de-feuilles\/\" \/>\n<meta property=\"og:locale\" content=\"fr_FR\" \/>\n<meta property=\"og:type\" content=\"article\" \/>\n<meta property=\"og:title\" content=\"Aspirateur de feuilles MIDvac G2 - Foresteel\u00a0: Remorques basculantes et ramasseurs de feuilles haut de gamme, nettoyeurs haute pression mobiles et solutions d&#039;arrosage\" \/>\n<meta property=\"og:description\" content=\"Meilleure vente : MIDvac-EL Chargeurs de d\u00e9bris professionnels haute efficacit\u00e9 pour le nettoyage des feuilles, de l\u2019herbe et des d\u00e9bris. Propuls\u00e9s par des moteurs Briggs &amp; Stratton Vanguard et construits autour d\u2019une turbine Hardox, d\u2019une lame d\u00e9chiqueteuse et d\u2019un blindage d\u2019usure Hardox rempla\u00e7able, les aspirateurs de feuilles Foresteel garantissent une aspiration constante et un faible co\u00fbt d\u2019exploitation sur toute la dur\u00e9e de vie.  Con\u00e7u pour une utilisation professionnelle quotidienne et une installation flexible sur remorques, camions et plateformes utilitaires. Le MIDvac 14 ch \u00e0 d\u00e9marrage \u00e9lectrique est le choix polyvalent pour le nettoyage professionnel quotidien, offrant des performances efficaces et un faible co\u00fbt d\u2019exploitation pour les applications typiques de feuilles et de d\u00e9bris. Voir ci-dessous l\u2019\u00e9quipement standard et les options.\" \/>\n<meta property=\"og:url\" content=\"https:\/\/foresteel.eu\/fr\/produit\/midvac-g2-aspirateur-de-feuilles\/\" \/>\n<meta property=\"og:site_name\" content=\"Foresteel\u00a0: Remorques basculantes et ramasseurs de feuilles haut de gamme, nettoyeurs haute pression mobiles et solutions d&#039;arrosage\" \/>\n<meta property=\"article:publisher\" content=\"https:\/\/www.facebook.com\/foresteel.eu\/\" \/>\n<meta property=\"article:modified_time\" content=\"2026-02-16T08:17:27+00:00\" \/>\n<meta property=\"og:image\" content=\"https:\/\/foresteel.eu\/wp-content\/uploads\/2025\/10\/Foresteel-VAC-G2-MIDvac-SET-2-web.jpg\" \/>\n\t<meta property=\"og:image:width\" content=\"556\" \/>\n\t<meta property=\"og:image:height\" content=\"720\" \/>\n\t<meta property=\"og:image:type\" content=\"image\/jpeg\" \/>\n<meta name=\"twitter:card\" content=\"summary_large_image\" \/>\n<meta name=\"twitter:label1\" content=\"Dur\u00e9e de lecture estim\u00e9e\" \/>\n\t<meta name=\"twitter:data1\" content=\"1 minute\" \/>\n<script type=\"application\/ld+json\" class=\"yoast-schema-graph\">{\"@context\":\"https:\\\/\\\/schema.org\",\"@graph\":[{\"@type\":\"WebPage\",\"@id\":\"https:\\\/\\\/foresteel.eu\\\/fr\\\/produit\\\/midvac-g2-aspirateur-de-feuilles\\\/\",\"url\":\"https:\\\/\\\/foresteel.eu\\\/fr\\\/produit\\\/midvac-g2-aspirateur-de-feuilles\\\/\",\"name\":\"Aspirateur de feuilles MIDvac G2 - Foresteel\u00a0: Remorques basculantes et ramasseurs de feuilles haut de gamme, nettoyeurs haute pression mobiles et solutions d'arrosage\",\"isPartOf\":{\"@id\":\"https:\\\/\\\/foresteel.eu\\\/#website\"},\"primaryImageOfPage\":{\"@id\":\"https:\\\/\\\/foresteel.eu\\\/fr\\\/produit\\\/midvac-g2-aspirateur-de-feuilles\\\/#primaryimage\"},\"image\":{\"@id\":\"https:\\\/\\\/foresteel.eu\\\/fr\\\/produit\\\/midvac-g2-aspirateur-de-feuilles\\\/#primaryimage\"},\"thumbnailUrl\":\"https:\\\/\\\/foresteel.eu\\\/wp-content\\\/uploads\\\/2025\\\/10\\\/Foresteel-VAC-G2-MIDvac-SET-2-web.jpg\",\"datePublished\":\"2026-02-16T07:30:38+00:00\",\"dateModified\":\"2026-02-16T08:17:27+00:00\",\"breadcrumb\":{\"@id\":\"https:\\\/\\\/foresteel.eu\\\/fr\\\/produit\\\/midvac-g2-aspirateur-de-feuilles\\\/#breadcrumb\"},\"inLanguage\":\"fr-FR\",\"potentialAction\":[{\"@type\":\"ReadAction\",\"target\":[\"https:\\\/\\\/foresteel.eu\\\/fr\\\/produit\\\/midvac-g2-aspirateur-de-feuilles\\\/\"]}]},{\"@type\":\"ImageObject\",\"inLanguage\":\"fr-FR\",\"@id\":\"https:\\\/\\\/foresteel.eu\\\/fr\\\/produit\\\/midvac-g2-aspirateur-de-feuilles\\\/#primaryimage\",\"url\":\"https:\\\/\\\/foresteel.eu\\\/wp-content\\\/uploads\\\/2025\\\/10\\\/Foresteel-VAC-G2-MIDvac-SET-2-web.jpg\",\"contentUrl\":\"https:\\\/\\\/foresteel.eu\\\/wp-content\\\/uploads\\\/2025\\\/10\\\/Foresteel-VAC-G2-MIDvac-SET-2-web.jpg\",\"width\":556,\"height\":720},{\"@type\":\"BreadcrumbList\",\"@id\":\"https:\\\/\\\/foresteel.eu\\\/fr\\\/produit\\\/midvac-g2-aspirateur-de-feuilles\\\/#breadcrumb\",\"itemListElement\":[{\"@type\":\"ListItem\",\"position\":1,\"name\":\"Home\",\"item\":\"https:\\\/\\\/foresteel.eu\\\/fr\\\/home\\\/\"},{\"@type\":\"ListItem\",\"position\":2,\"name\":\"Boutique\",\"item\":\"https:\\\/\\\/foresteel.eu\\\/fr\\\/boutique\\\/\"},{\"@type\":\"ListItem\",\"position\":3,\"name\":\"Private: Aspirateur de feuilles MIDvac G2\"}]},{\"@type\":\"WebSite\",\"@id\":\"https:\\\/\\\/foresteel.eu\\\/#website\",\"url\":\"https:\\\/\\\/foresteel.eu\\\/\",\"name\":\"Foresteel\u00a0: Remorques basculantes et ramasseurs de feuilles haut de gamme, nettoyeurs haute pression mobiles et solutions d'arrosage\",\"description\":\"Foresteel.\",\"publisher\":{\"@id\":\"https:\\\/\\\/foresteel.eu\\\/#organization\"},\"potentialAction\":[{\"@type\":\"SearchAction\",\"target\":{\"@type\":\"EntryPoint\",\"urlTemplate\":\"https:\\\/\\\/foresteel.eu\\\/?s={search_term_string}\"},\"query-input\":{\"@type\":\"PropertyValueSpecification\",\"valueRequired\":true,\"valueName\":\"search_term_string\"}}],\"inLanguage\":\"fr-FR\"},{\"@type\":\"Organization\",\"@id\":\"https:\\\/\\\/foresteel.eu\\\/#organization\",\"name\":\"Foresteel\",\"url\":\"https:\\\/\\\/foresteel.eu\\\/\",\"logo\":{\"@type\":\"ImageObject\",\"inLanguage\":\"fr-FR\",\"@id\":\"https:\\\/\\\/foresteel.eu\\\/#\\\/schema\\\/logo\\\/image\\\/\",\"url\":\"https:\\\/\\\/foresteel.eu\\\/wp-content\\\/uploads\\\/2022\\\/02\\\/header-logo.png\",\"contentUrl\":\"https:\\\/\\\/foresteel.eu\\\/wp-content\\\/uploads\\\/2022\\\/02\\\/header-logo.png\",\"width\":233,\"height\":60,\"caption\":\"Foresteel\"},\"image\":{\"@id\":\"https:\\\/\\\/foresteel.eu\\\/#\\\/schema\\\/logo\\\/image\\\/\"},\"sameAs\":[\"https:\\\/\\\/www.facebook.com\\\/foresteel.eu\\\/\",\"https:\\\/\\\/www.instagram.com\\\/foresteel\\\/\",\"https:\\\/\\\/www.youtube.com\\\/channel\\\/UCnGStzIvsDkYmZ7T1bwH6og\"]}]}<\/script>\n<!-- \/ Yoast SEO plugin. -->","yoast_head_json":{"title":"Aspirateur de feuilles MIDvac G2 - Foresteel\u00a0: Remorques basculantes et ramasseurs de feuilles haut de gamme, nettoyeurs haute pression mobiles et solutions d'arrosage","robots":{"index":"index","follow":"follow","max-snippet":"max-snippet:-1","max-image-preview":"max-image-preview:large","max-video-preview":"max-video-preview:-1"},"canonical":"https:\/\/foresteel.eu\/fr\/produit\/midvac-g2-aspirateur-de-feuilles\/","og_locale":"fr_FR","og_type":"article","og_title":"Aspirateur de feuilles MIDvac G2 - Foresteel\u00a0: Remorques basculantes et ramasseurs de feuilles haut de gamme, nettoyeurs haute pression mobiles et solutions d'arrosage","og_description":"Meilleure vente : MIDvac-EL Chargeurs de d\u00e9bris professionnels haute efficacit\u00e9 pour le nettoyage des feuilles, de l\u2019herbe et des d\u00e9bris. Propuls\u00e9s par des moteurs Briggs &amp; Stratton Vanguard et construits autour d\u2019une turbine Hardox, d\u2019une lame d\u00e9chiqueteuse et d\u2019un blindage d\u2019usure Hardox rempla\u00e7able, les aspirateurs de feuilles Foresteel garantissent une aspiration constante et un faible co\u00fbt d\u2019exploitation sur toute la dur\u00e9e de vie.  Con\u00e7u pour une utilisation professionnelle quotidienne et une installation flexible sur remorques, camions et plateformes utilitaires. Le MIDvac 14 ch \u00e0 d\u00e9marrage \u00e9lectrique est le choix polyvalent pour le nettoyage professionnel quotidien, offrant des performances efficaces et un faible co\u00fbt d\u2019exploitation pour les applications typiques de feuilles et de d\u00e9bris. Voir ci-dessous l\u2019\u00e9quipement standard et les options.","og_url":"https:\/\/foresteel.eu\/fr\/produit\/midvac-g2-aspirateur-de-feuilles\/","og_site_name":"Foresteel\u00a0: Remorques basculantes et ramasseurs de feuilles haut de gamme, nettoyeurs haute pression mobiles et solutions d'arrosage","article_publisher":"https:\/\/www.facebook.com\/foresteel.eu\/","article_modified_time":"2026-02-16T08:17:27+00:00","og_image":[{"width":556,"height":720,"url":"https:\/\/foresteel.eu\/wp-content\/uploads\/2025\/10\/Foresteel-VAC-G2-MIDvac-SET-2-web.jpg","type":"image\/jpeg"}],"twitter_card":"summary_large_image","twitter_misc":{"Dur\u00e9e de lecture estim\u00e9e":"1 minute"},"schema":{"@context":"https:\/\/schema.org","@graph":[{"@type":"WebPage","@id":"https:\/\/foresteel.eu\/fr\/produit\/midvac-g2-aspirateur-de-feuilles\/","url":"https:\/\/foresteel.eu\/fr\/produit\/midvac-g2-aspirateur-de-feuilles\/","name":"Aspirateur de feuilles MIDvac G2 - Foresteel\u00a0: Remorques basculantes et ramasseurs de feuilles haut de gamme, nettoyeurs haute pression mobiles et solutions d'arrosage","isPartOf":{"@id":"https:\/\/foresteel.eu\/#website"},"primaryImageOfPage":{"@id":"https:\/\/foresteel.eu\/fr\/produit\/midvac-g2-aspirateur-de-feuilles\/#primaryimage"},"image":{"@id":"https:\/\/foresteel.eu\/fr\/produit\/midvac-g2-aspirateur-de-feuilles\/#primaryimage"},"thumbnailUrl":"https:\/\/foresteel.eu\/wp-content\/uploads\/2025\/10\/Foresteel-VAC-G2-MIDvac-SET-2-web.jpg","datePublished":"2026-02-16T07:30:38+00:00","dateModified":"2026-02-16T08:17:27+00:00","breadcrumb":{"@id":"https:\/\/foresteel.eu\/fr\/produit\/midvac-g2-aspirateur-de-feuilles\/#breadcrumb"},"inLanguage":"fr-FR","potentialAction":[{"@type":"ReadAction","target":["https:\/\/foresteel.eu\/fr\/produit\/midvac-g2-aspirateur-de-feuilles\/"]}]},{"@type":"ImageObject","inLanguage":"fr-FR","@id":"https:\/\/foresteel.eu\/fr\/produit\/midvac-g2-aspirateur-de-feuilles\/#primaryimage","url":"https:\/\/foresteel.eu\/wp-content\/uploads\/2025\/10\/Foresteel-VAC-G2-MIDvac-SET-2-web.jpg","contentUrl":"https:\/\/foresteel.eu\/wp-content\/uploads\/2025\/10\/Foresteel-VAC-G2-MIDvac-SET-2-web.jpg","width":556,"height":720},{"@type":"BreadcrumbList","@id":"https:\/\/foresteel.eu\/fr\/produit\/midvac-g2-aspirateur-de-feuilles\/#breadcrumb","itemListElement":[{"@type":"ListItem","position":1,"name":"Home","item":"https:\/\/foresteel.eu\/fr\/home\/"},{"@type":"ListItem","position":2,"name":"Boutique","item":"https:\/\/foresteel.eu\/fr\/boutique\/"},{"@type":"ListItem","position":3,"name":"Private: Aspirateur de feuilles MIDvac G2"}]},{"@type":"WebSite","@id":"https:\/\/foresteel.eu\/#website","url":"https:\/\/foresteel.eu\/","name":"Foresteel\u00a0: Remorques basculantes et ramasseurs de feuilles haut de gamme, nettoyeurs haute pression mobiles et solutions d'arrosage","description":"Foresteel.","publisher":{"@id":"https:\/\/foresteel.eu\/#organization"},"potentialAction":[{"@type":"SearchAction","target":{"@type":"EntryPoint","urlTemplate":"https:\/\/foresteel.eu\/?s={search_term_string}"},"query-input":{"@type":"PropertyValueSpecification","valueRequired":true,"valueName":"search_term_string"}}],"inLanguage":"fr-FR"},{"@type":"Organization","@id":"https:\/\/foresteel.eu\/#organization","name":"Foresteel","url":"https:\/\/foresteel.eu\/","logo":{"@type":"ImageObject","inLanguage":"fr-FR","@id":"https:\/\/foresteel.eu\/#\/schema\/logo\/image\/","url":"https:\/\/foresteel.eu\/wp-content\/uploads\/2022\/02\/header-logo.png","contentUrl":"https:\/\/foresteel.eu\/wp-content\/uploads\/2022\/02\/header-logo.png","width":233,"height":60,"caption":"Foresteel"},"image":{"@id":"https:\/\/foresteel.eu\/#\/schema\/logo\/image\/"},"sameAs":["https:\/\/www.facebook.com\/foresteel.eu\/","https:\/\/www.instagram.com\/foresteel\/","https:\/\/www.youtube.com\/channel\/UCnGStzIvsDkYmZ7T1bwH6og"]}]}},"_links":{"self":[{"href":"https:\/\/foresteel.eu\/fr\/wp-json\/wp\/v2\/product\/29172","targetHints":{"allow":["GET"]}}],"collection":[{"href":"https:\/\/foresteel.eu\/fr\/wp-json\/wp\/v2\/product"}],"about":[{"href":"https:\/\/foresteel.eu\/fr\/wp-json\/wp\/v2\/types\/product"}],"version-history":[{"count":7,"href":"https:\/\/foresteel.eu\/fr\/wp-json\/wp\/v2\/product\/29172\/revisions"}],"predecessor-version":[{"id":29335,"href":"https:\/\/foresteel.eu\/fr\/wp-json\/wp\/v2\/product\/29172\/revisions\/29335"}],"wp:featuredmedia":[{"embeddable":true,"href":"https:\/\/foresteel.eu\/fr\/wp-json\/wp\/v2\/media\/29282"}],"wp:attachment":[{"href":"https:\/\/foresteel.eu\/fr\/wp-json\/wp\/v2\/media?parent=29172"}],"wp:term":[{"taxonomy":"product_brand","embeddable":true,"href":"https:\/\/foresteel.eu\/fr\/wp-json\/wp\/v2\/product_brand?post=29172"},{"taxonomy":"product_cat","embeddable":true,"href":"https:\/\/foresteel.eu\/fr\/wp-json\/wp\/v2\/product_cat?post=29172"},{"taxonomy":"product_tag","embeddable":true,"href":"https:\/\/foresteel.eu\/fr\/wp-json\/wp\/v2\/product_tag?post=29172"}],"curies":[{"name":"wp","href":"https:\/\/api.w.org\/{rel}","templated":true}]}}