{"id":24646,"date":"2022-07-19T12:27:22","date_gmt":"2024-11-21T10:48:42","guid":{"rendered":"https:\/\/foresteel.eu\/product\/remote-controlled-irrigation-boom\/"},"modified":"2024-12-05T16:45:35","modified_gmt":"2024-12-05T13:45:35","slug":"rampe-dirrigation-telecommandee","status":"publish","type":"product","link":"https:\/\/foresteel.eu\/fr\/produit\/rampe-dirrigation-telecommandee\/","title":{"rendered":"Rampe d&rsquo;irrigation t\u00e9l\u00e9command\u00e9e"},"content":{"rendered":"","protected":false},"excerpt":{"rendered":"<p><strong>Rampe d&rsquo;irrigation t\u00e9l\u00e9command\u00e9e pour les remorques et plateformes d&rsquo;irrigation FTW.<\/strong><\/p>\n<p>Pour l&rsquo;irrigation de plantes et d&rsquo;arbres plant\u00e9s en rang\u00e9es. Peut \u00eatre install\u00e9 sur n&rsquo;importe quelle unit\u00e9 FTW, la largeur maximale et les dimensions de travail varient en fonction de l&rsquo;unit\u00e9 sur laquelle il est install\u00e9. Compos\u00e9 de deux rampes d&rsquo;irrigation de 1,6 m install\u00e9es sur les deux c\u00f4t\u00e9s de l&rsquo;unit\u00e9. Les vannes t\u00e9l\u00e9command\u00e9es ouvrent et ferment le d\u00e9bit d&rsquo;eau selon les besoins depuis la position de l&rsquo;op\u00e9rateur \u00e0 l&rsquo;aide d&rsquo;un interrupteur \u00e0 distance. N\u00e9cessite une alimentation de 12V (5A), se connecte \u00e0 la batterie du v\u00e9hicule de remorquage ou \u00e0 la prise de l&rsquo;allume-cigare. Possibilit\u00e9 d&rsquo;utiliser un seul c\u00f4t\u00e9 \u00e0 la fois.<\/p>\n<p><strong>Le kit comprend<\/strong><\/p>\n<ul>\n<li>2 jeux de rampes d&rsquo;irrigation avec brise-jet (t\u00eates de douche) ;<\/li>\n<li>Kit de c\u00e2blage avec connexions rapides<\/li>\n<li>Tuyaux et supports avec instructions de montage<\/li>\n<li>Le tout dans un ensemble facile \u00e0 installer.<\/li>\n<\/ul>\n<p>* Lorsqu&rsquo;il est command\u00e9 avec l&rsquo;unit\u00e9 FTW, il est livr\u00e9 semi-assembl\u00e9 et d\u00e9j\u00e0 pr\u00e9par\u00e9. <strong>Voir la vid\u00e9o en action<\/strong> <a title=\"Vid\u00e9o de la rampe d'irrigation t\u00e9l\u00e9command\u00e9e Foresteel\u2122 en action\" href=\"https:\/\/www.youtube.com\/watch?v=ZGR7qi85bpE\" target=\"_blank\" rel=\"noopener\">: https:\/\/www.youtube.com\/watch?v=ZGR7qi85bpE<\/a><\/p>\n","protected":false},"featured_media":15988,"template":"","meta":{"_acf_changed":false},"product_brand":[],"product_cat":[323],"product_tag":[],"class_list":{"0":"post-24646","1":"product","2":"type-product","3":"status-publish","4":"has-post-thumbnail","6":"product_cat-equipement-en-option","7":"tm-has-options","8":"member-discount","9":"discount-restricted","11":"first","12":"instock","13":"taxable","14":"shipping-taxable","15":"purchasable","16":"product-type-simple"},"acf":[],"yoast_head":"<!-- This site is optimized with the Yoast SEO plugin v26.3 - https:\/\/yoast.com\/wordpress\/plugins\/seo\/ -->\n<title>Rampe d&#039;irrigation t\u00e9l\u00e9command\u00e9e - Foresteel\u00a0: Remorques basculantes et ramasseurs de feuilles haut de gamme, nettoyeurs haute pression mobiles et solutions d&#039;arrosage<\/title>\n<meta name=\"robots\" content=\"index, follow, max-snippet:-1, max-image-preview:large, max-video-preview:-1\" \/>\n<link rel=\"canonical\" href=\"https:\/\/foresteel.eu\/fr\/produit\/rampe-dirrigation-telecommandee\/\" \/>\n<meta property=\"og:locale\" content=\"fr_FR\" \/>\n<meta property=\"og:type\" content=\"article\" \/>\n<meta property=\"og:title\" content=\"Rampe d&#039;irrigation t\u00e9l\u00e9command\u00e9e - Foresteel\u00a0: Remorques basculantes et ramasseurs de feuilles haut de gamme, nettoyeurs haute pression mobiles et solutions d&#039;arrosage\" \/>\n<meta property=\"og:description\" content=\"Rampe d&#039;irrigation t\u00e9l\u00e9command\u00e9e pour les remorques et plateformes d&#039;irrigation FTW.  Pour l&#039;irrigation de plantes et d&#039;arbres plant\u00e9s en rang\u00e9es. Peut \u00eatre install\u00e9 sur n&#039;importe quelle unit\u00e9 FTW, la largeur maximale et les dimensions de travail varient en fonction de l&#039;unit\u00e9 sur laquelle il est install\u00e9. Compos\u00e9 de deux rampes d&#039;irrigation de 1,6 m install\u00e9es sur les deux c\u00f4t\u00e9s de l&#039;unit\u00e9. Les vannes t\u00e9l\u00e9command\u00e9es ouvrent et ferment le d\u00e9bit d&#039;eau selon les besoins depuis la position de l&#039;op\u00e9rateur \u00e0 l&#039;aide d&#039;un interrupteur \u00e0 distance. N\u00e9cessite une alimentation de 12V (5A), se connecte \u00e0 la batterie du v\u00e9hicule de remorquage ou \u00e0 la prise de l&#039;allume-cigare. Possibilit\u00e9 d&#039;utiliser un seul c\u00f4t\u00e9 \u00e0 la fois.  Le kit comprend   2 jeux de rampes d&#039;irrigation avec brise-jet (t\u00eates de douche) ;  Kit de c\u00e2blage avec connexions rapides  Tuyaux et supports avec instructions de montage  Le tout dans un ensemble facile \u00e0 installer.  * Lorsqu&#039;il est command\u00e9 avec l&#039;unit\u00e9 FTW, il est livr\u00e9 semi-assembl\u00e9 et d\u00e9j\u00e0 pr\u00e9par\u00e9. Voir la vid\u00e9o en action : https:\/\/www.youtube.com\/watch?v=ZGR7qi85bpE\" \/>\n<meta property=\"og:url\" content=\"https:\/\/foresteel.eu\/fr\/produit\/rampe-dirrigation-telecommandee\/\" \/>\n<meta property=\"og:site_name\" content=\"Foresteel\u00a0: Remorques basculantes et ramasseurs de feuilles haut de gamme, nettoyeurs haute pression mobiles et solutions d&#039;arrosage\" \/>\n<meta property=\"article:publisher\" content=\"https:\/\/www.facebook.com\/foresteel.eu\/\" \/>\n<meta property=\"article:modified_time\" content=\"2024-12-05T13:45:35+00:00\" \/>\n<meta name=\"twitter:card\" content=\"summary_large_image\" \/>\n<script type=\"application\/ld+json\" class=\"yoast-schema-graph\">{\"@context\":\"https:\/\/schema.org\",\"@graph\":[{\"@type\":\"WebPage\",\"@id\":\"https:\/\/foresteel.eu\/fr\/produit\/rampe-dirrigation-telecommandee\/\",\"url\":\"https:\/\/foresteel.eu\/fr\/produit\/rampe-dirrigation-telecommandee\/\",\"name\":\"Rampe d'irrigation t\u00e9l\u00e9command\u00e9e - Foresteel\u00a0: Remorques basculantes et ramasseurs de feuilles haut de gamme, nettoyeurs haute pression mobiles et solutions d'arrosage\",\"isPartOf\":{\"@id\":\"https:\/\/foresteel.eu\/#website\"},\"primaryImageOfPage\":{\"@id\":\"https:\/\/foresteel.eu\/fr\/produit\/rampe-dirrigation-telecommandee\/#primaryimage\"},\"image\":{\"@id\":\"https:\/\/foresteel.eu\/fr\/produit\/rampe-dirrigation-telecommandee\/#primaryimage\"},\"thumbnailUrl\":\"https:\/\/foresteel.eu\/wp-content\/uploads\/2022\/07\/Foresteel-FTW-Series-Remote-Controlled-irrigation-boom-e1658234736289.jpg\",\"datePublished\":\"2024-11-21T10:48:42+00:00\",\"dateModified\":\"2024-12-05T13:45:35+00:00\",\"breadcrumb\":{\"@id\":\"https:\/\/foresteel.eu\/fr\/produit\/rampe-dirrigation-telecommandee\/#breadcrumb\"},\"inLanguage\":\"fr-FR\",\"potentialAction\":[{\"@type\":\"ReadAction\",\"target\":[\"https:\/\/foresteel.eu\/fr\/produit\/rampe-dirrigation-telecommandee\/\"]}]},{\"@type\":\"ImageObject\",\"inLanguage\":\"fr-FR\",\"@id\":\"https:\/\/foresteel.eu\/fr\/produit\/rampe-dirrigation-telecommandee\/#primaryimage\",\"url\":\"https:\/\/foresteel.eu\/wp-content\/uploads\/2022\/07\/Foresteel-FTW-Series-Remote-Controlled-irrigation-boom-e1658234736289.jpg\",\"contentUrl\":\"https:\/\/foresteel.eu\/wp-content\/uploads\/2022\/07\/Foresteel-FTW-Series-Remote-Controlled-irrigation-boom-e1658234736289.jpg\",\"width\":605,\"height\":453},{\"@type\":\"BreadcrumbList\",\"@id\":\"https:\/\/foresteel.eu\/fr\/produit\/rampe-dirrigation-telecommandee\/#breadcrumb\",\"itemListElement\":[{\"@type\":\"ListItem\",\"position\":1,\"name\":\"Home\",\"item\":\"https:\/\/foresteel.eu\/fr\/home\/\"},{\"@type\":\"ListItem\",\"position\":2,\"name\":\"Boutique\",\"item\":\"https:\/\/foresteel.eu\/fr\/boutique\/\"},{\"@type\":\"ListItem\",\"position\":3,\"name\":\"Rampe d&#8217;irrigation t\u00e9l\u00e9command\u00e9e\"}]},{\"@type\":\"WebSite\",\"@id\":\"https:\/\/foresteel.eu\/#website\",\"url\":\"https:\/\/foresteel.eu\/\",\"name\":\"Foresteel\u00a0: Remorques basculantes et ramasseurs de feuilles haut de gamme, nettoyeurs haute pression mobiles et solutions d'arrosage\",\"description\":\"Foresteel.\",\"publisher\":{\"@id\":\"https:\/\/foresteel.eu\/#organization\"},\"potentialAction\":[{\"@type\":\"SearchAction\",\"target\":{\"@type\":\"EntryPoint\",\"urlTemplate\":\"https:\/\/foresteel.eu\/?s={search_term_string}\"},\"query-input\":{\"@type\":\"PropertyValueSpecification\",\"valueRequired\":true,\"valueName\":\"search_term_string\"}}],\"inLanguage\":\"fr-FR\"},{\"@type\":\"Organization\",\"@id\":\"https:\/\/foresteel.eu\/#organization\",\"name\":\"Foresteel\",\"url\":\"https:\/\/foresteel.eu\/\",\"logo\":{\"@type\":\"ImageObject\",\"inLanguage\":\"fr-FR\",\"@id\":\"https:\/\/foresteel.eu\/#\/schema\/logo\/image\/\",\"url\":\"https:\/\/foresteel.eu\/wp-content\/uploads\/2022\/02\/header-logo.png\",\"contentUrl\":\"https:\/\/foresteel.eu\/wp-content\/uploads\/2022\/02\/header-logo.png\",\"width\":233,\"height\":60,\"caption\":\"Foresteel\"},\"image\":{\"@id\":\"https:\/\/foresteel.eu\/#\/schema\/logo\/image\/\"},\"sameAs\":[\"https:\/\/www.facebook.com\/foresteel.eu\/\",\"https:\/\/www.instagram.com\/foresteel\/\",\"https:\/\/www.youtube.com\/channel\/UCnGStzIvsDkYmZ7T1bwH6og\"]}]}<\/script>\n<!-- \/ Yoast SEO plugin. -->","yoast_head_json":{"title":"Rampe d'irrigation t\u00e9l\u00e9command\u00e9e - Foresteel\u00a0: Remorques basculantes et ramasseurs de feuilles haut de gamme, nettoyeurs haute pression mobiles et solutions d'arrosage","robots":{"index":"index","follow":"follow","max-snippet":"max-snippet:-1","max-image-preview":"max-image-preview:large","max-video-preview":"max-video-preview:-1"},"canonical":"https:\/\/foresteel.eu\/fr\/produit\/rampe-dirrigation-telecommandee\/","og_locale":"fr_FR","og_type":"article","og_title":"Rampe d'irrigation t\u00e9l\u00e9command\u00e9e - Foresteel\u00a0: Remorques basculantes et ramasseurs de feuilles haut de gamme, nettoyeurs haute pression mobiles et solutions d'arrosage","og_description":"Rampe d'irrigation t\u00e9l\u00e9command\u00e9e pour les remorques et plateformes d'irrigation FTW.  Pour l'irrigation de plantes et d'arbres plant\u00e9s en rang\u00e9es. Peut \u00eatre install\u00e9 sur n'importe quelle unit\u00e9 FTW, la largeur maximale et les dimensions de travail varient en fonction de l'unit\u00e9 sur laquelle il est install\u00e9. Compos\u00e9 de deux rampes d'irrigation de 1,6 m install\u00e9es sur les deux c\u00f4t\u00e9s de l'unit\u00e9. Les vannes t\u00e9l\u00e9command\u00e9es ouvrent et ferment le d\u00e9bit d'eau selon les besoins depuis la position de l'op\u00e9rateur \u00e0 l'aide d'un interrupteur \u00e0 distance. N\u00e9cessite une alimentation de 12V (5A), se connecte \u00e0 la batterie du v\u00e9hicule de remorquage ou \u00e0 la prise de l'allume-cigare. Possibilit\u00e9 d'utiliser un seul c\u00f4t\u00e9 \u00e0 la fois.  Le kit comprend   2 jeux de rampes d'irrigation avec brise-jet (t\u00eates de douche) ;  Kit de c\u00e2blage avec connexions rapides  Tuyaux et supports avec instructions de montage  Le tout dans un ensemble facile \u00e0 installer.  * Lorsqu'il est command\u00e9 avec l'unit\u00e9 FTW, il est livr\u00e9 semi-assembl\u00e9 et d\u00e9j\u00e0 pr\u00e9par\u00e9. Voir la vid\u00e9o en action : https:\/\/www.youtube.com\/watch?v=ZGR7qi85bpE","og_url":"https:\/\/foresteel.eu\/fr\/produit\/rampe-dirrigation-telecommandee\/","og_site_name":"Foresteel\u00a0: Remorques basculantes et ramasseurs de feuilles haut de gamme, nettoyeurs haute pression mobiles et solutions d'arrosage","article_publisher":"https:\/\/www.facebook.com\/foresteel.eu\/","article_modified_time":"2024-12-05T13:45:35+00:00","twitter_card":"summary_large_image","schema":{"@context":"https:\/\/schema.org","@graph":[{"@type":"WebPage","@id":"https:\/\/foresteel.eu\/fr\/produit\/rampe-dirrigation-telecommandee\/","url":"https:\/\/foresteel.eu\/fr\/produit\/rampe-dirrigation-telecommandee\/","name":"Rampe d'irrigation t\u00e9l\u00e9command\u00e9e - Foresteel\u00a0: Remorques basculantes et ramasseurs de feuilles haut de gamme, nettoyeurs haute pression mobiles et solutions d'arrosage","isPartOf":{"@id":"https:\/\/foresteel.eu\/#website"},"primaryImageOfPage":{"@id":"https:\/\/foresteel.eu\/fr\/produit\/rampe-dirrigation-telecommandee\/#primaryimage"},"image":{"@id":"https:\/\/foresteel.eu\/fr\/produit\/rampe-dirrigation-telecommandee\/#primaryimage"},"thumbnailUrl":"https:\/\/foresteel.eu\/wp-content\/uploads\/2022\/07\/Foresteel-FTW-Series-Remote-Controlled-irrigation-boom-e1658234736289.jpg","datePublished":"2024-11-21T10:48:42+00:00","dateModified":"2024-12-05T13:45:35+00:00","breadcrumb":{"@id":"https:\/\/foresteel.eu\/fr\/produit\/rampe-dirrigation-telecommandee\/#breadcrumb"},"inLanguage":"fr-FR","potentialAction":[{"@type":"ReadAction","target":["https:\/\/foresteel.eu\/fr\/produit\/rampe-dirrigation-telecommandee\/"]}]},{"@type":"ImageObject","inLanguage":"fr-FR","@id":"https:\/\/foresteel.eu\/fr\/produit\/rampe-dirrigation-telecommandee\/#primaryimage","url":"https:\/\/foresteel.eu\/wp-content\/uploads\/2022\/07\/Foresteel-FTW-Series-Remote-Controlled-irrigation-boom-e1658234736289.jpg","contentUrl":"https:\/\/foresteel.eu\/wp-content\/uploads\/2022\/07\/Foresteel-FTW-Series-Remote-Controlled-irrigation-boom-e1658234736289.jpg","width":605,"height":453},{"@type":"BreadcrumbList","@id":"https:\/\/foresteel.eu\/fr\/produit\/rampe-dirrigation-telecommandee\/#breadcrumb","itemListElement":[{"@type":"ListItem","position":1,"name":"Home","item":"https:\/\/foresteel.eu\/fr\/home\/"},{"@type":"ListItem","position":2,"name":"Boutique","item":"https:\/\/foresteel.eu\/fr\/boutique\/"},{"@type":"ListItem","position":3,"name":"Rampe d&#8217;irrigation t\u00e9l\u00e9command\u00e9e"}]},{"@type":"WebSite","@id":"https:\/\/foresteel.eu\/#website","url":"https:\/\/foresteel.eu\/","name":"Foresteel\u00a0: Remorques basculantes et ramasseurs de feuilles haut de gamme, nettoyeurs haute pression mobiles et solutions d'arrosage","description":"Foresteel.","publisher":{"@id":"https:\/\/foresteel.eu\/#organization"},"potentialAction":[{"@type":"SearchAction","target":{"@type":"EntryPoint","urlTemplate":"https:\/\/foresteel.eu\/?s={search_term_string}"},"query-input":{"@type":"PropertyValueSpecification","valueRequired":true,"valueName":"search_term_string"}}],"inLanguage":"fr-FR"},{"@type":"Organization","@id":"https:\/\/foresteel.eu\/#organization","name":"Foresteel","url":"https:\/\/foresteel.eu\/","logo":{"@type":"ImageObject","inLanguage":"fr-FR","@id":"https:\/\/foresteel.eu\/#\/schema\/logo\/image\/","url":"https:\/\/foresteel.eu\/wp-content\/uploads\/2022\/02\/header-logo.png","contentUrl":"https:\/\/foresteel.eu\/wp-content\/uploads\/2022\/02\/header-logo.png","width":233,"height":60,"caption":"Foresteel"},"image":{"@id":"https:\/\/foresteel.eu\/#\/schema\/logo\/image\/"},"sameAs":["https:\/\/www.facebook.com\/foresteel.eu\/","https:\/\/www.instagram.com\/foresteel\/","https:\/\/www.youtube.com\/channel\/UCnGStzIvsDkYmZ7T1bwH6og"]}]}},"_links":{"self":[{"href":"https:\/\/foresteel.eu\/fr\/wp-json\/wp\/v2\/product\/24646","targetHints":{"allow":["GET"]}}],"collection":[{"href":"https:\/\/foresteel.eu\/fr\/wp-json\/wp\/v2\/product"}],"about":[{"href":"https:\/\/foresteel.eu\/fr\/wp-json\/wp\/v2\/types\/product"}],"version-history":[{"count":1,"href":"https:\/\/foresteel.eu\/fr\/wp-json\/wp\/v2\/product\/24646\/revisions"}],"predecessor-version":[{"id":24730,"href":"https:\/\/foresteel.eu\/fr\/wp-json\/wp\/v2\/product\/24646\/revisions\/24730"}],"wp:featuredmedia":[{"embeddable":true,"href":"https:\/\/foresteel.eu\/fr\/wp-json\/wp\/v2\/media\/15988"}],"wp:attachment":[{"href":"https:\/\/foresteel.eu\/fr\/wp-json\/wp\/v2\/media?parent=24646"}],"wp:term":[{"taxonomy":"product_brand","embeddable":true,"href":"https:\/\/foresteel.eu\/fr\/wp-json\/wp\/v2\/product_brand?post=24646"},{"taxonomy":"product_cat","embeddable":true,"href":"https:\/\/foresteel.eu\/fr\/wp-json\/wp\/v2\/product_cat?post=24646"},{"taxonomy":"product_tag","embeddable":true,"href":"https:\/\/foresteel.eu\/fr\/wp-json\/wp\/v2\/product_tag?post=24646"}],"curies":[{"name":"wp","href":"https:\/\/api.w.org\/{rel}","templated":true}]}}