{"id":24558,"date":"2022-06-02T20:07:35","date_gmt":"2024-11-21T10:48:33","guid":{"rendered":"https:\/\/foresteel.eu\/product\/universal-platform-body-with-corner-posts\/"},"modified":"2024-12-05T16:49:49","modified_gmt":"2024-12-05T13:49:49","slug":"corps-a-plateforme-avec-poteaux-dangle","status":"publish","type":"product","link":"https:\/\/foresteel.eu\/fr\/produit\/corps-a-plateforme-avec-poteaux-dangle\/","title":{"rendered":"Corps \u00e0 plateforme avec poteaux d&rsquo;angle"},"content":{"rendered":"","protected":false},"excerpt":{"rendered":"<p><span data-sheets-value=\"{\" data-sheets-userformat=\"{\">Conception multifonctionnelle de la carrosserie pour une grande vari\u00e9t\u00e9 de sc\u00e9narios d&rsquo;utilisation.<\/span><\/p>\n<p><span data-sheets-value=\"{\" data-sheets-userformat=\"{\">Les poteaux d&rsquo;angle verrouillent tous les c\u00f4t\u00e9s s\u00e9par\u00e9ment, ce qui \u00e9vite que les panneaux lat\u00e9raux ne s&rsquo;ouvrent lors de l&rsquo;ouverture de la porte arri\u00e8re, comme c&rsquo;est le cas sur de nombreuses remorques concurrentes.<\/span><\/p>\n","protected":false},"featured_media":12472,"template":"","meta":{"_acf_changed":false},"product_brand":[],"product_cat":[325],"product_tag":[],"class_list":{"0":"post-24558","1":"product","2":"type-product","3":"status-publish","4":"has-post-thumbnail","6":"product_cat-equipement-standard","7":"tm-has-options","8":"member-discount","9":"discount-restricted","11":"first","12":"instock","13":"taxable","14":"shipping-taxable","15":"purchasable","16":"product-type-simple"},"acf":[],"yoast_head":"<!-- This site is optimized with the Yoast SEO plugin v26.3 - https:\/\/yoast.com\/wordpress\/plugins\/seo\/ -->\n<title>Corps \u00e0 plateforme avec poteaux d&#039;angle - Foresteel\u00a0: Remorques basculantes et ramasseurs de feuilles haut de gamme, nettoyeurs haute pression mobiles et solutions d&#039;arrosage<\/title>\n<meta name=\"robots\" content=\"index, follow, max-snippet:-1, max-image-preview:large, max-video-preview:-1\" \/>\n<link rel=\"canonical\" href=\"https:\/\/foresteel.eu\/fr\/produit\/corps-a-plateforme-avec-poteaux-dangle\/\" \/>\n<meta property=\"og:locale\" content=\"fr_FR\" \/>\n<meta property=\"og:type\" content=\"article\" \/>\n<meta property=\"og:title\" content=\"Corps \u00e0 plateforme avec poteaux d&#039;angle - Foresteel\u00a0: Remorques basculantes et ramasseurs de feuilles haut de gamme, nettoyeurs haute pression mobiles et solutions d&#039;arrosage\" \/>\n<meta property=\"og:description\" content=\"Conception multifonctionnelle de la carrosserie pour une grande vari\u00e9t\u00e9 de sc\u00e9narios d&#039;utilisation.  Les poteaux d&#039;angle verrouillent tous les c\u00f4t\u00e9s s\u00e9par\u00e9ment, ce qui \u00e9vite que les panneaux lat\u00e9raux ne s&#039;ouvrent lors de l&#039;ouverture de la porte arri\u00e8re, comme c&#039;est le cas sur de nombreuses remorques concurrentes.\" \/>\n<meta property=\"og:url\" content=\"https:\/\/foresteel.eu\/fr\/produit\/corps-a-plateforme-avec-poteaux-dangle\/\" \/>\n<meta property=\"og:site_name\" content=\"Foresteel\u00a0: Remorques basculantes et ramasseurs de feuilles haut de gamme, nettoyeurs haute pression mobiles et solutions d&#039;arrosage\" \/>\n<meta property=\"article:publisher\" content=\"https:\/\/www.facebook.com\/foresteel.eu\/\" \/>\n<meta property=\"article:modified_time\" content=\"2024-12-05T13:49:49+00:00\" \/>\n<meta name=\"twitter:card\" content=\"summary_large_image\" \/>\n<script type=\"application\/ld+json\" class=\"yoast-schema-graph\">{\"@context\":\"https:\/\/schema.org\",\"@graph\":[{\"@type\":\"WebPage\",\"@id\":\"https:\/\/foresteel.eu\/fr\/produit\/corps-a-plateforme-avec-poteaux-dangle\/\",\"url\":\"https:\/\/foresteel.eu\/fr\/produit\/corps-a-plateforme-avec-poteaux-dangle\/\",\"name\":\"Corps \u00e0 plateforme avec poteaux d'angle - Foresteel\u00a0: Remorques basculantes et ramasseurs de feuilles haut de gamme, nettoyeurs haute pression mobiles et solutions d'arrosage\",\"isPartOf\":{\"@id\":\"https:\/\/foresteel.eu\/#website\"},\"primaryImageOfPage\":{\"@id\":\"https:\/\/foresteel.eu\/fr\/produit\/corps-a-plateforme-avec-poteaux-dangle\/#primaryimage\"},\"image\":{\"@id\":\"https:\/\/foresteel.eu\/fr\/produit\/corps-a-plateforme-avec-poteaux-dangle\/#primaryimage\"},\"thumbnailUrl\":\"https:\/\/foresteel.eu\/wp-content\/uploads\/2022\/05\/foresteel-platform-body.jpg\",\"datePublished\":\"2024-11-21T10:48:33+00:00\",\"dateModified\":\"2024-12-05T13:49:49+00:00\",\"breadcrumb\":{\"@id\":\"https:\/\/foresteel.eu\/fr\/produit\/corps-a-plateforme-avec-poteaux-dangle\/#breadcrumb\"},\"inLanguage\":\"fr-FR\",\"potentialAction\":[{\"@type\":\"ReadAction\",\"target\":[\"https:\/\/foresteel.eu\/fr\/produit\/corps-a-plateforme-avec-poteaux-dangle\/\"]}]},{\"@type\":\"ImageObject\",\"inLanguage\":\"fr-FR\",\"@id\":\"https:\/\/foresteel.eu\/fr\/produit\/corps-a-plateforme-avec-poteaux-dangle\/#primaryimage\",\"url\":\"https:\/\/foresteel.eu\/wp-content\/uploads\/2022\/05\/foresteel-platform-body.jpg\",\"contentUrl\":\"https:\/\/foresteel.eu\/wp-content\/uploads\/2022\/05\/foresteel-platform-body.jpg\",\"width\":750,\"height\":500},{\"@type\":\"BreadcrumbList\",\"@id\":\"https:\/\/foresteel.eu\/fr\/produit\/corps-a-plateforme-avec-poteaux-dangle\/#breadcrumb\",\"itemListElement\":[{\"@type\":\"ListItem\",\"position\":1,\"name\":\"Home\",\"item\":\"https:\/\/foresteel.eu\/fr\/home\/\"},{\"@type\":\"ListItem\",\"position\":2,\"name\":\"Boutique\",\"item\":\"https:\/\/foresteel.eu\/fr\/boutique\/\"},{\"@type\":\"ListItem\",\"position\":3,\"name\":\"Corps \u00e0 plateforme avec poteaux d&#8217;angle\"}]},{\"@type\":\"WebSite\",\"@id\":\"https:\/\/foresteel.eu\/#website\",\"url\":\"https:\/\/foresteel.eu\/\",\"name\":\"Foresteel\u00a0: Remorques basculantes et ramasseurs de feuilles haut de gamme, nettoyeurs haute pression mobiles et solutions d'arrosage\",\"description\":\"Foresteel.\",\"publisher\":{\"@id\":\"https:\/\/foresteel.eu\/#organization\"},\"potentialAction\":[{\"@type\":\"SearchAction\",\"target\":{\"@type\":\"EntryPoint\",\"urlTemplate\":\"https:\/\/foresteel.eu\/?s={search_term_string}\"},\"query-input\":{\"@type\":\"PropertyValueSpecification\",\"valueRequired\":true,\"valueName\":\"search_term_string\"}}],\"inLanguage\":\"fr-FR\"},{\"@type\":\"Organization\",\"@id\":\"https:\/\/foresteel.eu\/#organization\",\"name\":\"Foresteel\",\"url\":\"https:\/\/foresteel.eu\/\",\"logo\":{\"@type\":\"ImageObject\",\"inLanguage\":\"fr-FR\",\"@id\":\"https:\/\/foresteel.eu\/#\/schema\/logo\/image\/\",\"url\":\"https:\/\/foresteel.eu\/wp-content\/uploads\/2022\/02\/header-logo.png\",\"contentUrl\":\"https:\/\/foresteel.eu\/wp-content\/uploads\/2022\/02\/header-logo.png\",\"width\":233,\"height\":60,\"caption\":\"Foresteel\"},\"image\":{\"@id\":\"https:\/\/foresteel.eu\/#\/schema\/logo\/image\/\"},\"sameAs\":[\"https:\/\/www.facebook.com\/foresteel.eu\/\",\"https:\/\/www.instagram.com\/foresteel\/\",\"https:\/\/www.youtube.com\/channel\/UCnGStzIvsDkYmZ7T1bwH6og\"]}]}<\/script>\n<!-- \/ Yoast SEO plugin. -->","yoast_head_json":{"title":"Corps \u00e0 plateforme avec poteaux d'angle - Foresteel\u00a0: Remorques basculantes et ramasseurs de feuilles haut de gamme, nettoyeurs haute pression mobiles et solutions d'arrosage","robots":{"index":"index","follow":"follow","max-snippet":"max-snippet:-1","max-image-preview":"max-image-preview:large","max-video-preview":"max-video-preview:-1"},"canonical":"https:\/\/foresteel.eu\/fr\/produit\/corps-a-plateforme-avec-poteaux-dangle\/","og_locale":"fr_FR","og_type":"article","og_title":"Corps \u00e0 plateforme avec poteaux d'angle - Foresteel\u00a0: Remorques basculantes et ramasseurs de feuilles haut de gamme, nettoyeurs haute pression mobiles et solutions d'arrosage","og_description":"Conception multifonctionnelle de la carrosserie pour une grande vari\u00e9t\u00e9 de sc\u00e9narios d'utilisation.  Les poteaux d'angle verrouillent tous les c\u00f4t\u00e9s s\u00e9par\u00e9ment, ce qui \u00e9vite que les panneaux lat\u00e9raux ne s'ouvrent lors de l'ouverture de la porte arri\u00e8re, comme c'est le cas sur de nombreuses remorques concurrentes.","og_url":"https:\/\/foresteel.eu\/fr\/produit\/corps-a-plateforme-avec-poteaux-dangle\/","og_site_name":"Foresteel\u00a0: Remorques basculantes et ramasseurs de feuilles haut de gamme, nettoyeurs haute pression mobiles et solutions d'arrosage","article_publisher":"https:\/\/www.facebook.com\/foresteel.eu\/","article_modified_time":"2024-12-05T13:49:49+00:00","twitter_card":"summary_large_image","schema":{"@context":"https:\/\/schema.org","@graph":[{"@type":"WebPage","@id":"https:\/\/foresteel.eu\/fr\/produit\/corps-a-plateforme-avec-poteaux-dangle\/","url":"https:\/\/foresteel.eu\/fr\/produit\/corps-a-plateforme-avec-poteaux-dangle\/","name":"Corps \u00e0 plateforme avec poteaux d'angle - Foresteel\u00a0: Remorques basculantes et ramasseurs de feuilles haut de gamme, nettoyeurs haute pression mobiles et solutions d'arrosage","isPartOf":{"@id":"https:\/\/foresteel.eu\/#website"},"primaryImageOfPage":{"@id":"https:\/\/foresteel.eu\/fr\/produit\/corps-a-plateforme-avec-poteaux-dangle\/#primaryimage"},"image":{"@id":"https:\/\/foresteel.eu\/fr\/produit\/corps-a-plateforme-avec-poteaux-dangle\/#primaryimage"},"thumbnailUrl":"https:\/\/foresteel.eu\/wp-content\/uploads\/2022\/05\/foresteel-platform-body.jpg","datePublished":"2024-11-21T10:48:33+00:00","dateModified":"2024-12-05T13:49:49+00:00","breadcrumb":{"@id":"https:\/\/foresteel.eu\/fr\/produit\/corps-a-plateforme-avec-poteaux-dangle\/#breadcrumb"},"inLanguage":"fr-FR","potentialAction":[{"@type":"ReadAction","target":["https:\/\/foresteel.eu\/fr\/produit\/corps-a-plateforme-avec-poteaux-dangle\/"]}]},{"@type":"ImageObject","inLanguage":"fr-FR","@id":"https:\/\/foresteel.eu\/fr\/produit\/corps-a-plateforme-avec-poteaux-dangle\/#primaryimage","url":"https:\/\/foresteel.eu\/wp-content\/uploads\/2022\/05\/foresteel-platform-body.jpg","contentUrl":"https:\/\/foresteel.eu\/wp-content\/uploads\/2022\/05\/foresteel-platform-body.jpg","width":750,"height":500},{"@type":"BreadcrumbList","@id":"https:\/\/foresteel.eu\/fr\/produit\/corps-a-plateforme-avec-poteaux-dangle\/#breadcrumb","itemListElement":[{"@type":"ListItem","position":1,"name":"Home","item":"https:\/\/foresteel.eu\/fr\/home\/"},{"@type":"ListItem","position":2,"name":"Boutique","item":"https:\/\/foresteel.eu\/fr\/boutique\/"},{"@type":"ListItem","position":3,"name":"Corps \u00e0 plateforme avec poteaux d&#8217;angle"}]},{"@type":"WebSite","@id":"https:\/\/foresteel.eu\/#website","url":"https:\/\/foresteel.eu\/","name":"Foresteel\u00a0: Remorques basculantes et ramasseurs de feuilles haut de gamme, nettoyeurs haute pression mobiles et solutions d'arrosage","description":"Foresteel.","publisher":{"@id":"https:\/\/foresteel.eu\/#organization"},"potentialAction":[{"@type":"SearchAction","target":{"@type":"EntryPoint","urlTemplate":"https:\/\/foresteel.eu\/?s={search_term_string}"},"query-input":{"@type":"PropertyValueSpecification","valueRequired":true,"valueName":"search_term_string"}}],"inLanguage":"fr-FR"},{"@type":"Organization","@id":"https:\/\/foresteel.eu\/#organization","name":"Foresteel","url":"https:\/\/foresteel.eu\/","logo":{"@type":"ImageObject","inLanguage":"fr-FR","@id":"https:\/\/foresteel.eu\/#\/schema\/logo\/image\/","url":"https:\/\/foresteel.eu\/wp-content\/uploads\/2022\/02\/header-logo.png","contentUrl":"https:\/\/foresteel.eu\/wp-content\/uploads\/2022\/02\/header-logo.png","width":233,"height":60,"caption":"Foresteel"},"image":{"@id":"https:\/\/foresteel.eu\/#\/schema\/logo\/image\/"},"sameAs":["https:\/\/www.facebook.com\/foresteel.eu\/","https:\/\/www.instagram.com\/foresteel\/","https:\/\/www.youtube.com\/channel\/UCnGStzIvsDkYmZ7T1bwH6og"]}]}},"_links":{"self":[{"href":"https:\/\/foresteel.eu\/fr\/wp-json\/wp\/v2\/product\/24558","targetHints":{"allow":["GET"]}}],"collection":[{"href":"https:\/\/foresteel.eu\/fr\/wp-json\/wp\/v2\/product"}],"about":[{"href":"https:\/\/foresteel.eu\/fr\/wp-json\/wp\/v2\/types\/product"}],"version-history":[{"count":1,"href":"https:\/\/foresteel.eu\/fr\/wp-json\/wp\/v2\/product\/24558\/revisions"}],"predecessor-version":[{"id":24741,"href":"https:\/\/foresteel.eu\/fr\/wp-json\/wp\/v2\/product\/24558\/revisions\/24741"}],"wp:featuredmedia":[{"embeddable":true,"href":"https:\/\/foresteel.eu\/fr\/wp-json\/wp\/v2\/media\/12472"}],"wp:attachment":[{"href":"https:\/\/foresteel.eu\/fr\/wp-json\/wp\/v2\/media?parent=24558"}],"wp:term":[{"taxonomy":"product_brand","embeddable":true,"href":"https:\/\/foresteel.eu\/fr\/wp-json\/wp\/v2\/product_brand?post=24558"},{"taxonomy":"product_cat","embeddable":true,"href":"https:\/\/foresteel.eu\/fr\/wp-json\/wp\/v2\/product_cat?post=24558"},{"taxonomy":"product_tag","embeddable":true,"href":"https:\/\/foresteel.eu\/fr\/wp-json\/wp\/v2\/product_tag?post=24558"}],"curies":[{"name":"wp","href":"https:\/\/api.w.org\/{rel}","templated":true}]}}