{"id":24510,"date":"2022-06-02T19:02:16","date_gmt":"2024-11-21T10:48:28","guid":{"rendered":"https:\/\/foresteel.eu\/product\/pvc-covers-for-leaf-extensions\/"},"modified":"2024-12-05T16:51:08","modified_gmt":"2024-12-05T13:51:08","slug":"couvertures-en-pvc-pour-les-extensions-de-vantaux","status":"publish","type":"product","link":"https:\/\/foresteel.eu\/fr\/produit\/couvertures-en-pvc-pour-les-extensions-de-vantaux\/","title":{"rendered":"Couvertures en PVC pour les extensions de vantaux"},"content":{"rendered":"","protected":false},"excerpt":{"rendered":"<p><span id=\"page66R_mcid40\" class=\"markedContent\"><span dir=\"ltr\" role=\"presentation\">Les remorques \u00e0 feuilles Foresteel\u2122 sont \u00e9quip\u00e9es de couvertures suppl\u00e9mentaires en PVC sp\u00e9cialement con\u00e7ues pour les extensions lat\u00e9rales NET, afin que la remorque reste multifonctionnelle (vous pouvez retirer les couvertures en PVC hors saison et utiliser la remorque basculante au maximum de ses capacit\u00e9s). Le kit PVC comprend des couvertures lat\u00e9rales en PVC et une couverture sup\u00e9rieure en PVC sp\u00e9cialement con\u00e7ue pour permettre \u00e0 l&rsquo;air de circuler librement dans la direction sp\u00e9cifi\u00e9e. <\/span><\/span><\/p>\n","protected":false},"featured_media":13795,"template":"","meta":{"_acf_changed":false},"product_brand":[],"product_cat":[325],"product_tag":[],"class_list":{"0":"post-24510","1":"product","2":"type-product","3":"status-publish","4":"has-post-thumbnail","6":"product_cat-equipement-standard","7":"tm-has-options","8":"member-discount","9":"discount-restricted","11":"first","12":"instock","13":"taxable","14":"shipping-taxable","15":"purchasable","16":"product-type-simple"},"acf":[],"yoast_head":"<!-- This site is optimized with the Yoast SEO plugin v26.3 - https:\/\/yoast.com\/wordpress\/plugins\/seo\/ -->\n<title>Couvertures en PVC pour les extensions de vantaux - Foresteel\u00a0: Remorques basculantes et ramasseurs de feuilles haut de gamme, nettoyeurs haute pression mobiles et solutions d&#039;arrosage<\/title>\n<meta name=\"description\" content=\"Remorque \u00e0 feuilles en PVC pour les machines de nettoyage de feuilles tout-en-un Foresteel\u2122.\" \/>\n<meta name=\"robots\" content=\"index, follow, max-snippet:-1, max-image-preview:large, max-video-preview:-1\" \/>\n<link rel=\"canonical\" href=\"https:\/\/foresteel.eu\/fr\/produit\/couvertures-en-pvc-pour-les-extensions-de-vantaux\/\" \/>\n<meta property=\"og:locale\" content=\"fr_FR\" \/>\n<meta property=\"og:type\" content=\"article\" \/>\n<meta property=\"og:title\" content=\"Couvertures en PVC pour les extensions de vantaux - Foresteel\u00a0: Remorques basculantes et ramasseurs de feuilles haut de gamme, nettoyeurs haute pression mobiles et solutions d&#039;arrosage\" \/>\n<meta property=\"og:description\" content=\"Remorque \u00e0 feuilles en PVC pour les machines de nettoyage de feuilles tout-en-un Foresteel\u2122.\" \/>\n<meta property=\"og:url\" content=\"https:\/\/foresteel.eu\/fr\/produit\/couvertures-en-pvc-pour-les-extensions-de-vantaux\/\" \/>\n<meta property=\"og:site_name\" content=\"Foresteel\u00a0: Remorques basculantes et ramasseurs de feuilles haut de gamme, nettoyeurs haute pression mobiles et solutions d&#039;arrosage\" \/>\n<meta property=\"article:publisher\" content=\"https:\/\/www.facebook.com\/foresteel.eu\/\" \/>\n<meta property=\"article:modified_time\" content=\"2024-12-05T13:51:08+00:00\" \/>\n<meta name=\"twitter:card\" content=\"summary_large_image\" \/>\n<script type=\"application\/ld+json\" class=\"yoast-schema-graph\">{\"@context\":\"https:\/\/schema.org\",\"@graph\":[{\"@type\":\"WebPage\",\"@id\":\"https:\/\/foresteel.eu\/fr\/produit\/couvertures-en-pvc-pour-les-extensions-de-vantaux\/\",\"url\":\"https:\/\/foresteel.eu\/fr\/produit\/couvertures-en-pvc-pour-les-extensions-de-vantaux\/\",\"name\":\"Couvertures en PVC pour les extensions de vantaux - Foresteel\u00a0: Remorques basculantes et ramasseurs de feuilles haut de gamme, nettoyeurs haute pression mobiles et solutions d'arrosage\",\"isPartOf\":{\"@id\":\"https:\/\/foresteel.eu\/#website\"},\"primaryImageOfPage\":{\"@id\":\"https:\/\/foresteel.eu\/fr\/produit\/couvertures-en-pvc-pour-les-extensions-de-vantaux\/#primaryimage\"},\"image\":{\"@id\":\"https:\/\/foresteel.eu\/fr\/produit\/couvertures-en-pvc-pour-les-extensions-de-vantaux\/#primaryimage\"},\"thumbnailUrl\":\"https:\/\/foresteel.eu\/wp-content\/uploads\/2022\/06\/pvc-covers-leaf-trailer.jpg\",\"datePublished\":\"2024-11-21T10:48:28+00:00\",\"dateModified\":\"2024-12-05T13:51:08+00:00\",\"description\":\"Remorque \u00e0 feuilles en PVC pour les machines de nettoyage de feuilles tout-en-un Foresteel\u2122.\",\"breadcrumb\":{\"@id\":\"https:\/\/foresteel.eu\/fr\/produit\/couvertures-en-pvc-pour-les-extensions-de-vantaux\/#breadcrumb\"},\"inLanguage\":\"fr-FR\",\"potentialAction\":[{\"@type\":\"ReadAction\",\"target\":[\"https:\/\/foresteel.eu\/fr\/produit\/couvertures-en-pvc-pour-les-extensions-de-vantaux\/\"]}]},{\"@type\":\"ImageObject\",\"inLanguage\":\"fr-FR\",\"@id\":\"https:\/\/foresteel.eu\/fr\/produit\/couvertures-en-pvc-pour-les-extensions-de-vantaux\/#primaryimage\",\"url\":\"https:\/\/foresteel.eu\/wp-content\/uploads\/2022\/06\/pvc-covers-leaf-trailer.jpg\",\"contentUrl\":\"https:\/\/foresteel.eu\/wp-content\/uploads\/2022\/06\/pvc-covers-leaf-trailer.jpg\",\"width\":1092,\"height\":819},{\"@type\":\"BreadcrumbList\",\"@id\":\"https:\/\/foresteel.eu\/fr\/produit\/couvertures-en-pvc-pour-les-extensions-de-vantaux\/#breadcrumb\",\"itemListElement\":[{\"@type\":\"ListItem\",\"position\":1,\"name\":\"Home\",\"item\":\"https:\/\/foresteel.eu\/fr\/home\/\"},{\"@type\":\"ListItem\",\"position\":2,\"name\":\"Boutique\",\"item\":\"https:\/\/foresteel.eu\/fr\/boutique\/\"},{\"@type\":\"ListItem\",\"position\":3,\"name\":\"Couvertures en PVC pour les extensions de vantaux\"}]},{\"@type\":\"WebSite\",\"@id\":\"https:\/\/foresteel.eu\/#website\",\"url\":\"https:\/\/foresteel.eu\/\",\"name\":\"Foresteel\u00a0: Remorques basculantes et ramasseurs de feuilles haut de gamme, nettoyeurs haute pression mobiles et solutions d'arrosage\",\"description\":\"Foresteel.\",\"publisher\":{\"@id\":\"https:\/\/foresteel.eu\/#organization\"},\"potentialAction\":[{\"@type\":\"SearchAction\",\"target\":{\"@type\":\"EntryPoint\",\"urlTemplate\":\"https:\/\/foresteel.eu\/?s={search_term_string}\"},\"query-input\":{\"@type\":\"PropertyValueSpecification\",\"valueRequired\":true,\"valueName\":\"search_term_string\"}}],\"inLanguage\":\"fr-FR\"},{\"@type\":\"Organization\",\"@id\":\"https:\/\/foresteel.eu\/#organization\",\"name\":\"Foresteel\",\"url\":\"https:\/\/foresteel.eu\/\",\"logo\":{\"@type\":\"ImageObject\",\"inLanguage\":\"fr-FR\",\"@id\":\"https:\/\/foresteel.eu\/#\/schema\/logo\/image\/\",\"url\":\"https:\/\/foresteel.eu\/wp-content\/uploads\/2022\/02\/header-logo.png\",\"contentUrl\":\"https:\/\/foresteel.eu\/wp-content\/uploads\/2022\/02\/header-logo.png\",\"width\":233,\"height\":60,\"caption\":\"Foresteel\"},\"image\":{\"@id\":\"https:\/\/foresteel.eu\/#\/schema\/logo\/image\/\"},\"sameAs\":[\"https:\/\/www.facebook.com\/foresteel.eu\/\",\"https:\/\/www.instagram.com\/foresteel\/\",\"https:\/\/www.youtube.com\/channel\/UCnGStzIvsDkYmZ7T1bwH6og\"]}]}<\/script>\n<!-- \/ Yoast SEO plugin. -->","yoast_head_json":{"title":"Couvertures en PVC pour les extensions de vantaux - Foresteel\u00a0: Remorques basculantes et ramasseurs de feuilles haut de gamme, nettoyeurs haute pression mobiles et solutions d'arrosage","description":"Remorque \u00e0 feuilles en PVC pour les machines de nettoyage de feuilles tout-en-un Foresteel\u2122.","robots":{"index":"index","follow":"follow","max-snippet":"max-snippet:-1","max-image-preview":"max-image-preview:large","max-video-preview":"max-video-preview:-1"},"canonical":"https:\/\/foresteel.eu\/fr\/produit\/couvertures-en-pvc-pour-les-extensions-de-vantaux\/","og_locale":"fr_FR","og_type":"article","og_title":"Couvertures en PVC pour les extensions de vantaux - Foresteel\u00a0: Remorques basculantes et ramasseurs de feuilles haut de gamme, nettoyeurs haute pression mobiles et solutions d'arrosage","og_description":"Remorque \u00e0 feuilles en PVC pour les machines de nettoyage de feuilles tout-en-un Foresteel\u2122.","og_url":"https:\/\/foresteel.eu\/fr\/produit\/couvertures-en-pvc-pour-les-extensions-de-vantaux\/","og_site_name":"Foresteel\u00a0: Remorques basculantes et ramasseurs de feuilles haut de gamme, nettoyeurs haute pression mobiles et solutions d'arrosage","article_publisher":"https:\/\/www.facebook.com\/foresteel.eu\/","article_modified_time":"2024-12-05T13:51:08+00:00","twitter_card":"summary_large_image","schema":{"@context":"https:\/\/schema.org","@graph":[{"@type":"WebPage","@id":"https:\/\/foresteel.eu\/fr\/produit\/couvertures-en-pvc-pour-les-extensions-de-vantaux\/","url":"https:\/\/foresteel.eu\/fr\/produit\/couvertures-en-pvc-pour-les-extensions-de-vantaux\/","name":"Couvertures en PVC pour les extensions de vantaux - Foresteel\u00a0: Remorques basculantes et ramasseurs de feuilles haut de gamme, nettoyeurs haute pression mobiles et solutions d'arrosage","isPartOf":{"@id":"https:\/\/foresteel.eu\/#website"},"primaryImageOfPage":{"@id":"https:\/\/foresteel.eu\/fr\/produit\/couvertures-en-pvc-pour-les-extensions-de-vantaux\/#primaryimage"},"image":{"@id":"https:\/\/foresteel.eu\/fr\/produit\/couvertures-en-pvc-pour-les-extensions-de-vantaux\/#primaryimage"},"thumbnailUrl":"https:\/\/foresteel.eu\/wp-content\/uploads\/2022\/06\/pvc-covers-leaf-trailer.jpg","datePublished":"2024-11-21T10:48:28+00:00","dateModified":"2024-12-05T13:51:08+00:00","description":"Remorque \u00e0 feuilles en PVC pour les machines de nettoyage de feuilles tout-en-un Foresteel\u2122.","breadcrumb":{"@id":"https:\/\/foresteel.eu\/fr\/produit\/couvertures-en-pvc-pour-les-extensions-de-vantaux\/#breadcrumb"},"inLanguage":"fr-FR","potentialAction":[{"@type":"ReadAction","target":["https:\/\/foresteel.eu\/fr\/produit\/couvertures-en-pvc-pour-les-extensions-de-vantaux\/"]}]},{"@type":"ImageObject","inLanguage":"fr-FR","@id":"https:\/\/foresteel.eu\/fr\/produit\/couvertures-en-pvc-pour-les-extensions-de-vantaux\/#primaryimage","url":"https:\/\/foresteel.eu\/wp-content\/uploads\/2022\/06\/pvc-covers-leaf-trailer.jpg","contentUrl":"https:\/\/foresteel.eu\/wp-content\/uploads\/2022\/06\/pvc-covers-leaf-trailer.jpg","width":1092,"height":819},{"@type":"BreadcrumbList","@id":"https:\/\/foresteel.eu\/fr\/produit\/couvertures-en-pvc-pour-les-extensions-de-vantaux\/#breadcrumb","itemListElement":[{"@type":"ListItem","position":1,"name":"Home","item":"https:\/\/foresteel.eu\/fr\/home\/"},{"@type":"ListItem","position":2,"name":"Boutique","item":"https:\/\/foresteel.eu\/fr\/boutique\/"},{"@type":"ListItem","position":3,"name":"Couvertures en PVC pour les extensions de vantaux"}]},{"@type":"WebSite","@id":"https:\/\/foresteel.eu\/#website","url":"https:\/\/foresteel.eu\/","name":"Foresteel\u00a0: Remorques basculantes et ramasseurs de feuilles haut de gamme, nettoyeurs haute pression mobiles et solutions d'arrosage","description":"Foresteel.","publisher":{"@id":"https:\/\/foresteel.eu\/#organization"},"potentialAction":[{"@type":"SearchAction","target":{"@type":"EntryPoint","urlTemplate":"https:\/\/foresteel.eu\/?s={search_term_string}"},"query-input":{"@type":"PropertyValueSpecification","valueRequired":true,"valueName":"search_term_string"}}],"inLanguage":"fr-FR"},{"@type":"Organization","@id":"https:\/\/foresteel.eu\/#organization","name":"Foresteel","url":"https:\/\/foresteel.eu\/","logo":{"@type":"ImageObject","inLanguage":"fr-FR","@id":"https:\/\/foresteel.eu\/#\/schema\/logo\/image\/","url":"https:\/\/foresteel.eu\/wp-content\/uploads\/2022\/02\/header-logo.png","contentUrl":"https:\/\/foresteel.eu\/wp-content\/uploads\/2022\/02\/header-logo.png","width":233,"height":60,"caption":"Foresteel"},"image":{"@id":"https:\/\/foresteel.eu\/#\/schema\/logo\/image\/"},"sameAs":["https:\/\/www.facebook.com\/foresteel.eu\/","https:\/\/www.instagram.com\/foresteel\/","https:\/\/www.youtube.com\/channel\/UCnGStzIvsDkYmZ7T1bwH6og"]}]}},"_links":{"self":[{"href":"https:\/\/foresteel.eu\/fr\/wp-json\/wp\/v2\/product\/24510","targetHints":{"allow":["GET"]}}],"collection":[{"href":"https:\/\/foresteel.eu\/fr\/wp-json\/wp\/v2\/product"}],"about":[{"href":"https:\/\/foresteel.eu\/fr\/wp-json\/wp\/v2\/types\/product"}],"version-history":[{"count":1,"href":"https:\/\/foresteel.eu\/fr\/wp-json\/wp\/v2\/product\/24510\/revisions"}],"predecessor-version":[{"id":24745,"href":"https:\/\/foresteel.eu\/fr\/wp-json\/wp\/v2\/product\/24510\/revisions\/24745"}],"wp:featuredmedia":[{"embeddable":true,"href":"https:\/\/foresteel.eu\/fr\/wp-json\/wp\/v2\/media\/13795"}],"wp:attachment":[{"href":"https:\/\/foresteel.eu\/fr\/wp-json\/wp\/v2\/media?parent=24510"}],"wp:term":[{"taxonomy":"product_brand","embeddable":true,"href":"https:\/\/foresteel.eu\/fr\/wp-json\/wp\/v2\/product_brand?post=24510"},{"taxonomy":"product_cat","embeddable":true,"href":"https:\/\/foresteel.eu\/fr\/wp-json\/wp\/v2\/product_cat?post=24510"},{"taxonomy":"product_tag","embeddable":true,"href":"https:\/\/foresteel.eu\/fr\/wp-json\/wp\/v2\/product_tag?post=24510"}],"curies":[{"name":"wp","href":"https:\/\/api.w.org\/{rel}","templated":true}]}}