{"id":23957,"date":"2022-05-25T14:40:15","date_gmt":"2024-11-21T10:47:53","guid":{"rendered":"https:\/\/foresteel.eu\/product\/ft-1600-leaf-vacuum-trailer-time-saving-leaf-collection-machine\/"},"modified":"2024-12-17T17:28:44","modified_gmt":"2024-12-17T14:28:44","slug":"ft-1600-remorque-a-feuilles","status":"publish","type":"product","link":"https:\/\/foresteel.eu\/fr\/produit\/ft-1600-remorque-a-feuilles\/","title":{"rendered":"FT-1600 Remorque \u00e0 feuilles"},"content":{"rendered":"<h1>Remorque Aspirateur de feuilles FT-1600 compl\u00e8te pour un nettoyage rapide et facile des feuilles. Compact pour les petits tracteurs, les chargeurs compacts, les machines de golf et de parc.<\/h1>\n<p>Conception 2 en 1. Gr\u00e2ce au d\u00e9montage rapide et facile de l&rsquo;\u00e9quipement de ramassage des feuilles (unit\u00e9 d&rsquo;aspiration), les remorques aspirantes \u00e0 feuilles de Foresteel\u2122 peuvent \u00e9galement \u00eatre utilis\u00e9es comme des remorques basculantes traditionnelles pendant toute la saison (le d\u00e9montage prend moins de 30 minutes). Bas\u00e9es sur la conception modulaire, nos machines de ramassage de feuilles sont de conception 2 en 1, offrant aux utilisateurs une remorque basculante et un Remorque aspirante \u00e0 feuilles en une seule machine. L&rsquo;Aspirateur de feuilles autonome cr\u00e9e une forte d\u00e9pression et un flux d&rsquo;air \u00e0 grande vitesse. Pour un d\u00e9chargement rapide et facile, les remorques \u00e0 feuilles sont dot\u00e9es d&rsquo;une robuste capacit\u00e9 de basculement hydraulique avec un angle de basculement \u00e9lev\u00e9. Il est facile pour l&rsquo;utilisateur de d\u00e9charger m\u00eame les charges les plus difficiles. Les remorques sont disponibles avec une large gamme d&rsquo;options, ce qui les rend configurables selon vos besoins. Con\u00e7ue sp\u00e9cialement pour les machines compactes, elle pr\u00e9sente une r\u00e9partition du poids optimis\u00e9e et, gr\u00e2ce aux mat\u00e9riaux sp\u00e9ciaux utilis\u00e9s, un faible poids propre pour faciliter le remorquage.<\/p>\n<h3>Des solutions de Collecte des feuilles de haute qualit\u00e9 avec une augmentation garantie de la productivit\u00e9 et de l&rsquo;efficacit\u00e9 du temps.<\/h3>\n<p>Simplifiez vos t\u00e2ches de Collecte des feuilles et des d\u00e9bris avec une remorque \u00e0 feuilles Foresteel\u2122 multifonctionnelle.<\/p>\n<ul>\n<li>Des machines de collecte des feuilles enti\u00e8rement \u00e9quip\u00e9es et pr\u00eates \u00e0 l&#8217;emploi<\/li>\n<li>Moins de travail et de tracas. Moins de Main-d&rsquo;\u0153uvre n\u00e9cessaire<\/li>\n<li>Des mod\u00e8les adapt\u00e9s \u00e0 vos machines compactes<\/li>\n<li>Configurable selon vos besoins<\/li>\n<li>Des solutions fiables et \u00e9prouv\u00e9es<\/li>\n<li>Aspirateurs de feuilles puissants et remorques con\u00e7ues par des experts<\/li>\n<\/ul>\n<p>Les balayeuses aspirantes, qui permettent de gagner du temps et sont simples \u00e0 utiliser, combinent une remorque basculante avec un aspirateur de feuilles \u00e0 essence, ainsi qu&rsquo;un broyeur de feuilles qui d\u00e9chiquette et compacte les feuilles fermement dans la caisse de la remorque, augmentant ainsi la capacit\u00e9 de travail jusqu&rsquo;\u00e0 dix fois. Nos Aspirateurs de feuilles sont \u00e9quip\u00e9s de moteurs Briggs &amp; Stratton, connus pour leur fiabilit\u00e9, leur puissance et leur efficacit\u00e9. La petite taille et le poids l\u00e9ger de nos remorques \u00e0 feuilles les rendent id\u00e9ales pour les parcs et les propri\u00e9t\u00e9s de petite et moyenne taille. Le poids l\u00e9ger permet de travailler sur des zones d\u00e9licates et facilement endommageables comme les espaces verts, les pelouses et les parcs. Les remorques aspiratrices de feuilles Foresteel\u2122 sont id\u00e9ales pour collecter et nettoyer les feuilles et l&rsquo;herbe tondue, ainsi que d&rsquo;autres d\u00e9bris tels que les d\u00e9chets, les copeaux de bois, les glands, les aiguilles de pin, le foin, le fumier et d&rsquo;autres objets l\u00e9gers. Nos Aspirateurs de feuilles autonomes sont une solution \u00e9prouv\u00e9e pour les Municipalit\u00e9s, les terrains de golf, les manoirs, les entreprises d&rsquo;entretien des espaces verts, les installations sportives, les responsables d&rsquo;\u00e9glises et de cimeti\u00e8res et bien d&rsquo;autres encore qui poss\u00e8dent des parcs, des all\u00e9es et des zones gazonn\u00e9es de petite ou moyenne taille.<\/p>\n","protected":false},"excerpt":{"rendered":"<p><b>Pour les tracteurs, les chargeurs compacts, les VTT, les UTV, les machines de golf et de parc, une remorque basculante l\u00e9g\u00e8re pour le ramassage des feuilles avec une capacit\u00e9 de chargement de 1600 kg est disponible. <\/b><span style=\"color: #ff0000;\"><strong>Nouvelles<\/strong>. Les versions l\u00e9gales (EU CoC) sont maintenant disponibles ! <\/span><b><br \/>\n<\/b> L&rsquo;Aspirateur de feuilles autonome cr\u00e9e une forte d\u00e9pression et un flux d&rsquo;air \u00e0 grande vitesse. Pour un d\u00e9chargement rapide et facile, les remorques \u00e0 feuilles sont dot\u00e9es d&rsquo;une robuste capacit\u00e9 de basculement hydraulique avec un angle de basculement \u00e9lev\u00e9. L&rsquo;angle de basculement des remorques est plus que suffisant pour d\u00e9charger m\u00eame les charges les plus difficiles. D\u00e9sormais, le ch\u00e2ssis, les panneaux lat\u00e9raux et les poteaux d&rsquo;angle sont galvanis\u00e9s !<\/p>\n","protected":false},"featured_media":20723,"template":"","meta":{"_acf_changed":false},"product_brand":[],"product_cat":[108],"product_tag":[117,120,118,326,327,367,365,368],"class_list":{"0":"post-23957","1":"product","2":"type-product","3":"status-publish","4":"has-post-thumbnail","6":"product_cat-remorques-a-feuilles","7":"product_tag-atv-fr","8":"product_tag-chargeur-compact","9":"product_tag-golf-club-fr","10":"product_tag-municipalites","11":"product_tag-prestataire-de-services","12":"product_tag-tracteur","13":"product_tag-villa-manoir-station-de-vacances","14":"product_tag-voiturette-de-golf","15":"tm-has-options","16":"member-discount","17":"discount-restricted","19":"first","20":"instock","21":"taxable","22":"shipping-taxable","23":"purchasable","24":"product-type-simple"},"acf":[],"yoast_head":"<!-- This site is optimized with the Yoast SEO plugin v26.3 - https:\/\/yoast.com\/wordpress\/plugins\/seo\/ -->\n<title>FT-1600 Remorque \u00e0 feuilles - Remorque aspirante \u00e0 feuilles efficace et facile \u00e0 utiliser.<\/title>\n<meta name=\"description\" content=\"Collecte des feuilles \/ Remorque aspirante \u00e0 feuilles enti\u00e8rement \u00e9quip\u00e9e. Conception 2 en 1. Configurable selon vos besoins. Simplifiez vos t\u00e2ches de ramassage de feuilles et de d\u00e9bris.\" \/>\n<meta name=\"robots\" content=\"index, follow, max-snippet:-1, max-image-preview:large, max-video-preview:-1\" \/>\n<link rel=\"canonical\" href=\"https:\/\/foresteel.eu\/fr\/produit\/ft-1600-remorque-a-feuilles\/\" \/>\n<meta property=\"og:locale\" content=\"fr_FR\" \/>\n<meta property=\"og:type\" content=\"article\" \/>\n<meta property=\"og:title\" content=\"FT-1600 Remorque \u00e0 feuilles - Remorque aspirante \u00e0 feuilles efficace et facile \u00e0 utiliser.\" \/>\n<meta property=\"og:description\" content=\"Collecte des feuilles \/ Remorque aspirante \u00e0 feuilles enti\u00e8rement \u00e9quip\u00e9e. Conception 2 en 1. Configurable selon vos besoins. Simplifiez vos t\u00e2ches de ramassage de feuilles et de d\u00e9bris.\" \/>\n<meta property=\"og:url\" content=\"https:\/\/foresteel.eu\/fr\/produit\/ft-1600-remorque-a-feuilles\/\" \/>\n<meta property=\"og:site_name\" content=\"Foresteel\u00a0: Remorques basculantes et ramasseurs de feuilles haut de gamme, nettoyeurs haute pression mobiles et solutions d&#039;arrosage\" \/>\n<meta property=\"article:publisher\" content=\"https:\/\/www.facebook.com\/foresteel.eu\/\" \/>\n<meta property=\"article:modified_time\" content=\"2024-12-17T14:28:44+00:00\" \/>\n<meta name=\"twitter:card\" content=\"summary_large_image\" \/>\n<meta name=\"twitter:label1\" content=\"Dur\u00e9e de lecture estim\u00e9e\" \/>\n\t<meta name=\"twitter:data1\" content=\"3 minutes\" \/>\n<script type=\"application\/ld+json\" class=\"yoast-schema-graph\">{\"@context\":\"https:\/\/schema.org\",\"@graph\":[{\"@type\":\"WebPage\",\"@id\":\"https:\/\/foresteel.eu\/fr\/produit\/ft-1600-remorque-a-feuilles\/\",\"url\":\"https:\/\/foresteel.eu\/fr\/produit\/ft-1600-remorque-a-feuilles\/\",\"name\":\"FT-1600 Remorque \u00e0 feuilles - Remorque aspirante \u00e0 feuilles efficace et facile \u00e0 utiliser.\",\"isPartOf\":{\"@id\":\"https:\/\/foresteel.eu\/#website\"},\"primaryImageOfPage\":{\"@id\":\"https:\/\/foresteel.eu\/fr\/produit\/ft-1600-remorque-a-feuilles\/#primaryimage\"},\"image\":{\"@id\":\"https:\/\/foresteel.eu\/fr\/produit\/ft-1600-remorque-a-feuilles\/#primaryimage\"},\"thumbnailUrl\":\"https:\/\/foresteel.eu\/wp-content\/uploads\/2022\/05\/Foresteel-FT-1600-Leaf-Trailer-product-image-vertical-02.jpg\",\"datePublished\":\"2024-11-21T10:47:53+00:00\",\"dateModified\":\"2024-12-17T14:28:44+00:00\",\"description\":\"Collecte des feuilles \/ Remorque aspirante \u00e0 feuilles enti\u00e8rement \u00e9quip\u00e9e. Conception 2 en 1. Configurable selon vos besoins. Simplifiez vos t\u00e2ches de ramassage de feuilles et de d\u00e9bris.\",\"breadcrumb\":{\"@id\":\"https:\/\/foresteel.eu\/fr\/produit\/ft-1600-remorque-a-feuilles\/#breadcrumb\"},\"inLanguage\":\"fr-FR\",\"potentialAction\":[{\"@type\":\"ReadAction\",\"target\":[\"https:\/\/foresteel.eu\/fr\/produit\/ft-1600-remorque-a-feuilles\/\"]}]},{\"@type\":\"ImageObject\",\"inLanguage\":\"fr-FR\",\"@id\":\"https:\/\/foresteel.eu\/fr\/produit\/ft-1600-remorque-a-feuilles\/#primaryimage\",\"url\":\"https:\/\/foresteel.eu\/wp-content\/uploads\/2022\/05\/Foresteel-FT-1600-Leaf-Trailer-product-image-vertical-02.jpg\",\"contentUrl\":\"https:\/\/foresteel.eu\/wp-content\/uploads\/2022\/05\/Foresteel-FT-1600-Leaf-Trailer-product-image-vertical-02.jpg\",\"width\":556,\"height\":720},{\"@type\":\"BreadcrumbList\",\"@id\":\"https:\/\/foresteel.eu\/fr\/produit\/ft-1600-remorque-a-feuilles\/#breadcrumb\",\"itemListElement\":[{\"@type\":\"ListItem\",\"position\":1,\"name\":\"Home\",\"item\":\"https:\/\/foresteel.eu\/fr\/home\/\"},{\"@type\":\"ListItem\",\"position\":2,\"name\":\"Boutique\",\"item\":\"https:\/\/foresteel.eu\/fr\/boutique\/\"},{\"@type\":\"ListItem\",\"position\":3,\"name\":\"FT-1600 Remorque \u00e0 feuilles\"}]},{\"@type\":\"WebSite\",\"@id\":\"https:\/\/foresteel.eu\/#website\",\"url\":\"https:\/\/foresteel.eu\/\",\"name\":\"Foresteel\u00a0: Remorques basculantes et ramasseurs de feuilles haut de gamme, nettoyeurs haute pression mobiles et solutions d'arrosage\",\"description\":\"Foresteel.\",\"publisher\":{\"@id\":\"https:\/\/foresteel.eu\/#organization\"},\"potentialAction\":[{\"@type\":\"SearchAction\",\"target\":{\"@type\":\"EntryPoint\",\"urlTemplate\":\"https:\/\/foresteel.eu\/?s={search_term_string}\"},\"query-input\":{\"@type\":\"PropertyValueSpecification\",\"valueRequired\":true,\"valueName\":\"search_term_string\"}}],\"inLanguage\":\"fr-FR\"},{\"@type\":\"Organization\",\"@id\":\"https:\/\/foresteel.eu\/#organization\",\"name\":\"Foresteel\",\"url\":\"https:\/\/foresteel.eu\/\",\"logo\":{\"@type\":\"ImageObject\",\"inLanguage\":\"fr-FR\",\"@id\":\"https:\/\/foresteel.eu\/#\/schema\/logo\/image\/\",\"url\":\"https:\/\/foresteel.eu\/wp-content\/uploads\/2022\/02\/header-logo.png\",\"contentUrl\":\"https:\/\/foresteel.eu\/wp-content\/uploads\/2022\/02\/header-logo.png\",\"width\":233,\"height\":60,\"caption\":\"Foresteel\"},\"image\":{\"@id\":\"https:\/\/foresteel.eu\/#\/schema\/logo\/image\/\"},\"sameAs\":[\"https:\/\/www.facebook.com\/foresteel.eu\/\",\"https:\/\/www.instagram.com\/foresteel\/\",\"https:\/\/www.youtube.com\/channel\/UCnGStzIvsDkYmZ7T1bwH6og\"]}]}<\/script>\n<!-- \/ Yoast SEO plugin. -->","yoast_head_json":{"title":"FT-1600 Remorque \u00e0 feuilles - Remorque aspirante \u00e0 feuilles efficace et facile \u00e0 utiliser.","description":"Collecte des feuilles \/ Remorque aspirante \u00e0 feuilles enti\u00e8rement \u00e9quip\u00e9e. Conception 2 en 1. Configurable selon vos besoins. Simplifiez vos t\u00e2ches de ramassage de feuilles et de d\u00e9bris.","robots":{"index":"index","follow":"follow","max-snippet":"max-snippet:-1","max-image-preview":"max-image-preview:large","max-video-preview":"max-video-preview:-1"},"canonical":"https:\/\/foresteel.eu\/fr\/produit\/ft-1600-remorque-a-feuilles\/","og_locale":"fr_FR","og_type":"article","og_title":"FT-1600 Remorque \u00e0 feuilles - Remorque aspirante \u00e0 feuilles efficace et facile \u00e0 utiliser.","og_description":"Collecte des feuilles \/ Remorque aspirante \u00e0 feuilles enti\u00e8rement \u00e9quip\u00e9e. Conception 2 en 1. Configurable selon vos besoins. Simplifiez vos t\u00e2ches de ramassage de feuilles et de d\u00e9bris.","og_url":"https:\/\/foresteel.eu\/fr\/produit\/ft-1600-remorque-a-feuilles\/","og_site_name":"Foresteel\u00a0: Remorques basculantes et ramasseurs de feuilles haut de gamme, nettoyeurs haute pression mobiles et solutions d'arrosage","article_publisher":"https:\/\/www.facebook.com\/foresteel.eu\/","article_modified_time":"2024-12-17T14:28:44+00:00","twitter_card":"summary_large_image","twitter_misc":{"Dur\u00e9e de lecture estim\u00e9e":"3 minutes"},"schema":{"@context":"https:\/\/schema.org","@graph":[{"@type":"WebPage","@id":"https:\/\/foresteel.eu\/fr\/produit\/ft-1600-remorque-a-feuilles\/","url":"https:\/\/foresteel.eu\/fr\/produit\/ft-1600-remorque-a-feuilles\/","name":"FT-1600 Remorque \u00e0 feuilles - Remorque aspirante \u00e0 feuilles efficace et facile \u00e0 utiliser.","isPartOf":{"@id":"https:\/\/foresteel.eu\/#website"},"primaryImageOfPage":{"@id":"https:\/\/foresteel.eu\/fr\/produit\/ft-1600-remorque-a-feuilles\/#primaryimage"},"image":{"@id":"https:\/\/foresteel.eu\/fr\/produit\/ft-1600-remorque-a-feuilles\/#primaryimage"},"thumbnailUrl":"https:\/\/foresteel.eu\/wp-content\/uploads\/2022\/05\/Foresteel-FT-1600-Leaf-Trailer-product-image-vertical-02.jpg","datePublished":"2024-11-21T10:47:53+00:00","dateModified":"2024-12-17T14:28:44+00:00","description":"Collecte des feuilles \/ Remorque aspirante \u00e0 feuilles enti\u00e8rement \u00e9quip\u00e9e. Conception 2 en 1. Configurable selon vos besoins. Simplifiez vos t\u00e2ches de ramassage de feuilles et de d\u00e9bris.","breadcrumb":{"@id":"https:\/\/foresteel.eu\/fr\/produit\/ft-1600-remorque-a-feuilles\/#breadcrumb"},"inLanguage":"fr-FR","potentialAction":[{"@type":"ReadAction","target":["https:\/\/foresteel.eu\/fr\/produit\/ft-1600-remorque-a-feuilles\/"]}]},{"@type":"ImageObject","inLanguage":"fr-FR","@id":"https:\/\/foresteel.eu\/fr\/produit\/ft-1600-remorque-a-feuilles\/#primaryimage","url":"https:\/\/foresteel.eu\/wp-content\/uploads\/2022\/05\/Foresteel-FT-1600-Leaf-Trailer-product-image-vertical-02.jpg","contentUrl":"https:\/\/foresteel.eu\/wp-content\/uploads\/2022\/05\/Foresteel-FT-1600-Leaf-Trailer-product-image-vertical-02.jpg","width":556,"height":720},{"@type":"BreadcrumbList","@id":"https:\/\/foresteel.eu\/fr\/produit\/ft-1600-remorque-a-feuilles\/#breadcrumb","itemListElement":[{"@type":"ListItem","position":1,"name":"Home","item":"https:\/\/foresteel.eu\/fr\/home\/"},{"@type":"ListItem","position":2,"name":"Boutique","item":"https:\/\/foresteel.eu\/fr\/boutique\/"},{"@type":"ListItem","position":3,"name":"FT-1600 Remorque \u00e0 feuilles"}]},{"@type":"WebSite","@id":"https:\/\/foresteel.eu\/#website","url":"https:\/\/foresteel.eu\/","name":"Foresteel\u00a0: Remorques basculantes et ramasseurs de feuilles haut de gamme, nettoyeurs haute pression mobiles et solutions d'arrosage","description":"Foresteel.","publisher":{"@id":"https:\/\/foresteel.eu\/#organization"},"potentialAction":[{"@type":"SearchAction","target":{"@type":"EntryPoint","urlTemplate":"https:\/\/foresteel.eu\/?s={search_term_string}"},"query-input":{"@type":"PropertyValueSpecification","valueRequired":true,"valueName":"search_term_string"}}],"inLanguage":"fr-FR"},{"@type":"Organization","@id":"https:\/\/foresteel.eu\/#organization","name":"Foresteel","url":"https:\/\/foresteel.eu\/","logo":{"@type":"ImageObject","inLanguage":"fr-FR","@id":"https:\/\/foresteel.eu\/#\/schema\/logo\/image\/","url":"https:\/\/foresteel.eu\/wp-content\/uploads\/2022\/02\/header-logo.png","contentUrl":"https:\/\/foresteel.eu\/wp-content\/uploads\/2022\/02\/header-logo.png","width":233,"height":60,"caption":"Foresteel"},"image":{"@id":"https:\/\/foresteel.eu\/#\/schema\/logo\/image\/"},"sameAs":["https:\/\/www.facebook.com\/foresteel.eu\/","https:\/\/www.instagram.com\/foresteel\/","https:\/\/www.youtube.com\/channel\/UCnGStzIvsDkYmZ7T1bwH6og"]}]}},"_links":{"self":[{"href":"https:\/\/foresteel.eu\/fr\/wp-json\/wp\/v2\/product\/23957","targetHints":{"allow":["GET"]}}],"collection":[{"href":"https:\/\/foresteel.eu\/fr\/wp-json\/wp\/v2\/product"}],"about":[{"href":"https:\/\/foresteel.eu\/fr\/wp-json\/wp\/v2\/types\/product"}],"version-history":[{"count":2,"href":"https:\/\/foresteel.eu\/fr\/wp-json\/wp\/v2\/product\/23957\/revisions"}],"predecessor-version":[{"id":24902,"href":"https:\/\/foresteel.eu\/fr\/wp-json\/wp\/v2\/product\/23957\/revisions\/24902"}],"wp:featuredmedia":[{"embeddable":true,"href":"https:\/\/foresteel.eu\/fr\/wp-json\/wp\/v2\/media\/20723"}],"wp:attachment":[{"href":"https:\/\/foresteel.eu\/fr\/wp-json\/wp\/v2\/media?parent=23957"}],"wp:term":[{"taxonomy":"product_brand","embeddable":true,"href":"https:\/\/foresteel.eu\/fr\/wp-json\/wp\/v2\/product_brand?post=23957"},{"taxonomy":"product_cat","embeddable":true,"href":"https:\/\/foresteel.eu\/fr\/wp-json\/wp\/v2\/product_cat?post=23957"},{"taxonomy":"product_tag","embeddable":true,"href":"https:\/\/foresteel.eu\/fr\/wp-json\/wp\/v2\/product_tag?post=23957"}],"curies":[{"name":"wp","href":"https:\/\/api.w.org\/{rel}","templated":true}]}}