{"id":23621,"date":"2022-05-27T12:20:29","date_gmt":"2024-11-21T10:47:48","guid":{"rendered":"https:\/\/foresteel.eu\/product\/ftw-2000-litre-irrigation-trailer-water-bowser\/"},"modified":"2024-12-17T16:56:52","modified_gmt":"2024-12-17T13:56:52","slug":"ftw-2000t-bonde-a-eau-tractee","status":"publish","type":"product","link":"https:\/\/foresteel.eu\/fr\/produit\/ftw-2000t-bonde-a-eau-tractee\/","title":{"rendered":"FTW-2000T Bonde \u00e0 eau tract\u00e9e"},"content":{"rendered":"","protected":false},"excerpt":{"rendered":"<p><span class=\"ace-all-bold-hthree\"><span class=\" author-d-4z65zz66zl57z75zyiz66zfr2fz87zwz89znuiz88zj2snz88zz76zz72zz87z9rz78zz71z0z75zf7hz87zgz85zdz90zz77zd02z73zk\"><b>Tout ce qui est n\u00e9cessaire aux op\u00e9rations d&rsquo;irrigation est inclus dans ce kit pr\u00eat \u00e0 l&#8217;emploi. <\/b><\/span><\/span><\/p>\n<p><span class=\" author-d-4z65zz66zl57z75zyiz66zfr2fz87zwz89znuiz88zj2snz88zz76zz72zz87z9rz78zz71z0z75zf7hz87zgz85zdz90zz77zd02z73zk\">Arroseuse tract\u00e9e de 2000 litres avec syst\u00e8me de pompage int\u00e9gr\u00e9 et enrouleur de tuyau automatique pour le remorquage sur site.<\/span><\/p>\n<p><span class=\" author-d-4z65zz66zl57z75zyiz66zfr2fz87zwz89znuiz88zj2snz88zz76zz72zz87z9rz78zz71z0z75zf7hz87zgz85zdz90zz77zd02z73zk\">Pour les t\u00e2ches d&rsquo;irrigation mobile, un syst\u00e8me d&rsquo;irrigation autonome remorquable pour petites machines est disponible. Remorquez n&rsquo;importe quelle petite machine disponible comme un VTT, un UTV, un v\u00e9hicule utilitaire, un petit tracteur, un chargeur ou d&rsquo;autres petits v\u00e9hicules. Am\u00e9liorez l&rsquo;efficacit\u00e9 de l&rsquo;irrigation et r\u00e9duisez les besoins en main-d&rsquo;\u0153uvre. <\/span><\/p>\n<p><span class=\" author-d-4z65zz66zl57z75zyiz66zfr2fz87zwz89znuiz88zj2snz88zz76zz72zz87z9rz78zz71z0z75zf7hz87zgz85zdz90zz77zd02z73zk\">R\u00e9servoir d&rsquo;eau rigide en plastique PE sur ch\u00e2ssis avec roues larges pour gazon et accouplement \u00e0 boule pour le remorquage dans les espaces restreints. Parfait pour une utilisation en ext\u00e9rieur comme en int\u00e9rieur, \u00e9quip\u00e9 d&rsquo;un enrouleur de tuyau automatique et d&rsquo;un syst\u00e8me de pompage fiable pour un fonctionnement \u00e0 haute efficacit\u00e9. <\/span><\/p>\n<p><span class=\" author-d-4z65zz66zl57z75zyiz66zfr2fz87zwz89znuiz88zj2snz88zz76zz72zz87z9rz78zz71z0z75zf7hz87zgz85zdz90zz77zd02z73zk\">Avec les pompes \u00e9lectriques optionnelles \u00ab\u00a0Zero Emission\u00a0\u00bb, vous pouvez vous passer d&rsquo;\u00e9missions.<\/span><\/p>\n","protected":false},"featured_media":13386,"template":"","meta":{"_acf_changed":false},"product_brand":[],"product_cat":[369,107],"product_tag":[120,366,326,327,367,328],"class_list":{"0":"post-23621","1":"product","2":"type-product","3":"status-publish","4":"has-post-thumbnail","6":"product_cat-remorques-dirrigation","7":"product_cat-irrigation-fr","8":"product_tag-chargeur-compact","9":"product_tag-domicile-exploitation-agricole","10":"product_tag-municipalites","11":"product_tag-prestataire-de-services","12":"product_tag-tracteur","13":"product_tag-vignobles-champs","14":"tm-has-options","15":"member-discount","16":"discount-restricted","18":"first","19":"instock","20":"taxable","21":"shipping-taxable","22":"purchasable","23":"product-type-simple"},"acf":[],"yoast_head":"<!-- This site is optimized with the Yoast SEO plugin v26.3 - https:\/\/yoast.com\/wordpress\/plugins\/seo\/ -->\n<title>FTW-2000T Bonde \u00e0 eau tract\u00e9e - Foresteel\u00a0: Remorques basculantes et ramasseurs de feuilles haut de gamme, nettoyeurs haute pression mobiles et solutions d&#039;arrosage<\/title>\n<meta name=\"robots\" content=\"index, follow, max-snippet:-1, max-image-preview:large, max-video-preview:-1\" \/>\n<link rel=\"canonical\" href=\"https:\/\/foresteel.eu\/fr\/produit\/ftw-2000t-bonde-a-eau-tractee\/\" \/>\n<meta property=\"og:locale\" content=\"fr_FR\" \/>\n<meta property=\"og:type\" content=\"article\" \/>\n<meta property=\"og:title\" content=\"FTW-2000T Bonde \u00e0 eau tract\u00e9e - Foresteel\u00a0: Remorques basculantes et ramasseurs de feuilles haut de gamme, nettoyeurs haute pression mobiles et solutions d&#039;arrosage\" \/>\n<meta property=\"og:description\" content=\"Tout ce qui est n\u00e9cessaire aux op\u00e9rations d&#039;irrigation est inclus dans ce kit pr\u00eat \u00e0 l&#039;emploi.   Arroseuse tract\u00e9e de 2000 litres avec syst\u00e8me de pompage int\u00e9gr\u00e9 et enrouleur de tuyau automatique pour le remorquage sur site.  Pour les t\u00e2ches d&#039;irrigation mobile, un syst\u00e8me d&#039;irrigation autonome remorquable pour petites machines est disponible. Remorquez n&#039;importe quelle petite machine disponible comme un VTT, un UTV, un v\u00e9hicule utilitaire, un petit tracteur, un chargeur ou d&#039;autres petits v\u00e9hicules. Am\u00e9liorez l&#039;efficacit\u00e9 de l&#039;irrigation et r\u00e9duisez les besoins en main-d&#039;\u0153uvre.   R\u00e9servoir d&#039;eau rigide en plastique PE sur ch\u00e2ssis avec roues larges pour gazon et accouplement \u00e0 boule pour le remorquage dans les espaces restreints. Parfait pour une utilisation en ext\u00e9rieur comme en int\u00e9rieur, \u00e9quip\u00e9 d&#039;un enrouleur de tuyau automatique et d&#039;un syst\u00e8me de pompage fiable pour un fonctionnement \u00e0 haute efficacit\u00e9.   Avec les pompes \u00e9lectriques optionnelles &quot;Zero Emission&quot;, vous pouvez vous passer d&#039;\u00e9missions.\" \/>\n<meta property=\"og:url\" content=\"https:\/\/foresteel.eu\/fr\/produit\/ftw-2000t-bonde-a-eau-tractee\/\" \/>\n<meta property=\"og:site_name\" content=\"Foresteel\u00a0: Remorques basculantes et ramasseurs de feuilles haut de gamme, nettoyeurs haute pression mobiles et solutions d&#039;arrosage\" \/>\n<meta property=\"article:publisher\" content=\"https:\/\/www.facebook.com\/foresteel.eu\/\" \/>\n<meta property=\"article:modified_time\" content=\"2024-12-17T13:56:52+00:00\" \/>\n<meta name=\"twitter:card\" content=\"summary_large_image\" \/>\n<script type=\"application\/ld+json\" class=\"yoast-schema-graph\">{\"@context\":\"https:\/\/schema.org\",\"@graph\":[{\"@type\":\"WebPage\",\"@id\":\"https:\/\/foresteel.eu\/fr\/produit\/ftw-2000t-bonde-a-eau-tractee\/\",\"url\":\"https:\/\/foresteel.eu\/fr\/produit\/ftw-2000t-bonde-a-eau-tractee\/\",\"name\":\"FTW-2000T Bonde \u00e0 eau tract\u00e9e - Foresteel\u00a0: Remorques basculantes et ramasseurs de feuilles haut de gamme, nettoyeurs haute pression mobiles et solutions d'arrosage\",\"isPartOf\":{\"@id\":\"https:\/\/foresteel.eu\/#website\"},\"primaryImageOfPage\":{\"@id\":\"https:\/\/foresteel.eu\/fr\/produit\/ftw-2000t-bonde-a-eau-tractee\/#primaryimage\"},\"image\":{\"@id\":\"https:\/\/foresteel.eu\/fr\/produit\/ftw-2000t-bonde-a-eau-tractee\/#primaryimage\"},\"thumbnailUrl\":\"https:\/\/foresteel.eu\/wp-content\/uploads\/2022\/06\/Foresteel-FTW-2000T-irrigation-trailer-1.jpeg\",\"datePublished\":\"2024-11-21T10:47:48+00:00\",\"dateModified\":\"2024-12-17T13:56:52+00:00\",\"breadcrumb\":{\"@id\":\"https:\/\/foresteel.eu\/fr\/produit\/ftw-2000t-bonde-a-eau-tractee\/#breadcrumb\"},\"inLanguage\":\"fr-FR\",\"potentialAction\":[{\"@type\":\"ReadAction\",\"target\":[\"https:\/\/foresteel.eu\/fr\/produit\/ftw-2000t-bonde-a-eau-tractee\/\"]}]},{\"@type\":\"ImageObject\",\"inLanguage\":\"fr-FR\",\"@id\":\"https:\/\/foresteel.eu\/fr\/produit\/ftw-2000t-bonde-a-eau-tractee\/#primaryimage\",\"url\":\"https:\/\/foresteel.eu\/wp-content\/uploads\/2022\/06\/Foresteel-FTW-2000T-irrigation-trailer-1.jpeg\",\"contentUrl\":\"https:\/\/foresteel.eu\/wp-content\/uploads\/2022\/06\/Foresteel-FTW-2000T-irrigation-trailer-1.jpeg\",\"width\":1280,\"height\":960,\"caption\":\"Foresteel Mobile Irrigation Trailer at Vineyard in Italy\"},{\"@type\":\"BreadcrumbList\",\"@id\":\"https:\/\/foresteel.eu\/fr\/produit\/ftw-2000t-bonde-a-eau-tractee\/#breadcrumb\",\"itemListElement\":[{\"@type\":\"ListItem\",\"position\":1,\"name\":\"Home\",\"item\":\"https:\/\/foresteel.eu\/fr\/home\/\"},{\"@type\":\"ListItem\",\"position\":2,\"name\":\"Boutique\",\"item\":\"https:\/\/foresteel.eu\/fr\/boutique\/\"},{\"@type\":\"ListItem\",\"position\":3,\"name\":\"FTW-2000T Bonde \u00e0 eau tract\u00e9e\"}]},{\"@type\":\"WebSite\",\"@id\":\"https:\/\/foresteel.eu\/#website\",\"url\":\"https:\/\/foresteel.eu\/\",\"name\":\"Foresteel\u00a0: Remorques basculantes et ramasseurs de feuilles haut de gamme, nettoyeurs haute pression mobiles et solutions d'arrosage\",\"description\":\"Foresteel.\",\"publisher\":{\"@id\":\"https:\/\/foresteel.eu\/#organization\"},\"potentialAction\":[{\"@type\":\"SearchAction\",\"target\":{\"@type\":\"EntryPoint\",\"urlTemplate\":\"https:\/\/foresteel.eu\/?s={search_term_string}\"},\"query-input\":{\"@type\":\"PropertyValueSpecification\",\"valueRequired\":true,\"valueName\":\"search_term_string\"}}],\"inLanguage\":\"fr-FR\"},{\"@type\":\"Organization\",\"@id\":\"https:\/\/foresteel.eu\/#organization\",\"name\":\"Foresteel\",\"url\":\"https:\/\/foresteel.eu\/\",\"logo\":{\"@type\":\"ImageObject\",\"inLanguage\":\"fr-FR\",\"@id\":\"https:\/\/foresteel.eu\/#\/schema\/logo\/image\/\",\"url\":\"https:\/\/foresteel.eu\/wp-content\/uploads\/2022\/02\/header-logo.png\",\"contentUrl\":\"https:\/\/foresteel.eu\/wp-content\/uploads\/2022\/02\/header-logo.png\",\"width\":233,\"height\":60,\"caption\":\"Foresteel\"},\"image\":{\"@id\":\"https:\/\/foresteel.eu\/#\/schema\/logo\/image\/\"},\"sameAs\":[\"https:\/\/www.facebook.com\/foresteel.eu\/\",\"https:\/\/www.instagram.com\/foresteel\/\",\"https:\/\/www.youtube.com\/channel\/UCnGStzIvsDkYmZ7T1bwH6og\"]}]}<\/script>\n<!-- \/ Yoast SEO plugin. -->","yoast_head_json":{"title":"FTW-2000T Bonde \u00e0 eau tract\u00e9e - Foresteel\u00a0: Remorques basculantes et ramasseurs de feuilles haut de gamme, nettoyeurs haute pression mobiles et solutions d'arrosage","robots":{"index":"index","follow":"follow","max-snippet":"max-snippet:-1","max-image-preview":"max-image-preview:large","max-video-preview":"max-video-preview:-1"},"canonical":"https:\/\/foresteel.eu\/fr\/produit\/ftw-2000t-bonde-a-eau-tractee\/","og_locale":"fr_FR","og_type":"article","og_title":"FTW-2000T Bonde \u00e0 eau tract\u00e9e - Foresteel\u00a0: Remorques basculantes et ramasseurs de feuilles haut de gamme, nettoyeurs haute pression mobiles et solutions d'arrosage","og_description":"Tout ce qui est n\u00e9cessaire aux op\u00e9rations d'irrigation est inclus dans ce kit pr\u00eat \u00e0 l'emploi.   Arroseuse tract\u00e9e de 2000 litres avec syst\u00e8me de pompage int\u00e9gr\u00e9 et enrouleur de tuyau automatique pour le remorquage sur site.  Pour les t\u00e2ches d'irrigation mobile, un syst\u00e8me d'irrigation autonome remorquable pour petites machines est disponible. Remorquez n'importe quelle petite machine disponible comme un VTT, un UTV, un v\u00e9hicule utilitaire, un petit tracteur, un chargeur ou d'autres petits v\u00e9hicules. Am\u00e9liorez l'efficacit\u00e9 de l'irrigation et r\u00e9duisez les besoins en main-d'\u0153uvre.   R\u00e9servoir d'eau rigide en plastique PE sur ch\u00e2ssis avec roues larges pour gazon et accouplement \u00e0 boule pour le remorquage dans les espaces restreints. Parfait pour une utilisation en ext\u00e9rieur comme en int\u00e9rieur, \u00e9quip\u00e9 d'un enrouleur de tuyau automatique et d'un syst\u00e8me de pompage fiable pour un fonctionnement \u00e0 haute efficacit\u00e9.   Avec les pompes \u00e9lectriques optionnelles \"Zero Emission\", vous pouvez vous passer d'\u00e9missions.","og_url":"https:\/\/foresteel.eu\/fr\/produit\/ftw-2000t-bonde-a-eau-tractee\/","og_site_name":"Foresteel\u00a0: Remorques basculantes et ramasseurs de feuilles haut de gamme, nettoyeurs haute pression mobiles et solutions d'arrosage","article_publisher":"https:\/\/www.facebook.com\/foresteel.eu\/","article_modified_time":"2024-12-17T13:56:52+00:00","twitter_card":"summary_large_image","schema":{"@context":"https:\/\/schema.org","@graph":[{"@type":"WebPage","@id":"https:\/\/foresteel.eu\/fr\/produit\/ftw-2000t-bonde-a-eau-tractee\/","url":"https:\/\/foresteel.eu\/fr\/produit\/ftw-2000t-bonde-a-eau-tractee\/","name":"FTW-2000T Bonde \u00e0 eau tract\u00e9e - Foresteel\u00a0: Remorques basculantes et ramasseurs de feuilles haut de gamme, nettoyeurs haute pression mobiles et solutions d'arrosage","isPartOf":{"@id":"https:\/\/foresteel.eu\/#website"},"primaryImageOfPage":{"@id":"https:\/\/foresteel.eu\/fr\/produit\/ftw-2000t-bonde-a-eau-tractee\/#primaryimage"},"image":{"@id":"https:\/\/foresteel.eu\/fr\/produit\/ftw-2000t-bonde-a-eau-tractee\/#primaryimage"},"thumbnailUrl":"https:\/\/foresteel.eu\/wp-content\/uploads\/2022\/06\/Foresteel-FTW-2000T-irrigation-trailer-1.jpeg","datePublished":"2024-11-21T10:47:48+00:00","dateModified":"2024-12-17T13:56:52+00:00","breadcrumb":{"@id":"https:\/\/foresteel.eu\/fr\/produit\/ftw-2000t-bonde-a-eau-tractee\/#breadcrumb"},"inLanguage":"fr-FR","potentialAction":[{"@type":"ReadAction","target":["https:\/\/foresteel.eu\/fr\/produit\/ftw-2000t-bonde-a-eau-tractee\/"]}]},{"@type":"ImageObject","inLanguage":"fr-FR","@id":"https:\/\/foresteel.eu\/fr\/produit\/ftw-2000t-bonde-a-eau-tractee\/#primaryimage","url":"https:\/\/foresteel.eu\/wp-content\/uploads\/2022\/06\/Foresteel-FTW-2000T-irrigation-trailer-1.jpeg","contentUrl":"https:\/\/foresteel.eu\/wp-content\/uploads\/2022\/06\/Foresteel-FTW-2000T-irrigation-trailer-1.jpeg","width":1280,"height":960,"caption":"Foresteel Mobile Irrigation Trailer at Vineyard in Italy"},{"@type":"BreadcrumbList","@id":"https:\/\/foresteel.eu\/fr\/produit\/ftw-2000t-bonde-a-eau-tractee\/#breadcrumb","itemListElement":[{"@type":"ListItem","position":1,"name":"Home","item":"https:\/\/foresteel.eu\/fr\/home\/"},{"@type":"ListItem","position":2,"name":"Boutique","item":"https:\/\/foresteel.eu\/fr\/boutique\/"},{"@type":"ListItem","position":3,"name":"FTW-2000T Bonde \u00e0 eau tract\u00e9e"}]},{"@type":"WebSite","@id":"https:\/\/foresteel.eu\/#website","url":"https:\/\/foresteel.eu\/","name":"Foresteel\u00a0: Remorques basculantes et ramasseurs de feuilles haut de gamme, nettoyeurs haute pression mobiles et solutions d'arrosage","description":"Foresteel.","publisher":{"@id":"https:\/\/foresteel.eu\/#organization"},"potentialAction":[{"@type":"SearchAction","target":{"@type":"EntryPoint","urlTemplate":"https:\/\/foresteel.eu\/?s={search_term_string}"},"query-input":{"@type":"PropertyValueSpecification","valueRequired":true,"valueName":"search_term_string"}}],"inLanguage":"fr-FR"},{"@type":"Organization","@id":"https:\/\/foresteel.eu\/#organization","name":"Foresteel","url":"https:\/\/foresteel.eu\/","logo":{"@type":"ImageObject","inLanguage":"fr-FR","@id":"https:\/\/foresteel.eu\/#\/schema\/logo\/image\/","url":"https:\/\/foresteel.eu\/wp-content\/uploads\/2022\/02\/header-logo.png","contentUrl":"https:\/\/foresteel.eu\/wp-content\/uploads\/2022\/02\/header-logo.png","width":233,"height":60,"caption":"Foresteel"},"image":{"@id":"https:\/\/foresteel.eu\/#\/schema\/logo\/image\/"},"sameAs":["https:\/\/www.facebook.com\/foresteel.eu\/","https:\/\/www.instagram.com\/foresteel\/","https:\/\/www.youtube.com\/channel\/UCnGStzIvsDkYmZ7T1bwH6og"]}]}},"_links":{"self":[{"href":"https:\/\/foresteel.eu\/fr\/wp-json\/wp\/v2\/product\/23621","targetHints":{"allow":["GET"]}}],"collection":[{"href":"https:\/\/foresteel.eu\/fr\/wp-json\/wp\/v2\/product"}],"about":[{"href":"https:\/\/foresteel.eu\/fr\/wp-json\/wp\/v2\/types\/product"}],"version-history":[{"count":2,"href":"https:\/\/foresteel.eu\/fr\/wp-json\/wp\/v2\/product\/23621\/revisions"}],"predecessor-version":[{"id":24895,"href":"https:\/\/foresteel.eu\/fr\/wp-json\/wp\/v2\/product\/23621\/revisions\/24895"}],"wp:featuredmedia":[{"embeddable":true,"href":"https:\/\/foresteel.eu\/fr\/wp-json\/wp\/v2\/media\/13386"}],"wp:attachment":[{"href":"https:\/\/foresteel.eu\/fr\/wp-json\/wp\/v2\/media?parent=23621"}],"wp:term":[{"taxonomy":"product_brand","embeddable":true,"href":"https:\/\/foresteel.eu\/fr\/wp-json\/wp\/v2\/product_brand?post=23621"},{"taxonomy":"product_cat","embeddable":true,"href":"https:\/\/foresteel.eu\/fr\/wp-json\/wp\/v2\/product_cat?post=23621"},{"taxonomy":"product_tag","embeddable":true,"href":"https:\/\/foresteel.eu\/fr\/wp-json\/wp\/v2\/product_tag?post=23621"}],"curies":[{"name":"wp","href":"https:\/\/api.w.org\/{rel}","templated":true}]}}