{"id":23430,"date":"2022-05-27T12:14:25","date_gmt":"2024-11-21T10:47:47","guid":{"rendered":"https:\/\/foresteel.eu\/product\/ftw-2000-litre-irrigation-system-water-bowser\/"},"modified":"2024-12-17T17:01:51","modified_gmt":"2024-12-17T14:01:51","slug":"plate-forme-ftw-2000-water-bowser","status":"publish","type":"product","link":"https:\/\/foresteel.eu\/fr\/produit\/plate-forme-ftw-2000-water-bowser\/","title":{"rendered":"Plate-forme FTW-2000 Water Bowser"},"content":{"rendered":"","protected":false},"excerpt":{"rendered":"<p><span class=\"ace-all-bold-hthree\"><span class=\" author-d-4z65zz66zl57z75zyiz66zfr2fz87zwz89znuiz88zj2snz88zz76zz72zz87z9rz78zz71z0z75zf7hz87zgz85zdz90zz77zd02z73zk\"><b>Tout ce qui est n\u00e9cessaire aux op\u00e9rations d&rsquo;irrigation est inclus dans ce kit pr\u00eat \u00e0 l&#8217;emploi. <\/b><\/span><\/span><\/p>\n<p><span class=\" author-d-4z65zz66zl57z75zyiz66zfr2fz87zwz89znuiz88zj2snz88zz76zz72zz87z9rz78zz71z0z75zf7hz87zgz85zdz90zz77zd02z73zk\">Plate-forme mobile d&rsquo;irrigation, d&rsquo;arrosage et de lutte contre l&rsquo;incendie. La solution d&rsquo;arrosage mobile a \u00e9t\u00e9 modifi\u00e9e pour \u00eatre facilement soulev\u00e9e, d\u00e9plac\u00e9e et utilis\u00e9e par toute personne peu exp\u00e9riment\u00e9e. Les instructions sur le r\u00e9servoir du syst\u00e8me rendent son utilisation simple et intuitive pour tout le monde. Chargez-la sur n&rsquo;importe quel v\u00e9hicule utilitaire, camionnette, pick-up, voiturette de golf, remorque ou autre. Am\u00e9liorez l&rsquo;efficacit\u00e9 de l&rsquo;irrigation et r\u00e9duisez les besoins en main-d&rsquo;\u0153uvre. <\/span><\/p>\n<div>\n<p><span class=\" author-d-4z65zz66zl57z75zyiz66zfr2fz87zwz89znuiz88zj2snz88zz76zz72zz87z9rz78zz71z0z75zf7hz87zgz85zdz90zz77zd02z73zk\">Avec les pompes \u00e9lectriques optionnelles \u00ab\u00a0Zero Emission\u00a0\u00bb, vous pouvez vous passer d&rsquo;\u00e9missions.<\/span><\/p>\n<\/div>\n","protected":false},"featured_media":13936,"template":"","meta":{"_acf_changed":false},"product_brand":[],"product_cat":[107],"product_tag":[326,327],"class_list":{"0":"post-23430","1":"product","2":"type-product","3":"status-publish","4":"has-post-thumbnail","6":"product_cat-irrigation-fr","7":"product_tag-municipalites","8":"product_tag-prestataire-de-services","9":"tm-has-options","10":"member-discount","11":"discount-restricted","13":"first","14":"instock","15":"taxable","16":"shipping-taxable","17":"purchasable","18":"product-type-simple"},"acf":[],"yoast_head":"<!-- This site is optimized with the Yoast SEO plugin v26.3 - https:\/\/yoast.com\/wordpress\/plugins\/seo\/ -->\n<title>Plate-forme FTW-2000 Water Bowser - Foresteel\u00a0: Remorques basculantes et ramasseurs de feuilles haut de gamme, nettoyeurs haute pression mobiles et solutions d&#039;arrosage<\/title>\n<meta name=\"robots\" content=\"index, follow, max-snippet:-1, max-image-preview:large, max-video-preview:-1\" \/>\n<link rel=\"canonical\" href=\"https:\/\/foresteel.eu\/fr\/produit\/plate-forme-ftw-2000-water-bowser\/\" \/>\n<meta property=\"og:locale\" content=\"fr_FR\" \/>\n<meta property=\"og:type\" content=\"article\" \/>\n<meta property=\"og:title\" content=\"Plate-forme FTW-2000 Water Bowser - Foresteel\u00a0: Remorques basculantes et ramasseurs de feuilles haut de gamme, nettoyeurs haute pression mobiles et solutions d&#039;arrosage\" \/>\n<meta property=\"og:description\" content=\"Tout ce qui est n\u00e9cessaire aux op\u00e9rations d&#039;irrigation est inclus dans ce kit pr\u00eat \u00e0 l&#039;emploi.   Plate-forme mobile d&#039;irrigation, d&#039;arrosage et de lutte contre l&#039;incendie. La solution d&#039;arrosage mobile a \u00e9t\u00e9 modifi\u00e9e pour \u00eatre facilement soulev\u00e9e, d\u00e9plac\u00e9e et utilis\u00e9e par toute personne peu exp\u00e9riment\u00e9e. Les instructions sur le r\u00e9servoir du syst\u00e8me rendent son utilisation simple et intuitive pour tout le monde. Chargez-la sur n&#039;importe quel v\u00e9hicule utilitaire, camionnette, pick-up, voiturette de golf, remorque ou autre. Am\u00e9liorez l&#039;efficacit\u00e9 de l&#039;irrigation et r\u00e9duisez les besoins en main-d&#039;\u0153uvre.    Avec les pompes \u00e9lectriques optionnelles &quot;Zero Emission&quot;, vous pouvez vous passer d&#039;\u00e9missions.\" \/>\n<meta property=\"og:url\" content=\"https:\/\/foresteel.eu\/fr\/produit\/plate-forme-ftw-2000-water-bowser\/\" \/>\n<meta property=\"og:site_name\" content=\"Foresteel\u00a0: Remorques basculantes et ramasseurs de feuilles haut de gamme, nettoyeurs haute pression mobiles et solutions d&#039;arrosage\" \/>\n<meta property=\"article:publisher\" content=\"https:\/\/www.facebook.com\/foresteel.eu\/\" \/>\n<meta property=\"article:modified_time\" content=\"2024-12-17T14:01:51+00:00\" \/>\n<meta name=\"twitter:card\" content=\"summary_large_image\" \/>\n<script type=\"application\/ld+json\" class=\"yoast-schema-graph\">{\"@context\":\"https:\/\/schema.org\",\"@graph\":[{\"@type\":\"WebPage\",\"@id\":\"https:\/\/foresteel.eu\/fr\/produit\/plate-forme-ftw-2000-water-bowser\/\",\"url\":\"https:\/\/foresteel.eu\/fr\/produit\/plate-forme-ftw-2000-water-bowser\/\",\"name\":\"Plate-forme FTW-2000 Water Bowser - Foresteel\u00a0: Remorques basculantes et ramasseurs de feuilles haut de gamme, nettoyeurs haute pression mobiles et solutions d'arrosage\",\"isPartOf\":{\"@id\":\"https:\/\/foresteel.eu\/#website\"},\"primaryImageOfPage\":{\"@id\":\"https:\/\/foresteel.eu\/fr\/produit\/plate-forme-ftw-2000-water-bowser\/#primaryimage\"},\"image\":{\"@id\":\"https:\/\/foresteel.eu\/fr\/produit\/plate-forme-ftw-2000-water-bowser\/#primaryimage\"},\"thumbnailUrl\":\"https:\/\/foresteel.eu\/wp-content\/uploads\/2022\/05\/Foresteel-FTW-2000-irrigation-platform-1-scaled.jpg\",\"datePublished\":\"2024-11-21T10:47:47+00:00\",\"dateModified\":\"2024-12-17T14:01:51+00:00\",\"breadcrumb\":{\"@id\":\"https:\/\/foresteel.eu\/fr\/produit\/plate-forme-ftw-2000-water-bowser\/#breadcrumb\"},\"inLanguage\":\"fr-FR\",\"potentialAction\":[{\"@type\":\"ReadAction\",\"target\":[\"https:\/\/foresteel.eu\/fr\/produit\/plate-forme-ftw-2000-water-bowser\/\"]}]},{\"@type\":\"ImageObject\",\"inLanguage\":\"fr-FR\",\"@id\":\"https:\/\/foresteel.eu\/fr\/produit\/plate-forme-ftw-2000-water-bowser\/#primaryimage\",\"url\":\"https:\/\/foresteel.eu\/wp-content\/uploads\/2022\/05\/Foresteel-FTW-2000-irrigation-platform-1-scaled.jpg\",\"contentUrl\":\"https:\/\/foresteel.eu\/wp-content\/uploads\/2022\/05\/Foresteel-FTW-2000-irrigation-platform-1-scaled.jpg\",\"width\":2560,\"height\":1920},{\"@type\":\"BreadcrumbList\",\"@id\":\"https:\/\/foresteel.eu\/fr\/produit\/plate-forme-ftw-2000-water-bowser\/#breadcrumb\",\"itemListElement\":[{\"@type\":\"ListItem\",\"position\":1,\"name\":\"Home\",\"item\":\"https:\/\/foresteel.eu\/fr\/home\/\"},{\"@type\":\"ListItem\",\"position\":2,\"name\":\"Boutique\",\"item\":\"https:\/\/foresteel.eu\/fr\/boutique\/\"},{\"@type\":\"ListItem\",\"position\":3,\"name\":\"Plate-forme FTW-2000 Water Bowser\"}]},{\"@type\":\"WebSite\",\"@id\":\"https:\/\/foresteel.eu\/#website\",\"url\":\"https:\/\/foresteel.eu\/\",\"name\":\"Foresteel\u00a0: Remorques basculantes et ramasseurs de feuilles haut de gamme, nettoyeurs haute pression mobiles et solutions d'arrosage\",\"description\":\"Foresteel.\",\"publisher\":{\"@id\":\"https:\/\/foresteel.eu\/#organization\"},\"potentialAction\":[{\"@type\":\"SearchAction\",\"target\":{\"@type\":\"EntryPoint\",\"urlTemplate\":\"https:\/\/foresteel.eu\/?s={search_term_string}\"},\"query-input\":{\"@type\":\"PropertyValueSpecification\",\"valueRequired\":true,\"valueName\":\"search_term_string\"}}],\"inLanguage\":\"fr-FR\"},{\"@type\":\"Organization\",\"@id\":\"https:\/\/foresteel.eu\/#organization\",\"name\":\"Foresteel\",\"url\":\"https:\/\/foresteel.eu\/\",\"logo\":{\"@type\":\"ImageObject\",\"inLanguage\":\"fr-FR\",\"@id\":\"https:\/\/foresteel.eu\/#\/schema\/logo\/image\/\",\"url\":\"https:\/\/foresteel.eu\/wp-content\/uploads\/2022\/02\/header-logo.png\",\"contentUrl\":\"https:\/\/foresteel.eu\/wp-content\/uploads\/2022\/02\/header-logo.png\",\"width\":233,\"height\":60,\"caption\":\"Foresteel\"},\"image\":{\"@id\":\"https:\/\/foresteel.eu\/#\/schema\/logo\/image\/\"},\"sameAs\":[\"https:\/\/www.facebook.com\/foresteel.eu\/\",\"https:\/\/www.instagram.com\/foresteel\/\",\"https:\/\/www.youtube.com\/channel\/UCnGStzIvsDkYmZ7T1bwH6og\"]}]}<\/script>\n<!-- \/ Yoast SEO plugin. -->","yoast_head_json":{"title":"Plate-forme FTW-2000 Water Bowser - Foresteel\u00a0: Remorques basculantes et ramasseurs de feuilles haut de gamme, nettoyeurs haute pression mobiles et solutions d'arrosage","robots":{"index":"index","follow":"follow","max-snippet":"max-snippet:-1","max-image-preview":"max-image-preview:large","max-video-preview":"max-video-preview:-1"},"canonical":"https:\/\/foresteel.eu\/fr\/produit\/plate-forme-ftw-2000-water-bowser\/","og_locale":"fr_FR","og_type":"article","og_title":"Plate-forme FTW-2000 Water Bowser - Foresteel\u00a0: Remorques basculantes et ramasseurs de feuilles haut de gamme, nettoyeurs haute pression mobiles et solutions d'arrosage","og_description":"Tout ce qui est n\u00e9cessaire aux op\u00e9rations d'irrigation est inclus dans ce kit pr\u00eat \u00e0 l'emploi.   Plate-forme mobile d'irrigation, d'arrosage et de lutte contre l'incendie. La solution d'arrosage mobile a \u00e9t\u00e9 modifi\u00e9e pour \u00eatre facilement soulev\u00e9e, d\u00e9plac\u00e9e et utilis\u00e9e par toute personne peu exp\u00e9riment\u00e9e. Les instructions sur le r\u00e9servoir du syst\u00e8me rendent son utilisation simple et intuitive pour tout le monde. Chargez-la sur n'importe quel v\u00e9hicule utilitaire, camionnette, pick-up, voiturette de golf, remorque ou autre. Am\u00e9liorez l'efficacit\u00e9 de l'irrigation et r\u00e9duisez les besoins en main-d'\u0153uvre.    Avec les pompes \u00e9lectriques optionnelles \"Zero Emission\", vous pouvez vous passer d'\u00e9missions.","og_url":"https:\/\/foresteel.eu\/fr\/produit\/plate-forme-ftw-2000-water-bowser\/","og_site_name":"Foresteel\u00a0: Remorques basculantes et ramasseurs de feuilles haut de gamme, nettoyeurs haute pression mobiles et solutions d'arrosage","article_publisher":"https:\/\/www.facebook.com\/foresteel.eu\/","article_modified_time":"2024-12-17T14:01:51+00:00","twitter_card":"summary_large_image","schema":{"@context":"https:\/\/schema.org","@graph":[{"@type":"WebPage","@id":"https:\/\/foresteel.eu\/fr\/produit\/plate-forme-ftw-2000-water-bowser\/","url":"https:\/\/foresteel.eu\/fr\/produit\/plate-forme-ftw-2000-water-bowser\/","name":"Plate-forme FTW-2000 Water Bowser - Foresteel\u00a0: Remorques basculantes et ramasseurs de feuilles haut de gamme, nettoyeurs haute pression mobiles et solutions d'arrosage","isPartOf":{"@id":"https:\/\/foresteel.eu\/#website"},"primaryImageOfPage":{"@id":"https:\/\/foresteel.eu\/fr\/produit\/plate-forme-ftw-2000-water-bowser\/#primaryimage"},"image":{"@id":"https:\/\/foresteel.eu\/fr\/produit\/plate-forme-ftw-2000-water-bowser\/#primaryimage"},"thumbnailUrl":"https:\/\/foresteel.eu\/wp-content\/uploads\/2022\/05\/Foresteel-FTW-2000-irrigation-platform-1-scaled.jpg","datePublished":"2024-11-21T10:47:47+00:00","dateModified":"2024-12-17T14:01:51+00:00","breadcrumb":{"@id":"https:\/\/foresteel.eu\/fr\/produit\/plate-forme-ftw-2000-water-bowser\/#breadcrumb"},"inLanguage":"fr-FR","potentialAction":[{"@type":"ReadAction","target":["https:\/\/foresteel.eu\/fr\/produit\/plate-forme-ftw-2000-water-bowser\/"]}]},{"@type":"ImageObject","inLanguage":"fr-FR","@id":"https:\/\/foresteel.eu\/fr\/produit\/plate-forme-ftw-2000-water-bowser\/#primaryimage","url":"https:\/\/foresteel.eu\/wp-content\/uploads\/2022\/05\/Foresteel-FTW-2000-irrigation-platform-1-scaled.jpg","contentUrl":"https:\/\/foresteel.eu\/wp-content\/uploads\/2022\/05\/Foresteel-FTW-2000-irrigation-platform-1-scaled.jpg","width":2560,"height":1920},{"@type":"BreadcrumbList","@id":"https:\/\/foresteel.eu\/fr\/produit\/plate-forme-ftw-2000-water-bowser\/#breadcrumb","itemListElement":[{"@type":"ListItem","position":1,"name":"Home","item":"https:\/\/foresteel.eu\/fr\/home\/"},{"@type":"ListItem","position":2,"name":"Boutique","item":"https:\/\/foresteel.eu\/fr\/boutique\/"},{"@type":"ListItem","position":3,"name":"Plate-forme FTW-2000 Water Bowser"}]},{"@type":"WebSite","@id":"https:\/\/foresteel.eu\/#website","url":"https:\/\/foresteel.eu\/","name":"Foresteel\u00a0: Remorques basculantes et ramasseurs de feuilles haut de gamme, nettoyeurs haute pression mobiles et solutions d'arrosage","description":"Foresteel.","publisher":{"@id":"https:\/\/foresteel.eu\/#organization"},"potentialAction":[{"@type":"SearchAction","target":{"@type":"EntryPoint","urlTemplate":"https:\/\/foresteel.eu\/?s={search_term_string}"},"query-input":{"@type":"PropertyValueSpecification","valueRequired":true,"valueName":"search_term_string"}}],"inLanguage":"fr-FR"},{"@type":"Organization","@id":"https:\/\/foresteel.eu\/#organization","name":"Foresteel","url":"https:\/\/foresteel.eu\/","logo":{"@type":"ImageObject","inLanguage":"fr-FR","@id":"https:\/\/foresteel.eu\/#\/schema\/logo\/image\/","url":"https:\/\/foresteel.eu\/wp-content\/uploads\/2022\/02\/header-logo.png","contentUrl":"https:\/\/foresteel.eu\/wp-content\/uploads\/2022\/02\/header-logo.png","width":233,"height":60,"caption":"Foresteel"},"image":{"@id":"https:\/\/foresteel.eu\/#\/schema\/logo\/image\/"},"sameAs":["https:\/\/www.facebook.com\/foresteel.eu\/","https:\/\/www.instagram.com\/foresteel\/","https:\/\/www.youtube.com\/channel\/UCnGStzIvsDkYmZ7T1bwH6og"]}]}},"_links":{"self":[{"href":"https:\/\/foresteel.eu\/fr\/wp-json\/wp\/v2\/product\/23430","targetHints":{"allow":["GET"]}}],"collection":[{"href":"https:\/\/foresteel.eu\/fr\/wp-json\/wp\/v2\/product"}],"about":[{"href":"https:\/\/foresteel.eu\/fr\/wp-json\/wp\/v2\/types\/product"}],"version-history":[{"count":2,"href":"https:\/\/foresteel.eu\/fr\/wp-json\/wp\/v2\/product\/23430\/revisions"}],"predecessor-version":[{"id":24896,"href":"https:\/\/foresteel.eu\/fr\/wp-json\/wp\/v2\/product\/23430\/revisions\/24896"}],"wp:featuredmedia":[{"embeddable":true,"href":"https:\/\/foresteel.eu\/fr\/wp-json\/wp\/v2\/media\/13936"}],"wp:attachment":[{"href":"https:\/\/foresteel.eu\/fr\/wp-json\/wp\/v2\/media?parent=23430"}],"wp:term":[{"taxonomy":"product_brand","embeddable":true,"href":"https:\/\/foresteel.eu\/fr\/wp-json\/wp\/v2\/product_brand?post=23430"},{"taxonomy":"product_cat","embeddable":true,"href":"https:\/\/foresteel.eu\/fr\/wp-json\/wp\/v2\/product_cat?post=23430"},{"taxonomy":"product_tag","embeddable":true,"href":"https:\/\/foresteel.eu\/fr\/wp-json\/wp\/v2\/product_tag?post=23430"}],"curies":[{"name":"wp","href":"https:\/\/api.w.org\/{rel}","templated":true}]}}