{"id":23208,"date":"2022-05-21T10:27:41","date_gmt":"2024-11-21T10:47:41","guid":{"rendered":"https:\/\/foresteel.eu\/product\/ft-1600-offroad-tipping-trailer\/"},"modified":"2024-12-17T18:19:48","modified_gmt":"2024-12-17T15:19:48","slug":"ft-1600-offroad-remorque-basculante","status":"publish","type":"product","link":"https:\/\/foresteel.eu\/fr\/produit\/ft-1600-offroad-remorque-basculante\/","title":{"rendered":"FT-1600 OFFROAD Remorque basculante"},"content":{"rendered":"","protected":false},"excerpt":{"rendered":"<p><b>Lorsque les routes commencent \u00e0 se d\u00e9grader et que vous devez fr\u00e9quemment sortir des sentiers battus, il est temps pour vous de rencontrer le <\/b><b>FT-1600 OFFROAD. <\/b> <span style=\"color: #ff0000;\"><strong>Nouvelles<\/strong>. Les versions l\u00e9gales (EU CoC) sont maintenant disponibles ! <\/span><b><br \/>\n<\/b> Remorque basculante hydraulique \u00e0 essieu bogie con\u00e7ue pour les petits tracteurs, les chargeurs compacts, les VTT et les UTV de plus grande taille. Destin\u00e9e aux machines compactes, elle offre une stabilit\u00e9, une flexibilit\u00e9 et un confort accrus sur les terrains accident\u00e9s. C&rsquo;est une excellente remorque basculante gr\u00e2ce \u00e0 sa grande r\u00e9sistance et \u00e0 sa construction bien con\u00e7ue. Le FT-1600 OFFROAD vous permet de d\u00e9finir vos propres itin\u00e9raires et de rouler sur les routes, les champs, les for\u00eats et les sentiers avec une douceur exceptionnelle. Par rapport \u00e0 la conception \u00e0 essieu unique, les essieux bogies vous donnent une flexibilit\u00e9 et une douceur de roulement suppl\u00e9mentaires, ce qui est bien appr\u00e9ci\u00e9 par tous ceux qui travaillent dans les zones de gazon d\u00e9licates. D\u00e9sormais, le ch\u00e2ssis, les panneaux lat\u00e9raux et les poteaux d&rsquo;angle sont galvanis\u00e9s !<\/p>\n","protected":false},"featured_media":18716,"template":"","meta":{"_acf_changed":false},"product_brand":[],"product_cat":[80],"product_tag":[117,120,366,327,367,365],"class_list":{"0":"post-23208","1":"product","2":"type-product","3":"status-publish","4":"has-post-thumbnail","6":"product_cat-remorques-basculantes","7":"product_tag-atv-fr","8":"product_tag-chargeur-compact","9":"product_tag-domicile-exploitation-agricole","10":"product_tag-prestataire-de-services","11":"product_tag-tracteur","12":"product_tag-villa-manoir-station-de-vacances","13":"tm-has-options","14":"member-discount","15":"discount-restricted","17":"first","18":"instock","19":"taxable","20":"shipping-taxable","21":"purchasable","22":"product-type-simple"},"acf":[],"yoast_head":"<!-- This site is optimized with the Yoast SEO plugin v26.3 - https:\/\/yoast.com\/wordpress\/plugins\/seo\/ -->\n<title>FT-1600 OFFROAD Remorque basculante - Foresteel\u00a0: Remorques basculantes et ramasseurs de feuilles haut de gamme, nettoyeurs haute pression mobiles et solutions d&#039;arrosage<\/title>\n<meta name=\"description\" content=\"Remorque basculante hydraulique pour petits tracteurs, chargeurs compacts, VTT et VU puissants. Corps \u00e0 plateforme multifonctionnel, essieu bogie, bennage hydraulique puissant.\" \/>\n<meta name=\"robots\" content=\"index, follow, max-snippet:-1, max-image-preview:large, max-video-preview:-1\" \/>\n<link rel=\"canonical\" href=\"https:\/\/foresteel.eu\/fr\/produit\/ft-1600-offroad-remorque-basculante\/\" \/>\n<meta property=\"og:locale\" content=\"fr_FR\" \/>\n<meta property=\"og:type\" content=\"article\" \/>\n<meta property=\"og:title\" content=\"FT-1600 OFFROAD Remorque basculante - Foresteel\u00a0: Remorques basculantes et ramasseurs de feuilles haut de gamme, nettoyeurs haute pression mobiles et solutions d&#039;arrosage\" \/>\n<meta property=\"og:description\" content=\"Remorque basculante hydraulique pour petits tracteurs, chargeurs compacts, VTT et VU puissants. Corps \u00e0 plateforme multifonctionnel, essieu bogie, bennage hydraulique puissant.\" \/>\n<meta property=\"og:url\" content=\"https:\/\/foresteel.eu\/fr\/produit\/ft-1600-offroad-remorque-basculante\/\" \/>\n<meta property=\"og:site_name\" content=\"Foresteel\u00a0: Remorques basculantes et ramasseurs de feuilles haut de gamme, nettoyeurs haute pression mobiles et solutions d&#039;arrosage\" \/>\n<meta property=\"article:publisher\" content=\"https:\/\/www.facebook.com\/foresteel.eu\/\" \/>\n<meta property=\"article:modified_time\" content=\"2024-12-17T15:19:48+00:00\" \/>\n<meta name=\"twitter:card\" content=\"summary_large_image\" \/>\n<script type=\"application\/ld+json\" class=\"yoast-schema-graph\">{\"@context\":\"https:\/\/schema.org\",\"@graph\":[{\"@type\":\"WebPage\",\"@id\":\"https:\/\/foresteel.eu\/fr\/produit\/ft-1600-offroad-remorque-basculante\/\",\"url\":\"https:\/\/foresteel.eu\/fr\/produit\/ft-1600-offroad-remorque-basculante\/\",\"name\":\"FT-1600 OFFROAD Remorque basculante - Foresteel\u00a0: Remorques basculantes et ramasseurs de feuilles haut de gamme, nettoyeurs haute pression mobiles et solutions d'arrosage\",\"isPartOf\":{\"@id\":\"https:\/\/foresteel.eu\/#website\"},\"primaryImageOfPage\":{\"@id\":\"https:\/\/foresteel.eu\/fr\/produit\/ft-1600-offroad-remorque-basculante\/#primaryimage\"},\"image\":{\"@id\":\"https:\/\/foresteel.eu\/fr\/produit\/ft-1600-offroad-remorque-basculante\/#primaryimage\"},\"thumbnailUrl\":\"https:\/\/foresteel.eu\/wp-content\/uploads\/2022\/05\/Foresteel-FT-1600-OFFROAD-tipping-trailer-tractor-loader-atv-1.jpg\",\"datePublished\":\"2024-11-21T10:47:41+00:00\",\"dateModified\":\"2024-12-17T15:19:48+00:00\",\"description\":\"Remorque basculante hydraulique pour petits tracteurs, chargeurs compacts, VTT et VU puissants. Corps \u00e0 plateforme multifonctionnel, essieu bogie, bennage hydraulique puissant.\",\"breadcrumb\":{\"@id\":\"https:\/\/foresteel.eu\/fr\/produit\/ft-1600-offroad-remorque-basculante\/#breadcrumb\"},\"inLanguage\":\"fr-FR\",\"potentialAction\":[{\"@type\":\"ReadAction\",\"target\":[\"https:\/\/foresteel.eu\/fr\/produit\/ft-1600-offroad-remorque-basculante\/\"]}]},{\"@type\":\"ImageObject\",\"inLanguage\":\"fr-FR\",\"@id\":\"https:\/\/foresteel.eu\/fr\/produit\/ft-1600-offroad-remorque-basculante\/#primaryimage\",\"url\":\"https:\/\/foresteel.eu\/wp-content\/uploads\/2022\/05\/Foresteel-FT-1600-OFFROAD-tipping-trailer-tractor-loader-atv-1.jpg\",\"contentUrl\":\"https:\/\/foresteel.eu\/wp-content\/uploads\/2022\/05\/Foresteel-FT-1600-OFFROAD-tipping-trailer-tractor-loader-atv-1.jpg\",\"width\":556,\"height\":720},{\"@type\":\"BreadcrumbList\",\"@id\":\"https:\/\/foresteel.eu\/fr\/produit\/ft-1600-offroad-remorque-basculante\/#breadcrumb\",\"itemListElement\":[{\"@type\":\"ListItem\",\"position\":1,\"name\":\"Home\",\"item\":\"https:\/\/foresteel.eu\/fr\/home\/\"},{\"@type\":\"ListItem\",\"position\":2,\"name\":\"Boutique\",\"item\":\"https:\/\/foresteel.eu\/fr\/boutique\/\"},{\"@type\":\"ListItem\",\"position\":3,\"name\":\"FT-1600 OFFROAD Remorque basculante\"}]},{\"@type\":\"WebSite\",\"@id\":\"https:\/\/foresteel.eu\/#website\",\"url\":\"https:\/\/foresteel.eu\/\",\"name\":\"Foresteel\u00a0: Remorques basculantes et ramasseurs de feuilles haut de gamme, nettoyeurs haute pression mobiles et solutions d'arrosage\",\"description\":\"Foresteel.\",\"publisher\":{\"@id\":\"https:\/\/foresteel.eu\/#organization\"},\"potentialAction\":[{\"@type\":\"SearchAction\",\"target\":{\"@type\":\"EntryPoint\",\"urlTemplate\":\"https:\/\/foresteel.eu\/?s={search_term_string}\"},\"query-input\":{\"@type\":\"PropertyValueSpecification\",\"valueRequired\":true,\"valueName\":\"search_term_string\"}}],\"inLanguage\":\"fr-FR\"},{\"@type\":\"Organization\",\"@id\":\"https:\/\/foresteel.eu\/#organization\",\"name\":\"Foresteel\",\"url\":\"https:\/\/foresteel.eu\/\",\"logo\":{\"@type\":\"ImageObject\",\"inLanguage\":\"fr-FR\",\"@id\":\"https:\/\/foresteel.eu\/#\/schema\/logo\/image\/\",\"url\":\"https:\/\/foresteel.eu\/wp-content\/uploads\/2022\/02\/header-logo.png\",\"contentUrl\":\"https:\/\/foresteel.eu\/wp-content\/uploads\/2022\/02\/header-logo.png\",\"width\":233,\"height\":60,\"caption\":\"Foresteel\"},\"image\":{\"@id\":\"https:\/\/foresteel.eu\/#\/schema\/logo\/image\/\"},\"sameAs\":[\"https:\/\/www.facebook.com\/foresteel.eu\/\",\"https:\/\/www.instagram.com\/foresteel\/\",\"https:\/\/www.youtube.com\/channel\/UCnGStzIvsDkYmZ7T1bwH6og\"]}]}<\/script>\n<!-- \/ Yoast SEO plugin. -->","yoast_head_json":{"title":"FT-1600 OFFROAD Remorque basculante - Foresteel\u00a0: Remorques basculantes et ramasseurs de feuilles haut de gamme, nettoyeurs haute pression mobiles et solutions d'arrosage","description":"Remorque basculante hydraulique pour petits tracteurs, chargeurs compacts, VTT et VU puissants. Corps \u00e0 plateforme multifonctionnel, essieu bogie, bennage hydraulique puissant.","robots":{"index":"index","follow":"follow","max-snippet":"max-snippet:-1","max-image-preview":"max-image-preview:large","max-video-preview":"max-video-preview:-1"},"canonical":"https:\/\/foresteel.eu\/fr\/produit\/ft-1600-offroad-remorque-basculante\/","og_locale":"fr_FR","og_type":"article","og_title":"FT-1600 OFFROAD Remorque basculante - Foresteel\u00a0: Remorques basculantes et ramasseurs de feuilles haut de gamme, nettoyeurs haute pression mobiles et solutions d'arrosage","og_description":"Remorque basculante hydraulique pour petits tracteurs, chargeurs compacts, VTT et VU puissants. Corps \u00e0 plateforme multifonctionnel, essieu bogie, bennage hydraulique puissant.","og_url":"https:\/\/foresteel.eu\/fr\/produit\/ft-1600-offroad-remorque-basculante\/","og_site_name":"Foresteel\u00a0: Remorques basculantes et ramasseurs de feuilles haut de gamme, nettoyeurs haute pression mobiles et solutions d'arrosage","article_publisher":"https:\/\/www.facebook.com\/foresteel.eu\/","article_modified_time":"2024-12-17T15:19:48+00:00","twitter_card":"summary_large_image","schema":{"@context":"https:\/\/schema.org","@graph":[{"@type":"WebPage","@id":"https:\/\/foresteel.eu\/fr\/produit\/ft-1600-offroad-remorque-basculante\/","url":"https:\/\/foresteel.eu\/fr\/produit\/ft-1600-offroad-remorque-basculante\/","name":"FT-1600 OFFROAD Remorque basculante - Foresteel\u00a0: Remorques basculantes et ramasseurs de feuilles haut de gamme, nettoyeurs haute pression mobiles et solutions d'arrosage","isPartOf":{"@id":"https:\/\/foresteel.eu\/#website"},"primaryImageOfPage":{"@id":"https:\/\/foresteel.eu\/fr\/produit\/ft-1600-offroad-remorque-basculante\/#primaryimage"},"image":{"@id":"https:\/\/foresteel.eu\/fr\/produit\/ft-1600-offroad-remorque-basculante\/#primaryimage"},"thumbnailUrl":"https:\/\/foresteel.eu\/wp-content\/uploads\/2022\/05\/Foresteel-FT-1600-OFFROAD-tipping-trailer-tractor-loader-atv-1.jpg","datePublished":"2024-11-21T10:47:41+00:00","dateModified":"2024-12-17T15:19:48+00:00","description":"Remorque basculante hydraulique pour petits tracteurs, chargeurs compacts, VTT et VU puissants. Corps \u00e0 plateforme multifonctionnel, essieu bogie, bennage hydraulique puissant.","breadcrumb":{"@id":"https:\/\/foresteel.eu\/fr\/produit\/ft-1600-offroad-remorque-basculante\/#breadcrumb"},"inLanguage":"fr-FR","potentialAction":[{"@type":"ReadAction","target":["https:\/\/foresteel.eu\/fr\/produit\/ft-1600-offroad-remorque-basculante\/"]}]},{"@type":"ImageObject","inLanguage":"fr-FR","@id":"https:\/\/foresteel.eu\/fr\/produit\/ft-1600-offroad-remorque-basculante\/#primaryimage","url":"https:\/\/foresteel.eu\/wp-content\/uploads\/2022\/05\/Foresteel-FT-1600-OFFROAD-tipping-trailer-tractor-loader-atv-1.jpg","contentUrl":"https:\/\/foresteel.eu\/wp-content\/uploads\/2022\/05\/Foresteel-FT-1600-OFFROAD-tipping-trailer-tractor-loader-atv-1.jpg","width":556,"height":720},{"@type":"BreadcrumbList","@id":"https:\/\/foresteel.eu\/fr\/produit\/ft-1600-offroad-remorque-basculante\/#breadcrumb","itemListElement":[{"@type":"ListItem","position":1,"name":"Home","item":"https:\/\/foresteel.eu\/fr\/home\/"},{"@type":"ListItem","position":2,"name":"Boutique","item":"https:\/\/foresteel.eu\/fr\/boutique\/"},{"@type":"ListItem","position":3,"name":"FT-1600 OFFROAD Remorque basculante"}]},{"@type":"WebSite","@id":"https:\/\/foresteel.eu\/#website","url":"https:\/\/foresteel.eu\/","name":"Foresteel\u00a0: Remorques basculantes et ramasseurs de feuilles haut de gamme, nettoyeurs haute pression mobiles et solutions d'arrosage","description":"Foresteel.","publisher":{"@id":"https:\/\/foresteel.eu\/#organization"},"potentialAction":[{"@type":"SearchAction","target":{"@type":"EntryPoint","urlTemplate":"https:\/\/foresteel.eu\/?s={search_term_string}"},"query-input":{"@type":"PropertyValueSpecification","valueRequired":true,"valueName":"search_term_string"}}],"inLanguage":"fr-FR"},{"@type":"Organization","@id":"https:\/\/foresteel.eu\/#organization","name":"Foresteel","url":"https:\/\/foresteel.eu\/","logo":{"@type":"ImageObject","inLanguage":"fr-FR","@id":"https:\/\/foresteel.eu\/#\/schema\/logo\/image\/","url":"https:\/\/foresteel.eu\/wp-content\/uploads\/2022\/02\/header-logo.png","contentUrl":"https:\/\/foresteel.eu\/wp-content\/uploads\/2022\/02\/header-logo.png","width":233,"height":60,"caption":"Foresteel"},"image":{"@id":"https:\/\/foresteel.eu\/#\/schema\/logo\/image\/"},"sameAs":["https:\/\/www.facebook.com\/foresteel.eu\/","https:\/\/www.instagram.com\/foresteel\/","https:\/\/www.youtube.com\/channel\/UCnGStzIvsDkYmZ7T1bwH6og"]}]}},"_links":{"self":[{"href":"https:\/\/foresteel.eu\/fr\/wp-json\/wp\/v2\/product\/23208","targetHints":{"allow":["GET"]}}],"collection":[{"href":"https:\/\/foresteel.eu\/fr\/wp-json\/wp\/v2\/product"}],"about":[{"href":"https:\/\/foresteel.eu\/fr\/wp-json\/wp\/v2\/types\/product"}],"version-history":[{"count":2,"href":"https:\/\/foresteel.eu\/fr\/wp-json\/wp\/v2\/product\/23208\/revisions"}],"predecessor-version":[{"id":24909,"href":"https:\/\/foresteel.eu\/fr\/wp-json\/wp\/v2\/product\/23208\/revisions\/24909"}],"wp:featuredmedia":[{"embeddable":true,"href":"https:\/\/foresteel.eu\/fr\/wp-json\/wp\/v2\/media\/18716"}],"wp:attachment":[{"href":"https:\/\/foresteel.eu\/fr\/wp-json\/wp\/v2\/media?parent=23208"}],"wp:term":[{"taxonomy":"product_brand","embeddable":true,"href":"https:\/\/foresteel.eu\/fr\/wp-json\/wp\/v2\/product_brand?post=23208"},{"taxonomy":"product_cat","embeddable":true,"href":"https:\/\/foresteel.eu\/fr\/wp-json\/wp\/v2\/product_cat?post=23208"},{"taxonomy":"product_tag","embeddable":true,"href":"https:\/\/foresteel.eu\/fr\/wp-json\/wp\/v2\/product_tag?post=23208"}],"curies":[{"name":"wp","href":"https:\/\/api.w.org\/{rel}","templated":true}]}}