{"id":23047,"date":"2022-05-21T10:27:36","date_gmt":"2024-11-21T10:47:39","guid":{"rendered":"https:\/\/foresteel.eu\/product\/ft-2500-offroad-3-way-tipping-trailer\/"},"modified":"2024-12-17T18:27:08","modified_gmt":"2024-12-17T15:27:08","slug":"ft-2500-t3-offroad-remorque-a-benne-basculante-a-3-voies","status":"publish","type":"product","link":"https:\/\/foresteel.eu\/fr\/produit\/ft-2500-t3-offroad-remorque-a-benne-basculante-a-3-voies\/","title":{"rendered":"FT-2500 T3 OFFROAD Remorque \u00e0 benne basculante \u00e0 3 voies"},"content":{"rendered":"<p>&nbsp;<\/p>\n<p>&nbsp;<\/p>\n","protected":false},"excerpt":{"rendered":"<p><strong>La remorque \u00e0 essieu bogie basculant sur 3 c\u00f4t\u00e9s est un cheval de trait polyvalent et robuste de premi\u00e8re classe qui peut vous aider dans vos t\u00e2ches sur les routes et en dehors. <\/strong><strong><span style=\"color: #ff0000;\">Nouvelles. <\/span><\/strong><span style=\"color: #ff0000;\">Versions l\u00e9gales pour la circulation routi\u00e8re (EU CoC) maintenant disponibles ! <\/span> Vous cherchez une remorque basculante pour votre tracteur ou votre chargeur compact ? Cette remorque basculante hydraulique compacte \u00e0 essieu bogie et \u00e0 3 voies, d&rsquo;une capacit\u00e9 de chargement de 2500 kg, convient parfaitement aux tracteurs et aux chargeurs compacts. L&rsquo;essieu bogie assure une conduite souple et agr\u00e9able. C&rsquo;est le meilleur choix pour les tracteurs et les machines compactes, car son corps \u00e0 plateforme offre une exp\u00e9rience d&rsquo;utilisation multifonctionnelle. Sans oublier son large choix d&rsquo;accessoires. Maintenant avec un corps plus large et une capacit\u00e9 plus \u00e9lev\u00e9e pour un meilleur ajustement ! Finition extra durable avec un cadre, des panneaux lat\u00e9raux et des poteaux d&rsquo;angle galvanis\u00e9s !<\/p>\n","protected":false},"featured_media":21102,"template":"","meta":{"_acf_changed":false},"product_brand":[],"product_cat":[80],"product_tag":[120,366,326,327,367],"class_list":{"0":"post-23047","1":"product","2":"type-product","3":"status-publish","4":"has-post-thumbnail","6":"product_cat-remorques-basculantes","7":"product_tag-chargeur-compact","8":"product_tag-domicile-exploitation-agricole","9":"product_tag-municipalites","10":"product_tag-prestataire-de-services","11":"product_tag-tracteur","12":"tm-has-options","13":"member-discount","14":"discount-restricted","16":"first","17":"instock","18":"taxable","19":"shipping-taxable","20":"purchasable","21":"product-type-simple"},"acf":[],"yoast_head":"<!-- This site is optimized with the Yoast SEO plugin v26.3 - https:\/\/yoast.com\/wordpress\/plugins\/seo\/ -->\n<title>FT-2500 T3 OFFROAD Remorque \u00e0 benne basculante \u00e0 3 voies - Foresteel\u00a0: Remorques basculantes et ramasseurs de feuilles haut de gamme, nettoyeurs haute pression mobiles et solutions d&#039;arrosage<\/title>\n<meta name=\"description\" content=\"Benne basculante hydraulique \u00e0 3 voies pour petits tracteurs, chargeurs compacts, excavateurs et autres v\u00e9hicules municipaux \u00e0 t\u00e2ches sp\u00e9cifiques. #Qualit\u00e9 n\u00b01 !\" \/>\n<meta name=\"robots\" content=\"index, follow, max-snippet:-1, max-image-preview:large, max-video-preview:-1\" \/>\n<link rel=\"canonical\" href=\"https:\/\/foresteel.eu\/fr\/produit\/ft-2500-t3-offroad-remorque-a-benne-basculante-a-3-voies\/\" \/>\n<meta property=\"og:locale\" content=\"fr_FR\" \/>\n<meta property=\"og:type\" content=\"article\" \/>\n<meta property=\"og:title\" content=\"FT-2500 T3 OFFROAD Remorque \u00e0 benne basculante \u00e0 3 voies - Foresteel\u00a0: Remorques basculantes et ramasseurs de feuilles haut de gamme, nettoyeurs haute pression mobiles et solutions d&#039;arrosage\" \/>\n<meta property=\"og:description\" content=\"Benne basculante hydraulique \u00e0 3 voies pour petits tracteurs, chargeurs compacts, excavateurs et autres v\u00e9hicules municipaux \u00e0 t\u00e2ches sp\u00e9cifiques. #Qualit\u00e9 n\u00b01 !\" \/>\n<meta property=\"og:url\" content=\"https:\/\/foresteel.eu\/fr\/produit\/ft-2500-t3-offroad-remorque-a-benne-basculante-a-3-voies\/\" \/>\n<meta property=\"og:site_name\" content=\"Foresteel\u00a0: Remorques basculantes et ramasseurs de feuilles haut de gamme, nettoyeurs haute pression mobiles et solutions d&#039;arrosage\" \/>\n<meta property=\"article:publisher\" content=\"https:\/\/www.facebook.com\/foresteel.eu\/\" \/>\n<meta property=\"article:modified_time\" content=\"2024-12-17T15:27:08+00:00\" \/>\n<meta name=\"twitter:card\" content=\"summary_large_image\" \/>\n<script type=\"application\/ld+json\" class=\"yoast-schema-graph\">{\"@context\":\"https:\/\/schema.org\",\"@graph\":[{\"@type\":\"WebPage\",\"@id\":\"https:\/\/foresteel.eu\/fr\/produit\/ft-2500-t3-offroad-remorque-a-benne-basculante-a-3-voies\/\",\"url\":\"https:\/\/foresteel.eu\/fr\/produit\/ft-2500-t3-offroad-remorque-a-benne-basculante-a-3-voies\/\",\"name\":\"FT-2500 T3 OFFROAD Remorque \u00e0 benne basculante \u00e0 3 voies - Foresteel\u00a0: Remorques basculantes et ramasseurs de feuilles haut de gamme, nettoyeurs haute pression mobiles et solutions d'arrosage\",\"isPartOf\":{\"@id\":\"https:\/\/foresteel.eu\/#website\"},\"primaryImageOfPage\":{\"@id\":\"https:\/\/foresteel.eu\/fr\/produit\/ft-2500-t3-offroad-remorque-a-benne-basculante-a-3-voies\/#primaryimage\"},\"image\":{\"@id\":\"https:\/\/foresteel.eu\/fr\/produit\/ft-2500-t3-offroad-remorque-a-benne-basculante-a-3-voies\/#primaryimage\"},\"thumbnailUrl\":\"https:\/\/foresteel.eu\/wp-content\/uploads\/2022\/05\/Foresteel-FT-2500-OFFROAD-side-tipped-product-group.jpg\",\"datePublished\":\"2024-11-21T10:47:39+00:00\",\"dateModified\":\"2024-12-17T15:27:08+00:00\",\"description\":\"Benne basculante hydraulique \u00e0 3 voies pour petits tracteurs, chargeurs compacts, excavateurs et autres v\u00e9hicules municipaux \u00e0 t\u00e2ches sp\u00e9cifiques. #Qualit\u00e9 n\u00b01 !\",\"breadcrumb\":{\"@id\":\"https:\/\/foresteel.eu\/fr\/produit\/ft-2500-t3-offroad-remorque-a-benne-basculante-a-3-voies\/#breadcrumb\"},\"inLanguage\":\"fr-FR\",\"potentialAction\":[{\"@type\":\"ReadAction\",\"target\":[\"https:\/\/foresteel.eu\/fr\/produit\/ft-2500-t3-offroad-remorque-a-benne-basculante-a-3-voies\/\"]}]},{\"@type\":\"ImageObject\",\"inLanguage\":\"fr-FR\",\"@id\":\"https:\/\/foresteel.eu\/fr\/produit\/ft-2500-t3-offroad-remorque-a-benne-basculante-a-3-voies\/#primaryimage\",\"url\":\"https:\/\/foresteel.eu\/wp-content\/uploads\/2022\/05\/Foresteel-FT-2500-OFFROAD-side-tipped-product-group.jpg\",\"contentUrl\":\"https:\/\/foresteel.eu\/wp-content\/uploads\/2022\/05\/Foresteel-FT-2500-OFFROAD-side-tipped-product-group.jpg\",\"width\":556,\"height\":720},{\"@type\":\"BreadcrumbList\",\"@id\":\"https:\/\/foresteel.eu\/fr\/produit\/ft-2500-t3-offroad-remorque-a-benne-basculante-a-3-voies\/#breadcrumb\",\"itemListElement\":[{\"@type\":\"ListItem\",\"position\":1,\"name\":\"Home\",\"item\":\"https:\/\/foresteel.eu\/fr\/home\/\"},{\"@type\":\"ListItem\",\"position\":2,\"name\":\"Boutique\",\"item\":\"https:\/\/foresteel.eu\/fr\/boutique\/\"},{\"@type\":\"ListItem\",\"position\":3,\"name\":\"FT-2500 T3 OFFROAD Remorque \u00e0 benne basculante \u00e0 3 voies\"}]},{\"@type\":\"WebSite\",\"@id\":\"https:\/\/foresteel.eu\/#website\",\"url\":\"https:\/\/foresteel.eu\/\",\"name\":\"Foresteel\u00a0: Remorques basculantes et ramasseurs de feuilles haut de gamme, nettoyeurs haute pression mobiles et solutions d'arrosage\",\"description\":\"Foresteel.\",\"publisher\":{\"@id\":\"https:\/\/foresteel.eu\/#organization\"},\"potentialAction\":[{\"@type\":\"SearchAction\",\"target\":{\"@type\":\"EntryPoint\",\"urlTemplate\":\"https:\/\/foresteel.eu\/?s={search_term_string}\"},\"query-input\":{\"@type\":\"PropertyValueSpecification\",\"valueRequired\":true,\"valueName\":\"search_term_string\"}}],\"inLanguage\":\"fr-FR\"},{\"@type\":\"Organization\",\"@id\":\"https:\/\/foresteel.eu\/#organization\",\"name\":\"Foresteel\",\"url\":\"https:\/\/foresteel.eu\/\",\"logo\":{\"@type\":\"ImageObject\",\"inLanguage\":\"fr-FR\",\"@id\":\"https:\/\/foresteel.eu\/#\/schema\/logo\/image\/\",\"url\":\"https:\/\/foresteel.eu\/wp-content\/uploads\/2022\/02\/header-logo.png\",\"contentUrl\":\"https:\/\/foresteel.eu\/wp-content\/uploads\/2022\/02\/header-logo.png\",\"width\":233,\"height\":60,\"caption\":\"Foresteel\"},\"image\":{\"@id\":\"https:\/\/foresteel.eu\/#\/schema\/logo\/image\/\"},\"sameAs\":[\"https:\/\/www.facebook.com\/foresteel.eu\/\",\"https:\/\/www.instagram.com\/foresteel\/\",\"https:\/\/www.youtube.com\/channel\/UCnGStzIvsDkYmZ7T1bwH6og\"]}]}<\/script>\n<!-- \/ Yoast SEO plugin. -->","yoast_head_json":{"title":"FT-2500 T3 OFFROAD Remorque \u00e0 benne basculante \u00e0 3 voies - Foresteel\u00a0: Remorques basculantes et ramasseurs de feuilles haut de gamme, nettoyeurs haute pression mobiles et solutions d'arrosage","description":"Benne basculante hydraulique \u00e0 3 voies pour petits tracteurs, chargeurs compacts, excavateurs et autres v\u00e9hicules municipaux \u00e0 t\u00e2ches sp\u00e9cifiques. #Qualit\u00e9 n\u00b01 !","robots":{"index":"index","follow":"follow","max-snippet":"max-snippet:-1","max-image-preview":"max-image-preview:large","max-video-preview":"max-video-preview:-1"},"canonical":"https:\/\/foresteel.eu\/fr\/produit\/ft-2500-t3-offroad-remorque-a-benne-basculante-a-3-voies\/","og_locale":"fr_FR","og_type":"article","og_title":"FT-2500 T3 OFFROAD Remorque \u00e0 benne basculante \u00e0 3 voies - Foresteel\u00a0: Remorques basculantes et ramasseurs de feuilles haut de gamme, nettoyeurs haute pression mobiles et solutions d'arrosage","og_description":"Benne basculante hydraulique \u00e0 3 voies pour petits tracteurs, chargeurs compacts, excavateurs et autres v\u00e9hicules municipaux \u00e0 t\u00e2ches sp\u00e9cifiques. #Qualit\u00e9 n\u00b01 !","og_url":"https:\/\/foresteel.eu\/fr\/produit\/ft-2500-t3-offroad-remorque-a-benne-basculante-a-3-voies\/","og_site_name":"Foresteel\u00a0: Remorques basculantes et ramasseurs de feuilles haut de gamme, nettoyeurs haute pression mobiles et solutions d'arrosage","article_publisher":"https:\/\/www.facebook.com\/foresteel.eu\/","article_modified_time":"2024-12-17T15:27:08+00:00","twitter_card":"summary_large_image","schema":{"@context":"https:\/\/schema.org","@graph":[{"@type":"WebPage","@id":"https:\/\/foresteel.eu\/fr\/produit\/ft-2500-t3-offroad-remorque-a-benne-basculante-a-3-voies\/","url":"https:\/\/foresteel.eu\/fr\/produit\/ft-2500-t3-offroad-remorque-a-benne-basculante-a-3-voies\/","name":"FT-2500 T3 OFFROAD Remorque \u00e0 benne basculante \u00e0 3 voies - Foresteel\u00a0: Remorques basculantes et ramasseurs de feuilles haut de gamme, nettoyeurs haute pression mobiles et solutions d'arrosage","isPartOf":{"@id":"https:\/\/foresteel.eu\/#website"},"primaryImageOfPage":{"@id":"https:\/\/foresteel.eu\/fr\/produit\/ft-2500-t3-offroad-remorque-a-benne-basculante-a-3-voies\/#primaryimage"},"image":{"@id":"https:\/\/foresteel.eu\/fr\/produit\/ft-2500-t3-offroad-remorque-a-benne-basculante-a-3-voies\/#primaryimage"},"thumbnailUrl":"https:\/\/foresteel.eu\/wp-content\/uploads\/2022\/05\/Foresteel-FT-2500-OFFROAD-side-tipped-product-group.jpg","datePublished":"2024-11-21T10:47:39+00:00","dateModified":"2024-12-17T15:27:08+00:00","description":"Benne basculante hydraulique \u00e0 3 voies pour petits tracteurs, chargeurs compacts, excavateurs et autres v\u00e9hicules municipaux \u00e0 t\u00e2ches sp\u00e9cifiques. #Qualit\u00e9 n\u00b01 !","breadcrumb":{"@id":"https:\/\/foresteel.eu\/fr\/produit\/ft-2500-t3-offroad-remorque-a-benne-basculante-a-3-voies\/#breadcrumb"},"inLanguage":"fr-FR","potentialAction":[{"@type":"ReadAction","target":["https:\/\/foresteel.eu\/fr\/produit\/ft-2500-t3-offroad-remorque-a-benne-basculante-a-3-voies\/"]}]},{"@type":"ImageObject","inLanguage":"fr-FR","@id":"https:\/\/foresteel.eu\/fr\/produit\/ft-2500-t3-offroad-remorque-a-benne-basculante-a-3-voies\/#primaryimage","url":"https:\/\/foresteel.eu\/wp-content\/uploads\/2022\/05\/Foresteel-FT-2500-OFFROAD-side-tipped-product-group.jpg","contentUrl":"https:\/\/foresteel.eu\/wp-content\/uploads\/2022\/05\/Foresteel-FT-2500-OFFROAD-side-tipped-product-group.jpg","width":556,"height":720},{"@type":"BreadcrumbList","@id":"https:\/\/foresteel.eu\/fr\/produit\/ft-2500-t3-offroad-remorque-a-benne-basculante-a-3-voies\/#breadcrumb","itemListElement":[{"@type":"ListItem","position":1,"name":"Home","item":"https:\/\/foresteel.eu\/fr\/home\/"},{"@type":"ListItem","position":2,"name":"Boutique","item":"https:\/\/foresteel.eu\/fr\/boutique\/"},{"@type":"ListItem","position":3,"name":"FT-2500 T3 OFFROAD Remorque \u00e0 benne basculante \u00e0 3 voies"}]},{"@type":"WebSite","@id":"https:\/\/foresteel.eu\/#website","url":"https:\/\/foresteel.eu\/","name":"Foresteel\u00a0: Remorques basculantes et ramasseurs de feuilles haut de gamme, nettoyeurs haute pression mobiles et solutions d'arrosage","description":"Foresteel.","publisher":{"@id":"https:\/\/foresteel.eu\/#organization"},"potentialAction":[{"@type":"SearchAction","target":{"@type":"EntryPoint","urlTemplate":"https:\/\/foresteel.eu\/?s={search_term_string}"},"query-input":{"@type":"PropertyValueSpecification","valueRequired":true,"valueName":"search_term_string"}}],"inLanguage":"fr-FR"},{"@type":"Organization","@id":"https:\/\/foresteel.eu\/#organization","name":"Foresteel","url":"https:\/\/foresteel.eu\/","logo":{"@type":"ImageObject","inLanguage":"fr-FR","@id":"https:\/\/foresteel.eu\/#\/schema\/logo\/image\/","url":"https:\/\/foresteel.eu\/wp-content\/uploads\/2022\/02\/header-logo.png","contentUrl":"https:\/\/foresteel.eu\/wp-content\/uploads\/2022\/02\/header-logo.png","width":233,"height":60,"caption":"Foresteel"},"image":{"@id":"https:\/\/foresteel.eu\/#\/schema\/logo\/image\/"},"sameAs":["https:\/\/www.facebook.com\/foresteel.eu\/","https:\/\/www.instagram.com\/foresteel\/","https:\/\/www.youtube.com\/channel\/UCnGStzIvsDkYmZ7T1bwH6og"]}]}},"_links":{"self":[{"href":"https:\/\/foresteel.eu\/fr\/wp-json\/wp\/v2\/product\/23047","targetHints":{"allow":["GET"]}}],"collection":[{"href":"https:\/\/foresteel.eu\/fr\/wp-json\/wp\/v2\/product"}],"about":[{"href":"https:\/\/foresteel.eu\/fr\/wp-json\/wp\/v2\/types\/product"}],"version-history":[{"count":2,"href":"https:\/\/foresteel.eu\/fr\/wp-json\/wp\/v2\/product\/23047\/revisions"}],"predecessor-version":[{"id":24910,"href":"https:\/\/foresteel.eu\/fr\/wp-json\/wp\/v2\/product\/23047\/revisions\/24910"}],"wp:featuredmedia":[{"embeddable":true,"href":"https:\/\/foresteel.eu\/fr\/wp-json\/wp\/v2\/media\/21102"}],"wp:attachment":[{"href":"https:\/\/foresteel.eu\/fr\/wp-json\/wp\/v2\/media?parent=23047"}],"wp:term":[{"taxonomy":"product_brand","embeddable":true,"href":"https:\/\/foresteel.eu\/fr\/wp-json\/wp\/v2\/product_brand?post=23047"},{"taxonomy":"product_cat","embeddable":true,"href":"https:\/\/foresteel.eu\/fr\/wp-json\/wp\/v2\/product_cat?post=23047"},{"taxonomy":"product_tag","embeddable":true,"href":"https:\/\/foresteel.eu\/fr\/wp-json\/wp\/v2\/product_tag?post=23047"}],"curies":[{"name":"wp","href":"https:\/\/api.w.org\/{rel}","templated":true}]}}