{"id":22599,"date":"2022-05-21T10:26:45","date_gmt":"2024-11-21T10:47:33","guid":{"rendered":"https:\/\/foresteel.eu\/product\/ft-600-tipping-trailer\/"},"modified":"2024-12-17T18:39:09","modified_gmt":"2024-12-17T15:39:09","slug":"ft-600-remorque-basculante","status":"publish","type":"product","link":"https:\/\/foresteel.eu\/fr\/produit\/ft-600-remorque-basculante\/","title":{"rendered":"FT-600 Remorque basculante"},"content":{"rendered":"<h2>Aper\u00e7u du produit<\/h2>\n<p>Remorque FT-600 de Foresteel\u2122 <b>Light, la remorque compacte et polyvalente pour les tracteurs de pelouse, les voiturettes de golf ou d&rsquo;autres petites machines. <\/b><\/p>\n<ul>\n<li>Des remorques enti\u00e8rement \u00e9quip\u00e9es et pr\u00eates \u00e0 l&#8217;emploi.<\/li>\n<li>Il y aura moins de travail et de tracas. Moins de main-d&rsquo;\u0153uvre est n\u00e9cessaire.<\/li>\n<li>D\u00e9velopp\u00e9 et bas\u00e9 sur des ann\u00e9es de retour d&rsquo;information de la part d&rsquo;utilisateurs r\u00e9els qui ne recherchent pas le produit le moins cher, mais celui qui peut r\u00e9ellement leur servir \u00e0 long terme.<\/li>\n<li>Remorques robustes et bien con\u00e7ues avec des aciers haute r\u00e9sistance et une longue dur\u00e9e de vie.<\/li>\n<li>Finition de haute qualit\u00e9 qui, en plus d&rsquo;\u00eatre performante, est tr\u00e8s esth\u00e9tique et s&rsquo;int\u00e8gre bien \u00e0 vos machines et \u00e0 votre environnement.<\/li>\n<\/ul>\n<h2>FT-600 Avantages<\/h2>\n<ol>\n<li>Conception et finition du plus haut niveau<\/li>\n<li>Le pourboire \u00e0 l&rsquo;aide d&rsquo;une pompe \u00e0 main est une option.<\/li>\n<li>Composants d&rsquo;une excellente note<\/li>\n<li>Puissance de basculement hydraulique<\/li>\n<li>L\u00e9ger &#8211; Facilite le remorquage et la manutention.<\/li>\n<li>Pneus \u00e9cologiques<\/li>\n<li>Le basculement \u00e9lectro-hydraulique est une option.<\/li>\n<li>Corps \u00e0 plateforme<\/li>\n<li>Barre d&rsquo;attelage r\u00e9glable en hauteur<\/li>\n<\/ol>\n<h2>Probl\u00e8mes et solutions<\/h2>\n<p>Le FT-600 peut vous aider dans vos t\u00e2ches quotidiennes et r\u00e9soudre plusieurs probl\u00e8mes. Voici comment nous pouvons vous aider : <b>Probl\u00e8me <\/b><\/p>\n<ul>\n<li>Il est difficile de trouver la solution la mieux adapt\u00e9e \u00e0 vos besoins sans pour autant payer trop cher.<\/li>\n<li>Choisir un produit qui r\u00e9pond vraiment \u00e0 vos besoins &#8211; par exemple, la peur de payer trop cher<\/li>\n<li>Obtenir un produit qui ressemble exactement \u00e0 la photo<\/li>\n<li>Vous ne voulez pas d\u00e9penser autant pour une remorque alors qu&rsquo;une remorque d&rsquo;apparence comparable peut \u00eatre obtenue pour la moiti\u00e9 du prix.<\/li>\n<li>Il est difficile de trouver des produits dont le design, la finition et la qualit\u00e9 garantie sont \u00e9tonnants<\/li>\n<li>La faiblesse du syst\u00e8me hydraulique et l&rsquo;angle de basculement trop faible ne sont souvent d\u00e9couverts qu&rsquo;apr\u00e8s l&rsquo;achat de l&rsquo;appareil<\/li>\n<\/ul>\n<p><b>La solution propos\u00e9e par Foresteel\u2122<\/b><\/p>\n<ul>\n<li>Augmenter la capacit\u00e9 de votre travail<\/li>\n<li>Un produit d\u00e9velopp\u00e9 en r\u00e9ponse \u00e0 des ann\u00e9es de commentaires d&rsquo;utilisateurs, dans le but de produire une remorque capable de r\u00e9sister \u00e0 une longue p\u00e9riode d&rsquo;utilisation et donc d&rsquo;\u00eatre plus rentable.<\/li>\n<li>Remorques robustes et bien con\u00e7ues, avec un acier \u00e0 haute r\u00e9sistance et une grande durabilit\u00e9.<\/li>\n<li>Une finition de haute qualit\u00e9 qui, en plus d&rsquo;\u00eatre performante, est \u00e9galement tr\u00e8s esth\u00e9tique et s&rsquo;int\u00e8gre bien \u00e0 vos machines et \u00e0 votre atmosph\u00e8re.<\/li>\n<\/ul>\n<p><b>B\u00e9n\u00e9fice <\/b><\/p>\n<ul>\n<li>De belles bandes-annonces pour des lieux \u00e9poustouflants.<\/li>\n<li>Ne commettez pas l&rsquo;erreur de choisir d&rsquo;abord l&rsquo;option la moins ch\u00e8re. Choisissez plut\u00f4t la meilleure option (fiable) en premier.<\/li>\n<li>Obtenez vos produits &#8211; directement du fabricant, avec une livraison directe, une disponibilit\u00e9 imm\u00e9diate des pi\u00e8ces de rechange et, si n\u00e9cessaire, une assistance personnelle.<\/li>\n<\/ul>\n","protected":false},"excerpt":{"rendered":"<div><strong><span class=\" author-d-4z65zz66zl57z75zyiz66zfr2fz87zwz89znuiz88zj2snz88zz76zz72zz87z9rz78zz71z0z75zf7hz87zgz85zdz90zz77zd02z73zk\">Une option de pompe \u00e9lectro-hydraulique ou manuelle rend le basculement enti\u00e8rement autonome, ce qui permet de basculer sans utiliser de syst\u00e8me hydraulique externe. <\/span><\/strong><span class=\" author-d-4z65zz66zl57z75zyiz66zfr2fz87zwz89znuiz88zj2snz88zz76zz72zz87z9rz78zz71z0z75zf7hz87zgz85zdz90zz77zd02z73zk\"><span style=\"color: #ff0000;\">D\u00e9sormais, le cadre, les panneaux lat\u00e9raux et les poteaux d&rsquo;angle sont galvanis\u00e9s !<\/span><\/span><strong><span class=\" author-d-4z65zz66zl57z75zyiz66zfr2fz87zwz89znuiz88zj2snz88zz76zz72zz87z9rz78zz71z0z75zf7hz87zgz85zdz90zz77zd02z73zk\"><br \/>\n<\/span><\/strong><\/div>\n<p>La FT-600 a beaucoup \u00e0 offrir en mati\u00e8re de l\u00e9g\u00e8ret\u00e9 et constitue un compl\u00e9ment universel pour vos machines. Le corps \u00e0 plateforme de la remorque basculante hydraulique l\u00e9g\u00e8re est id\u00e9al pour les machines compactes telles que les grands tracteurs de pelouse, les v\u00e9hicules \u00e9lectriques, les machines de golf et de parc, les VTT et les UTV.<\/p>\n","protected":false},"featured_media":18648,"template":"","meta":{"_acf_changed":false},"product_brand":[],"product_cat":[80],"product_tag":[117,366,118,367,119,365,368],"class_list":{"0":"post-22599","1":"product","2":"type-product","3":"status-publish","4":"has-post-thumbnail","6":"product_cat-remorques-basculantes","7":"product_tag-atv-fr","8":"product_tag-domicile-exploitation-agricole","9":"product_tag-golf-club-fr","10":"product_tag-tracteur","11":"product_tag-tracteur-a-gazon","12":"product_tag-villa-manoir-station-de-vacances","13":"product_tag-voiturette-de-golf","14":"tm-has-options","15":"member-discount","16":"discount-restricted","18":"first","19":"instock","20":"taxable","21":"shipping-taxable","22":"purchasable","23":"product-type-simple"},"acf":[],"yoast_head":"<!-- This site is optimized with the Yoast SEO plugin v26.3 - https:\/\/yoast.com\/wordpress\/plugins\/seo\/ -->\n<title>FT-600 Remorque basculante - Foresteel\u00a0: Remorques basculantes et ramasseurs de feuilles haut de gamme, nettoyeurs haute pression mobiles et solutions d&#039;arrosage<\/title>\n<meta name=\"description\" content=\"Le FT-600 excelle en tant que compagnon paysagiste de premier choix pour les zones r\u00e9sidentielles et les zones municipales ferm\u00e9es. Optimis\u00e9 pour les petites machines, il offre de nombreux avantages.\" \/>\n<meta name=\"robots\" content=\"index, follow, max-snippet:-1, max-image-preview:large, max-video-preview:-1\" \/>\n<link rel=\"canonical\" href=\"https:\/\/foresteel.eu\/fr\/produit\/ft-600-remorque-basculante\/\" \/>\n<meta property=\"og:locale\" content=\"fr_FR\" \/>\n<meta property=\"og:type\" content=\"article\" \/>\n<meta property=\"og:title\" content=\"FT-600 Remorque basculante - Foresteel\u00a0: Remorques basculantes et ramasseurs de feuilles haut de gamme, nettoyeurs haute pression mobiles et solutions d&#039;arrosage\" \/>\n<meta property=\"og:description\" content=\"Le FT-600 excelle en tant que compagnon paysagiste de premier choix pour les zones r\u00e9sidentielles et les zones municipales ferm\u00e9es. Optimis\u00e9 pour les petites machines, il offre de nombreux avantages.\" \/>\n<meta property=\"og:url\" content=\"https:\/\/foresteel.eu\/fr\/produit\/ft-600-remorque-basculante\/\" \/>\n<meta property=\"og:site_name\" content=\"Foresteel\u00a0: Remorques basculantes et ramasseurs de feuilles haut de gamme, nettoyeurs haute pression mobiles et solutions d&#039;arrosage\" \/>\n<meta property=\"article:publisher\" content=\"https:\/\/www.facebook.com\/foresteel.eu\/\" \/>\n<meta property=\"article:modified_time\" content=\"2024-12-17T15:39:09+00:00\" \/>\n<meta name=\"twitter:card\" content=\"summary_large_image\" \/>\n<meta name=\"twitter:label1\" content=\"Dur\u00e9e de lecture estim\u00e9e\" \/>\n\t<meta name=\"twitter:data1\" content=\"2 minutes\" \/>\n<script type=\"application\/ld+json\" class=\"yoast-schema-graph\">{\"@context\":\"https:\/\/schema.org\",\"@graph\":[{\"@type\":\"WebPage\",\"@id\":\"https:\/\/foresteel.eu\/fr\/produit\/ft-600-remorque-basculante\/\",\"url\":\"https:\/\/foresteel.eu\/fr\/produit\/ft-600-remorque-basculante\/\",\"name\":\"FT-600 Remorque basculante - Foresteel\u00a0: Remorques basculantes et ramasseurs de feuilles haut de gamme, nettoyeurs haute pression mobiles et solutions d'arrosage\",\"isPartOf\":{\"@id\":\"https:\/\/foresteel.eu\/#website\"},\"primaryImageOfPage\":{\"@id\":\"https:\/\/foresteel.eu\/fr\/produit\/ft-600-remorque-basculante\/#primaryimage\"},\"image\":{\"@id\":\"https:\/\/foresteel.eu\/fr\/produit\/ft-600-remorque-basculante\/#primaryimage\"},\"thumbnailUrl\":\"https:\/\/foresteel.eu\/wp-content\/uploads\/2022\/05\/Foresteel-FT-600-tipping-trailer-gen2.jpg\",\"datePublished\":\"2024-11-21T10:47:33+00:00\",\"dateModified\":\"2024-12-17T15:39:09+00:00\",\"description\":\"Le FT-600 excelle en tant que compagnon paysagiste de premier choix pour les zones r\u00e9sidentielles et les zones municipales ferm\u00e9es. Optimis\u00e9 pour les petites machines, il offre de nombreux avantages.\",\"breadcrumb\":{\"@id\":\"https:\/\/foresteel.eu\/fr\/produit\/ft-600-remorque-basculante\/#breadcrumb\"},\"inLanguage\":\"fr-FR\",\"potentialAction\":[{\"@type\":\"ReadAction\",\"target\":[\"https:\/\/foresteel.eu\/fr\/produit\/ft-600-remorque-basculante\/\"]}]},{\"@type\":\"ImageObject\",\"inLanguage\":\"fr-FR\",\"@id\":\"https:\/\/foresteel.eu\/fr\/produit\/ft-600-remorque-basculante\/#primaryimage\",\"url\":\"https:\/\/foresteel.eu\/wp-content\/uploads\/2022\/05\/Foresteel-FT-600-tipping-trailer-gen2.jpg\",\"contentUrl\":\"https:\/\/foresteel.eu\/wp-content\/uploads\/2022\/05\/Foresteel-FT-600-tipping-trailer-gen2.jpg\",\"width\":556,\"height\":720},{\"@type\":\"BreadcrumbList\",\"@id\":\"https:\/\/foresteel.eu\/fr\/produit\/ft-600-remorque-basculante\/#breadcrumb\",\"itemListElement\":[{\"@type\":\"ListItem\",\"position\":1,\"name\":\"Home\",\"item\":\"https:\/\/foresteel.eu\/fr\/home\/\"},{\"@type\":\"ListItem\",\"position\":2,\"name\":\"Boutique\",\"item\":\"https:\/\/foresteel.eu\/fr\/boutique\/\"},{\"@type\":\"ListItem\",\"position\":3,\"name\":\"FT-600 Remorque basculante\"}]},{\"@type\":\"WebSite\",\"@id\":\"https:\/\/foresteel.eu\/#website\",\"url\":\"https:\/\/foresteel.eu\/\",\"name\":\"Foresteel\u00a0: Remorques basculantes et ramasseurs de feuilles haut de gamme, nettoyeurs haute pression mobiles et solutions d'arrosage\",\"description\":\"Foresteel.\",\"publisher\":{\"@id\":\"https:\/\/foresteel.eu\/#organization\"},\"potentialAction\":[{\"@type\":\"SearchAction\",\"target\":{\"@type\":\"EntryPoint\",\"urlTemplate\":\"https:\/\/foresteel.eu\/?s={search_term_string}\"},\"query-input\":{\"@type\":\"PropertyValueSpecification\",\"valueRequired\":true,\"valueName\":\"search_term_string\"}}],\"inLanguage\":\"fr-FR\"},{\"@type\":\"Organization\",\"@id\":\"https:\/\/foresteel.eu\/#organization\",\"name\":\"Foresteel\",\"url\":\"https:\/\/foresteel.eu\/\",\"logo\":{\"@type\":\"ImageObject\",\"inLanguage\":\"fr-FR\",\"@id\":\"https:\/\/foresteel.eu\/#\/schema\/logo\/image\/\",\"url\":\"https:\/\/foresteel.eu\/wp-content\/uploads\/2022\/02\/header-logo.png\",\"contentUrl\":\"https:\/\/foresteel.eu\/wp-content\/uploads\/2022\/02\/header-logo.png\",\"width\":233,\"height\":60,\"caption\":\"Foresteel\"},\"image\":{\"@id\":\"https:\/\/foresteel.eu\/#\/schema\/logo\/image\/\"},\"sameAs\":[\"https:\/\/www.facebook.com\/foresteel.eu\/\",\"https:\/\/www.instagram.com\/foresteel\/\",\"https:\/\/www.youtube.com\/channel\/UCnGStzIvsDkYmZ7T1bwH6og\"]}]}<\/script>\n<!-- \/ Yoast SEO plugin. -->","yoast_head_json":{"title":"FT-600 Remorque basculante - Foresteel\u00a0: Remorques basculantes et ramasseurs de feuilles haut de gamme, nettoyeurs haute pression mobiles et solutions d'arrosage","description":"Le FT-600 excelle en tant que compagnon paysagiste de premier choix pour les zones r\u00e9sidentielles et les zones municipales ferm\u00e9es. Optimis\u00e9 pour les petites machines, il offre de nombreux avantages.","robots":{"index":"index","follow":"follow","max-snippet":"max-snippet:-1","max-image-preview":"max-image-preview:large","max-video-preview":"max-video-preview:-1"},"canonical":"https:\/\/foresteel.eu\/fr\/produit\/ft-600-remorque-basculante\/","og_locale":"fr_FR","og_type":"article","og_title":"FT-600 Remorque basculante - Foresteel\u00a0: Remorques basculantes et ramasseurs de feuilles haut de gamme, nettoyeurs haute pression mobiles et solutions d'arrosage","og_description":"Le FT-600 excelle en tant que compagnon paysagiste de premier choix pour les zones r\u00e9sidentielles et les zones municipales ferm\u00e9es. Optimis\u00e9 pour les petites machines, il offre de nombreux avantages.","og_url":"https:\/\/foresteel.eu\/fr\/produit\/ft-600-remorque-basculante\/","og_site_name":"Foresteel\u00a0: Remorques basculantes et ramasseurs de feuilles haut de gamme, nettoyeurs haute pression mobiles et solutions d'arrosage","article_publisher":"https:\/\/www.facebook.com\/foresteel.eu\/","article_modified_time":"2024-12-17T15:39:09+00:00","twitter_card":"summary_large_image","twitter_misc":{"Dur\u00e9e de lecture estim\u00e9e":"2 minutes"},"schema":{"@context":"https:\/\/schema.org","@graph":[{"@type":"WebPage","@id":"https:\/\/foresteel.eu\/fr\/produit\/ft-600-remorque-basculante\/","url":"https:\/\/foresteel.eu\/fr\/produit\/ft-600-remorque-basculante\/","name":"FT-600 Remorque basculante - Foresteel\u00a0: Remorques basculantes et ramasseurs de feuilles haut de gamme, nettoyeurs haute pression mobiles et solutions d'arrosage","isPartOf":{"@id":"https:\/\/foresteel.eu\/#website"},"primaryImageOfPage":{"@id":"https:\/\/foresteel.eu\/fr\/produit\/ft-600-remorque-basculante\/#primaryimage"},"image":{"@id":"https:\/\/foresteel.eu\/fr\/produit\/ft-600-remorque-basculante\/#primaryimage"},"thumbnailUrl":"https:\/\/foresteel.eu\/wp-content\/uploads\/2022\/05\/Foresteel-FT-600-tipping-trailer-gen2.jpg","datePublished":"2024-11-21T10:47:33+00:00","dateModified":"2024-12-17T15:39:09+00:00","description":"Le FT-600 excelle en tant que compagnon paysagiste de premier choix pour les zones r\u00e9sidentielles et les zones municipales ferm\u00e9es. Optimis\u00e9 pour les petites machines, il offre de nombreux avantages.","breadcrumb":{"@id":"https:\/\/foresteel.eu\/fr\/produit\/ft-600-remorque-basculante\/#breadcrumb"},"inLanguage":"fr-FR","potentialAction":[{"@type":"ReadAction","target":["https:\/\/foresteel.eu\/fr\/produit\/ft-600-remorque-basculante\/"]}]},{"@type":"ImageObject","inLanguage":"fr-FR","@id":"https:\/\/foresteel.eu\/fr\/produit\/ft-600-remorque-basculante\/#primaryimage","url":"https:\/\/foresteel.eu\/wp-content\/uploads\/2022\/05\/Foresteel-FT-600-tipping-trailer-gen2.jpg","contentUrl":"https:\/\/foresteel.eu\/wp-content\/uploads\/2022\/05\/Foresteel-FT-600-tipping-trailer-gen2.jpg","width":556,"height":720},{"@type":"BreadcrumbList","@id":"https:\/\/foresteel.eu\/fr\/produit\/ft-600-remorque-basculante\/#breadcrumb","itemListElement":[{"@type":"ListItem","position":1,"name":"Home","item":"https:\/\/foresteel.eu\/fr\/home\/"},{"@type":"ListItem","position":2,"name":"Boutique","item":"https:\/\/foresteel.eu\/fr\/boutique\/"},{"@type":"ListItem","position":3,"name":"FT-600 Remorque basculante"}]},{"@type":"WebSite","@id":"https:\/\/foresteel.eu\/#website","url":"https:\/\/foresteel.eu\/","name":"Foresteel\u00a0: Remorques basculantes et ramasseurs de feuilles haut de gamme, nettoyeurs haute pression mobiles et solutions d'arrosage","description":"Foresteel.","publisher":{"@id":"https:\/\/foresteel.eu\/#organization"},"potentialAction":[{"@type":"SearchAction","target":{"@type":"EntryPoint","urlTemplate":"https:\/\/foresteel.eu\/?s={search_term_string}"},"query-input":{"@type":"PropertyValueSpecification","valueRequired":true,"valueName":"search_term_string"}}],"inLanguage":"fr-FR"},{"@type":"Organization","@id":"https:\/\/foresteel.eu\/#organization","name":"Foresteel","url":"https:\/\/foresteel.eu\/","logo":{"@type":"ImageObject","inLanguage":"fr-FR","@id":"https:\/\/foresteel.eu\/#\/schema\/logo\/image\/","url":"https:\/\/foresteel.eu\/wp-content\/uploads\/2022\/02\/header-logo.png","contentUrl":"https:\/\/foresteel.eu\/wp-content\/uploads\/2022\/02\/header-logo.png","width":233,"height":60,"caption":"Foresteel"},"image":{"@id":"https:\/\/foresteel.eu\/#\/schema\/logo\/image\/"},"sameAs":["https:\/\/www.facebook.com\/foresteel.eu\/","https:\/\/www.instagram.com\/foresteel\/","https:\/\/www.youtube.com\/channel\/UCnGStzIvsDkYmZ7T1bwH6og"]}]}},"_links":{"self":[{"href":"https:\/\/foresteel.eu\/fr\/wp-json\/wp\/v2\/product\/22599","targetHints":{"allow":["GET"]}}],"collection":[{"href":"https:\/\/foresteel.eu\/fr\/wp-json\/wp\/v2\/product"}],"about":[{"href":"https:\/\/foresteel.eu\/fr\/wp-json\/wp\/v2\/types\/product"}],"version-history":[{"count":3,"href":"https:\/\/foresteel.eu\/fr\/wp-json\/wp\/v2\/product\/22599\/revisions"}],"predecessor-version":[{"id":24914,"href":"https:\/\/foresteel.eu\/fr\/wp-json\/wp\/v2\/product\/22599\/revisions\/24914"}],"wp:featuredmedia":[{"embeddable":true,"href":"https:\/\/foresteel.eu\/fr\/wp-json\/wp\/v2\/media\/18648"}],"wp:attachment":[{"href":"https:\/\/foresteel.eu\/fr\/wp-json\/wp\/v2\/media?parent=22599"}],"wp:term":[{"taxonomy":"product_brand","embeddable":true,"href":"https:\/\/foresteel.eu\/fr\/wp-json\/wp\/v2\/product_brand?post=22599"},{"taxonomy":"product_cat","embeddable":true,"href":"https:\/\/foresteel.eu\/fr\/wp-json\/wp\/v2\/product_cat?post=22599"},{"taxonomy":"product_tag","embeddable":true,"href":"https:\/\/foresteel.eu\/fr\/wp-json\/wp\/v2\/product_tag?post=22599"}],"curies":[{"name":"wp","href":"https:\/\/api.w.org\/{rel}","templated":true}]}}