{"id":21674,"date":"2022-05-27T08:09:51","date_gmt":"2024-11-21T10:46:04","guid":{"rendered":"https:\/\/foresteel.eu\/product\/all-side-panels-openable-and-removable\/"},"modified":"2024-12-05T17:17:42","modified_gmt":"2024-12-05T14:17:42","slug":"tous-les-panneaux-lateraux-sont-ouvrables-et-amovibles","status":"publish","type":"product","link":"https:\/\/foresteel.eu\/fr\/produit\/tous-les-panneaux-lateraux-sont-ouvrables-et-amovibles\/","title":{"rendered":"Tous les panneaux lat\u00e9raux sont ouvrables et amovibles"},"content":{"rendered":"","protected":false},"excerpt":{"rendered":"<div class=\"page\" title=\"Page 6\">\n<div class=\"layoutArea\">\n<div class=\"column\">\n<p><span data-sheets-value=\"{\" data-sheets-userformat=\"{\">Le corps \u00e0 plateforme permet de nombreuses possibilit\u00e9s d&rsquo;utilisation. <\/span><\/p>\n<p><span data-sheets-value=\"{\" data-sheets-userformat=\"{\">Par exemple, vous pouvez retirer les panneaux avant et arri\u00e8re pour transporter des mat\u00e9riaux de grande longueur, retirer un c\u00f4t\u00e9 pour faciliter le chargement et le d\u00e9chargement ou retirer tous les panneaux et poteaux pour obtenir une plate-forme compl\u00e8te.<\/span><\/p>\n<\/div>\n<\/div>\n<\/div>\n","protected":false},"featured_media":12126,"template":"","meta":{"_acf_changed":false},"product_brand":[],"product_cat":[325],"product_tag":[],"class_list":{"0":"post-21674","1":"product","2":"type-product","3":"status-publish","4":"has-post-thumbnail","6":"product_cat-equipement-standard","7":"tm-has-options","8":"member-discount","9":"discount-restricted","11":"first","12":"instock","13":"taxable","14":"shipping-taxable","15":"purchasable","16":"product-type-simple"},"acf":[],"yoast_head":"<!-- This site is optimized with the Yoast SEO plugin v26.3 - https:\/\/yoast.com\/wordpress\/plugins\/seo\/ -->\n<title>Tous les panneaux lat\u00e9raux sont ouvrables et amovibles - Foresteel\u00a0: Remorques basculantes et ramasseurs de feuilles haut de gamme, nettoyeurs haute pression mobiles et solutions d&#039;arrosage<\/title>\n<meta name=\"robots\" content=\"index, follow, max-snippet:-1, max-image-preview:large, max-video-preview:-1\" \/>\n<link rel=\"canonical\" href=\"https:\/\/foresteel.eu\/fr\/produit\/tous-les-panneaux-lateraux-sont-ouvrables-et-amovibles\/\" \/>\n<meta property=\"og:locale\" content=\"fr_FR\" \/>\n<meta property=\"og:type\" content=\"article\" \/>\n<meta property=\"og:title\" content=\"Tous les panneaux lat\u00e9raux sont ouvrables et amovibles - Foresteel\u00a0: Remorques basculantes et ramasseurs de feuilles haut de gamme, nettoyeurs haute pression mobiles et solutions d&#039;arrosage\" \/>\n<meta property=\"og:description\" content=\"Le corps \u00e0 plateforme permet de nombreuses possibilit\u00e9s d&#039;utilisation.   Par exemple, vous pouvez retirer les panneaux avant et arri\u00e8re pour transporter des mat\u00e9riaux de grande longueur, retirer un c\u00f4t\u00e9 pour faciliter le chargement et le d\u00e9chargement ou retirer tous les panneaux et poteaux pour obtenir une plate-forme compl\u00e8te.\" \/>\n<meta property=\"og:url\" content=\"https:\/\/foresteel.eu\/fr\/produit\/tous-les-panneaux-lateraux-sont-ouvrables-et-amovibles\/\" \/>\n<meta property=\"og:site_name\" content=\"Foresteel\u00a0: Remorques basculantes et ramasseurs de feuilles haut de gamme, nettoyeurs haute pression mobiles et solutions d&#039;arrosage\" \/>\n<meta property=\"article:publisher\" content=\"https:\/\/www.facebook.com\/foresteel.eu\/\" \/>\n<meta property=\"article:modified_time\" content=\"2024-12-05T14:17:42+00:00\" \/>\n<meta name=\"twitter:card\" content=\"summary_large_image\" \/>\n<script type=\"application\/ld+json\" class=\"yoast-schema-graph\">{\"@context\":\"https:\/\/schema.org\",\"@graph\":[{\"@type\":\"WebPage\",\"@id\":\"https:\/\/foresteel.eu\/fr\/produit\/tous-les-panneaux-lateraux-sont-ouvrables-et-amovibles\/\",\"url\":\"https:\/\/foresteel.eu\/fr\/produit\/tous-les-panneaux-lateraux-sont-ouvrables-et-amovibles\/\",\"name\":\"Tous les panneaux lat\u00e9raux sont ouvrables et amovibles - Foresteel\u00a0: Remorques basculantes et ramasseurs de feuilles haut de gamme, nettoyeurs haute pression mobiles et solutions d'arrosage\",\"isPartOf\":{\"@id\":\"https:\/\/foresteel.eu\/#website\"},\"primaryImageOfPage\":{\"@id\":\"https:\/\/foresteel.eu\/fr\/produit\/tous-les-panneaux-lateraux-sont-ouvrables-et-amovibles\/#primaryimage\"},\"image\":{\"@id\":\"https:\/\/foresteel.eu\/fr\/produit\/tous-les-panneaux-lateraux-sont-ouvrables-et-amovibles\/#primaryimage\"},\"thumbnailUrl\":\"https:\/\/foresteel.eu\/wp-content\/uploads\/2022\/05\/foresteel-panels-removeable.jpeg\",\"datePublished\":\"2024-11-21T10:46:04+00:00\",\"dateModified\":\"2024-12-05T14:17:42+00:00\",\"breadcrumb\":{\"@id\":\"https:\/\/foresteel.eu\/fr\/produit\/tous-les-panneaux-lateraux-sont-ouvrables-et-amovibles\/#breadcrumb\"},\"inLanguage\":\"fr-FR\",\"potentialAction\":[{\"@type\":\"ReadAction\",\"target\":[\"https:\/\/foresteel.eu\/fr\/produit\/tous-les-panneaux-lateraux-sont-ouvrables-et-amovibles\/\"]}]},{\"@type\":\"ImageObject\",\"inLanguage\":\"fr-FR\",\"@id\":\"https:\/\/foresteel.eu\/fr\/produit\/tous-les-panneaux-lateraux-sont-ouvrables-et-amovibles\/#primaryimage\",\"url\":\"https:\/\/foresteel.eu\/wp-content\/uploads\/2022\/05\/foresteel-panels-removeable.jpeg\",\"contentUrl\":\"https:\/\/foresteel.eu\/wp-content\/uploads\/2022\/05\/foresteel-panels-removeable.jpeg\",\"width\":750,\"height\":500},{\"@type\":\"BreadcrumbList\",\"@id\":\"https:\/\/foresteel.eu\/fr\/produit\/tous-les-panneaux-lateraux-sont-ouvrables-et-amovibles\/#breadcrumb\",\"itemListElement\":[{\"@type\":\"ListItem\",\"position\":1,\"name\":\"Home\",\"item\":\"https:\/\/foresteel.eu\/fr\/home\/\"},{\"@type\":\"ListItem\",\"position\":2,\"name\":\"Boutique\",\"item\":\"https:\/\/foresteel.eu\/fr\/boutique\/\"},{\"@type\":\"ListItem\",\"position\":3,\"name\":\"Tous les panneaux lat\u00e9raux sont ouvrables et amovibles\"}]},{\"@type\":\"WebSite\",\"@id\":\"https:\/\/foresteel.eu\/#website\",\"url\":\"https:\/\/foresteel.eu\/\",\"name\":\"Foresteel\u00a0: Remorques basculantes et ramasseurs de feuilles haut de gamme, nettoyeurs haute pression mobiles et solutions d'arrosage\",\"description\":\"Foresteel.\",\"publisher\":{\"@id\":\"https:\/\/foresteel.eu\/#organization\"},\"potentialAction\":[{\"@type\":\"SearchAction\",\"target\":{\"@type\":\"EntryPoint\",\"urlTemplate\":\"https:\/\/foresteel.eu\/?s={search_term_string}\"},\"query-input\":{\"@type\":\"PropertyValueSpecification\",\"valueRequired\":true,\"valueName\":\"search_term_string\"}}],\"inLanguage\":\"fr-FR\"},{\"@type\":\"Organization\",\"@id\":\"https:\/\/foresteel.eu\/#organization\",\"name\":\"Foresteel\",\"url\":\"https:\/\/foresteel.eu\/\",\"logo\":{\"@type\":\"ImageObject\",\"inLanguage\":\"fr-FR\",\"@id\":\"https:\/\/foresteel.eu\/#\/schema\/logo\/image\/\",\"url\":\"https:\/\/foresteel.eu\/wp-content\/uploads\/2022\/02\/header-logo.png\",\"contentUrl\":\"https:\/\/foresteel.eu\/wp-content\/uploads\/2022\/02\/header-logo.png\",\"width\":233,\"height\":60,\"caption\":\"Foresteel\"},\"image\":{\"@id\":\"https:\/\/foresteel.eu\/#\/schema\/logo\/image\/\"},\"sameAs\":[\"https:\/\/www.facebook.com\/foresteel.eu\/\",\"https:\/\/www.instagram.com\/foresteel\/\",\"https:\/\/www.youtube.com\/channel\/UCnGStzIvsDkYmZ7T1bwH6og\"]}]}<\/script>\n<!-- \/ Yoast SEO plugin. -->","yoast_head_json":{"title":"Tous les panneaux lat\u00e9raux sont ouvrables et amovibles - Foresteel\u00a0: Remorques basculantes et ramasseurs de feuilles haut de gamme, nettoyeurs haute pression mobiles et solutions d'arrosage","robots":{"index":"index","follow":"follow","max-snippet":"max-snippet:-1","max-image-preview":"max-image-preview:large","max-video-preview":"max-video-preview:-1"},"canonical":"https:\/\/foresteel.eu\/fr\/produit\/tous-les-panneaux-lateraux-sont-ouvrables-et-amovibles\/","og_locale":"fr_FR","og_type":"article","og_title":"Tous les panneaux lat\u00e9raux sont ouvrables et amovibles - Foresteel\u00a0: Remorques basculantes et ramasseurs de feuilles haut de gamme, nettoyeurs haute pression mobiles et solutions d'arrosage","og_description":"Le corps \u00e0 plateforme permet de nombreuses possibilit\u00e9s d'utilisation.   Par exemple, vous pouvez retirer les panneaux avant et arri\u00e8re pour transporter des mat\u00e9riaux de grande longueur, retirer un c\u00f4t\u00e9 pour faciliter le chargement et le d\u00e9chargement ou retirer tous les panneaux et poteaux pour obtenir une plate-forme compl\u00e8te.","og_url":"https:\/\/foresteel.eu\/fr\/produit\/tous-les-panneaux-lateraux-sont-ouvrables-et-amovibles\/","og_site_name":"Foresteel\u00a0: Remorques basculantes et ramasseurs de feuilles haut de gamme, nettoyeurs haute pression mobiles et solutions d'arrosage","article_publisher":"https:\/\/www.facebook.com\/foresteel.eu\/","article_modified_time":"2024-12-05T14:17:42+00:00","twitter_card":"summary_large_image","schema":{"@context":"https:\/\/schema.org","@graph":[{"@type":"WebPage","@id":"https:\/\/foresteel.eu\/fr\/produit\/tous-les-panneaux-lateraux-sont-ouvrables-et-amovibles\/","url":"https:\/\/foresteel.eu\/fr\/produit\/tous-les-panneaux-lateraux-sont-ouvrables-et-amovibles\/","name":"Tous les panneaux lat\u00e9raux sont ouvrables et amovibles - Foresteel\u00a0: Remorques basculantes et ramasseurs de feuilles haut de gamme, nettoyeurs haute pression mobiles et solutions d'arrosage","isPartOf":{"@id":"https:\/\/foresteel.eu\/#website"},"primaryImageOfPage":{"@id":"https:\/\/foresteel.eu\/fr\/produit\/tous-les-panneaux-lateraux-sont-ouvrables-et-amovibles\/#primaryimage"},"image":{"@id":"https:\/\/foresteel.eu\/fr\/produit\/tous-les-panneaux-lateraux-sont-ouvrables-et-amovibles\/#primaryimage"},"thumbnailUrl":"https:\/\/foresteel.eu\/wp-content\/uploads\/2022\/05\/foresteel-panels-removeable.jpeg","datePublished":"2024-11-21T10:46:04+00:00","dateModified":"2024-12-05T14:17:42+00:00","breadcrumb":{"@id":"https:\/\/foresteel.eu\/fr\/produit\/tous-les-panneaux-lateraux-sont-ouvrables-et-amovibles\/#breadcrumb"},"inLanguage":"fr-FR","potentialAction":[{"@type":"ReadAction","target":["https:\/\/foresteel.eu\/fr\/produit\/tous-les-panneaux-lateraux-sont-ouvrables-et-amovibles\/"]}]},{"@type":"ImageObject","inLanguage":"fr-FR","@id":"https:\/\/foresteel.eu\/fr\/produit\/tous-les-panneaux-lateraux-sont-ouvrables-et-amovibles\/#primaryimage","url":"https:\/\/foresteel.eu\/wp-content\/uploads\/2022\/05\/foresteel-panels-removeable.jpeg","contentUrl":"https:\/\/foresteel.eu\/wp-content\/uploads\/2022\/05\/foresteel-panels-removeable.jpeg","width":750,"height":500},{"@type":"BreadcrumbList","@id":"https:\/\/foresteel.eu\/fr\/produit\/tous-les-panneaux-lateraux-sont-ouvrables-et-amovibles\/#breadcrumb","itemListElement":[{"@type":"ListItem","position":1,"name":"Home","item":"https:\/\/foresteel.eu\/fr\/home\/"},{"@type":"ListItem","position":2,"name":"Boutique","item":"https:\/\/foresteel.eu\/fr\/boutique\/"},{"@type":"ListItem","position":3,"name":"Tous les panneaux lat\u00e9raux sont ouvrables et amovibles"}]},{"@type":"WebSite","@id":"https:\/\/foresteel.eu\/#website","url":"https:\/\/foresteel.eu\/","name":"Foresteel\u00a0: Remorques basculantes et ramasseurs de feuilles haut de gamme, nettoyeurs haute pression mobiles et solutions d'arrosage","description":"Foresteel.","publisher":{"@id":"https:\/\/foresteel.eu\/#organization"},"potentialAction":[{"@type":"SearchAction","target":{"@type":"EntryPoint","urlTemplate":"https:\/\/foresteel.eu\/?s={search_term_string}"},"query-input":{"@type":"PropertyValueSpecification","valueRequired":true,"valueName":"search_term_string"}}],"inLanguage":"fr-FR"},{"@type":"Organization","@id":"https:\/\/foresteel.eu\/#organization","name":"Foresteel","url":"https:\/\/foresteel.eu\/","logo":{"@type":"ImageObject","inLanguage":"fr-FR","@id":"https:\/\/foresteel.eu\/#\/schema\/logo\/image\/","url":"https:\/\/foresteel.eu\/wp-content\/uploads\/2022\/02\/header-logo.png","contentUrl":"https:\/\/foresteel.eu\/wp-content\/uploads\/2022\/02\/header-logo.png","width":233,"height":60,"caption":"Foresteel"},"image":{"@id":"https:\/\/foresteel.eu\/#\/schema\/logo\/image\/"},"sameAs":["https:\/\/www.facebook.com\/foresteel.eu\/","https:\/\/www.instagram.com\/foresteel\/","https:\/\/www.youtube.com\/channel\/UCnGStzIvsDkYmZ7T1bwH6og"]}]}},"_links":{"self":[{"href":"https:\/\/foresteel.eu\/fr\/wp-json\/wp\/v2\/product\/21674","targetHints":{"allow":["GET"]}}],"collection":[{"href":"https:\/\/foresteel.eu\/fr\/wp-json\/wp\/v2\/product"}],"about":[{"href":"https:\/\/foresteel.eu\/fr\/wp-json\/wp\/v2\/types\/product"}],"version-history":[{"count":1,"href":"https:\/\/foresteel.eu\/fr\/wp-json\/wp\/v2\/product\/21674\/revisions"}],"predecessor-version":[{"id":24829,"href":"https:\/\/foresteel.eu\/fr\/wp-json\/wp\/v2\/product\/21674\/revisions\/24829"}],"wp:featuredmedia":[{"embeddable":true,"href":"https:\/\/foresteel.eu\/fr\/wp-json\/wp\/v2\/media\/12126"}],"wp:attachment":[{"href":"https:\/\/foresteel.eu\/fr\/wp-json\/wp\/v2\/media?parent=21674"}],"wp:term":[{"taxonomy":"product_brand","embeddable":true,"href":"https:\/\/foresteel.eu\/fr\/wp-json\/wp\/v2\/product_brand?post=21674"},{"taxonomy":"product_cat","embeddable":true,"href":"https:\/\/foresteel.eu\/fr\/wp-json\/wp\/v2\/product_cat?post=21674"},{"taxonomy":"product_tag","embeddable":true,"href":"https:\/\/foresteel.eu\/fr\/wp-json\/wp\/v2\/product_tag?post=21674"}],"curies":[{"name":"wp","href":"https:\/\/api.w.org\/{rel}","templated":true}]}}