{"id":21143,"date":"2024-11-21T13:43:43","date_gmt":"2024-11-21T10:43:43","guid":{"rendered":"https:\/\/foresteel.eu\/refund_returns\/"},"modified":"2025-01-08T11:52:38","modified_gmt":"2025-01-08T08:52:38","slug":"retours-et-remboursements","status":"publish","type":"page","link":"https:\/\/foresteel.eu\/fr\/retours-et-remboursements\/","title":{"rendered":"Retours et remboursements"},"content":{"rendered":"<h1 class=\"wp-block-heading\">Retours et remboursements<\/h1><p><\/p><p><strong>MARCHANDISES RETOURN\u00c9ES<\/strong><\/p><p>T\u00e9l\u00e9charger le RMA<\/p><p>Foresteel\u2122 accepte les demandes de retour pour les r\u00e9clamations, ainsi que pour les marchandises non d\u00e9fectueuses. Il est possible de demander un retour dans les 14 jours sous les conditions suivantes : possession du re\u00e7u ou de la facture ; produits complets avec l&#8217;emballage et en parfait \u00e9tat d&rsquo;inutilisation.<\/p><p><strong>RETOUR POUR ACHAT EN LIGNE<\/strong><\/p><p><strong>Droit de retrait des utilisateurs consommateurs de l&rsquo;achat de produits mat\u00e9riels<\/strong><\/p><p>L&rsquo;Utilisateur consommateur qui, pour quelque raison que ce soit, n&rsquo;est pas satisfait du Produit a le droit de r\u00e9silier le contrat sans p\u00e9nalit\u00e9 et sans en pr\u00e9ciser le motif, dans le d\u00e9lai de 14 jours \u00e0 compter de la date de livraison du Produit, en envoyant une communication \u00e9crite \u00e0 l&rsquo;adresse \u00e9lectronique info@foresteel.eu avec une d\u00e9claration \u00e9crite indiquant le num\u00e9ro de commande.  <\/p><p>Le retour du produit doit \u00eatre op\u00e9r\u00e9 par messagerie aux entrep\u00f4ts de FORESTEEL\u2122. Les frais d&rsquo;exp\u00e9dition sont \u00e0 la charge du consommateur.<\/p><p><strong>Exclusion du droit de r\u00e9tractation du client professionnel<\/strong><strong>(utilisateurs non<\/strong><strong> non consommateurs)<\/strong><\/p><p>Le client professionnel (l&rsquo;utilisateur non consommateur) n&rsquo;a pas le droit de r\u00e9silier le contrat de vente ou de livraison des produits. L&rsquo;utilisateur reconna\u00eet express\u00e9ment que l&rsquo;indication dans la commande d&rsquo;un num\u00e9ro d&rsquo;identification TVA le qualifie de client professionnel (utilisateur non consommateur).<\/p><p><strong>RETOUR D&rsquo;UN PRODUIT D\u00c9FECTUEUX<\/strong><\/p><p>Si un produit est d\u00e9fectueux, Foresteel\u2122 fournira l&rsquo;assistance requise, en pr\u00e9voyant le remplacement ou la r\u00e9paration \u00e9ventuelle du produit. Le retour du produit d\u00e9fectueux peut \u00eatre effectu\u00e9 dans un d\u00e9lai de 2 ans par les clients priv\u00e9s et dans un d\u00e9lai de 1 an par les professionnels disposant d&rsquo;un num\u00e9ro de TVA \u00e9ligible, en contactant (info@foresteel.eu). FORESTEEL\u2122 prend en charge les frais d&rsquo;exp\u00e9dition.<\/p><p>Garantie l\u00e9gale pour les consommateurs<\/p><p>Conform\u00e9ment \u00e0 la Directive 2011\/83\/UE (\u00a0\u00bb Droits des consommateurs \u00ab\u00a0), tous les Produits en vente sur le Site sont couverts par la garantie l\u00e9gale, en cas de d\u00e9faut de conformit\u00e9.<\/p><p>Le d\u00e9faut de conformit\u00e9 des produits qui survient dans les 24 mois suivant la livraison doit \u00eatre signal\u00e9 par le consommateur dans les 2 mois suivant sa constatation.<\/p><p>En cas de d\u00e9faut de conformit\u00e9, le Consommateur peut demander \u00e0 Foresteel\u2122, alternativement et sans frais :<br\/>&#8211; la r\u00e9paration ou le remplacement du Produit achet\u00e9<br\/>&#8211; une r\u00e9duction du prix d&rsquo;achat<br\/>&#8211; la r\u00e9siliation du Contrat de vente.<\/p><p>Les solutions demand\u00e9es par le consommateur, une fois que le d\u00e9faut du produit a \u00e9t\u00e9 constat\u00e9, peuvent \u00eatre propos\u00e9es, \u00e0 moins que la demande ne soit objectivement impossible ou excessivement on\u00e9reuse, conform\u00e9ment \u00e0 la directive.<\/p><p>Pour exercer la garantie l\u00e9gale, le consommateur peut envoyer le rapport par courrier \u00e9lectronique (info@foresteel.eu).<\/p><p>Garantie juridique pour les professionnels<\/p><p>Il convient de noter qu&rsquo;en ce qui concerne la garantie contre les d\u00e9fauts du produit, l&rsquo;utilisateur professionnel (entreprise) b\u00e9n\u00e9ficie de la garantie l\u00e9gale de 12 mois.<\/p><p>En particulier, le Professionnel peut faire jouer la garantie, \u00e0 condition de signaler le d\u00e9faut du Produit dans les huit jours de sa r\u00e9ception, et avant l&rsquo;expiration de l&rsquo;ann\u00e9e qui suit la livraison de celui-ci.<\/p><p>Pour exercer la garantie l\u00e9gale, le professionnel aura la possibilit\u00e9 d&rsquo;envoyer le rapport par courrier \u00e9lectronique (info@foresteel.eu).<\/p><p><strong>REMBOURSEMENT<\/strong><\/p><p>En cas de retour de marchandises non d\u00e9fectueuses, si le client choisit d&rsquo;\u00eatre rembours\u00e9, seul le montant relatif au prix des marchandises sera recr\u00e9dit\u00e9. Les \u00e9ventuels frais d&#8217;emballage, d&rsquo;exp\u00e9dition et de services annexes sont donc exclus du remboursement. Pour les achats en ligne, le remboursement sera effectu\u00e9 selon le m\u00eame mode de paiement que celui choisi lors de l&rsquo;achat.<\/p>","protected":false},"excerpt":{"rendered":"<p>Retours et remboursements MARCHANDISES RETOURN\u00c9ES T\u00e9l\u00e9charger le RMA Foresteel\u2122 accepte les demandes de retour pour les r\u00e9clamations, ainsi que pour les marchandises non d\u00e9fectueuses. Il est possible de demander un retour dans les 14 jours sous les conditions suivantes : possession du re\u00e7u ou de la facture ; produits complets avec l&#8217;emballage et en parfait [&hellip;]<\/p>\n","protected":false},"author":1,"featured_media":0,"parent":0,"menu_order":0,"comment_status":"closed","ping_status":"closed","template":"elementor_header_footer","meta":{"_acf_changed":false,"footnotes":""},"class_list":["post-21143","page","type-page","status-publish","hentry"],"acf":[],"yoast_head":"<!-- This site is optimized with the Yoast SEO plugin v26.3 - https:\/\/yoast.com\/wordpress\/plugins\/seo\/ -->\n<title>Retours et remboursements - Foresteel\u00a0: Remorques basculantes et ramasseurs de feuilles haut de gamme, nettoyeurs haute pression mobiles et solutions d&#039;arrosage<\/title>\n<meta name=\"robots\" content=\"index, follow, max-snippet:-1, max-image-preview:large, max-video-preview:-1\" \/>\n<link rel=\"canonical\" href=\"https:\/\/foresteel.eu\/fr\/retours-et-remboursements\/\" \/>\n<meta property=\"og:locale\" content=\"fr_FR\" \/>\n<meta property=\"og:type\" content=\"article\" \/>\n<meta property=\"og:title\" content=\"Retours et remboursements - Foresteel\u00a0: Remorques basculantes et ramasseurs de feuilles haut de gamme, nettoyeurs haute pression mobiles et solutions d&#039;arrosage\" \/>\n<meta property=\"og:description\" content=\"Retours et remboursements MARCHANDISES RETOURN\u00c9ES T\u00e9l\u00e9charger le RMA Foresteel\u2122 accepte les demandes de retour pour les r\u00e9clamations, ainsi que pour les marchandises non d\u00e9fectueuses. Il est possible de demander un retour dans les 14 jours sous les conditions suivantes : possession du re\u00e7u ou de la facture ; produits complets avec l&#8217;emballage et en parfait [&hellip;]\" \/>\n<meta property=\"og:url\" content=\"https:\/\/foresteel.eu\/fr\/retours-et-remboursements\/\" \/>\n<meta property=\"og:site_name\" content=\"Foresteel\u00a0: Remorques basculantes et ramasseurs de feuilles haut de gamme, nettoyeurs haute pression mobiles et solutions d&#039;arrosage\" \/>\n<meta property=\"article:publisher\" content=\"https:\/\/www.facebook.com\/foresteel.eu\/\" \/>\n<meta property=\"article:modified_time\" content=\"2025-01-08T08:52:38+00:00\" \/>\n<meta name=\"twitter:card\" content=\"summary_large_image\" \/>\n<meta name=\"twitter:label1\" content=\"Dur\u00e9e de lecture estim\u00e9e\" \/>\n\t<meta name=\"twitter:data1\" content=\"3 minutes\" \/>\n<script type=\"application\/ld+json\" class=\"yoast-schema-graph\">{\"@context\":\"https:\/\/schema.org\",\"@graph\":[{\"@type\":\"WebPage\",\"@id\":\"https:\/\/foresteel.eu\/fr\/retours-et-remboursements\/\",\"url\":\"https:\/\/foresteel.eu\/fr\/retours-et-remboursements\/\",\"name\":\"Retours et remboursements - Foresteel\u00a0: Remorques basculantes et ramasseurs de feuilles haut de gamme, nettoyeurs haute pression mobiles et solutions d'arrosage\",\"isPartOf\":{\"@id\":\"https:\/\/foresteel.eu\/#website\"},\"datePublished\":\"2024-11-21T10:43:43+00:00\",\"dateModified\":\"2025-01-08T08:52:38+00:00\",\"breadcrumb\":{\"@id\":\"https:\/\/foresteel.eu\/fr\/retours-et-remboursements\/#breadcrumb\"},\"inLanguage\":\"fr-FR\",\"potentialAction\":[{\"@type\":\"ReadAction\",\"target\":[\"https:\/\/foresteel.eu\/fr\/retours-et-remboursements\/\"]}]},{\"@type\":\"BreadcrumbList\",\"@id\":\"https:\/\/foresteel.eu\/fr\/retours-et-remboursements\/#breadcrumb\",\"itemListElement\":[{\"@type\":\"ListItem\",\"position\":1,\"name\":\"Home\",\"item\":\"https:\/\/foresteel.eu\/fr\/home\/\"},{\"@type\":\"ListItem\",\"position\":2,\"name\":\"Retours et remboursements\"}]},{\"@type\":\"WebSite\",\"@id\":\"https:\/\/foresteel.eu\/#website\",\"url\":\"https:\/\/foresteel.eu\/\",\"name\":\"Foresteel\u00a0: Remorques basculantes et ramasseurs de feuilles haut de gamme, nettoyeurs haute pression mobiles et solutions d'arrosage\",\"description\":\"Foresteel.\",\"publisher\":{\"@id\":\"https:\/\/foresteel.eu\/#organization\"},\"potentialAction\":[{\"@type\":\"SearchAction\",\"target\":{\"@type\":\"EntryPoint\",\"urlTemplate\":\"https:\/\/foresteel.eu\/?s={search_term_string}\"},\"query-input\":{\"@type\":\"PropertyValueSpecification\",\"valueRequired\":true,\"valueName\":\"search_term_string\"}}],\"inLanguage\":\"fr-FR\"},{\"@type\":\"Organization\",\"@id\":\"https:\/\/foresteel.eu\/#organization\",\"name\":\"Foresteel\",\"url\":\"https:\/\/foresteel.eu\/\",\"logo\":{\"@type\":\"ImageObject\",\"inLanguage\":\"fr-FR\",\"@id\":\"https:\/\/foresteel.eu\/#\/schema\/logo\/image\/\",\"url\":\"https:\/\/foresteel.eu\/wp-content\/uploads\/2022\/02\/header-logo.png\",\"contentUrl\":\"https:\/\/foresteel.eu\/wp-content\/uploads\/2022\/02\/header-logo.png\",\"width\":233,\"height\":60,\"caption\":\"Foresteel\"},\"image\":{\"@id\":\"https:\/\/foresteel.eu\/#\/schema\/logo\/image\/\"},\"sameAs\":[\"https:\/\/www.facebook.com\/foresteel.eu\/\",\"https:\/\/www.instagram.com\/foresteel\/\",\"https:\/\/www.youtube.com\/channel\/UCnGStzIvsDkYmZ7T1bwH6og\"]}]}<\/script>\n<!-- \/ Yoast SEO plugin. -->","yoast_head_json":{"title":"Retours et remboursements - Foresteel\u00a0: Remorques basculantes et ramasseurs de feuilles haut de gamme, nettoyeurs haute pression mobiles et solutions d'arrosage","robots":{"index":"index","follow":"follow","max-snippet":"max-snippet:-1","max-image-preview":"max-image-preview:large","max-video-preview":"max-video-preview:-1"},"canonical":"https:\/\/foresteel.eu\/fr\/retours-et-remboursements\/","og_locale":"fr_FR","og_type":"article","og_title":"Retours et remboursements - Foresteel\u00a0: Remorques basculantes et ramasseurs de feuilles haut de gamme, nettoyeurs haute pression mobiles et solutions d'arrosage","og_description":"Retours et remboursements MARCHANDISES RETOURN\u00c9ES T\u00e9l\u00e9charger le RMA Foresteel\u2122 accepte les demandes de retour pour les r\u00e9clamations, ainsi que pour les marchandises non d\u00e9fectueuses. Il est possible de demander un retour dans les 14 jours sous les conditions suivantes : possession du re\u00e7u ou de la facture ; produits complets avec l&#8217;emballage et en parfait [&hellip;]","og_url":"https:\/\/foresteel.eu\/fr\/retours-et-remboursements\/","og_site_name":"Foresteel\u00a0: Remorques basculantes et ramasseurs de feuilles haut de gamme, nettoyeurs haute pression mobiles et solutions d'arrosage","article_publisher":"https:\/\/www.facebook.com\/foresteel.eu\/","article_modified_time":"2025-01-08T08:52:38+00:00","twitter_card":"summary_large_image","twitter_misc":{"Dur\u00e9e de lecture estim\u00e9e":"3 minutes"},"schema":{"@context":"https:\/\/schema.org","@graph":[{"@type":"WebPage","@id":"https:\/\/foresteel.eu\/fr\/retours-et-remboursements\/","url":"https:\/\/foresteel.eu\/fr\/retours-et-remboursements\/","name":"Retours et remboursements - Foresteel\u00a0: Remorques basculantes et ramasseurs de feuilles haut de gamme, nettoyeurs haute pression mobiles et solutions d'arrosage","isPartOf":{"@id":"https:\/\/foresteel.eu\/#website"},"datePublished":"2024-11-21T10:43:43+00:00","dateModified":"2025-01-08T08:52:38+00:00","breadcrumb":{"@id":"https:\/\/foresteel.eu\/fr\/retours-et-remboursements\/#breadcrumb"},"inLanguage":"fr-FR","potentialAction":[{"@type":"ReadAction","target":["https:\/\/foresteel.eu\/fr\/retours-et-remboursements\/"]}]},{"@type":"BreadcrumbList","@id":"https:\/\/foresteel.eu\/fr\/retours-et-remboursements\/#breadcrumb","itemListElement":[{"@type":"ListItem","position":1,"name":"Home","item":"https:\/\/foresteel.eu\/fr\/home\/"},{"@type":"ListItem","position":2,"name":"Retours et remboursements"}]},{"@type":"WebSite","@id":"https:\/\/foresteel.eu\/#website","url":"https:\/\/foresteel.eu\/","name":"Foresteel\u00a0: Remorques basculantes et ramasseurs de feuilles haut de gamme, nettoyeurs haute pression mobiles et solutions d'arrosage","description":"Foresteel.","publisher":{"@id":"https:\/\/foresteel.eu\/#organization"},"potentialAction":[{"@type":"SearchAction","target":{"@type":"EntryPoint","urlTemplate":"https:\/\/foresteel.eu\/?s={search_term_string}"},"query-input":{"@type":"PropertyValueSpecification","valueRequired":true,"valueName":"search_term_string"}}],"inLanguage":"fr-FR"},{"@type":"Organization","@id":"https:\/\/foresteel.eu\/#organization","name":"Foresteel","url":"https:\/\/foresteel.eu\/","logo":{"@type":"ImageObject","inLanguage":"fr-FR","@id":"https:\/\/foresteel.eu\/#\/schema\/logo\/image\/","url":"https:\/\/foresteel.eu\/wp-content\/uploads\/2022\/02\/header-logo.png","contentUrl":"https:\/\/foresteel.eu\/wp-content\/uploads\/2022\/02\/header-logo.png","width":233,"height":60,"caption":"Foresteel"},"image":{"@id":"https:\/\/foresteel.eu\/#\/schema\/logo\/image\/"},"sameAs":["https:\/\/www.facebook.com\/foresteel.eu\/","https:\/\/www.instagram.com\/foresteel\/","https:\/\/www.youtube.com\/channel\/UCnGStzIvsDkYmZ7T1bwH6og"]}]}},"_links":{"self":[{"href":"https:\/\/foresteel.eu\/fr\/wp-json\/wp\/v2\/pages\/21143","targetHints":{"allow":["GET"]}}],"collection":[{"href":"https:\/\/foresteel.eu\/fr\/wp-json\/wp\/v2\/pages"}],"about":[{"href":"https:\/\/foresteel.eu\/fr\/wp-json\/wp\/v2\/types\/page"}],"author":[{"embeddable":true,"href":"https:\/\/foresteel.eu\/fr\/wp-json\/wp\/v2\/users\/1"}],"replies":[{"embeddable":true,"href":"https:\/\/foresteel.eu\/fr\/wp-json\/wp\/v2\/comments?post=21143"}],"version-history":[{"count":1,"href":"https:\/\/foresteel.eu\/fr\/wp-json\/wp\/v2\/pages\/21143\/revisions"}],"predecessor-version":[{"id":21174,"href":"https:\/\/foresteel.eu\/fr\/wp-json\/wp\/v2\/pages\/21143\/revisions\/21174"}],"wp:attachment":[{"href":"https:\/\/foresteel.eu\/fr\/wp-json\/wp\/v2\/media?parent=21143"}],"curies":[{"name":"wp","href":"https:\/\/api.w.org\/{rel}","templated":true}]}}