{"id":21137,"date":"2024-11-21T13:43:40","date_gmt":"2024-11-21T10:43:40","guid":{"rendered":"https:\/\/foresteel.eu\/payments\/"},"modified":"2025-01-08T11:52:12","modified_gmt":"2025-01-08T08:52:12","slug":"paiements","status":"publish","type":"page","link":"https:\/\/foresteel.eu\/fr\/paiements\/","title":{"rendered":"Paiements"},"content":{"rendered":"<h1 class=\"wp-block-heading\">Paiement<\/h1><p>Les modes de paiement suivants sont disponibles<\/p><p>Europe et monde entier :<\/p><ul class=\"wp-block-list\"><li>PAIEMENT PAR CARTE (carte de cr\u00e9dit ou de d\u00e9bit ; VISA, MASTERCARD etc.)<\/li><li>Virement bancaire direct \/ Virement bancaire (facture ; dans le monde entier)<\/li><\/ul><p>En outre, dans les \u00c9tats baltes et en Finlande :<\/p><ul class=\"wp-block-list\"><li>Paiement Banklink (\u00c9tats baltes et Finlande)<\/li><li>BNPL &#8211; Achetez maintenant, payez plus tard ! (\u00c9tats baltes)<\/li><li>ESTO 6 (facture divis\u00e9e ; \u00c9tats baltes)<\/li><li>ESTO Liising (bail ; \u00c9tats baltes)<\/li><\/ul><p><\/p><p><strong>PAIEMENT PAR CARTE<\/strong> (cr\u00e9dit ou d\u00e9bit ; dans le monde entier)<\/p><p>Notre site de commerce \u00e9lectronique permet des paiements s\u00e9curis\u00e9s avec des cartes de d\u00e9bit et de cr\u00e9dit, y compris des cartes pr\u00e9pay\u00e9es et rechargeables. Les paiements par carte sont effectu\u00e9s par l&rsquo;interm\u00e9diaire du prestataire de services de paiement s\u00e9curis\u00e9 STRIPE.<\/p><p>Apr\u00e8s le paiement, une confirmation de paiement est envoy\u00e9e automatiquement \u00e0 l&rsquo;adresse \u00e9lectronique du client. Il s&rsquo;agit \u00e9galement d&rsquo;une confirmation de la commande. L&rsquo;ex\u00e9cution de la commande commence et le pr\u00e9sent contrat est r\u00e9put\u00e9 conclu au moment o\u00f9 la confirmation de paiement\/confirmation de commande est envoy\u00e9e \u00e0 l&rsquo;adresse \u00e9lectronique du client.<\/p><p><\/p><p><strong>Virement bancaire direct\/virement \u00e9lectronique<\/strong> (facture ; dans le monde entier)<\/p><p>Pour envoyer un virement bancaire, une fois la commande termin\u00e9e, les \u00e9tapes suivantes doivent \u00eatre accomplies :<\/p><p>1. Copiez le num\u00e9ro de commande\/facture figurant sur la facture envoy\u00e9e \u00e0 votre adresse \u00e9lectronique<br\/>2. Vous devez indiquer le num\u00e9ro de commande comme motif et r\u00e9f\u00e9rence du virement.<br\/>3. Copiez les coordonn\u00e9es bancaires de la facture envoy\u00e9e \u00e0 votre adresse \u00e9lectronique par l&rsquo;e-shop.<\/p><p>4. Proc\u00e9dez au paiement. Le paiement par virement bancaire doit \u00eatre effectu\u00e9 sur le compte suivant :<br\/>Propri\u00e9taire du compte : FS Production O\u00dc<br\/>IBAN : EE427700771002033304<br\/>Bic\/Swift : LHVBEE22<\/p><p>Les virements bancaires internationaux prennent g\u00e9n\u00e9ralement plus de temps que les virements nationaux. La r\u00e9ception des fonds par Foresteel\u2122 peut prendre jusqu&rsquo;\u00e0 3 \u00e0 5 jours ouvrables. Si nous ne recevons pas les fonds dans les 10 jours suivant l&rsquo;acceptation de la commande, celle-ci sera annul\u00e9e.<\/p><p>Apr\u00e8s avoir pass\u00e9 une commande, une confirmation de paiement est envoy\u00e9e automatiquement \u00e0 l&rsquo;adresse \u00e9lectronique du client. Le client re\u00e7oit une facture de pr\u00e9paiement dans les deux jours ouvrables, avec un d\u00e9lai de paiement de cinq jours, et il est tenu de v\u00e9rifier l&rsquo;exactitude des donn\u00e9es figurant sur la facture. Le pr\u00e9sent contrat est r\u00e9put\u00e9 conclu et l&rsquo;ex\u00e9cution de la commande est entam\u00e9e \u00e0 partir du moment o\u00f9 100 % du montant total indiqu\u00e9 sur la facture a \u00e9t\u00e9 re\u00e7u sur le compte bancaire du Foresteel\u2122. Si le paiement n&rsquo;est pas confirm\u00e9 \u00e0 temps, la commande et la facture de pr\u00e9paiement sont automatiquement annul\u00e9es.<\/p><p><\/p><p><strong>Paiement Banklink (\u00c9tats baltes et Finlande)<\/strong><\/p><p>Tous les liens bancaires des \u00c9tats baltes et de la Finlande sont disponibles pour un paiement facile, pratique et s\u00fbr.<\/p><p><\/p><p><strong>BNPL, SPLIT INVOICE, LEAASE (\u00c9tats baltes)  <\/strong><\/p><p>En outre, diff\u00e9rentes options de BNPL, de SPLIT INVOICE et de LEASE, s\u00fbres et pratiques \u00e0 utiliser, sont actuellement disponibles dans la r\u00e9gion des \u00c9TATS BALTES :<\/p><p>BNPL &#8211; Achetez maintenant, payez plus tard ! (\u00c9tats baltes)<\/p><ul class=\"wp-block-list\"><li>Achetez maintenant, payez 30 jours plus tard. 0% d&rsquo;int\u00e9r\u00eat, sans frais suppl\u00e9mentaires.<\/li><\/ul><ul class=\"wp-block-list\"><li>Plus d&rsquo;informations et conditions au moment du paiement.<\/li><\/ul><p>ESTO 6 (facture divis\u00e9e ; \u00c9tats baltes)<\/p><ul class=\"wp-block-list\"><li>Divisez votre facture en 6 parties \u00e9gales : 0% d&rsquo;int\u00e9r\u00eat, pas de co\u00fbt suppl\u00e9mentaire ni de frais additionnels.<\/li><\/ul><ul class=\"wp-block-list\"><li>Plus d&rsquo;informations et conditions au moment du paiement.<\/li><\/ul><p>ESTO Liising (bail ; \u00c9tats baltes)<\/p><ul class=\"wp-block-list\"><li>Utilisez l&rsquo;option de location pour minimiser les factures mensuelles et \u00e9taler votre investissement sur une p\u00e9riode pouvant aller jusqu&rsquo;\u00e0 6 ans.<\/li><\/ul><ul class=\"wp-block-list\"><li>Plus d&rsquo;informations et conditions au moment du paiement.<\/li><\/ul>","protected":false},"excerpt":{"rendered":"<p>Paiement Les modes de paiement suivants sont disponibles Europe et monde entier : PAIEMENT PAR CARTE (carte de cr\u00e9dit ou de d\u00e9bit ; VISA, MASTERCARD etc.) Virement bancaire direct \/ Virement bancaire (facture ; dans le monde entier) En outre, dans les \u00c9tats baltes et en Finlande : Paiement Banklink (\u00c9tats baltes et Finlande) BNPL [&hellip;]<\/p>\n","protected":false},"author":2,"featured_media":0,"parent":0,"menu_order":0,"comment_status":"closed","ping_status":"closed","template":"elementor_header_footer","meta":{"_acf_changed":false,"footnotes":""},"class_list":["post-21137","page","type-page","status-publish","hentry"],"acf":[],"yoast_head":"<!-- This site is optimized with the Yoast SEO plugin v26.3 - https:\/\/yoast.com\/wordpress\/plugins\/seo\/ -->\n<title>Paiements - Foresteel\u00a0: Remorques basculantes et ramasseurs de feuilles haut de gamme, nettoyeurs haute pression mobiles et solutions d&#039;arrosage<\/title>\n<meta name=\"robots\" content=\"index, follow, max-snippet:-1, max-image-preview:large, max-video-preview:-1\" \/>\n<link rel=\"canonical\" href=\"https:\/\/foresteel.eu\/fr\/paiements\/\" \/>\n<meta property=\"og:locale\" content=\"fr_FR\" \/>\n<meta property=\"og:type\" content=\"article\" \/>\n<meta property=\"og:title\" content=\"Paiements - Foresteel\u00a0: Remorques basculantes et ramasseurs de feuilles haut de gamme, nettoyeurs haute pression mobiles et solutions d&#039;arrosage\" \/>\n<meta property=\"og:description\" content=\"Paiement Les modes de paiement suivants sont disponibles Europe et monde entier : PAIEMENT PAR CARTE (carte de cr\u00e9dit ou de d\u00e9bit ; VISA, MASTERCARD etc.) Virement bancaire direct \/ Virement bancaire (facture ; dans le monde entier) En outre, dans les \u00c9tats baltes et en Finlande : Paiement Banklink (\u00c9tats baltes et Finlande) BNPL [&hellip;]\" \/>\n<meta property=\"og:url\" content=\"https:\/\/foresteel.eu\/fr\/paiements\/\" \/>\n<meta property=\"og:site_name\" content=\"Foresteel\u00a0: Remorques basculantes et ramasseurs de feuilles haut de gamme, nettoyeurs haute pression mobiles et solutions d&#039;arrosage\" \/>\n<meta property=\"article:publisher\" content=\"https:\/\/www.facebook.com\/foresteel.eu\/\" \/>\n<meta property=\"article:modified_time\" content=\"2025-01-08T08:52:12+00:00\" \/>\n<meta name=\"twitter:card\" content=\"summary_large_image\" \/>\n<meta name=\"twitter:label1\" content=\"Dur\u00e9e de lecture estim\u00e9e\" \/>\n\t<meta name=\"twitter:data1\" content=\"3 minutes\" \/>\n<script type=\"application\/ld+json\" class=\"yoast-schema-graph\">{\"@context\":\"https:\/\/schema.org\",\"@graph\":[{\"@type\":\"WebPage\",\"@id\":\"https:\/\/foresteel.eu\/fr\/paiements\/\",\"url\":\"https:\/\/foresteel.eu\/fr\/paiements\/\",\"name\":\"Paiements - Foresteel\u00a0: Remorques basculantes et ramasseurs de feuilles haut de gamme, nettoyeurs haute pression mobiles et solutions d'arrosage\",\"isPartOf\":{\"@id\":\"https:\/\/foresteel.eu\/#website\"},\"datePublished\":\"2024-11-21T10:43:40+00:00\",\"dateModified\":\"2025-01-08T08:52:12+00:00\",\"breadcrumb\":{\"@id\":\"https:\/\/foresteel.eu\/fr\/paiements\/#breadcrumb\"},\"inLanguage\":\"fr-FR\",\"potentialAction\":[{\"@type\":\"ReadAction\",\"target\":[\"https:\/\/foresteel.eu\/fr\/paiements\/\"]}]},{\"@type\":\"BreadcrumbList\",\"@id\":\"https:\/\/foresteel.eu\/fr\/paiements\/#breadcrumb\",\"itemListElement\":[{\"@type\":\"ListItem\",\"position\":1,\"name\":\"Home\",\"item\":\"https:\/\/foresteel.eu\/fr\/home\/\"},{\"@type\":\"ListItem\",\"position\":2,\"name\":\"Paiements\"}]},{\"@type\":\"WebSite\",\"@id\":\"https:\/\/foresteel.eu\/#website\",\"url\":\"https:\/\/foresteel.eu\/\",\"name\":\"Foresteel\u00a0: Remorques basculantes et ramasseurs de feuilles haut de gamme, nettoyeurs haute pression mobiles et solutions d'arrosage\",\"description\":\"Foresteel.\",\"publisher\":{\"@id\":\"https:\/\/foresteel.eu\/#organization\"},\"potentialAction\":[{\"@type\":\"SearchAction\",\"target\":{\"@type\":\"EntryPoint\",\"urlTemplate\":\"https:\/\/foresteel.eu\/?s={search_term_string}\"},\"query-input\":{\"@type\":\"PropertyValueSpecification\",\"valueRequired\":true,\"valueName\":\"search_term_string\"}}],\"inLanguage\":\"fr-FR\"},{\"@type\":\"Organization\",\"@id\":\"https:\/\/foresteel.eu\/#organization\",\"name\":\"Foresteel\",\"url\":\"https:\/\/foresteel.eu\/\",\"logo\":{\"@type\":\"ImageObject\",\"inLanguage\":\"fr-FR\",\"@id\":\"https:\/\/foresteel.eu\/#\/schema\/logo\/image\/\",\"url\":\"https:\/\/foresteel.eu\/wp-content\/uploads\/2022\/02\/header-logo.png\",\"contentUrl\":\"https:\/\/foresteel.eu\/wp-content\/uploads\/2022\/02\/header-logo.png\",\"width\":233,\"height\":60,\"caption\":\"Foresteel\"},\"image\":{\"@id\":\"https:\/\/foresteel.eu\/#\/schema\/logo\/image\/\"},\"sameAs\":[\"https:\/\/www.facebook.com\/foresteel.eu\/\",\"https:\/\/www.instagram.com\/foresteel\/\",\"https:\/\/www.youtube.com\/channel\/UCnGStzIvsDkYmZ7T1bwH6og\"]}]}<\/script>\n<!-- \/ Yoast SEO plugin. -->","yoast_head_json":{"title":"Paiements - Foresteel\u00a0: Remorques basculantes et ramasseurs de feuilles haut de gamme, nettoyeurs haute pression mobiles et solutions d'arrosage","robots":{"index":"index","follow":"follow","max-snippet":"max-snippet:-1","max-image-preview":"max-image-preview:large","max-video-preview":"max-video-preview:-1"},"canonical":"https:\/\/foresteel.eu\/fr\/paiements\/","og_locale":"fr_FR","og_type":"article","og_title":"Paiements - Foresteel\u00a0: Remorques basculantes et ramasseurs de feuilles haut de gamme, nettoyeurs haute pression mobiles et solutions d'arrosage","og_description":"Paiement Les modes de paiement suivants sont disponibles Europe et monde entier : PAIEMENT PAR CARTE (carte de cr\u00e9dit ou de d\u00e9bit ; VISA, MASTERCARD etc.) Virement bancaire direct \/ Virement bancaire (facture ; dans le monde entier) En outre, dans les \u00c9tats baltes et en Finlande : Paiement Banklink (\u00c9tats baltes et Finlande) BNPL [&hellip;]","og_url":"https:\/\/foresteel.eu\/fr\/paiements\/","og_site_name":"Foresteel\u00a0: Remorques basculantes et ramasseurs de feuilles haut de gamme, nettoyeurs haute pression mobiles et solutions d'arrosage","article_publisher":"https:\/\/www.facebook.com\/foresteel.eu\/","article_modified_time":"2025-01-08T08:52:12+00:00","twitter_card":"summary_large_image","twitter_misc":{"Dur\u00e9e de lecture estim\u00e9e":"3 minutes"},"schema":{"@context":"https:\/\/schema.org","@graph":[{"@type":"WebPage","@id":"https:\/\/foresteel.eu\/fr\/paiements\/","url":"https:\/\/foresteel.eu\/fr\/paiements\/","name":"Paiements - Foresteel\u00a0: Remorques basculantes et ramasseurs de feuilles haut de gamme, nettoyeurs haute pression mobiles et solutions d'arrosage","isPartOf":{"@id":"https:\/\/foresteel.eu\/#website"},"datePublished":"2024-11-21T10:43:40+00:00","dateModified":"2025-01-08T08:52:12+00:00","breadcrumb":{"@id":"https:\/\/foresteel.eu\/fr\/paiements\/#breadcrumb"},"inLanguage":"fr-FR","potentialAction":[{"@type":"ReadAction","target":["https:\/\/foresteel.eu\/fr\/paiements\/"]}]},{"@type":"BreadcrumbList","@id":"https:\/\/foresteel.eu\/fr\/paiements\/#breadcrumb","itemListElement":[{"@type":"ListItem","position":1,"name":"Home","item":"https:\/\/foresteel.eu\/fr\/home\/"},{"@type":"ListItem","position":2,"name":"Paiements"}]},{"@type":"WebSite","@id":"https:\/\/foresteel.eu\/#website","url":"https:\/\/foresteel.eu\/","name":"Foresteel\u00a0: Remorques basculantes et ramasseurs de feuilles haut de gamme, nettoyeurs haute pression mobiles et solutions d'arrosage","description":"Foresteel.","publisher":{"@id":"https:\/\/foresteel.eu\/#organization"},"potentialAction":[{"@type":"SearchAction","target":{"@type":"EntryPoint","urlTemplate":"https:\/\/foresteel.eu\/?s={search_term_string}"},"query-input":{"@type":"PropertyValueSpecification","valueRequired":true,"valueName":"search_term_string"}}],"inLanguage":"fr-FR"},{"@type":"Organization","@id":"https:\/\/foresteel.eu\/#organization","name":"Foresteel","url":"https:\/\/foresteel.eu\/","logo":{"@type":"ImageObject","inLanguage":"fr-FR","@id":"https:\/\/foresteel.eu\/#\/schema\/logo\/image\/","url":"https:\/\/foresteel.eu\/wp-content\/uploads\/2022\/02\/header-logo.png","contentUrl":"https:\/\/foresteel.eu\/wp-content\/uploads\/2022\/02\/header-logo.png","width":233,"height":60,"caption":"Foresteel"},"image":{"@id":"https:\/\/foresteel.eu\/#\/schema\/logo\/image\/"},"sameAs":["https:\/\/www.facebook.com\/foresteel.eu\/","https:\/\/www.instagram.com\/foresteel\/","https:\/\/www.youtube.com\/channel\/UCnGStzIvsDkYmZ7T1bwH6og"]}]}},"_links":{"self":[{"href":"https:\/\/foresteel.eu\/fr\/wp-json\/wp\/v2\/pages\/21137","targetHints":{"allow":["GET"]}}],"collection":[{"href":"https:\/\/foresteel.eu\/fr\/wp-json\/wp\/v2\/pages"}],"about":[{"href":"https:\/\/foresteel.eu\/fr\/wp-json\/wp\/v2\/types\/page"}],"author":[{"embeddable":true,"href":"https:\/\/foresteel.eu\/fr\/wp-json\/wp\/v2\/users\/2"}],"replies":[{"embeddable":true,"href":"https:\/\/foresteel.eu\/fr\/wp-json\/wp\/v2\/comments?post=21137"}],"version-history":[{"count":1,"href":"https:\/\/foresteel.eu\/fr\/wp-json\/wp\/v2\/pages\/21137\/revisions"}],"predecessor-version":[{"id":21138,"href":"https:\/\/foresteel.eu\/fr\/wp-json\/wp\/v2\/pages\/21137\/revisions\/21138"}],"wp:attachment":[{"href":"https:\/\/foresteel.eu\/fr\/wp-json\/wp\/v2\/media?parent=21137"}],"curies":[{"name":"wp","href":"https:\/\/api.w.org\/{rel}","templated":true}]}}