{"id":29171,"date":"2026-02-16T10:30:38","date_gmt":"2026-02-16T07:30:38","guid":{"rendered":"https:\/\/foresteel.eu\/?post_type=product&#038;p=29171"},"modified":"2026-02-16T13:26:50","modified_gmt":"2026-02-16T10:26:50","slug":"midvac-g2-leheimur-prahiimur","status":"publish","type":"product","link":"https:\/\/foresteel.eu\/et\/toode\/midvac-g2-leheimur-prahiimur\/","title":{"rendered":"MIDvac G2 Leheimur \/ Prahiimur"},"content":{"rendered":"<p><span style=\"color: #ff0000;\"><em><strong>Enimm\u00fc\u00fcdud mudel: MIDvac-EL<br \/>\n<\/strong><\/em><\/span><strong>K\u00f5rge efektiivsusega professionaalsed lehe- ja prahiimurid lehtede, muru ja prahi koristuseks.<br \/>\n<\/strong><strong>Briggs &amp; Stratton Vanguard <\/strong><strong>mootoritega <\/strong>ning <strong>Hardox-turbiini<\/strong>, <strong>purustustera ja vahetatava<\/strong> <strong>Hardox kulumisvoodriga (sisesaale) varustatud<\/strong>Foresteel leheimurid tagavad stabiilse imemisv\u00f5imsuse ja madalad kasutuskulud. M\u00f5eldud igap\u00e4evaseks professionaalseks kasutuseks ning paindlikuks paigalduseks haagistele, veokitele ja t\u00f6\u00f6platvormidele.<\/p>\n<p><strong>MIDvac 14 hj (n\u00fc\u00fcd Vanguard mootoriga)<\/strong> on mitmek\u00fclgne valik igap\u00e4evaseks professionaalseks koristust\u00f6\u00f6ks, pakkudes t\u00f5husat j\u00f5udlust ja madalaid kasutuskulusid t\u00fc\u00fcpiliste lehe- ja prahirakenduste jaoks.<\/p>\n<p>Vaadake <strong>standard<\/strong>&#8211; ja <strong>lisavarustust <\/strong>all.<\/p>\n<p>Optimeeritud tsentrifugaalturbiin ja \u00f5huvoolu d\u00fcnaamika tagavad materjali t\u00f5husa transpordi ning stabiilse kogumisj\u00f5udluse professionaalses kasutuses.<\/p>\n","protected":false},"excerpt":{"rendered":"<p><span style=\"color: #ff0000;\"><em><strong>Enimm\u00fc\u00fcdud: MIDvac-EL<\/strong><\/em><\/span><br \/>\nK\u00f5rge efektiivsusega professionaalsed prahiimurid lehtede, muru ja prahi koristuseks. <strong>Briggs &amp; Stratton Vanguard<\/strong> <strong>mootoritega <\/strong>ning <strong>Hardox-turbiini<\/strong>, <strong>purustustera ja vahetatava<\/strong> <strong>Hardox kulumisvoodriga ehitatud<\/strong> Foresteel leheimurid tagavad stabiilse imemisv\u00f5imsuse ja madalad eluts\u00fckli kasutuskulud.<\/p>\n<p>M\u00f5eldud igap\u00e4evaseks professionaalseks kasutuseks ning paindlikuks paigalduseks haagistele, veokitele ja t\u00f6\u00f6platvormidele.<\/p>\n<p><strong>MIDvac 14 hj elektrik\u00e4ivitusega mootoriga<\/strong> on mitmek\u00fclgne valik igap\u00e4evaseks professionaalseks koristust\u00f6\u00f6ks, pakkudes t\u00f5husat j\u00f5udlust ja madalaid kasutuskulusid t\u00fc\u00fcpiliste lehe- ja prahirakenduste jaoks.<\/p>\n<p>Vaata allpool standard- ja lisavarustust.<\/p>\n","protected":false},"featured_media":29281,"template":"","meta":{"_acf_changed":false},"product_brand":[],"product_cat":[713],"product_tag":[587,583,584,586,585],"class_list":{"0":"post-29171","1":"product","2":"type-product","3":"status-publish","4":"has-post-thumbnail","6":"product_cat-leheimurid-prahiimurid","7":"product_tag-foresteeli-leheimur","8":"product_tag-leheimur","9":"product_tag-prahiimur","10":"product_tag-purusti","11":"product_tag-vanguard","12":"tm-has-options","13":"member-discount","14":"discount-restricted","16":"first","17":"instock","18":"taxable","19":"shipping-taxable","20":"purchasable","21":"product-type-simple"},"acf":[],"yoast_head":"<!-- This site is optimized with the Yoast SEO plugin v27.4 - https:\/\/yoast.com\/product\/yoast-seo-wordpress\/ -->\n<title>MIDvac G2 Leheimur \/ Prahiimur - Foresteel: Leheimurid, lehekoristushaagised, leheimur-haagised, mobiilsed kastmise- ja survepesu seadmed. Eestis toodetud.<\/title>\n<meta name=\"robots\" content=\"index, follow, max-snippet:-1, max-image-preview:large, max-video-preview:-1\" \/>\n<link rel=\"canonical\" href=\"https:\/\/foresteel.eu\/et\/toode\/midvac-g2-leheimur-prahiimur\/\" \/>\n<meta property=\"og:locale\" content=\"et_EE\" \/>\n<meta property=\"og:type\" content=\"article\" \/>\n<meta property=\"og:title\" content=\"MIDvac G2 Leheimur \/ Prahiimur - Foresteel: Leheimurid, lehekoristushaagised, leheimur-haagised, mobiilsed kastmise- ja survepesu seadmed. Eestis toodetud.\" \/>\n<meta property=\"og:description\" content=\"Enimm\u00fc\u00fcdud: MIDvac-EL K\u00f5rge efektiivsusega professionaalsed prahiimurid lehtede, muru ja prahi koristuseks. Briggs &amp; Stratton Vanguard mootoritega ning Hardox-turbiini, purustustera ja vahetatava Hardox kulumisvoodriga ehitatud Foresteel leheimurid tagavad stabiilse imemisv\u00f5imsuse ja madalad eluts\u00fckli kasutuskulud.  M\u00f5eldud igap\u00e4evaseks professionaalseks kasutuseks ning paindlikuks paigalduseks haagistele, veokitele ja t\u00f6\u00f6platvormidele.  MIDvac 14 hj elektrik\u00e4ivitusega mootoriga on mitmek\u00fclgne valik igap\u00e4evaseks professionaalseks koristust\u00f6\u00f6ks, pakkudes t\u00f5husat j\u00f5udlust ja madalaid kasutuskulusid t\u00fc\u00fcpiliste lehe- ja prahirakenduste jaoks.  Vaata allpool standard- ja lisavarustust.\" \/>\n<meta property=\"og:url\" content=\"https:\/\/foresteel.eu\/et\/toode\/midvac-g2-leheimur-prahiimur\/\" \/>\n<meta property=\"og:site_name\" content=\"Foresteel: Leheimurid, lehekoristushaagised, leheimur-haagised, mobiilsed kastmise- ja survepesu seadmed. Eestis toodetud.\" \/>\n<meta property=\"article:publisher\" content=\"https:\/\/www.facebook.com\/foresteel.eu\/\" \/>\n<meta property=\"article:modified_time\" content=\"2026-02-16T10:26:50+00:00\" \/>\n<meta property=\"og:image\" content=\"https:\/\/foresteel.eu\/wp-content\/uploads\/2025\/10\/Foresteel-VAC-G2-MIDvac-SET-2-web.jpg\" \/>\n\t<meta property=\"og:image:width\" content=\"556\" \/>\n\t<meta property=\"og:image:height\" content=\"720\" \/>\n\t<meta property=\"og:image:type\" content=\"image\/jpeg\" \/>\n<meta name=\"twitter:card\" content=\"summary_large_image\" \/>\n<meta name=\"twitter:label1\" content=\"Est. reading time\" \/>\n\t<meta name=\"twitter:data1\" content=\"1 minut\" \/>\n<script type=\"application\/ld+json\" class=\"yoast-schema-graph\">{\"@context\":\"https:\\\/\\\/schema.org\",\"@graph\":[{\"@type\":\"WebPage\",\"@id\":\"https:\\\/\\\/foresteel.eu\\\/et\\\/toode\\\/midvac-g2-leheimur-prahiimur\\\/\",\"url\":\"https:\\\/\\\/foresteel.eu\\\/et\\\/toode\\\/midvac-g2-leheimur-prahiimur\\\/\",\"name\":\"MIDvac G2 Leheimur \\\/ Prahiimur - Foresteel: Leheimurid, lehekoristushaagised, leheimur-haagised, mobiilsed kastmise- ja survepesu seadmed. Eestis toodetud.\",\"isPartOf\":{\"@id\":\"https:\\\/\\\/foresteel.eu\\\/#website\"},\"primaryImageOfPage\":{\"@id\":\"https:\\\/\\\/foresteel.eu\\\/et\\\/toode\\\/midvac-g2-leheimur-prahiimur\\\/#primaryimage\"},\"image\":{\"@id\":\"https:\\\/\\\/foresteel.eu\\\/et\\\/toode\\\/midvac-g2-leheimur-prahiimur\\\/#primaryimage\"},\"thumbnailUrl\":\"https:\\\/\\\/foresteel.eu\\\/wp-content\\\/uploads\\\/2025\\\/10\\\/Foresteel-VAC-G2-MIDvac-SET-2-web.jpg\",\"datePublished\":\"2026-02-16T07:30:38+00:00\",\"dateModified\":\"2026-02-16T10:26:50+00:00\",\"breadcrumb\":{\"@id\":\"https:\\\/\\\/foresteel.eu\\\/et\\\/toode\\\/midvac-g2-leheimur-prahiimur\\\/#breadcrumb\"},\"inLanguage\":\"et\",\"potentialAction\":[{\"@type\":\"ReadAction\",\"target\":[\"https:\\\/\\\/foresteel.eu\\\/et\\\/toode\\\/midvac-g2-leheimur-prahiimur\\\/\"]}]},{\"@type\":\"ImageObject\",\"inLanguage\":\"et\",\"@id\":\"https:\\\/\\\/foresteel.eu\\\/et\\\/toode\\\/midvac-g2-leheimur-prahiimur\\\/#primaryimage\",\"url\":\"https:\\\/\\\/foresteel.eu\\\/wp-content\\\/uploads\\\/2025\\\/10\\\/Foresteel-VAC-G2-MIDvac-SET-2-web.jpg\",\"contentUrl\":\"https:\\\/\\\/foresteel.eu\\\/wp-content\\\/uploads\\\/2025\\\/10\\\/Foresteel-VAC-G2-MIDvac-SET-2-web.jpg\",\"width\":556,\"height\":720},{\"@type\":\"BreadcrumbList\",\"@id\":\"https:\\\/\\\/foresteel.eu\\\/et\\\/toode\\\/midvac-g2-leheimur-prahiimur\\\/#breadcrumb\",\"itemListElement\":[{\"@type\":\"ListItem\",\"position\":1,\"name\":\"Home\",\"item\":\"https:\\\/\\\/foresteel.eu\\\/et\\\/home\\\/\"},{\"@type\":\"ListItem\",\"position\":2,\"name\":\"Pood\",\"item\":\"https:\\\/\\\/foresteel.eu\\\/et\\\/pood\\\/\"},{\"@type\":\"ListItem\",\"position\":3,\"name\":\"MIDvac G2 Leheimur \\\/ Prahiimur\"}]},{\"@type\":\"WebSite\",\"@id\":\"https:\\\/\\\/foresteel.eu\\\/#website\",\"url\":\"https:\\\/\\\/foresteel.eu\\\/\",\"name\":\"Foresteel: Leheimurid, lehekoristushaagised, leheimur-haagised, mobiilsed kastmise- ja survepesu seadmed. Eestis toodetud.\",\"description\":\"Foresteel.\",\"publisher\":{\"@id\":\"https:\\\/\\\/foresteel.eu\\\/#organization\"},\"potentialAction\":[{\"@type\":\"SearchAction\",\"target\":{\"@type\":\"EntryPoint\",\"urlTemplate\":\"https:\\\/\\\/foresteel.eu\\\/?s={search_term_string}\"},\"query-input\":{\"@type\":\"PropertyValueSpecification\",\"valueRequired\":true,\"valueName\":\"search_term_string\"}}],\"inLanguage\":\"et\"},{\"@type\":\"Organization\",\"@id\":\"https:\\\/\\\/foresteel.eu\\\/#organization\",\"name\":\"Foresteel\",\"url\":\"https:\\\/\\\/foresteel.eu\\\/\",\"logo\":{\"@type\":\"ImageObject\",\"inLanguage\":\"et\",\"@id\":\"https:\\\/\\\/foresteel.eu\\\/#\\\/schema\\\/logo\\\/image\\\/\",\"url\":\"https:\\\/\\\/foresteel.eu\\\/wp-content\\\/uploads\\\/2022\\\/02\\\/header-logo.png\",\"contentUrl\":\"https:\\\/\\\/foresteel.eu\\\/wp-content\\\/uploads\\\/2022\\\/02\\\/header-logo.png\",\"width\":233,\"height\":60,\"caption\":\"Foresteel\"},\"image\":{\"@id\":\"https:\\\/\\\/foresteel.eu\\\/#\\\/schema\\\/logo\\\/image\\\/\"},\"sameAs\":[\"https:\\\/\\\/www.facebook.com\\\/foresteel.eu\\\/\",\"https:\\\/\\\/www.instagram.com\\\/foresteel\\\/\",\"https:\\\/\\\/www.youtube.com\\\/channel\\\/UCnGStzIvsDkYmZ7T1bwH6og\"]}]}<\/script>\n<!-- \/ Yoast SEO plugin. -->","yoast_head_json":{"title":"MIDvac G2 Leheimur \/ Prahiimur - Foresteel: Leheimurid, lehekoristushaagised, leheimur-haagised, mobiilsed kastmise- ja survepesu seadmed. Eestis toodetud.","robots":{"index":"index","follow":"follow","max-snippet":"max-snippet:-1","max-image-preview":"max-image-preview:large","max-video-preview":"max-video-preview:-1"},"canonical":"https:\/\/foresteel.eu\/et\/toode\/midvac-g2-leheimur-prahiimur\/","og_locale":"et_EE","og_type":"article","og_title":"MIDvac G2 Leheimur \/ Prahiimur - Foresteel: Leheimurid, lehekoristushaagised, leheimur-haagised, mobiilsed kastmise- ja survepesu seadmed. Eestis toodetud.","og_description":"Enimm\u00fc\u00fcdud: MIDvac-EL K\u00f5rge efektiivsusega professionaalsed prahiimurid lehtede, muru ja prahi koristuseks. Briggs &amp; Stratton Vanguard mootoritega ning Hardox-turbiini, purustustera ja vahetatava Hardox kulumisvoodriga ehitatud Foresteel leheimurid tagavad stabiilse imemisv\u00f5imsuse ja madalad eluts\u00fckli kasutuskulud.  M\u00f5eldud igap\u00e4evaseks professionaalseks kasutuseks ning paindlikuks paigalduseks haagistele, veokitele ja t\u00f6\u00f6platvormidele.  MIDvac 14 hj elektrik\u00e4ivitusega mootoriga on mitmek\u00fclgne valik igap\u00e4evaseks professionaalseks koristust\u00f6\u00f6ks, pakkudes t\u00f5husat j\u00f5udlust ja madalaid kasutuskulusid t\u00fc\u00fcpiliste lehe- ja prahirakenduste jaoks.  Vaata allpool standard- ja lisavarustust.","og_url":"https:\/\/foresteel.eu\/et\/toode\/midvac-g2-leheimur-prahiimur\/","og_site_name":"Foresteel: Leheimurid, lehekoristushaagised, leheimur-haagised, mobiilsed kastmise- ja survepesu seadmed. Eestis toodetud.","article_publisher":"https:\/\/www.facebook.com\/foresteel.eu\/","article_modified_time":"2026-02-16T10:26:50+00:00","og_image":[{"width":556,"height":720,"url":"https:\/\/foresteel.eu\/wp-content\/uploads\/2025\/10\/Foresteel-VAC-G2-MIDvac-SET-2-web.jpg","type":"image\/jpeg"}],"twitter_card":"summary_large_image","twitter_misc":{"Est. reading time":"1 minut"},"schema":{"@context":"https:\/\/schema.org","@graph":[{"@type":"WebPage","@id":"https:\/\/foresteel.eu\/et\/toode\/midvac-g2-leheimur-prahiimur\/","url":"https:\/\/foresteel.eu\/et\/toode\/midvac-g2-leheimur-prahiimur\/","name":"MIDvac G2 Leheimur \/ Prahiimur - Foresteel: Leheimurid, lehekoristushaagised, leheimur-haagised, mobiilsed kastmise- ja survepesu seadmed. Eestis toodetud.","isPartOf":{"@id":"https:\/\/foresteel.eu\/#website"},"primaryImageOfPage":{"@id":"https:\/\/foresteel.eu\/et\/toode\/midvac-g2-leheimur-prahiimur\/#primaryimage"},"image":{"@id":"https:\/\/foresteel.eu\/et\/toode\/midvac-g2-leheimur-prahiimur\/#primaryimage"},"thumbnailUrl":"https:\/\/foresteel.eu\/wp-content\/uploads\/2025\/10\/Foresteel-VAC-G2-MIDvac-SET-2-web.jpg","datePublished":"2026-02-16T07:30:38+00:00","dateModified":"2026-02-16T10:26:50+00:00","breadcrumb":{"@id":"https:\/\/foresteel.eu\/et\/toode\/midvac-g2-leheimur-prahiimur\/#breadcrumb"},"inLanguage":"et","potentialAction":[{"@type":"ReadAction","target":["https:\/\/foresteel.eu\/et\/toode\/midvac-g2-leheimur-prahiimur\/"]}]},{"@type":"ImageObject","inLanguage":"et","@id":"https:\/\/foresteel.eu\/et\/toode\/midvac-g2-leheimur-prahiimur\/#primaryimage","url":"https:\/\/foresteel.eu\/wp-content\/uploads\/2025\/10\/Foresteel-VAC-G2-MIDvac-SET-2-web.jpg","contentUrl":"https:\/\/foresteel.eu\/wp-content\/uploads\/2025\/10\/Foresteel-VAC-G2-MIDvac-SET-2-web.jpg","width":556,"height":720},{"@type":"BreadcrumbList","@id":"https:\/\/foresteel.eu\/et\/toode\/midvac-g2-leheimur-prahiimur\/#breadcrumb","itemListElement":[{"@type":"ListItem","position":1,"name":"Home","item":"https:\/\/foresteel.eu\/et\/home\/"},{"@type":"ListItem","position":2,"name":"Pood","item":"https:\/\/foresteel.eu\/et\/pood\/"},{"@type":"ListItem","position":3,"name":"MIDvac G2 Leheimur \/ Prahiimur"}]},{"@type":"WebSite","@id":"https:\/\/foresteel.eu\/#website","url":"https:\/\/foresteel.eu\/","name":"Foresteel: Leheimurid, lehekoristushaagised, leheimur-haagised, mobiilsed kastmise- ja survepesu seadmed. Eestis toodetud.","description":"Foresteel.","publisher":{"@id":"https:\/\/foresteel.eu\/#organization"},"potentialAction":[{"@type":"SearchAction","target":{"@type":"EntryPoint","urlTemplate":"https:\/\/foresteel.eu\/?s={search_term_string}"},"query-input":{"@type":"PropertyValueSpecification","valueRequired":true,"valueName":"search_term_string"}}],"inLanguage":"et"},{"@type":"Organization","@id":"https:\/\/foresteel.eu\/#organization","name":"Foresteel","url":"https:\/\/foresteel.eu\/","logo":{"@type":"ImageObject","inLanguage":"et","@id":"https:\/\/foresteel.eu\/#\/schema\/logo\/image\/","url":"https:\/\/foresteel.eu\/wp-content\/uploads\/2022\/02\/header-logo.png","contentUrl":"https:\/\/foresteel.eu\/wp-content\/uploads\/2022\/02\/header-logo.png","width":233,"height":60,"caption":"Foresteel"},"image":{"@id":"https:\/\/foresteel.eu\/#\/schema\/logo\/image\/"},"sameAs":["https:\/\/www.facebook.com\/foresteel.eu\/","https:\/\/www.instagram.com\/foresteel\/","https:\/\/www.youtube.com\/channel\/UCnGStzIvsDkYmZ7T1bwH6og"]}]}},"_links":{"self":[{"href":"https:\/\/foresteel.eu\/et\/wp-json\/wp\/v2\/product\/29171","targetHints":{"allow":["GET"]}}],"collection":[{"href":"https:\/\/foresteel.eu\/et\/wp-json\/wp\/v2\/product"}],"about":[{"href":"https:\/\/foresteel.eu\/et\/wp-json\/wp\/v2\/types\/product"}],"version-history":[{"count":7,"href":"https:\/\/foresteel.eu\/et\/wp-json\/wp\/v2\/product\/29171\/revisions"}],"predecessor-version":[{"id":29347,"href":"https:\/\/foresteel.eu\/et\/wp-json\/wp\/v2\/product\/29171\/revisions\/29347"}],"wp:featuredmedia":[{"embeddable":true,"href":"https:\/\/foresteel.eu\/et\/wp-json\/wp\/v2\/media\/29281"}],"wp:attachment":[{"href":"https:\/\/foresteel.eu\/et\/wp-json\/wp\/v2\/media?parent=29171"}],"wp:term":[{"taxonomy":"product_brand","embeddable":true,"href":"https:\/\/foresteel.eu\/et\/wp-json\/wp\/v2\/product_brand?post=29171"},{"taxonomy":"product_cat","embeddable":true,"href":"https:\/\/foresteel.eu\/et\/wp-json\/wp\/v2\/product_cat?post=29171"},{"taxonomy":"product_tag","embeddable":true,"href":"https:\/\/foresteel.eu\/et\/wp-json\/wp\/v2\/product_tag?post=29171"}],"curies":[{"name":"wp","href":"https:\/\/api.w.org\/{rel}","templated":true}]}}