{"id":18225,"date":"2022-06-02T20:07:35","date_gmt":"2022-06-02T20:07:35","guid":{"rendered":"https:\/\/foresteel.eu\/product\/plattform-bauweise-mit-eckpfosten\/"},"modified":"2023-01-16T17:03:11","modified_gmt":"2023-01-16T14:03:11","slug":"platvormtuupi-kast-nurgapostidega","status":"publish","type":"product","link":"https:\/\/foresteel.eu\/et\/toode\/platvormtuupi-kast-nurgapostidega\/","title":{"rendered":"Platvormt\u00fc\u00fcpi kast nurgapostidega"},"content":{"rendered":"","protected":false},"excerpt":{"rendered":"<p><span data-sheets-value=\"{&quot;1&quot;:2,&quot;2&quot;:&quot;Multifunktsionaalne kast laialdaste kasutusviiside jaoks. Pange t\u00e4hele, et paljudel alternatiivtoodetel ei ole nurgaposte kasutatud.\\n\\nNurgapostid v\u00f5imaldavad aga lukustada k\u00f5iki portesid eraldiseisvalt, mis tagab, et k\u00fclgpaneelid ei vaju laiali kui tagumise luugi avate. Eriti kui veate puistematerjale. \\nSee suurendab kasutusohutust ja mugavust, samuti v\u00f5imaldab ilma taga ja esiluugita k\u00fclgportedele koormust toetada!&quot;}\" data-sheets-userformat=\"{&quot;2&quot;:769,&quot;3&quot;:{&quot;1&quot;:0},&quot;11&quot;:4,&quot;12&quot;:0}\">Multifunktsionaalne kast laialdaste kasutusviiside jaoks. Pange t\u00e4hele, et paljudel alternatiivtoodetel ei ole nurgaposte kasutatud.<\/span><\/p>\n<p><span data-sheets-value=\"{&quot;1&quot;:2,&quot;2&quot;:&quot;Multifunktsionaalne kast laialdaste kasutusviiside jaoks. Pange t\u00e4hele, et paljudel alternatiivtoodetel ei ole nurgaposte kasutatud.\\n\\nNurgapostid v\u00f5imaldavad aga lukustada k\u00f5iki portesid eraldiseisvalt, mis tagab, et k\u00fclgpaneelid ei vaju laiali kui tagumise luugi avate. Eriti kui veate puistematerjale. \\nSee suurendab kasutusohutust ja mugavust, samuti v\u00f5imaldab ilma taga ja esiluugita k\u00fclgportedele koormust toetada!&quot;}\" data-sheets-userformat=\"{&quot;2&quot;:769,&quot;3&quot;:{&quot;1&quot;:0},&quot;11&quot;:4,&quot;12&quot;:0}\">Nurgapostid v\u00f5imaldavad aga lukustada k\u00f5iki portesid eraldiseisvalt, mis tagab, et k\u00fclgpaneelid ei vaju laiali kui tagumise luugi avate. Eriti kui veate puistematerjale.<br \/>\nSee suurendab kasutusohutust ja mugavust, samuti v\u00f5imaldab ilma taga ja esiluugita k\u00fclgportedele koormust toetada!<\/span><\/p>\n","protected":false},"featured_media":13428,"template":"","meta":{"_acf_changed":false},"product_brand":[],"product_cat":[146],"product_tag":[],"class_list":{"0":"post-18225","1":"product","2":"type-product","3":"status-publish","4":"has-post-thumbnail","6":"product_cat-standard-varustus","7":"tm-has-options","8":"member-discount","9":"discount-restricted","11":"first","12":"instock","13":"taxable","14":"shipping-taxable","15":"purchasable","16":"product-type-simple"},"acf":[],"yoast_head":"<!-- This site is optimized with the Yoast SEO plugin v26.3 - https:\/\/yoast.com\/wordpress\/plugins\/seo\/ -->\n<title>Platvormt\u00fc\u00fcpi kast nurgapostidega - Foresteel: Leheimurid, lehekoristushaagised, leheimur-haagised, mobiilsed kastmise- ja survepesu seadmed. Eestis toodetud.<\/title>\n<meta name=\"robots\" content=\"index, follow, max-snippet:-1, max-image-preview:large, max-video-preview:-1\" \/>\n<link rel=\"canonical\" href=\"https:\/\/foresteel.eu\/et\/toode\/platvormtuupi-kast-nurgapostidega\/\" \/>\n<meta property=\"og:locale\" content=\"et_EE\" \/>\n<meta property=\"og:type\" content=\"article\" \/>\n<meta property=\"og:title\" content=\"Platvormt\u00fc\u00fcpi kast nurgapostidega - Foresteel: Leheimurid, lehekoristushaagised, leheimur-haagised, mobiilsed kastmise- ja survepesu seadmed. Eestis toodetud.\" \/>\n<meta property=\"og:description\" content=\"Multifunktsionaalne kast laialdaste kasutusviiside jaoks. Pange t\u00e4hele, et paljudel alternatiivtoodetel ei ole nurgaposte kasutatud.  Nurgapostid v\u00f5imaldavad aga lukustada k\u00f5iki portesid eraldiseisvalt, mis tagab, et k\u00fclgpaneelid ei vaju laiali kui tagumise luugi avate. Eriti kui veate puistematerjale. See suurendab kasutusohutust ja mugavust, samuti v\u00f5imaldab ilma taga ja esiluugita k\u00fclgportedele koormust toetada!\" \/>\n<meta property=\"og:url\" content=\"https:\/\/foresteel.eu\/et\/toode\/platvormtuupi-kast-nurgapostidega\/\" \/>\n<meta property=\"og:site_name\" content=\"Foresteel: Leheimurid, lehekoristushaagised, leheimur-haagised, mobiilsed kastmise- ja survepesu seadmed. Eestis toodetud.\" \/>\n<meta property=\"article:publisher\" content=\"https:\/\/www.facebook.com\/foresteel.eu\/\" \/>\n<meta property=\"article:modified_time\" content=\"2023-01-16T14:03:11+00:00\" \/>\n<meta property=\"og:image\" content=\"https:\/\/foresteel.eu\/wp-content\/uploads\/2022\/05\/foresteel-platform-body.jpg\" \/>\n\t<meta property=\"og:image:width\" content=\"750\" \/>\n\t<meta property=\"og:image:height\" content=\"500\" \/>\n\t<meta property=\"og:image:type\" content=\"image\/jpeg\" \/>\n<meta name=\"twitter:card\" content=\"summary_large_image\" \/>\n<script type=\"application\/ld+json\" class=\"yoast-schema-graph\">{\"@context\":\"https:\/\/schema.org\",\"@graph\":[{\"@type\":\"WebPage\",\"@id\":\"https:\/\/foresteel.eu\/et\/toode\/platvormtuupi-kast-nurgapostidega\/\",\"url\":\"https:\/\/foresteel.eu\/et\/toode\/platvormtuupi-kast-nurgapostidega\/\",\"name\":\"Platvormt\u00fc\u00fcpi kast nurgapostidega - Foresteel: Leheimurid, lehekoristushaagised, leheimur-haagised, mobiilsed kastmise- ja survepesu seadmed. Eestis toodetud.\",\"isPartOf\":{\"@id\":\"https:\/\/foresteel.eu\/#website\"},\"primaryImageOfPage\":{\"@id\":\"https:\/\/foresteel.eu\/et\/toode\/platvormtuupi-kast-nurgapostidega\/#primaryimage\"},\"image\":{\"@id\":\"https:\/\/foresteel.eu\/et\/toode\/platvormtuupi-kast-nurgapostidega\/#primaryimage\"},\"thumbnailUrl\":\"https:\/\/foresteel.eu\/wp-content\/uploads\/2022\/05\/foresteel-platform-body.jpg\",\"datePublished\":\"2022-06-02T20:07:35+00:00\",\"dateModified\":\"2023-01-16T14:03:11+00:00\",\"breadcrumb\":{\"@id\":\"https:\/\/foresteel.eu\/et\/toode\/platvormtuupi-kast-nurgapostidega\/#breadcrumb\"},\"inLanguage\":\"et\",\"potentialAction\":[{\"@type\":\"ReadAction\",\"target\":[\"https:\/\/foresteel.eu\/et\/toode\/platvormtuupi-kast-nurgapostidega\/\"]}]},{\"@type\":\"ImageObject\",\"inLanguage\":\"et\",\"@id\":\"https:\/\/foresteel.eu\/et\/toode\/platvormtuupi-kast-nurgapostidega\/#primaryimage\",\"url\":\"https:\/\/foresteel.eu\/wp-content\/uploads\/2022\/05\/foresteel-platform-body.jpg\",\"contentUrl\":\"https:\/\/foresteel.eu\/wp-content\/uploads\/2022\/05\/foresteel-platform-body.jpg\",\"width\":750,\"height\":500},{\"@type\":\"BreadcrumbList\",\"@id\":\"https:\/\/foresteel.eu\/et\/toode\/platvormtuupi-kast-nurgapostidega\/#breadcrumb\",\"itemListElement\":[{\"@type\":\"ListItem\",\"position\":1,\"name\":\"Home\",\"item\":\"https:\/\/foresteel.eu\/et\/home\/\"},{\"@type\":\"ListItem\",\"position\":2,\"name\":\"Pood\",\"item\":\"https:\/\/foresteel.eu\/et\/pood\/\"},{\"@type\":\"ListItem\",\"position\":3,\"name\":\"Platvormt\u00fc\u00fcpi kast nurgapostidega\"}]},{\"@type\":\"WebSite\",\"@id\":\"https:\/\/foresteel.eu\/#website\",\"url\":\"https:\/\/foresteel.eu\/\",\"name\":\"Foresteel: Leheimurid, lehekoristushaagised, leheimur-haagised, mobiilsed kastmise- ja survepesu seadmed. Eestis toodetud.\",\"description\":\"Foresteel.\",\"publisher\":{\"@id\":\"https:\/\/foresteel.eu\/#organization\"},\"potentialAction\":[{\"@type\":\"SearchAction\",\"target\":{\"@type\":\"EntryPoint\",\"urlTemplate\":\"https:\/\/foresteel.eu\/?s={search_term_string}\"},\"query-input\":{\"@type\":\"PropertyValueSpecification\",\"valueRequired\":true,\"valueName\":\"search_term_string\"}}],\"inLanguage\":\"et\"},{\"@type\":\"Organization\",\"@id\":\"https:\/\/foresteel.eu\/#organization\",\"name\":\"Foresteel\",\"url\":\"https:\/\/foresteel.eu\/\",\"logo\":{\"@type\":\"ImageObject\",\"inLanguage\":\"et\",\"@id\":\"https:\/\/foresteel.eu\/#\/schema\/logo\/image\/\",\"url\":\"https:\/\/foresteel.eu\/wp-content\/uploads\/2022\/02\/header-logo.png\",\"contentUrl\":\"https:\/\/foresteel.eu\/wp-content\/uploads\/2022\/02\/header-logo.png\",\"width\":233,\"height\":60,\"caption\":\"Foresteel\"},\"image\":{\"@id\":\"https:\/\/foresteel.eu\/#\/schema\/logo\/image\/\"},\"sameAs\":[\"https:\/\/www.facebook.com\/foresteel.eu\/\",\"https:\/\/www.instagram.com\/foresteel\/\",\"https:\/\/www.youtube.com\/channel\/UCnGStzIvsDkYmZ7T1bwH6og\"]}]}<\/script>\n<!-- \/ Yoast SEO plugin. -->","yoast_head_json":{"title":"Platvormt\u00fc\u00fcpi kast nurgapostidega - Foresteel: Leheimurid, lehekoristushaagised, leheimur-haagised, mobiilsed kastmise- ja survepesu seadmed. Eestis toodetud.","robots":{"index":"index","follow":"follow","max-snippet":"max-snippet:-1","max-image-preview":"max-image-preview:large","max-video-preview":"max-video-preview:-1"},"canonical":"https:\/\/foresteel.eu\/et\/toode\/platvormtuupi-kast-nurgapostidega\/","og_locale":"et_EE","og_type":"article","og_title":"Platvormt\u00fc\u00fcpi kast nurgapostidega - Foresteel: Leheimurid, lehekoristushaagised, leheimur-haagised, mobiilsed kastmise- ja survepesu seadmed. Eestis toodetud.","og_description":"Multifunktsionaalne kast laialdaste kasutusviiside jaoks. Pange t\u00e4hele, et paljudel alternatiivtoodetel ei ole nurgaposte kasutatud.  Nurgapostid v\u00f5imaldavad aga lukustada k\u00f5iki portesid eraldiseisvalt, mis tagab, et k\u00fclgpaneelid ei vaju laiali kui tagumise luugi avate. Eriti kui veate puistematerjale. See suurendab kasutusohutust ja mugavust, samuti v\u00f5imaldab ilma taga ja esiluugita k\u00fclgportedele koormust toetada!","og_url":"https:\/\/foresteel.eu\/et\/toode\/platvormtuupi-kast-nurgapostidega\/","og_site_name":"Foresteel: Leheimurid, lehekoristushaagised, leheimur-haagised, mobiilsed kastmise- ja survepesu seadmed. Eestis toodetud.","article_publisher":"https:\/\/www.facebook.com\/foresteel.eu\/","article_modified_time":"2023-01-16T14:03:11+00:00","og_image":[{"width":750,"height":500,"url":"https:\/\/foresteel.eu\/wp-content\/uploads\/2022\/05\/foresteel-platform-body.jpg","type":"image\/jpeg"}],"twitter_card":"summary_large_image","schema":{"@context":"https:\/\/schema.org","@graph":[{"@type":"WebPage","@id":"https:\/\/foresteel.eu\/et\/toode\/platvormtuupi-kast-nurgapostidega\/","url":"https:\/\/foresteel.eu\/et\/toode\/platvormtuupi-kast-nurgapostidega\/","name":"Platvormt\u00fc\u00fcpi kast nurgapostidega - Foresteel: Leheimurid, lehekoristushaagised, leheimur-haagised, mobiilsed kastmise- ja survepesu seadmed. Eestis toodetud.","isPartOf":{"@id":"https:\/\/foresteel.eu\/#website"},"primaryImageOfPage":{"@id":"https:\/\/foresteel.eu\/et\/toode\/platvormtuupi-kast-nurgapostidega\/#primaryimage"},"image":{"@id":"https:\/\/foresteel.eu\/et\/toode\/platvormtuupi-kast-nurgapostidega\/#primaryimage"},"thumbnailUrl":"https:\/\/foresteel.eu\/wp-content\/uploads\/2022\/05\/foresteel-platform-body.jpg","datePublished":"2022-06-02T20:07:35+00:00","dateModified":"2023-01-16T14:03:11+00:00","breadcrumb":{"@id":"https:\/\/foresteel.eu\/et\/toode\/platvormtuupi-kast-nurgapostidega\/#breadcrumb"},"inLanguage":"et","potentialAction":[{"@type":"ReadAction","target":["https:\/\/foresteel.eu\/et\/toode\/platvormtuupi-kast-nurgapostidega\/"]}]},{"@type":"ImageObject","inLanguage":"et","@id":"https:\/\/foresteel.eu\/et\/toode\/platvormtuupi-kast-nurgapostidega\/#primaryimage","url":"https:\/\/foresteel.eu\/wp-content\/uploads\/2022\/05\/foresteel-platform-body.jpg","contentUrl":"https:\/\/foresteel.eu\/wp-content\/uploads\/2022\/05\/foresteel-platform-body.jpg","width":750,"height":500},{"@type":"BreadcrumbList","@id":"https:\/\/foresteel.eu\/et\/toode\/platvormtuupi-kast-nurgapostidega\/#breadcrumb","itemListElement":[{"@type":"ListItem","position":1,"name":"Home","item":"https:\/\/foresteel.eu\/et\/home\/"},{"@type":"ListItem","position":2,"name":"Pood","item":"https:\/\/foresteel.eu\/et\/pood\/"},{"@type":"ListItem","position":3,"name":"Platvormt\u00fc\u00fcpi kast nurgapostidega"}]},{"@type":"WebSite","@id":"https:\/\/foresteel.eu\/#website","url":"https:\/\/foresteel.eu\/","name":"Foresteel: Leheimurid, lehekoristushaagised, leheimur-haagised, mobiilsed kastmise- ja survepesu seadmed. Eestis toodetud.","description":"Foresteel.","publisher":{"@id":"https:\/\/foresteel.eu\/#organization"},"potentialAction":[{"@type":"SearchAction","target":{"@type":"EntryPoint","urlTemplate":"https:\/\/foresteel.eu\/?s={search_term_string}"},"query-input":{"@type":"PropertyValueSpecification","valueRequired":true,"valueName":"search_term_string"}}],"inLanguage":"et"},{"@type":"Organization","@id":"https:\/\/foresteel.eu\/#organization","name":"Foresteel","url":"https:\/\/foresteel.eu\/","logo":{"@type":"ImageObject","inLanguage":"et","@id":"https:\/\/foresteel.eu\/#\/schema\/logo\/image\/","url":"https:\/\/foresteel.eu\/wp-content\/uploads\/2022\/02\/header-logo.png","contentUrl":"https:\/\/foresteel.eu\/wp-content\/uploads\/2022\/02\/header-logo.png","width":233,"height":60,"caption":"Foresteel"},"image":{"@id":"https:\/\/foresteel.eu\/#\/schema\/logo\/image\/"},"sameAs":["https:\/\/www.facebook.com\/foresteel.eu\/","https:\/\/www.instagram.com\/foresteel\/","https:\/\/www.youtube.com\/channel\/UCnGStzIvsDkYmZ7T1bwH6og"]}]}},"_links":{"self":[{"href":"https:\/\/foresteel.eu\/et\/wp-json\/wp\/v2\/product\/18225","targetHints":{"allow":["GET"]}}],"collection":[{"href":"https:\/\/foresteel.eu\/et\/wp-json\/wp\/v2\/product"}],"about":[{"href":"https:\/\/foresteel.eu\/et\/wp-json\/wp\/v2\/types\/product"}],"version-history":[{"count":1,"href":"https:\/\/foresteel.eu\/et\/wp-json\/wp\/v2\/product\/18225\/revisions"}],"predecessor-version":[{"id":18226,"href":"https:\/\/foresteel.eu\/et\/wp-json\/wp\/v2\/product\/18225\/revisions\/18226"}],"wp:featuredmedia":[{"embeddable":true,"href":"https:\/\/foresteel.eu\/et\/wp-json\/wp\/v2\/media\/13428"}],"wp:attachment":[{"href":"https:\/\/foresteel.eu\/et\/wp-json\/wp\/v2\/media?parent=18225"}],"wp:term":[{"taxonomy":"product_brand","embeddable":true,"href":"https:\/\/foresteel.eu\/et\/wp-json\/wp\/v2\/product_brand?post=18225"},{"taxonomy":"product_cat","embeddable":true,"href":"https:\/\/foresteel.eu\/et\/wp-json\/wp\/v2\/product_cat?post=18225"},{"taxonomy":"product_tag","embeddable":true,"href":"https:\/\/foresteel.eu\/et\/wp-json\/wp\/v2\/product_tag?post=18225"}],"curies":[{"name":"wp","href":"https:\/\/api.w.org\/{rel}","templated":true}]}}