{"id":15964,"date":"2022-07-15T08:31:45","date_gmt":"2022-07-15T08:31:45","guid":{"rendered":"https:\/\/foresteel.eu\/?post_type=product&#038;p=15964"},"modified":"2022-07-15T08:46:05","modified_gmt":"2022-07-15T08:46:05","slug":"digitaalne-vooluhulga-mootur","status":"publish","type":"product","link":"https:\/\/foresteel.eu\/et\/toode\/digitaalne-vooluhulga-mootur\/","title":{"rendered":"Digitaalne veevoolu m\u00f5\u00f5tur"},"content":{"rendered":"","protected":false},"excerpt":{"rendered":"<p>Digitaalne veevoolum\u00f5\u00f5tur vooluhulga lihtsaks kontrollimiseks. Koos kastmiss\u00fcsteemige tellimisel lisatakse kastmisk\u00e4epideme k\u00fclge.<br \/>\nLisage kastmisk\u00e4epidemele veevoolum\u00f5\u00f5tur ja minimeerige vee raiskamist ja \u00fclekastmist. Aitab v\u00e4hendada \u00fclekastmist kuni 60%!<\/p>\n<p>*Eraldi tellides on m\u00f5\u00f5tur \u00fchendatava trassi vahele; k\u00fcljes kaks GEKA k\u00fc\u00fcnis\u00fchendust.<\/p>\n","protected":false},"featured_media":15956,"template":"","meta":{"_acf_changed":false},"product_brand":[],"product_cat":[147],"product_tag":[],"class_list":{"0":"post-15964","1":"product","2":"type-product","3":"status-publish","4":"has-post-thumbnail","6":"product_cat-toote-lisavalikud","7":"tm-has-options","8":"member-discount","9":"discount-restricted","11":"first","12":"instock","13":"taxable","14":"shipping-taxable","15":"purchasable","16":"product-type-simple"},"acf":[],"yoast_head":"<!-- This site is optimized with the Yoast SEO plugin v27.4 - https:\/\/yoast.com\/product\/yoast-seo-wordpress\/ -->\n<title>Digitaalne veevoolu m\u00f5\u00f5tur - Foresteel: Leheimurid, lehekoristushaagised, leheimur-haagised, mobiilsed kastmise- ja survepesu seadmed. Eestis toodetud.<\/title>\n<meta name=\"robots\" content=\"index, follow, max-snippet:-1, max-image-preview:large, max-video-preview:-1\" \/>\n<link rel=\"canonical\" href=\"https:\/\/foresteel.eu\/et\/produkt\/digitaalne-vooluhulga-mootur\/\" \/>\n<meta property=\"og:locale\" content=\"et_EE\" \/>\n<meta property=\"og:type\" content=\"article\" \/>\n<meta property=\"og:title\" content=\"Digitaalne veevoolu m\u00f5\u00f5tur - Foresteel: Leheimurid, lehekoristushaagised, leheimur-haagised, mobiilsed kastmise- ja survepesu seadmed. Eestis toodetud.\" \/>\n<meta property=\"og:description\" content=\"Digitaalne veevoolum\u00f5\u00f5tur vooluhulga lihtsaks kontrollimiseks. Koos kastmiss\u00fcsteemige tellimisel lisatakse kastmisk\u00e4epideme k\u00fclge. Lisage kastmisk\u00e4epidemele veevoolum\u00f5\u00f5tur ja minimeerige vee raiskamist ja \u00fclekastmist. Aitab v\u00e4hendada \u00fclekastmist kuni 60%!  *Eraldi tellides on m\u00f5\u00f5tur \u00fchendatava trassi vahele; k\u00fcljes kaks GEKA k\u00fc\u00fcnis\u00fchendust.\" \/>\n<meta property=\"og:url\" content=\"https:\/\/foresteel.eu\/et\/produkt\/digitaalne-vooluhulga-mootur\/\" \/>\n<meta property=\"og:site_name\" content=\"Foresteel: Leheimurid, lehekoristushaagised, leheimur-haagised, mobiilsed kastmise- ja survepesu seadmed. Eestis toodetud.\" \/>\n<meta property=\"article:publisher\" content=\"https:\/\/www.facebook.com\/foresteel.eu\/\" \/>\n<meta property=\"article:modified_time\" content=\"2022-07-15T08:46:05+00:00\" \/>\n<meta name=\"twitter:card\" content=\"summary_large_image\" \/>\n<script type=\"application\/ld+json\" class=\"yoast-schema-graph\">{\"@context\":\"https:\\\/\\\/schema.org\",\"@graph\":[{\"@type\":\"WebPage\",\"@id\":\"https:\\\/\\\/foresteel.eu\\\/et\\\/produkt\\\/digitaalne-vooluhulga-mootur\\\/\",\"url\":\"https:\\\/\\\/foresteel.eu\\\/et\\\/produkt\\\/digitaalne-vooluhulga-mootur\\\/\",\"name\":\"Digitaalne veevoolu m\u00f5\u00f5tur - Foresteel: Leheimurid, lehekoristushaagised, leheimur-haagised, mobiilsed kastmise- ja survepesu seadmed. Eestis toodetud.\",\"isPartOf\":{\"@id\":\"https:\\\/\\\/foresteel.eu\\\/#website\"},\"primaryImageOfPage\":{\"@id\":\"https:\\\/\\\/foresteel.eu\\\/et\\\/produkt\\\/digitaalne-vooluhulga-mootur\\\/#primaryimage\"},\"image\":{\"@id\":\"https:\\\/\\\/foresteel.eu\\\/et\\\/produkt\\\/digitaalne-vooluhulga-mootur\\\/#primaryimage\"},\"thumbnailUrl\":\"https:\\\/\\\/foresteel.eu\\\/wp-content\\\/uploads\\\/2022\\\/07\\\/FTW-ACC-METER-01-e1657873475214.jpg\",\"datePublished\":\"2022-07-15T08:31:45+00:00\",\"dateModified\":\"2022-07-15T08:46:05+00:00\",\"breadcrumb\":{\"@id\":\"https:\\\/\\\/foresteel.eu\\\/et\\\/produkt\\\/digitaalne-vooluhulga-mootur\\\/#breadcrumb\"},\"inLanguage\":\"et\",\"potentialAction\":[{\"@type\":\"ReadAction\",\"target\":[\"https:\\\/\\\/foresteel.eu\\\/et\\\/produkt\\\/digitaalne-vooluhulga-mootur\\\/\"]}]},{\"@type\":\"ImageObject\",\"inLanguage\":\"et\",\"@id\":\"https:\\\/\\\/foresteel.eu\\\/et\\\/produkt\\\/digitaalne-vooluhulga-mootur\\\/#primaryimage\",\"url\":\"https:\\\/\\\/foresteel.eu\\\/wp-content\\\/uploads\\\/2022\\\/07\\\/FTW-ACC-METER-01-e1657873475214.jpg\",\"contentUrl\":\"https:\\\/\\\/foresteel.eu\\\/wp-content\\\/uploads\\\/2022\\\/07\\\/FTW-ACC-METER-01-e1657873475214.jpg\",\"width\":607,\"height\":546},{\"@type\":\"BreadcrumbList\",\"@id\":\"https:\\\/\\\/foresteel.eu\\\/et\\\/produkt\\\/digitaalne-vooluhulga-mootur\\\/#breadcrumb\",\"itemListElement\":[{\"@type\":\"ListItem\",\"position\":1,\"name\":\"Home\",\"item\":\"https:\\\/\\\/foresteel.eu\\\/et\\\/home\\\/\"},{\"@type\":\"ListItem\",\"position\":2,\"name\":\"Pood\",\"item\":\"https:\\\/\\\/foresteel.eu\\\/et\\\/pood\\\/\"},{\"@type\":\"ListItem\",\"position\":3,\"name\":\"Digitaalne veevoolu m\u00f5\u00f5tur\"}]},{\"@type\":\"WebSite\",\"@id\":\"https:\\\/\\\/foresteel.eu\\\/#website\",\"url\":\"https:\\\/\\\/foresteel.eu\\\/\",\"name\":\"Foresteel: Leheimurid, lehekoristushaagised, leheimur-haagised, mobiilsed kastmise- ja survepesu seadmed. Eestis toodetud.\",\"description\":\"Foresteel.\",\"publisher\":{\"@id\":\"https:\\\/\\\/foresteel.eu\\\/#organization\"},\"potentialAction\":[{\"@type\":\"SearchAction\",\"target\":{\"@type\":\"EntryPoint\",\"urlTemplate\":\"https:\\\/\\\/foresteel.eu\\\/?s={search_term_string}\"},\"query-input\":{\"@type\":\"PropertyValueSpecification\",\"valueRequired\":true,\"valueName\":\"search_term_string\"}}],\"inLanguage\":\"et\"},{\"@type\":\"Organization\",\"@id\":\"https:\\\/\\\/foresteel.eu\\\/#organization\",\"name\":\"Foresteel\",\"url\":\"https:\\\/\\\/foresteel.eu\\\/\",\"logo\":{\"@type\":\"ImageObject\",\"inLanguage\":\"et\",\"@id\":\"https:\\\/\\\/foresteel.eu\\\/#\\\/schema\\\/logo\\\/image\\\/\",\"url\":\"https:\\\/\\\/foresteel.eu\\\/wp-content\\\/uploads\\\/2022\\\/02\\\/header-logo.png\",\"contentUrl\":\"https:\\\/\\\/foresteel.eu\\\/wp-content\\\/uploads\\\/2022\\\/02\\\/header-logo.png\",\"width\":233,\"height\":60,\"caption\":\"Foresteel\"},\"image\":{\"@id\":\"https:\\\/\\\/foresteel.eu\\\/#\\\/schema\\\/logo\\\/image\\\/\"},\"sameAs\":[\"https:\\\/\\\/www.facebook.com\\\/foresteel.eu\\\/\",\"https:\\\/\\\/www.instagram.com\\\/foresteel\\\/\",\"https:\\\/\\\/www.youtube.com\\\/channel\\\/UCnGStzIvsDkYmZ7T1bwH6og\"]}]}<\/script>\n<!-- \/ Yoast SEO plugin. -->","yoast_head_json":{"title":"Digitaalne veevoolu m\u00f5\u00f5tur - Foresteel: Leheimurid, lehekoristushaagised, leheimur-haagised, mobiilsed kastmise- ja survepesu seadmed. Eestis toodetud.","robots":{"index":"index","follow":"follow","max-snippet":"max-snippet:-1","max-image-preview":"max-image-preview:large","max-video-preview":"max-video-preview:-1"},"canonical":"https:\/\/foresteel.eu\/et\/produkt\/digitaalne-vooluhulga-mootur\/","og_locale":"et_EE","og_type":"article","og_title":"Digitaalne veevoolu m\u00f5\u00f5tur - Foresteel: Leheimurid, lehekoristushaagised, leheimur-haagised, mobiilsed kastmise- ja survepesu seadmed. Eestis toodetud.","og_description":"Digitaalne veevoolum\u00f5\u00f5tur vooluhulga lihtsaks kontrollimiseks. Koos kastmiss\u00fcsteemige tellimisel lisatakse kastmisk\u00e4epideme k\u00fclge. Lisage kastmisk\u00e4epidemele veevoolum\u00f5\u00f5tur ja minimeerige vee raiskamist ja \u00fclekastmist. Aitab v\u00e4hendada \u00fclekastmist kuni 60%!  *Eraldi tellides on m\u00f5\u00f5tur \u00fchendatava trassi vahele; k\u00fcljes kaks GEKA k\u00fc\u00fcnis\u00fchendust.","og_url":"https:\/\/foresteel.eu\/et\/produkt\/digitaalne-vooluhulga-mootur\/","og_site_name":"Foresteel: Leheimurid, lehekoristushaagised, leheimur-haagised, mobiilsed kastmise- ja survepesu seadmed. Eestis toodetud.","article_publisher":"https:\/\/www.facebook.com\/foresteel.eu\/","article_modified_time":"2022-07-15T08:46:05+00:00","twitter_card":"summary_large_image","schema":{"@context":"https:\/\/schema.org","@graph":[{"@type":"WebPage","@id":"https:\/\/foresteel.eu\/et\/produkt\/digitaalne-vooluhulga-mootur\/","url":"https:\/\/foresteel.eu\/et\/produkt\/digitaalne-vooluhulga-mootur\/","name":"Digitaalne veevoolu m\u00f5\u00f5tur - Foresteel: Leheimurid, lehekoristushaagised, leheimur-haagised, mobiilsed kastmise- ja survepesu seadmed. Eestis toodetud.","isPartOf":{"@id":"https:\/\/foresteel.eu\/#website"},"primaryImageOfPage":{"@id":"https:\/\/foresteel.eu\/et\/produkt\/digitaalne-vooluhulga-mootur\/#primaryimage"},"image":{"@id":"https:\/\/foresteel.eu\/et\/produkt\/digitaalne-vooluhulga-mootur\/#primaryimage"},"thumbnailUrl":"https:\/\/foresteel.eu\/wp-content\/uploads\/2022\/07\/FTW-ACC-METER-01-e1657873475214.jpg","datePublished":"2022-07-15T08:31:45+00:00","dateModified":"2022-07-15T08:46:05+00:00","breadcrumb":{"@id":"https:\/\/foresteel.eu\/et\/produkt\/digitaalne-vooluhulga-mootur\/#breadcrumb"},"inLanguage":"et","potentialAction":[{"@type":"ReadAction","target":["https:\/\/foresteel.eu\/et\/produkt\/digitaalne-vooluhulga-mootur\/"]}]},{"@type":"ImageObject","inLanguage":"et","@id":"https:\/\/foresteel.eu\/et\/produkt\/digitaalne-vooluhulga-mootur\/#primaryimage","url":"https:\/\/foresteel.eu\/wp-content\/uploads\/2022\/07\/FTW-ACC-METER-01-e1657873475214.jpg","contentUrl":"https:\/\/foresteel.eu\/wp-content\/uploads\/2022\/07\/FTW-ACC-METER-01-e1657873475214.jpg","width":607,"height":546},{"@type":"BreadcrumbList","@id":"https:\/\/foresteel.eu\/et\/produkt\/digitaalne-vooluhulga-mootur\/#breadcrumb","itemListElement":[{"@type":"ListItem","position":1,"name":"Home","item":"https:\/\/foresteel.eu\/et\/home\/"},{"@type":"ListItem","position":2,"name":"Pood","item":"https:\/\/foresteel.eu\/et\/pood\/"},{"@type":"ListItem","position":3,"name":"Digitaalne veevoolu m\u00f5\u00f5tur"}]},{"@type":"WebSite","@id":"https:\/\/foresteel.eu\/#website","url":"https:\/\/foresteel.eu\/","name":"Foresteel: Leheimurid, lehekoristushaagised, leheimur-haagised, mobiilsed kastmise- ja survepesu seadmed. Eestis toodetud.","description":"Foresteel.","publisher":{"@id":"https:\/\/foresteel.eu\/#organization"},"potentialAction":[{"@type":"SearchAction","target":{"@type":"EntryPoint","urlTemplate":"https:\/\/foresteel.eu\/?s={search_term_string}"},"query-input":{"@type":"PropertyValueSpecification","valueRequired":true,"valueName":"search_term_string"}}],"inLanguage":"et"},{"@type":"Organization","@id":"https:\/\/foresteel.eu\/#organization","name":"Foresteel","url":"https:\/\/foresteel.eu\/","logo":{"@type":"ImageObject","inLanguage":"et","@id":"https:\/\/foresteel.eu\/#\/schema\/logo\/image\/","url":"https:\/\/foresteel.eu\/wp-content\/uploads\/2022\/02\/header-logo.png","contentUrl":"https:\/\/foresteel.eu\/wp-content\/uploads\/2022\/02\/header-logo.png","width":233,"height":60,"caption":"Foresteel"},"image":{"@id":"https:\/\/foresteel.eu\/#\/schema\/logo\/image\/"},"sameAs":["https:\/\/www.facebook.com\/foresteel.eu\/","https:\/\/www.instagram.com\/foresteel\/","https:\/\/www.youtube.com\/channel\/UCnGStzIvsDkYmZ7T1bwH6og"]}]}},"_links":{"self":[{"href":"https:\/\/foresteel.eu\/et\/wp-json\/wp\/v2\/product\/15964","targetHints":{"allow":["GET"]}}],"collection":[{"href":"https:\/\/foresteel.eu\/et\/wp-json\/wp\/v2\/product"}],"about":[{"href":"https:\/\/foresteel.eu\/et\/wp-json\/wp\/v2\/types\/product"}],"version-history":[{"count":0,"href":"https:\/\/foresteel.eu\/et\/wp-json\/wp\/v2\/product\/15964\/revisions"}],"wp:featuredmedia":[{"embeddable":true,"href":"https:\/\/foresteel.eu\/et\/wp-json\/wp\/v2\/media\/15956"}],"wp:attachment":[{"href":"https:\/\/foresteel.eu\/et\/wp-json\/wp\/v2\/media?parent=15964"}],"wp:term":[{"taxonomy":"product_brand","embeddable":true,"href":"https:\/\/foresteel.eu\/et\/wp-json\/wp\/v2\/product_brand?post=15964"},{"taxonomy":"product_cat","embeddable":true,"href":"https:\/\/foresteel.eu\/et\/wp-json\/wp\/v2\/product_cat?post=15964"},{"taxonomy":"product_tag","embeddable":true,"href":"https:\/\/foresteel.eu\/et\/wp-json\/wp\/v2\/product_tag?post=15964"}],"curies":[{"name":"wp","href":"https:\/\/api.w.org\/{rel}","templated":true}]}}