{"id":15538,"date":"2022-05-21T10:26:45","date_gmt":"2022-05-21T10:26:45","guid":{"rendered":"https:\/\/foresteel.eu\/product\/ft-600-tipping-trailer\/"},"modified":"2023-09-08T11:43:10","modified_gmt":"2023-09-08T08:43:10","slug":"ft-600-kallurhaagis-atv-utv-vaiketraktor","status":"publish","type":"product","link":"https:\/\/foresteel.eu\/et\/toode\/ft-600-kallurhaagis-atv-utv-vaiketraktor\/","title":{"rendered":"FT-600 Kallurhaagis"},"content":{"rendered":"<h2>Product overview<\/h2>\n<p>Trailer FT-600 from Foresteel<\/p>\n<p><b>Light, the compact and versatile trailer for lawn tractors, golf carts, or other small machines.\u00a0<\/b><\/p>\n<ul>\n<li>Trailers that are fully outfitted and ready to work.<\/li>\n<li>There will be less labor and hassle. Less manpower is required.<\/li>\n<li>Developed &amp; based on years of feedback from real users who are not looking for the cheapest product, but the one that can actually serve them in the long run.<\/li>\n<li>Strong and well-designed trailers with high-strength steels and long service life.<\/li>\n<li>High quality finish, that in addition to performing well also looks great and fits well with your machinery and ambience<\/li>\n<\/ul>\n<h2>FT-600 Benefits<\/h2>\n<ol>\n<li>Design and finish of the highest degree<\/li>\n<li>Tipping with a hand pump is an option.<\/li>\n<li>Components of excellent grade<\/li>\n<li>Hydraulic tipping power<\/li>\n<li>Lightweight &#8211; Makes towing and handling easier.<\/li>\n<li>Greencare tires<\/li>\n<li>Electro-hydraulic tipping is an option.<\/li>\n<li>Full platform body<\/li>\n<li>Drawbar with adjustable height<\/li>\n<\/ol>\n<h2>Problems &amp; Solutions<\/h2>\n<p>FT-600 can help you with your daily tasks and solve several problems.<\/p>\n<p>Here\u2019s how we can help:<\/p>\n<p><b>Problem\u00a0<\/b><\/p>\n<ul>\n<li>It is hard to to find the best fit for your needs while without overpaying for too little<\/li>\n<li>Choosing a product that genuinely meets your needs &#8211; for one, fear of overpaying<\/li>\n<li>Getting a product that looks exactly like the picture<\/li>\n<li>You don\u2019t want to spend that much for a trailer when a trailer with a comparable appearance can be had for half the price.<\/li>\n<li>It&#8217;s difficult to find products with amazing design, finish, and guaranteed quality<\/li>\n<li>Weak hydraulics and a low tipping angle are frequently discovered only after the device has been purchased<\/li>\n<\/ul>\n<p><b>The solution offered by Foresteel<\/b><\/p>\n<ul>\n<li>Increase the capacity of your work<\/li>\n<li>A product developed in response to years of user feedback, with the goal of producing a trailer that could withstand a long period of use and therefore be more cost effective.<\/li>\n<li>Strong and well-designed trailers with high-strength steel and high durability.<\/li>\n<li>High-quality finish that, in addition to good performance, also looks great and fits well with your machines and atmosphere.<\/li>\n<\/ul>\n<p><b>Benefit\u00a0<\/b><\/p>\n<ul>\n<li>Beautiful trailers for stunning locations.<\/li>\n<li>Don&#8217;t make the mistake of choosing the cheapest option first. Instead, choose the best (reliable )option first.<\/li>\n<li>Get your goods &#8211; straight from the manufacturer, with direct delivery, immediate spare parts availability, and, if needed, personal support.<\/li>\n<\/ul>\n","protected":false},"excerpt":{"rendered":"<div>\n<div><span class=\"ace-all-bold-hthree\"><span class=\" author-d-4z65zz66zl57z75zyiz66zfr2fz87zwz89znuiz88zj2snz88zz76zz72zz87z9rz78zz71z0z75zf7hz87zgz85zdz90zz77zd02z73zk\"><b>Lisavarustuses olev elektroh\u00fcdrauliline v\u00f5i manuaalne k\u00e4sipumbaga lahendus v\u00f5imaldab kallutada v\u00e4list h\u00fcdraulikat kasutamata.<br \/>\n<\/b><span style=\"color: #ff0000;\">N\u00fc\u00fcd tsingitud raami, k\u00fcljepaneelide ja nurgapostidega.<\/span><b><br \/>\n<\/b><\/span><\/span><\/div>\n<div><\/div>\n<\/div>\n<div><span class=\" author-d-4z65zz66zl57z75zyiz66zfr2fz87zwz89znuiz88zj2snz88zz76zz72zz87z9rz78zz71z0z75zf7hz87zgz85zdz90zz77zd02z73zk\">600 kg kandev\u00f5imega h\u00fcdraulilise kallutusega kerge kallurhaagis ATV\u2019le, murutraktorile, golfimasinatele jmt.<\/span><\/div>\n","protected":false},"featured_media":18648,"template":"","meta":{"_acf_changed":false},"product_brand":[],"product_cat":[133],"product_tag":[154,155,201,205,156,197,159],"class_list":{"0":"post-15538","1":"product","2":"type-product","3":"status-publish","4":"has-post-thumbnail","6":"product_cat-kallurhaagised","7":"product_tag-atv-utv-et","8":"product_tag-golfiklubi","9":"product_tag-golfiauto","10":"product_tag-kodu","11":"product_tag-murutraktor","12":"product_tag-traktor-et","13":"product_tag-villa-et","14":"tm-has-options","15":"member-discount","16":"discount-restricted","18":"first","19":"instock","20":"taxable","21":"shipping-taxable","22":"purchasable","23":"product-type-simple"},"acf":[],"yoast_head":"<!-- This site is optimized with the Yoast SEO plugin v26.3 - https:\/\/yoast.com\/wordpress\/plugins\/seo\/ -->\n<title>FT-600 Kallurhaagis - Foresteel: Leheimurid, lehekoristushaagised, leheimur-haagised, mobiilsed kastmise- ja survepesu seadmed. Eestis toodetud.<\/title>\n<meta name=\"description\" content=\"H\u00fcdrokallutusega kallurhaagis v\u00e4iketehnikale nagu v\u00e4iketraktorid, atvd, utvd, laadurid, murutraktorid ja niiduseadmed. #1 kvaliteet!\" \/>\n<meta name=\"robots\" content=\"index, follow, max-snippet:-1, max-image-preview:large, max-video-preview:-1\" \/>\n<link rel=\"canonical\" href=\"https:\/\/foresteel.eu\/et\/toode\/ft-600-kallurhaagis-atv-utv-vaiketraktor\/\" \/>\n<meta property=\"og:locale\" content=\"et_EE\" \/>\n<meta property=\"og:type\" content=\"article\" \/>\n<meta property=\"og:title\" content=\"FT-600 Kallurhaagis - Foresteel: Leheimurid, lehekoristushaagised, leheimur-haagised, mobiilsed kastmise- ja survepesu seadmed. Eestis toodetud.\" \/>\n<meta property=\"og:description\" content=\"H\u00fcdrokallutusega kallurhaagis v\u00e4iketehnikale nagu v\u00e4iketraktorid, atvd, utvd, laadurid, murutraktorid ja niiduseadmed. #1 kvaliteet!\" \/>\n<meta property=\"og:url\" content=\"https:\/\/foresteel.eu\/et\/toode\/ft-600-kallurhaagis-atv-utv-vaiketraktor\/\" \/>\n<meta property=\"og:site_name\" content=\"Foresteel: Leheimurid, lehekoristushaagised, leheimur-haagised, mobiilsed kastmise- ja survepesu seadmed. Eestis toodetud.\" \/>\n<meta property=\"article:publisher\" content=\"https:\/\/www.facebook.com\/foresteel.eu\/\" \/>\n<meta property=\"article:modified_time\" content=\"2023-09-08T08:43:10+00:00\" \/>\n<meta name=\"twitter:card\" content=\"summary_large_image\" \/>\n<meta name=\"twitter:label1\" content=\"Est. reading time\" \/>\n\t<meta name=\"twitter:data1\" content=\"2 minutit\" \/>\n<script type=\"application\/ld+json\" class=\"yoast-schema-graph\">{\"@context\":\"https:\/\/schema.org\",\"@graph\":[{\"@type\":\"WebPage\",\"@id\":\"https:\/\/foresteel.eu\/et\/toode\/ft-600-kallurhaagis-atv-utv-vaiketraktor\/\",\"url\":\"https:\/\/foresteel.eu\/et\/toode\/ft-600-kallurhaagis-atv-utv-vaiketraktor\/\",\"name\":\"FT-600 Kallurhaagis - Foresteel: Leheimurid, lehekoristushaagised, leheimur-haagised, mobiilsed kastmise- ja survepesu seadmed. Eestis toodetud.\",\"isPartOf\":{\"@id\":\"https:\/\/foresteel.eu\/#website\"},\"primaryImageOfPage\":{\"@id\":\"https:\/\/foresteel.eu\/et\/toode\/ft-600-kallurhaagis-atv-utv-vaiketraktor\/#primaryimage\"},\"image\":{\"@id\":\"https:\/\/foresteel.eu\/et\/toode\/ft-600-kallurhaagis-atv-utv-vaiketraktor\/#primaryimage\"},\"thumbnailUrl\":\"https:\/\/foresteel.eu\/wp-content\/uploads\/2022\/05\/Foresteel-FT-600-tipping-trailer-gen2.jpg\",\"datePublished\":\"2022-05-21T10:26:45+00:00\",\"dateModified\":\"2023-09-08T08:43:10+00:00\",\"description\":\"H\u00fcdrokallutusega kallurhaagis v\u00e4iketehnikale nagu v\u00e4iketraktorid, atvd, utvd, laadurid, murutraktorid ja niiduseadmed. #1 kvaliteet!\",\"breadcrumb\":{\"@id\":\"https:\/\/foresteel.eu\/et\/toode\/ft-600-kallurhaagis-atv-utv-vaiketraktor\/#breadcrumb\"},\"inLanguage\":\"et\",\"potentialAction\":[{\"@type\":\"ReadAction\",\"target\":[\"https:\/\/foresteel.eu\/et\/toode\/ft-600-kallurhaagis-atv-utv-vaiketraktor\/\"]}]},{\"@type\":\"ImageObject\",\"inLanguage\":\"et\",\"@id\":\"https:\/\/foresteel.eu\/et\/toode\/ft-600-kallurhaagis-atv-utv-vaiketraktor\/#primaryimage\",\"url\":\"https:\/\/foresteel.eu\/wp-content\/uploads\/2022\/05\/Foresteel-FT-600-tipping-trailer-gen2.jpg\",\"contentUrl\":\"https:\/\/foresteel.eu\/wp-content\/uploads\/2022\/05\/Foresteel-FT-600-tipping-trailer-gen2.jpg\",\"width\":556,\"height\":720},{\"@type\":\"BreadcrumbList\",\"@id\":\"https:\/\/foresteel.eu\/et\/toode\/ft-600-kallurhaagis-atv-utv-vaiketraktor\/#breadcrumb\",\"itemListElement\":[{\"@type\":\"ListItem\",\"position\":1,\"name\":\"Home\",\"item\":\"https:\/\/foresteel.eu\/et\/home\/\"},{\"@type\":\"ListItem\",\"position\":2,\"name\":\"Pood\",\"item\":\"https:\/\/foresteel.eu\/et\/pood\/\"},{\"@type\":\"ListItem\",\"position\":3,\"name\":\"FT-600 Kallurhaagis\"}]},{\"@type\":\"WebSite\",\"@id\":\"https:\/\/foresteel.eu\/#website\",\"url\":\"https:\/\/foresteel.eu\/\",\"name\":\"Foresteel: Leheimurid, lehekoristushaagised, leheimur-haagised, mobiilsed kastmise- ja survepesu seadmed. Eestis toodetud.\",\"description\":\"Foresteel.\",\"publisher\":{\"@id\":\"https:\/\/foresteel.eu\/#organization\"},\"potentialAction\":[{\"@type\":\"SearchAction\",\"target\":{\"@type\":\"EntryPoint\",\"urlTemplate\":\"https:\/\/foresteel.eu\/?s={search_term_string}\"},\"query-input\":{\"@type\":\"PropertyValueSpecification\",\"valueRequired\":true,\"valueName\":\"search_term_string\"}}],\"inLanguage\":\"et\"},{\"@type\":\"Organization\",\"@id\":\"https:\/\/foresteel.eu\/#organization\",\"name\":\"Foresteel\",\"url\":\"https:\/\/foresteel.eu\/\",\"logo\":{\"@type\":\"ImageObject\",\"inLanguage\":\"et\",\"@id\":\"https:\/\/foresteel.eu\/#\/schema\/logo\/image\/\",\"url\":\"https:\/\/foresteel.eu\/wp-content\/uploads\/2022\/02\/header-logo.png\",\"contentUrl\":\"https:\/\/foresteel.eu\/wp-content\/uploads\/2022\/02\/header-logo.png\",\"width\":233,\"height\":60,\"caption\":\"Foresteel\"},\"image\":{\"@id\":\"https:\/\/foresteel.eu\/#\/schema\/logo\/image\/\"},\"sameAs\":[\"https:\/\/www.facebook.com\/foresteel.eu\/\",\"https:\/\/www.instagram.com\/foresteel\/\",\"https:\/\/www.youtube.com\/channel\/UCnGStzIvsDkYmZ7T1bwH6og\"]}]}<\/script>\n<!-- \/ Yoast SEO plugin. -->","yoast_head_json":{"title":"FT-600 Kallurhaagis - Foresteel: Leheimurid, lehekoristushaagised, leheimur-haagised, mobiilsed kastmise- ja survepesu seadmed. Eestis toodetud.","description":"H\u00fcdrokallutusega kallurhaagis v\u00e4iketehnikale nagu v\u00e4iketraktorid, atvd, utvd, laadurid, murutraktorid ja niiduseadmed. #1 kvaliteet!","robots":{"index":"index","follow":"follow","max-snippet":"max-snippet:-1","max-image-preview":"max-image-preview:large","max-video-preview":"max-video-preview:-1"},"canonical":"https:\/\/foresteel.eu\/et\/toode\/ft-600-kallurhaagis-atv-utv-vaiketraktor\/","og_locale":"et_EE","og_type":"article","og_title":"FT-600 Kallurhaagis - Foresteel: Leheimurid, lehekoristushaagised, leheimur-haagised, mobiilsed kastmise- ja survepesu seadmed. Eestis toodetud.","og_description":"H\u00fcdrokallutusega kallurhaagis v\u00e4iketehnikale nagu v\u00e4iketraktorid, atvd, utvd, laadurid, murutraktorid ja niiduseadmed. #1 kvaliteet!","og_url":"https:\/\/foresteel.eu\/et\/toode\/ft-600-kallurhaagis-atv-utv-vaiketraktor\/","og_site_name":"Foresteel: Leheimurid, lehekoristushaagised, leheimur-haagised, mobiilsed kastmise- ja survepesu seadmed. Eestis toodetud.","article_publisher":"https:\/\/www.facebook.com\/foresteel.eu\/","article_modified_time":"2023-09-08T08:43:10+00:00","twitter_card":"summary_large_image","twitter_misc":{"Est. reading time":"2 minutit"},"schema":{"@context":"https:\/\/schema.org","@graph":[{"@type":"WebPage","@id":"https:\/\/foresteel.eu\/et\/toode\/ft-600-kallurhaagis-atv-utv-vaiketraktor\/","url":"https:\/\/foresteel.eu\/et\/toode\/ft-600-kallurhaagis-atv-utv-vaiketraktor\/","name":"FT-600 Kallurhaagis - Foresteel: Leheimurid, lehekoristushaagised, leheimur-haagised, mobiilsed kastmise- ja survepesu seadmed. Eestis toodetud.","isPartOf":{"@id":"https:\/\/foresteel.eu\/#website"},"primaryImageOfPage":{"@id":"https:\/\/foresteel.eu\/et\/toode\/ft-600-kallurhaagis-atv-utv-vaiketraktor\/#primaryimage"},"image":{"@id":"https:\/\/foresteel.eu\/et\/toode\/ft-600-kallurhaagis-atv-utv-vaiketraktor\/#primaryimage"},"thumbnailUrl":"https:\/\/foresteel.eu\/wp-content\/uploads\/2022\/05\/Foresteel-FT-600-tipping-trailer-gen2.jpg","datePublished":"2022-05-21T10:26:45+00:00","dateModified":"2023-09-08T08:43:10+00:00","description":"H\u00fcdrokallutusega kallurhaagis v\u00e4iketehnikale nagu v\u00e4iketraktorid, atvd, utvd, laadurid, murutraktorid ja niiduseadmed. #1 kvaliteet!","breadcrumb":{"@id":"https:\/\/foresteel.eu\/et\/toode\/ft-600-kallurhaagis-atv-utv-vaiketraktor\/#breadcrumb"},"inLanguage":"et","potentialAction":[{"@type":"ReadAction","target":["https:\/\/foresteel.eu\/et\/toode\/ft-600-kallurhaagis-atv-utv-vaiketraktor\/"]}]},{"@type":"ImageObject","inLanguage":"et","@id":"https:\/\/foresteel.eu\/et\/toode\/ft-600-kallurhaagis-atv-utv-vaiketraktor\/#primaryimage","url":"https:\/\/foresteel.eu\/wp-content\/uploads\/2022\/05\/Foresteel-FT-600-tipping-trailer-gen2.jpg","contentUrl":"https:\/\/foresteel.eu\/wp-content\/uploads\/2022\/05\/Foresteel-FT-600-tipping-trailer-gen2.jpg","width":556,"height":720},{"@type":"BreadcrumbList","@id":"https:\/\/foresteel.eu\/et\/toode\/ft-600-kallurhaagis-atv-utv-vaiketraktor\/#breadcrumb","itemListElement":[{"@type":"ListItem","position":1,"name":"Home","item":"https:\/\/foresteel.eu\/et\/home\/"},{"@type":"ListItem","position":2,"name":"Pood","item":"https:\/\/foresteel.eu\/et\/pood\/"},{"@type":"ListItem","position":3,"name":"FT-600 Kallurhaagis"}]},{"@type":"WebSite","@id":"https:\/\/foresteel.eu\/#website","url":"https:\/\/foresteel.eu\/","name":"Foresteel: Leheimurid, lehekoristushaagised, leheimur-haagised, mobiilsed kastmise- ja survepesu seadmed. Eestis toodetud.","description":"Foresteel.","publisher":{"@id":"https:\/\/foresteel.eu\/#organization"},"potentialAction":[{"@type":"SearchAction","target":{"@type":"EntryPoint","urlTemplate":"https:\/\/foresteel.eu\/?s={search_term_string}"},"query-input":{"@type":"PropertyValueSpecification","valueRequired":true,"valueName":"search_term_string"}}],"inLanguage":"et"},{"@type":"Organization","@id":"https:\/\/foresteel.eu\/#organization","name":"Foresteel","url":"https:\/\/foresteel.eu\/","logo":{"@type":"ImageObject","inLanguage":"et","@id":"https:\/\/foresteel.eu\/#\/schema\/logo\/image\/","url":"https:\/\/foresteel.eu\/wp-content\/uploads\/2022\/02\/header-logo.png","contentUrl":"https:\/\/foresteel.eu\/wp-content\/uploads\/2022\/02\/header-logo.png","width":233,"height":60,"caption":"Foresteel"},"image":{"@id":"https:\/\/foresteel.eu\/#\/schema\/logo\/image\/"},"sameAs":["https:\/\/www.facebook.com\/foresteel.eu\/","https:\/\/www.instagram.com\/foresteel\/","https:\/\/www.youtube.com\/channel\/UCnGStzIvsDkYmZ7T1bwH6og"]}]}},"_links":{"self":[{"href":"https:\/\/foresteel.eu\/et\/wp-json\/wp\/v2\/product\/15538","targetHints":{"allow":["GET"]}}],"collection":[{"href":"https:\/\/foresteel.eu\/et\/wp-json\/wp\/v2\/product"}],"about":[{"href":"https:\/\/foresteel.eu\/et\/wp-json\/wp\/v2\/types\/product"}],"version-history":[{"count":3,"href":"https:\/\/foresteel.eu\/et\/wp-json\/wp\/v2\/product\/15538\/revisions"}],"predecessor-version":[{"id":18245,"href":"https:\/\/foresteel.eu\/et\/wp-json\/wp\/v2\/product\/15538\/revisions\/18245"}],"wp:featuredmedia":[{"embeddable":true,"href":"https:\/\/foresteel.eu\/et\/wp-json\/wp\/v2\/media\/18648"}],"wp:attachment":[{"href":"https:\/\/foresteel.eu\/et\/wp-json\/wp\/v2\/media?parent=15538"}],"wp:term":[{"taxonomy":"product_brand","embeddable":true,"href":"https:\/\/foresteel.eu\/et\/wp-json\/wp\/v2\/product_brand?post=15538"},{"taxonomy":"product_cat","embeddable":true,"href":"https:\/\/foresteel.eu\/et\/wp-json\/wp\/v2\/product_cat?post=15538"},{"taxonomy":"product_tag","embeddable":true,"href":"https:\/\/foresteel.eu\/et\/wp-json\/wp\/v2\/product_tag?post=15538"}],"curies":[{"name":"wp","href":"https:\/\/api.w.org\/{rel}","templated":true}]}}