{"id":13208,"date":"2022-06-02T16:28:35","date_gmt":"2022-06-02T16:29:20","guid":{"rendered":"https:\/\/foresteel.eu\/?post_type=product&#038;p=13208"},"modified":"2022-06-02T16:29:20","modified_gmt":"2022-06-02T16:29:20","slug":"ratastega-parkimistungraud-ja-380-mm-labimooduga-ulemine-luuk-paagil","status":"publish","type":"product","link":"https:\/\/foresteel.eu\/et\/toode\/ratastega-parkimistungraud-ja-380-mm-labimooduga-ulemine-luuk-paagil\/","title":{"rendered":"Ratastega parkimistungraud ja 380 mm l\u00e4bim\u00f5\u00f5duga \u00fclemine luuk paagil"},"content":{"rendered":"","protected":false},"excerpt":{"rendered":"<p><span id=\"page9R_mcid70\" class=\"markedContent\"><span dir=\"ltr\" role=\"presentation\">Ratastega parkimistungraud ja 380 mm l\u00e4bim\u00f5\u00f5duga \u00fclemine luuk paagil<\/span><\/span><\/p>\n","protected":false},"featured_media":12475,"template":"","meta":{"_acf_changed":false},"product_brand":[],"product_cat":[146],"product_tag":[],"class_list":{"0":"post-13208","1":"product","2":"type-product","3":"status-publish","4":"has-post-thumbnail","6":"product_cat-standard-varustus","7":"tm-has-options","8":"member-discount","9":"discount-restricted","11":"first","12":"instock","13":"taxable","14":"shipping-taxable","15":"purchasable","16":"product-type-simple"},"acf":[],"yoast_head":"<!-- This site is optimized with the Yoast SEO plugin v26.3 - https:\/\/yoast.com\/wordpress\/plugins\/seo\/ -->\n<title>Ratastega parkimistungraud ja 380 mm l\u00e4bim\u00f5\u00f5duga \u00fclemine luuk paagil - Foresteel: Leheimurid, lehekoristushaagised, leheimur-haagised, mobiilsed kastmise- ja survepesu seadmed. Eestis toodetud.<\/title>\n<meta name=\"robots\" content=\"index, follow, max-snippet:-1, max-image-preview:large, max-video-preview:-1\" \/>\n<link rel=\"canonical\" href=\"https:\/\/foresteel.eu\/et\/product\/ratastega-parkimistungraud-ja-380-mm-labimooduga-ulemine-luuk-paagil\/\" \/>\n<meta property=\"og:locale\" content=\"et_EE\" \/>\n<meta property=\"og:type\" content=\"article\" \/>\n<meta property=\"og:title\" content=\"Ratastega parkimistungraud ja 380 mm l\u00e4bim\u00f5\u00f5duga \u00fclemine luuk paagil - Foresteel: Leheimurid, lehekoristushaagised, leheimur-haagised, mobiilsed kastmise- ja survepesu seadmed. Eestis toodetud.\" \/>\n<meta property=\"og:description\" content=\"Ratastega parkimistungraud ja 380 mm l\u00e4bim\u00f5\u00f5duga \u00fclemine luuk paagil\" \/>\n<meta property=\"og:url\" content=\"https:\/\/foresteel.eu\/et\/product\/ratastega-parkimistungraud-ja-380-mm-labimooduga-ulemine-luuk-paagil\/\" \/>\n<meta property=\"og:site_name\" content=\"Foresteel: Leheimurid, lehekoristushaagised, leheimur-haagised, mobiilsed kastmise- ja survepesu seadmed. Eestis toodetud.\" \/>\n<meta property=\"article:publisher\" content=\"https:\/\/www.facebook.com\/foresteel.eu\/\" \/>\n<meta name=\"twitter:card\" content=\"summary_large_image\" \/>\n<script type=\"application\/ld+json\" class=\"yoast-schema-graph\">{\"@context\":\"https:\/\/schema.org\",\"@graph\":[{\"@type\":\"WebPage\",\"@id\":\"https:\/\/foresteel.eu\/et\/product\/ratastega-parkimistungraud-ja-380-mm-labimooduga-ulemine-luuk-paagil\/\",\"url\":\"https:\/\/foresteel.eu\/et\/product\/ratastega-parkimistungraud-ja-380-mm-labimooduga-ulemine-luuk-paagil\/\",\"name\":\"Ratastega parkimistungraud ja 380 mm l\u00e4bim\u00f5\u00f5duga \u00fclemine luuk paagil - Foresteel: Leheimurid, lehekoristushaagised, leheimur-haagised, mobiilsed kastmise- ja survepesu seadmed. Eestis toodetud.\",\"isPartOf\":{\"@id\":\"https:\/\/foresteel.eu\/#website\"},\"primaryImageOfPage\":{\"@id\":\"https:\/\/foresteel.eu\/et\/product\/ratastega-parkimistungraud-ja-380-mm-labimooduga-ulemine-luuk-paagil\/#primaryimage\"},\"image\":{\"@id\":\"https:\/\/foresteel.eu\/et\/product\/ratastega-parkimistungraud-ja-380-mm-labimooduga-ulemine-luuk-paagil\/#primaryimage\"},\"thumbnailUrl\":\"https:\/\/foresteel.eu\/wp-content\/uploads\/2022\/05\/foresteel-wheel-parking-jack.jpg\",\"datePublished\":\"2022-06-02T16:29:20+00:00\",\"breadcrumb\":{\"@id\":\"https:\/\/foresteel.eu\/et\/product\/ratastega-parkimistungraud-ja-380-mm-labimooduga-ulemine-luuk-paagil\/#breadcrumb\"},\"inLanguage\":\"et\",\"potentialAction\":[{\"@type\":\"ReadAction\",\"target\":[\"https:\/\/foresteel.eu\/et\/product\/ratastega-parkimistungraud-ja-380-mm-labimooduga-ulemine-luuk-paagil\/\"]}]},{\"@type\":\"ImageObject\",\"inLanguage\":\"et\",\"@id\":\"https:\/\/foresteel.eu\/et\/product\/ratastega-parkimistungraud-ja-380-mm-labimooduga-ulemine-luuk-paagil\/#primaryimage\",\"url\":\"https:\/\/foresteel.eu\/wp-content\/uploads\/2022\/05\/foresteel-wheel-parking-jack.jpg\",\"contentUrl\":\"https:\/\/foresteel.eu\/wp-content\/uploads\/2022\/05\/foresteel-wheel-parking-jack.jpg\",\"width\":750,\"height\":500},{\"@type\":\"BreadcrumbList\",\"@id\":\"https:\/\/foresteel.eu\/et\/product\/ratastega-parkimistungraud-ja-380-mm-labimooduga-ulemine-luuk-paagil\/#breadcrumb\",\"itemListElement\":[{\"@type\":\"ListItem\",\"position\":1,\"name\":\"Home\",\"item\":\"https:\/\/foresteel.eu\/et\/home\/\"},{\"@type\":\"ListItem\",\"position\":2,\"name\":\"Pood\",\"item\":\"https:\/\/foresteel.eu\/et\/pood\/\"},{\"@type\":\"ListItem\",\"position\":3,\"name\":\"Ratastega parkimistungraud ja 380 mm l\u00e4bim\u00f5\u00f5duga \u00fclemine luuk paagil\"}]},{\"@type\":\"WebSite\",\"@id\":\"https:\/\/foresteel.eu\/#website\",\"url\":\"https:\/\/foresteel.eu\/\",\"name\":\"Foresteel: Leheimurid, lehekoristushaagised, leheimur-haagised, mobiilsed kastmise- ja survepesu seadmed. Eestis toodetud.\",\"description\":\"Foresteel.\",\"publisher\":{\"@id\":\"https:\/\/foresteel.eu\/#organization\"},\"potentialAction\":[{\"@type\":\"SearchAction\",\"target\":{\"@type\":\"EntryPoint\",\"urlTemplate\":\"https:\/\/foresteel.eu\/?s={search_term_string}\"},\"query-input\":{\"@type\":\"PropertyValueSpecification\",\"valueRequired\":true,\"valueName\":\"search_term_string\"}}],\"inLanguage\":\"et\"},{\"@type\":\"Organization\",\"@id\":\"https:\/\/foresteel.eu\/#organization\",\"name\":\"Foresteel\",\"url\":\"https:\/\/foresteel.eu\/\",\"logo\":{\"@type\":\"ImageObject\",\"inLanguage\":\"et\",\"@id\":\"https:\/\/foresteel.eu\/#\/schema\/logo\/image\/\",\"url\":\"https:\/\/foresteel.eu\/wp-content\/uploads\/2022\/02\/header-logo.png\",\"contentUrl\":\"https:\/\/foresteel.eu\/wp-content\/uploads\/2022\/02\/header-logo.png\",\"width\":233,\"height\":60,\"caption\":\"Foresteel\"},\"image\":{\"@id\":\"https:\/\/foresteel.eu\/#\/schema\/logo\/image\/\"},\"sameAs\":[\"https:\/\/www.facebook.com\/foresteel.eu\/\",\"https:\/\/www.instagram.com\/foresteel\/\",\"https:\/\/www.youtube.com\/channel\/UCnGStzIvsDkYmZ7T1bwH6og\"]}]}<\/script>\n<!-- \/ Yoast SEO plugin. -->","yoast_head_json":{"title":"Ratastega parkimistungraud ja 380 mm l\u00e4bim\u00f5\u00f5duga \u00fclemine luuk paagil - Foresteel: Leheimurid, lehekoristushaagised, leheimur-haagised, mobiilsed kastmise- ja survepesu seadmed. Eestis toodetud.","robots":{"index":"index","follow":"follow","max-snippet":"max-snippet:-1","max-image-preview":"max-image-preview:large","max-video-preview":"max-video-preview:-1"},"canonical":"https:\/\/foresteel.eu\/et\/product\/ratastega-parkimistungraud-ja-380-mm-labimooduga-ulemine-luuk-paagil\/","og_locale":"et_EE","og_type":"article","og_title":"Ratastega parkimistungraud ja 380 mm l\u00e4bim\u00f5\u00f5duga \u00fclemine luuk paagil - Foresteel: Leheimurid, lehekoristushaagised, leheimur-haagised, mobiilsed kastmise- ja survepesu seadmed. Eestis toodetud.","og_description":"Ratastega parkimistungraud ja 380 mm l\u00e4bim\u00f5\u00f5duga \u00fclemine luuk paagil","og_url":"https:\/\/foresteel.eu\/et\/product\/ratastega-parkimistungraud-ja-380-mm-labimooduga-ulemine-luuk-paagil\/","og_site_name":"Foresteel: Leheimurid, lehekoristushaagised, leheimur-haagised, mobiilsed kastmise- ja survepesu seadmed. Eestis toodetud.","article_publisher":"https:\/\/www.facebook.com\/foresteel.eu\/","twitter_card":"summary_large_image","schema":{"@context":"https:\/\/schema.org","@graph":[{"@type":"WebPage","@id":"https:\/\/foresteel.eu\/et\/product\/ratastega-parkimistungraud-ja-380-mm-labimooduga-ulemine-luuk-paagil\/","url":"https:\/\/foresteel.eu\/et\/product\/ratastega-parkimistungraud-ja-380-mm-labimooduga-ulemine-luuk-paagil\/","name":"Ratastega parkimistungraud ja 380 mm l\u00e4bim\u00f5\u00f5duga \u00fclemine luuk paagil - Foresteel: Leheimurid, lehekoristushaagised, leheimur-haagised, mobiilsed kastmise- ja survepesu seadmed. Eestis toodetud.","isPartOf":{"@id":"https:\/\/foresteel.eu\/#website"},"primaryImageOfPage":{"@id":"https:\/\/foresteel.eu\/et\/product\/ratastega-parkimistungraud-ja-380-mm-labimooduga-ulemine-luuk-paagil\/#primaryimage"},"image":{"@id":"https:\/\/foresteel.eu\/et\/product\/ratastega-parkimistungraud-ja-380-mm-labimooduga-ulemine-luuk-paagil\/#primaryimage"},"thumbnailUrl":"https:\/\/foresteel.eu\/wp-content\/uploads\/2022\/05\/foresteel-wheel-parking-jack.jpg","datePublished":"2022-06-02T16:29:20+00:00","breadcrumb":{"@id":"https:\/\/foresteel.eu\/et\/product\/ratastega-parkimistungraud-ja-380-mm-labimooduga-ulemine-luuk-paagil\/#breadcrumb"},"inLanguage":"et","potentialAction":[{"@type":"ReadAction","target":["https:\/\/foresteel.eu\/et\/product\/ratastega-parkimistungraud-ja-380-mm-labimooduga-ulemine-luuk-paagil\/"]}]},{"@type":"ImageObject","inLanguage":"et","@id":"https:\/\/foresteel.eu\/et\/product\/ratastega-parkimistungraud-ja-380-mm-labimooduga-ulemine-luuk-paagil\/#primaryimage","url":"https:\/\/foresteel.eu\/wp-content\/uploads\/2022\/05\/foresteel-wheel-parking-jack.jpg","contentUrl":"https:\/\/foresteel.eu\/wp-content\/uploads\/2022\/05\/foresteel-wheel-parking-jack.jpg","width":750,"height":500},{"@type":"BreadcrumbList","@id":"https:\/\/foresteel.eu\/et\/product\/ratastega-parkimistungraud-ja-380-mm-labimooduga-ulemine-luuk-paagil\/#breadcrumb","itemListElement":[{"@type":"ListItem","position":1,"name":"Home","item":"https:\/\/foresteel.eu\/et\/home\/"},{"@type":"ListItem","position":2,"name":"Pood","item":"https:\/\/foresteel.eu\/et\/pood\/"},{"@type":"ListItem","position":3,"name":"Ratastega parkimistungraud ja 380 mm l\u00e4bim\u00f5\u00f5duga \u00fclemine luuk paagil"}]},{"@type":"WebSite","@id":"https:\/\/foresteel.eu\/#website","url":"https:\/\/foresteel.eu\/","name":"Foresteel: Leheimurid, lehekoristushaagised, leheimur-haagised, mobiilsed kastmise- ja survepesu seadmed. Eestis toodetud.","description":"Foresteel.","publisher":{"@id":"https:\/\/foresteel.eu\/#organization"},"potentialAction":[{"@type":"SearchAction","target":{"@type":"EntryPoint","urlTemplate":"https:\/\/foresteel.eu\/?s={search_term_string}"},"query-input":{"@type":"PropertyValueSpecification","valueRequired":true,"valueName":"search_term_string"}}],"inLanguage":"et"},{"@type":"Organization","@id":"https:\/\/foresteel.eu\/#organization","name":"Foresteel","url":"https:\/\/foresteel.eu\/","logo":{"@type":"ImageObject","inLanguage":"et","@id":"https:\/\/foresteel.eu\/#\/schema\/logo\/image\/","url":"https:\/\/foresteel.eu\/wp-content\/uploads\/2022\/02\/header-logo.png","contentUrl":"https:\/\/foresteel.eu\/wp-content\/uploads\/2022\/02\/header-logo.png","width":233,"height":60,"caption":"Foresteel"},"image":{"@id":"https:\/\/foresteel.eu\/#\/schema\/logo\/image\/"},"sameAs":["https:\/\/www.facebook.com\/foresteel.eu\/","https:\/\/www.instagram.com\/foresteel\/","https:\/\/www.youtube.com\/channel\/UCnGStzIvsDkYmZ7T1bwH6og"]}]}},"_links":{"self":[{"href":"https:\/\/foresteel.eu\/et\/wp-json\/wp\/v2\/product\/13208","targetHints":{"allow":["GET"]}}],"collection":[{"href":"https:\/\/foresteel.eu\/et\/wp-json\/wp\/v2\/product"}],"about":[{"href":"https:\/\/foresteel.eu\/et\/wp-json\/wp\/v2\/types\/product"}],"version-history":[{"count":0,"href":"https:\/\/foresteel.eu\/et\/wp-json\/wp\/v2\/product\/13208\/revisions"}],"wp:featuredmedia":[{"embeddable":true,"href":"https:\/\/foresteel.eu\/et\/wp-json\/wp\/v2\/media\/12475"}],"wp:attachment":[{"href":"https:\/\/foresteel.eu\/et\/wp-json\/wp\/v2\/media?parent=13208"}],"wp:term":[{"taxonomy":"product_brand","embeddable":true,"href":"https:\/\/foresteel.eu\/et\/wp-json\/wp\/v2\/product_brand?post=13208"},{"taxonomy":"product_cat","embeddable":true,"href":"https:\/\/foresteel.eu\/et\/wp-json\/wp\/v2\/product_cat?post=13208"},{"taxonomy":"product_tag","embeddable":true,"href":"https:\/\/foresteel.eu\/et\/wp-json\/wp\/v2\/product_tag?post=13208"}],"curies":[{"name":"wp","href":"https:\/\/api.w.org\/{rel}","templated":true}]}}