{"id":12684,"date":"2022-05-27T07:45:49","date_gmt":"2022-05-29T14:30:55","guid":{"rendered":"https:\/\/foresteel.eu\/?post_type=product&#038;p=12684"},"modified":"2023-01-16T18:53:27","modified_gmt":"2023-01-16T15:53:27","slug":"foresteel-haagisealune-lehesuudmik-ft-haagistele","status":"publish","type":"product","link":"https:\/\/foresteel.eu\/et\/toode\/foresteel-haagisealune-lehesuudmik-ft-haagistele\/","title":{"rendered":"Haagisealune lehesuudmik FT haagistele"},"content":{"rendered":"","protected":false},"excerpt":{"rendered":"<div class=\"row special-row\">\n<div class=\"col-md-12\">\n<div class=\"thumbs-container\">\n<p class=\"col-md-4 thumbs-item\">Foresteel Lehehaagis koos originaalse haagisealuse lehesuudmiku lisavarustusega v\u00f5imaldab minimeerida k\u00e4sit\u00f6\u00f6 vajadust ja m\u00e4rkimisv\u00e4\u00e4rselt kiirendada lehekoristusprotsessi.<\/p>\n<p class=\"col-md-4 thumbs-item\">T\u00f6\u00f6tab koos Foresteel MIDvac ja PROvac versioonidega, toimib suurep\u00e4raselt kuivades, kuid ka kergelt niisketes tingimustes. Seade on harjadeta ja t\u00f6\u00f6tab k\u00f5ige paremini, kui lehed kogutakse suhteliselt kiiresti p\u00e4rast maapinnale langemist, enne kui rohi l\u00e4bi kasvab ja korjamise t\u00f5husust piirab. 7 haagist 10st soetatakse just haagisealuse lehesuudmikuga.<\/p>\n<\/div>\n<\/div>\n<\/div>\n","protected":false},"featured_media":6867,"template":"","meta":{"_acf_changed":false},"product_brand":[],"product_cat":[147],"product_tag":[],"class_list":{"0":"post-12684","1":"product","2":"type-product","3":"status-publish","4":"has-post-thumbnail","6":"product_cat-toote-lisavalikud","7":"tm-has-options","8":"member-discount","9":"discount-restricted","11":"first","12":"instock","13":"taxable","14":"shipping-taxable","15":"purchasable","16":"product-type-simple"},"acf":[],"yoast_head":"<!-- This site is optimized with the Yoast SEO plugin v26.3 - https:\/\/yoast.com\/wordpress\/plugins\/seo\/ -->\n<title>Haagisealune lehesuudmik FT haagistele - Foresteel: Leheimurid, lehekoristushaagised, leheimur-haagised, mobiilsed kastmise- ja survepesu seadmed. Eestis toodetud.<\/title>\n<meta name=\"description\" content=\"Foresteel Lehehaagis koos haagisealuse lehesuudmiku lisaga v\u00f5imaldab minimeerida k\u00e4sit\u00f6\u00f6 vajadust ja m\u00e4rkimisv\u00e4\u00e4rselt kiirendada lehekoristusprotsessi.\" \/>\n<meta name=\"robots\" content=\"index, follow, max-snippet:-1, max-image-preview:large, max-video-preview:-1\" \/>\n<link rel=\"canonical\" href=\"https:\/\/foresteel.eu\/et\/toode\/foresteel-haagisealune-lehesuudmik-ft-haagistele\/\" \/>\n<meta property=\"og:locale\" content=\"et_EE\" \/>\n<meta property=\"og:type\" content=\"article\" \/>\n<meta property=\"og:title\" content=\"Haagisealune lehesuudmik FT haagistele - Foresteel: Leheimurid, lehekoristushaagised, leheimur-haagised, mobiilsed kastmise- ja survepesu seadmed. Eestis toodetud.\" \/>\n<meta property=\"og:description\" content=\"Foresteel Lehehaagis koos haagisealuse lehesuudmiku lisaga v\u00f5imaldab minimeerida k\u00e4sit\u00f6\u00f6 vajadust ja m\u00e4rkimisv\u00e4\u00e4rselt kiirendada lehekoristusprotsessi.\" \/>\n<meta property=\"og:url\" content=\"https:\/\/foresteel.eu\/et\/toode\/foresteel-haagisealune-lehesuudmik-ft-haagistele\/\" \/>\n<meta property=\"og:site_name\" content=\"Foresteel: Leheimurid, lehekoristushaagised, leheimur-haagised, mobiilsed kastmise- ja survepesu seadmed. Eestis toodetud.\" \/>\n<meta property=\"article:publisher\" content=\"https:\/\/www.facebook.com\/foresteel.eu\/\" \/>\n<meta property=\"article:modified_time\" content=\"2023-01-16T15:53:27+00:00\" \/>\n<meta name=\"twitter:card\" content=\"summary_large_image\" \/>\n<script type=\"application\/ld+json\" class=\"yoast-schema-graph\">{\"@context\":\"https:\/\/schema.org\",\"@graph\":[{\"@type\":\"WebPage\",\"@id\":\"https:\/\/foresteel.eu\/et\/toode\/foresteel-haagisealune-lehesuudmik-ft-haagistele\/\",\"url\":\"https:\/\/foresteel.eu\/et\/toode\/foresteel-haagisealune-lehesuudmik-ft-haagistele\/\",\"name\":\"Haagisealune lehesuudmik FT haagistele - Foresteel: Leheimurid, lehekoristushaagised, leheimur-haagised, mobiilsed kastmise- ja survepesu seadmed. Eestis toodetud.\",\"isPartOf\":{\"@id\":\"https:\/\/foresteel.eu\/#website\"},\"primaryImageOfPage\":{\"@id\":\"https:\/\/foresteel.eu\/et\/toode\/foresteel-haagisealune-lehesuudmik-ft-haagistele\/#primaryimage\"},\"image\":{\"@id\":\"https:\/\/foresteel.eu\/et\/toode\/foresteel-haagisealune-lehesuudmik-ft-haagistele\/#primaryimage\"},\"thumbnailUrl\":\"https:\/\/foresteel.eu\/wp-content\/uploads\/2022\/02\/attr-underframe-1.jpg\",\"datePublished\":\"2022-05-29T14:30:55+00:00\",\"dateModified\":\"2023-01-16T15:53:27+00:00\",\"description\":\"Foresteel Lehehaagis koos haagisealuse lehesuudmiku lisaga v\u00f5imaldab minimeerida k\u00e4sit\u00f6\u00f6 vajadust ja m\u00e4rkimisv\u00e4\u00e4rselt kiirendada lehekoristusprotsessi.\",\"breadcrumb\":{\"@id\":\"https:\/\/foresteel.eu\/et\/toode\/foresteel-haagisealune-lehesuudmik-ft-haagistele\/#breadcrumb\"},\"inLanguage\":\"et\",\"potentialAction\":[{\"@type\":\"ReadAction\",\"target\":[\"https:\/\/foresteel.eu\/et\/toode\/foresteel-haagisealune-lehesuudmik-ft-haagistele\/\"]}]},{\"@type\":\"ImageObject\",\"inLanguage\":\"et\",\"@id\":\"https:\/\/foresteel.eu\/et\/toode\/foresteel-haagisealune-lehesuudmik-ft-haagistele\/#primaryimage\",\"url\":\"https:\/\/foresteel.eu\/wp-content\/uploads\/2022\/02\/attr-underframe-1.jpg\",\"contentUrl\":\"https:\/\/foresteel.eu\/wp-content\/uploads\/2022\/02\/attr-underframe-1.jpg\",\"width\":237,\"height\":156},{\"@type\":\"BreadcrumbList\",\"@id\":\"https:\/\/foresteel.eu\/et\/toode\/foresteel-haagisealune-lehesuudmik-ft-haagistele\/#breadcrumb\",\"itemListElement\":[{\"@type\":\"ListItem\",\"position\":1,\"name\":\"Home\",\"item\":\"https:\/\/foresteel.eu\/et\/home\/\"},{\"@type\":\"ListItem\",\"position\":2,\"name\":\"Pood\",\"item\":\"https:\/\/foresteel.eu\/et\/pood\/\"},{\"@type\":\"ListItem\",\"position\":3,\"name\":\"Haagisealune lehesuudmik FT haagistele\"}]},{\"@type\":\"WebSite\",\"@id\":\"https:\/\/foresteel.eu\/#website\",\"url\":\"https:\/\/foresteel.eu\/\",\"name\":\"Foresteel: Leheimurid, lehekoristushaagised, leheimur-haagised, mobiilsed kastmise- ja survepesu seadmed. Eestis toodetud.\",\"description\":\"Foresteel.\",\"publisher\":{\"@id\":\"https:\/\/foresteel.eu\/#organization\"},\"potentialAction\":[{\"@type\":\"SearchAction\",\"target\":{\"@type\":\"EntryPoint\",\"urlTemplate\":\"https:\/\/foresteel.eu\/?s={search_term_string}\"},\"query-input\":{\"@type\":\"PropertyValueSpecification\",\"valueRequired\":true,\"valueName\":\"search_term_string\"}}],\"inLanguage\":\"et\"},{\"@type\":\"Organization\",\"@id\":\"https:\/\/foresteel.eu\/#organization\",\"name\":\"Foresteel\",\"url\":\"https:\/\/foresteel.eu\/\",\"logo\":{\"@type\":\"ImageObject\",\"inLanguage\":\"et\",\"@id\":\"https:\/\/foresteel.eu\/#\/schema\/logo\/image\/\",\"url\":\"https:\/\/foresteel.eu\/wp-content\/uploads\/2022\/02\/header-logo.png\",\"contentUrl\":\"https:\/\/foresteel.eu\/wp-content\/uploads\/2022\/02\/header-logo.png\",\"width\":233,\"height\":60,\"caption\":\"Foresteel\"},\"image\":{\"@id\":\"https:\/\/foresteel.eu\/#\/schema\/logo\/image\/\"},\"sameAs\":[\"https:\/\/www.facebook.com\/foresteel.eu\/\",\"https:\/\/www.instagram.com\/foresteel\/\",\"https:\/\/www.youtube.com\/channel\/UCnGStzIvsDkYmZ7T1bwH6og\"]}]}<\/script>\n<!-- \/ Yoast SEO plugin. -->","yoast_head_json":{"title":"Haagisealune lehesuudmik FT haagistele - Foresteel: Leheimurid, lehekoristushaagised, leheimur-haagised, mobiilsed kastmise- ja survepesu seadmed. Eestis toodetud.","description":"Foresteel Lehehaagis koos haagisealuse lehesuudmiku lisaga v\u00f5imaldab minimeerida k\u00e4sit\u00f6\u00f6 vajadust ja m\u00e4rkimisv\u00e4\u00e4rselt kiirendada lehekoristusprotsessi.","robots":{"index":"index","follow":"follow","max-snippet":"max-snippet:-1","max-image-preview":"max-image-preview:large","max-video-preview":"max-video-preview:-1"},"canonical":"https:\/\/foresteel.eu\/et\/toode\/foresteel-haagisealune-lehesuudmik-ft-haagistele\/","og_locale":"et_EE","og_type":"article","og_title":"Haagisealune lehesuudmik FT haagistele - Foresteel: Leheimurid, lehekoristushaagised, leheimur-haagised, mobiilsed kastmise- ja survepesu seadmed. Eestis toodetud.","og_description":"Foresteel Lehehaagis koos haagisealuse lehesuudmiku lisaga v\u00f5imaldab minimeerida k\u00e4sit\u00f6\u00f6 vajadust ja m\u00e4rkimisv\u00e4\u00e4rselt kiirendada lehekoristusprotsessi.","og_url":"https:\/\/foresteel.eu\/et\/toode\/foresteel-haagisealune-lehesuudmik-ft-haagistele\/","og_site_name":"Foresteel: Leheimurid, lehekoristushaagised, leheimur-haagised, mobiilsed kastmise- ja survepesu seadmed. Eestis toodetud.","article_publisher":"https:\/\/www.facebook.com\/foresteel.eu\/","article_modified_time":"2023-01-16T15:53:27+00:00","twitter_card":"summary_large_image","schema":{"@context":"https:\/\/schema.org","@graph":[{"@type":"WebPage","@id":"https:\/\/foresteel.eu\/et\/toode\/foresteel-haagisealune-lehesuudmik-ft-haagistele\/","url":"https:\/\/foresteel.eu\/et\/toode\/foresteel-haagisealune-lehesuudmik-ft-haagistele\/","name":"Haagisealune lehesuudmik FT haagistele - Foresteel: Leheimurid, lehekoristushaagised, leheimur-haagised, mobiilsed kastmise- ja survepesu seadmed. Eestis toodetud.","isPartOf":{"@id":"https:\/\/foresteel.eu\/#website"},"primaryImageOfPage":{"@id":"https:\/\/foresteel.eu\/et\/toode\/foresteel-haagisealune-lehesuudmik-ft-haagistele\/#primaryimage"},"image":{"@id":"https:\/\/foresteel.eu\/et\/toode\/foresteel-haagisealune-lehesuudmik-ft-haagistele\/#primaryimage"},"thumbnailUrl":"https:\/\/foresteel.eu\/wp-content\/uploads\/2022\/02\/attr-underframe-1.jpg","datePublished":"2022-05-29T14:30:55+00:00","dateModified":"2023-01-16T15:53:27+00:00","description":"Foresteel Lehehaagis koos haagisealuse lehesuudmiku lisaga v\u00f5imaldab minimeerida k\u00e4sit\u00f6\u00f6 vajadust ja m\u00e4rkimisv\u00e4\u00e4rselt kiirendada lehekoristusprotsessi.","breadcrumb":{"@id":"https:\/\/foresteel.eu\/et\/toode\/foresteel-haagisealune-lehesuudmik-ft-haagistele\/#breadcrumb"},"inLanguage":"et","potentialAction":[{"@type":"ReadAction","target":["https:\/\/foresteel.eu\/et\/toode\/foresteel-haagisealune-lehesuudmik-ft-haagistele\/"]}]},{"@type":"ImageObject","inLanguage":"et","@id":"https:\/\/foresteel.eu\/et\/toode\/foresteel-haagisealune-lehesuudmik-ft-haagistele\/#primaryimage","url":"https:\/\/foresteel.eu\/wp-content\/uploads\/2022\/02\/attr-underframe-1.jpg","contentUrl":"https:\/\/foresteel.eu\/wp-content\/uploads\/2022\/02\/attr-underframe-1.jpg","width":237,"height":156},{"@type":"BreadcrumbList","@id":"https:\/\/foresteel.eu\/et\/toode\/foresteel-haagisealune-lehesuudmik-ft-haagistele\/#breadcrumb","itemListElement":[{"@type":"ListItem","position":1,"name":"Home","item":"https:\/\/foresteel.eu\/et\/home\/"},{"@type":"ListItem","position":2,"name":"Pood","item":"https:\/\/foresteel.eu\/et\/pood\/"},{"@type":"ListItem","position":3,"name":"Haagisealune lehesuudmik FT haagistele"}]},{"@type":"WebSite","@id":"https:\/\/foresteel.eu\/#website","url":"https:\/\/foresteel.eu\/","name":"Foresteel: Leheimurid, lehekoristushaagised, leheimur-haagised, mobiilsed kastmise- ja survepesu seadmed. Eestis toodetud.","description":"Foresteel.","publisher":{"@id":"https:\/\/foresteel.eu\/#organization"},"potentialAction":[{"@type":"SearchAction","target":{"@type":"EntryPoint","urlTemplate":"https:\/\/foresteel.eu\/?s={search_term_string}"},"query-input":{"@type":"PropertyValueSpecification","valueRequired":true,"valueName":"search_term_string"}}],"inLanguage":"et"},{"@type":"Organization","@id":"https:\/\/foresteel.eu\/#organization","name":"Foresteel","url":"https:\/\/foresteel.eu\/","logo":{"@type":"ImageObject","inLanguage":"et","@id":"https:\/\/foresteel.eu\/#\/schema\/logo\/image\/","url":"https:\/\/foresteel.eu\/wp-content\/uploads\/2022\/02\/header-logo.png","contentUrl":"https:\/\/foresteel.eu\/wp-content\/uploads\/2022\/02\/header-logo.png","width":233,"height":60,"caption":"Foresteel"},"image":{"@id":"https:\/\/foresteel.eu\/#\/schema\/logo\/image\/"},"sameAs":["https:\/\/www.facebook.com\/foresteel.eu\/","https:\/\/www.instagram.com\/foresteel\/","https:\/\/www.youtube.com\/channel\/UCnGStzIvsDkYmZ7T1bwH6og"]}]}},"_links":{"self":[{"href":"https:\/\/foresteel.eu\/et\/wp-json\/wp\/v2\/product\/12684","targetHints":{"allow":["GET"]}}],"collection":[{"href":"https:\/\/foresteel.eu\/et\/wp-json\/wp\/v2\/product"}],"about":[{"href":"https:\/\/foresteel.eu\/et\/wp-json\/wp\/v2\/types\/product"}],"version-history":[{"count":2,"href":"https:\/\/foresteel.eu\/et\/wp-json\/wp\/v2\/product\/12684\/revisions"}],"predecessor-version":[{"id":18285,"href":"https:\/\/foresteel.eu\/et\/wp-json\/wp\/v2\/product\/12684\/revisions\/18285"}],"wp:featuredmedia":[{"embeddable":true,"href":"https:\/\/foresteel.eu\/et\/wp-json\/wp\/v2\/media\/6867"}],"wp:attachment":[{"href":"https:\/\/foresteel.eu\/et\/wp-json\/wp\/v2\/media?parent=12684"}],"wp:term":[{"taxonomy":"product_brand","embeddable":true,"href":"https:\/\/foresteel.eu\/et\/wp-json\/wp\/v2\/product_brand?post=12684"},{"taxonomy":"product_cat","embeddable":true,"href":"https:\/\/foresteel.eu\/et\/wp-json\/wp\/v2\/product_cat?post=12684"},{"taxonomy":"product_tag","embeddable":true,"href":"https:\/\/foresteel.eu\/et\/wp-json\/wp\/v2\/product_tag?post=12684"}],"curies":[{"name":"wp","href":"https:\/\/api.w.org\/{rel}","templated":true}]}}