{"id":12529,"date":"2022-05-21T10:27:20","date_gmt":"2022-05-21T10:27:20","guid":{"rendered":"https:\/\/foresteel.eu\/?post_type=product&#038;p=12529"},"modified":"2024-03-11T16:40:18","modified_gmt":"2024-03-11T13:40:18","slug":"ft-2200-3-kulje-kallurhaagis-traktorile-laadurile","status":"publish","type":"product","link":"https:\/\/foresteel.eu\/et\/toode\/ft-2200-3-kulje-kallurhaagis-traktorile-laadurile\/","title":{"rendered":"FT-2200 T3 3-k\u00fclje kallurhaagis"},"content":{"rendered":"","protected":false},"excerpt":{"rendered":"<p><b>FT-2200 lihtsustab iga kaubaveo \u00fclesannet ja sellel on lai valik rakendusi.<br \/>\n<span style=\"color: #ff0000;\">Uudis! <\/span><\/b><span style=\"color: #ff0000;\">Saadaval piduritega EU-T\u00fc\u00fcbikinnitatusega (COC) versioon!<\/span><b><\/b><b><\/b><\/p>\n<p>Portekastiga 3-k\u00fcljele kallutav haagis traktoritele ja laaduritele. Madal veokonksu vertikaalkoormus, mis on loodud vastama kompaktsete masinate piirangutele. Ideaalne lisavarustus teie v\u00e4iketraktoritele ja kompaktlaaduritele.<br \/>\nKolmele k\u00fcljele kallutamine, laiad suurendatud torkekindlusega mururehvid, kergesti eemaldatavad k\u00fcljepaneelid, platvormiks muutmise v\u00f5imalus ja h\u00fcdro-automaatne t\u00f5stepiiraja, mis t\u00f6\u00f6tab igas suunas, on vaid m\u00f5ned FT-2200 funktsioonidest, mis seda konkurentsist eristavad. N\u00fc\u00fcdsest k\u00f5rgema portega laiem kast. Lisaks tsingitud raami, k\u00fcljepaneelide ja nurgapostidega!<\/p>\n","protected":false},"featured_media":21110,"template":"","meta":{"_acf_changed":false},"product_brand":[],"product_cat":[133],"product_tag":[155,205,157,158,207,197],"class_list":{"0":"post-12529","1":"product","2":"type-product","3":"status-publish","4":"has-post-thumbnail","6":"product_cat-kallurhaagised","7":"product_tag-golfiklubi","8":"product_tag-kodu","9":"product_tag-laadur","10":"product_tag-omavalitsus","11":"product_tag-teenusepakkuja","12":"product_tag-traktor-et","13":"tm-has-options","14":"member-discount","15":"discount-restricted","17":"first","18":"instock","19":"taxable","20":"shipping-taxable","21":"purchasable","22":"product-type-simple"},"acf":[],"yoast_head":"<!-- This site is optimized with the Yoast SEO plugin v26.3 - https:\/\/yoast.com\/wordpress\/plugins\/seo\/ -->\n<title>FT-2200 T3 3-k\u00fclje kallurhaagis - Foresteel: Leheimurid, lehekoristushaagised, leheimur-haagised, mobiilsed kastmise- ja survepesu seadmed. Eestis toodetud.<\/title>\n<meta name=\"description\" content=\"V\u00e4iketraktorile, laadurile ja kommunaaltehnikale loodud kvaliteetne kallurhaagis h\u00fcdraulilise kallutuse ja platvormkastiga.\" \/>\n<meta name=\"robots\" content=\"index, follow, max-snippet:-1, max-image-preview:large, max-video-preview:-1\" \/>\n<link rel=\"canonical\" href=\"https:\/\/foresteel.eu\/et\/toode\/ft-2200-3-kulje-kallurhaagis-traktorile-laadurile\/\" \/>\n<meta property=\"og:locale\" content=\"et_EE\" \/>\n<meta property=\"og:type\" content=\"article\" \/>\n<meta property=\"og:title\" content=\"FT-2200 T3 3-k\u00fclje kallurhaagis - Foresteel: Leheimurid, lehekoristushaagised, leheimur-haagised, mobiilsed kastmise- ja survepesu seadmed. Eestis toodetud.\" \/>\n<meta property=\"og:description\" content=\"V\u00e4iketraktorile, laadurile ja kommunaaltehnikale loodud kvaliteetne kallurhaagis h\u00fcdraulilise kallutuse ja platvormkastiga.\" \/>\n<meta property=\"og:url\" content=\"https:\/\/foresteel.eu\/et\/toode\/ft-2200-3-kulje-kallurhaagis-traktorile-laadurile\/\" \/>\n<meta property=\"og:site_name\" content=\"Foresteel: Leheimurid, lehekoristushaagised, leheimur-haagised, mobiilsed kastmise- ja survepesu seadmed. Eestis toodetud.\" \/>\n<meta property=\"article:publisher\" content=\"https:\/\/www.facebook.com\/foresteel.eu\/\" \/>\n<meta property=\"article:modified_time\" content=\"2024-03-11T13:40:18+00:00\" \/>\n<meta name=\"twitter:card\" content=\"summary_large_image\" \/>\n<script type=\"application\/ld+json\" class=\"yoast-schema-graph\">{\"@context\":\"https:\/\/schema.org\",\"@graph\":[{\"@type\":\"WebPage\",\"@id\":\"https:\/\/foresteel.eu\/et\/toode\/ft-2200-3-kulje-kallurhaagis-traktorile-laadurile\/\",\"url\":\"https:\/\/foresteel.eu\/et\/toode\/ft-2200-3-kulje-kallurhaagis-traktorile-laadurile\/\",\"name\":\"FT-2200 T3 3-k\u00fclje kallurhaagis - Foresteel: Leheimurid, lehekoristushaagised, leheimur-haagised, mobiilsed kastmise- ja survepesu seadmed. Eestis toodetud.\",\"isPartOf\":{\"@id\":\"https:\/\/foresteel.eu\/#website\"},\"primaryImageOfPage\":{\"@id\":\"https:\/\/foresteel.eu\/et\/toode\/ft-2200-3-kulje-kallurhaagis-traktorile-laadurile\/#primaryimage\"},\"image\":{\"@id\":\"https:\/\/foresteel.eu\/et\/toode\/ft-2200-3-kulje-kallurhaagis-traktorile-laadurile\/#primaryimage\"},\"thumbnailUrl\":\"https:\/\/foresteel.eu\/wp-content\/uploads\/2022\/05\/Foresteel-FT-2200-T3-product-group-side-tipped.jpg\",\"datePublished\":\"2022-05-21T10:27:20+00:00\",\"dateModified\":\"2024-03-11T13:40:18+00:00\",\"description\":\"V\u00e4iketraktorile, laadurile ja kommunaaltehnikale loodud kvaliteetne kallurhaagis h\u00fcdraulilise kallutuse ja platvormkastiga.\",\"breadcrumb\":{\"@id\":\"https:\/\/foresteel.eu\/et\/toode\/ft-2200-3-kulje-kallurhaagis-traktorile-laadurile\/#breadcrumb\"},\"inLanguage\":\"et\",\"potentialAction\":[{\"@type\":\"ReadAction\",\"target\":[\"https:\/\/foresteel.eu\/et\/toode\/ft-2200-3-kulje-kallurhaagis-traktorile-laadurile\/\"]}]},{\"@type\":\"ImageObject\",\"inLanguage\":\"et\",\"@id\":\"https:\/\/foresteel.eu\/et\/toode\/ft-2200-3-kulje-kallurhaagis-traktorile-laadurile\/#primaryimage\",\"url\":\"https:\/\/foresteel.eu\/wp-content\/uploads\/2022\/05\/Foresteel-FT-2200-T3-product-group-side-tipped.jpg\",\"contentUrl\":\"https:\/\/foresteel.eu\/wp-content\/uploads\/2022\/05\/Foresteel-FT-2200-T3-product-group-side-tipped.jpg\",\"width\":556,\"height\":720},{\"@type\":\"BreadcrumbList\",\"@id\":\"https:\/\/foresteel.eu\/et\/toode\/ft-2200-3-kulje-kallurhaagis-traktorile-laadurile\/#breadcrumb\",\"itemListElement\":[{\"@type\":\"ListItem\",\"position\":1,\"name\":\"Home\",\"item\":\"https:\/\/foresteel.eu\/et\/home\/\"},{\"@type\":\"ListItem\",\"position\":2,\"name\":\"Pood\",\"item\":\"https:\/\/foresteel.eu\/et\/pood\/\"},{\"@type\":\"ListItem\",\"position\":3,\"name\":\"FT-2200 T3 3-k\u00fclje kallurhaagis\"}]},{\"@type\":\"WebSite\",\"@id\":\"https:\/\/foresteel.eu\/#website\",\"url\":\"https:\/\/foresteel.eu\/\",\"name\":\"Foresteel: Leheimurid, lehekoristushaagised, leheimur-haagised, mobiilsed kastmise- ja survepesu seadmed. Eestis toodetud.\",\"description\":\"Foresteel.\",\"publisher\":{\"@id\":\"https:\/\/foresteel.eu\/#organization\"},\"potentialAction\":[{\"@type\":\"SearchAction\",\"target\":{\"@type\":\"EntryPoint\",\"urlTemplate\":\"https:\/\/foresteel.eu\/?s={search_term_string}\"},\"query-input\":{\"@type\":\"PropertyValueSpecification\",\"valueRequired\":true,\"valueName\":\"search_term_string\"}}],\"inLanguage\":\"et\"},{\"@type\":\"Organization\",\"@id\":\"https:\/\/foresteel.eu\/#organization\",\"name\":\"Foresteel\",\"url\":\"https:\/\/foresteel.eu\/\",\"logo\":{\"@type\":\"ImageObject\",\"inLanguage\":\"et\",\"@id\":\"https:\/\/foresteel.eu\/#\/schema\/logo\/image\/\",\"url\":\"https:\/\/foresteel.eu\/wp-content\/uploads\/2022\/02\/header-logo.png\",\"contentUrl\":\"https:\/\/foresteel.eu\/wp-content\/uploads\/2022\/02\/header-logo.png\",\"width\":233,\"height\":60,\"caption\":\"Foresteel\"},\"image\":{\"@id\":\"https:\/\/foresteel.eu\/#\/schema\/logo\/image\/\"},\"sameAs\":[\"https:\/\/www.facebook.com\/foresteel.eu\/\",\"https:\/\/www.instagram.com\/foresteel\/\",\"https:\/\/www.youtube.com\/channel\/UCnGStzIvsDkYmZ7T1bwH6og\"]}]}<\/script>\n<!-- \/ Yoast SEO plugin. -->","yoast_head_json":{"title":"FT-2200 T3 3-k\u00fclje kallurhaagis - Foresteel: Leheimurid, lehekoristushaagised, leheimur-haagised, mobiilsed kastmise- ja survepesu seadmed. Eestis toodetud.","description":"V\u00e4iketraktorile, laadurile ja kommunaaltehnikale loodud kvaliteetne kallurhaagis h\u00fcdraulilise kallutuse ja platvormkastiga.","robots":{"index":"index","follow":"follow","max-snippet":"max-snippet:-1","max-image-preview":"max-image-preview:large","max-video-preview":"max-video-preview:-1"},"canonical":"https:\/\/foresteel.eu\/et\/toode\/ft-2200-3-kulje-kallurhaagis-traktorile-laadurile\/","og_locale":"et_EE","og_type":"article","og_title":"FT-2200 T3 3-k\u00fclje kallurhaagis - Foresteel: Leheimurid, lehekoristushaagised, leheimur-haagised, mobiilsed kastmise- ja survepesu seadmed. Eestis toodetud.","og_description":"V\u00e4iketraktorile, laadurile ja kommunaaltehnikale loodud kvaliteetne kallurhaagis h\u00fcdraulilise kallutuse ja platvormkastiga.","og_url":"https:\/\/foresteel.eu\/et\/toode\/ft-2200-3-kulje-kallurhaagis-traktorile-laadurile\/","og_site_name":"Foresteel: Leheimurid, lehekoristushaagised, leheimur-haagised, mobiilsed kastmise- ja survepesu seadmed. Eestis toodetud.","article_publisher":"https:\/\/www.facebook.com\/foresteel.eu\/","article_modified_time":"2024-03-11T13:40:18+00:00","twitter_card":"summary_large_image","schema":{"@context":"https:\/\/schema.org","@graph":[{"@type":"WebPage","@id":"https:\/\/foresteel.eu\/et\/toode\/ft-2200-3-kulje-kallurhaagis-traktorile-laadurile\/","url":"https:\/\/foresteel.eu\/et\/toode\/ft-2200-3-kulje-kallurhaagis-traktorile-laadurile\/","name":"FT-2200 T3 3-k\u00fclje kallurhaagis - Foresteel: Leheimurid, lehekoristushaagised, leheimur-haagised, mobiilsed kastmise- ja survepesu seadmed. Eestis toodetud.","isPartOf":{"@id":"https:\/\/foresteel.eu\/#website"},"primaryImageOfPage":{"@id":"https:\/\/foresteel.eu\/et\/toode\/ft-2200-3-kulje-kallurhaagis-traktorile-laadurile\/#primaryimage"},"image":{"@id":"https:\/\/foresteel.eu\/et\/toode\/ft-2200-3-kulje-kallurhaagis-traktorile-laadurile\/#primaryimage"},"thumbnailUrl":"https:\/\/foresteel.eu\/wp-content\/uploads\/2022\/05\/Foresteel-FT-2200-T3-product-group-side-tipped.jpg","datePublished":"2022-05-21T10:27:20+00:00","dateModified":"2024-03-11T13:40:18+00:00","description":"V\u00e4iketraktorile, laadurile ja kommunaaltehnikale loodud kvaliteetne kallurhaagis h\u00fcdraulilise kallutuse ja platvormkastiga.","breadcrumb":{"@id":"https:\/\/foresteel.eu\/et\/toode\/ft-2200-3-kulje-kallurhaagis-traktorile-laadurile\/#breadcrumb"},"inLanguage":"et","potentialAction":[{"@type":"ReadAction","target":["https:\/\/foresteel.eu\/et\/toode\/ft-2200-3-kulje-kallurhaagis-traktorile-laadurile\/"]}]},{"@type":"ImageObject","inLanguage":"et","@id":"https:\/\/foresteel.eu\/et\/toode\/ft-2200-3-kulje-kallurhaagis-traktorile-laadurile\/#primaryimage","url":"https:\/\/foresteel.eu\/wp-content\/uploads\/2022\/05\/Foresteel-FT-2200-T3-product-group-side-tipped.jpg","contentUrl":"https:\/\/foresteel.eu\/wp-content\/uploads\/2022\/05\/Foresteel-FT-2200-T3-product-group-side-tipped.jpg","width":556,"height":720},{"@type":"BreadcrumbList","@id":"https:\/\/foresteel.eu\/et\/toode\/ft-2200-3-kulje-kallurhaagis-traktorile-laadurile\/#breadcrumb","itemListElement":[{"@type":"ListItem","position":1,"name":"Home","item":"https:\/\/foresteel.eu\/et\/home\/"},{"@type":"ListItem","position":2,"name":"Pood","item":"https:\/\/foresteel.eu\/et\/pood\/"},{"@type":"ListItem","position":3,"name":"FT-2200 T3 3-k\u00fclje kallurhaagis"}]},{"@type":"WebSite","@id":"https:\/\/foresteel.eu\/#website","url":"https:\/\/foresteel.eu\/","name":"Foresteel: Leheimurid, lehekoristushaagised, leheimur-haagised, mobiilsed kastmise- ja survepesu seadmed. Eestis toodetud.","description":"Foresteel.","publisher":{"@id":"https:\/\/foresteel.eu\/#organization"},"potentialAction":[{"@type":"SearchAction","target":{"@type":"EntryPoint","urlTemplate":"https:\/\/foresteel.eu\/?s={search_term_string}"},"query-input":{"@type":"PropertyValueSpecification","valueRequired":true,"valueName":"search_term_string"}}],"inLanguage":"et"},{"@type":"Organization","@id":"https:\/\/foresteel.eu\/#organization","name":"Foresteel","url":"https:\/\/foresteel.eu\/","logo":{"@type":"ImageObject","inLanguage":"et","@id":"https:\/\/foresteel.eu\/#\/schema\/logo\/image\/","url":"https:\/\/foresteel.eu\/wp-content\/uploads\/2022\/02\/header-logo.png","contentUrl":"https:\/\/foresteel.eu\/wp-content\/uploads\/2022\/02\/header-logo.png","width":233,"height":60,"caption":"Foresteel"},"image":{"@id":"https:\/\/foresteel.eu\/#\/schema\/logo\/image\/"},"sameAs":["https:\/\/www.facebook.com\/foresteel.eu\/","https:\/\/www.instagram.com\/foresteel\/","https:\/\/www.youtube.com\/channel\/UCnGStzIvsDkYmZ7T1bwH6og"]}]}},"_links":{"self":[{"href":"https:\/\/foresteel.eu\/et\/wp-json\/wp\/v2\/product\/12529","targetHints":{"allow":["GET"]}}],"collection":[{"href":"https:\/\/foresteel.eu\/et\/wp-json\/wp\/v2\/product"}],"about":[{"href":"https:\/\/foresteel.eu\/et\/wp-json\/wp\/v2\/types\/product"}],"version-history":[{"count":5,"href":"https:\/\/foresteel.eu\/et\/wp-json\/wp\/v2\/product\/12529\/revisions"}],"predecessor-version":[{"id":19468,"href":"https:\/\/foresteel.eu\/et\/wp-json\/wp\/v2\/product\/12529\/revisions\/19468"}],"wp:featuredmedia":[{"embeddable":true,"href":"https:\/\/foresteel.eu\/et\/wp-json\/wp\/v2\/media\/21110"}],"wp:attachment":[{"href":"https:\/\/foresteel.eu\/et\/wp-json\/wp\/v2\/media?parent=12529"}],"wp:term":[{"taxonomy":"product_brand","embeddable":true,"href":"https:\/\/foresteel.eu\/et\/wp-json\/wp\/v2\/product_brand?post=12529"},{"taxonomy":"product_cat","embeddable":true,"href":"https:\/\/foresteel.eu\/et\/wp-json\/wp\/v2\/product_cat?post=12529"},{"taxonomy":"product_tag","embeddable":true,"href":"https:\/\/foresteel.eu\/et\/wp-json\/wp\/v2\/product_tag?post=12529"}],"curies":[{"name":"wp","href":"https:\/\/api.w.org\/{rel}","templated":true}]}}