{"id":12525,"date":"2022-05-21T10:26:28","date_gmt":"2022-05-29T15:35:45","guid":{"rendered":"https:\/\/foresteel.eu\/?post_type=product&#038;p=12525"},"modified":"2024-03-11T16:39:23","modified_gmt":"2024-03-11T13:39:23","slug":"ft-1600-kallurhaagis-atv-utv-traktor","status":"publish","type":"product","link":"https:\/\/foresteel.eu\/et\/toode\/ft-1600-kallurhaagis-atv-utv-traktor\/","title":{"rendered":"FT-1600 Kallurhaagis"},"content":{"rendered":"","protected":false},"excerpt":{"rendered":"<div><span class=\"ace-all-bold-hthree\"><span class=\" author-d-4z65zz66zl57z75zyiz66zfr2fz87zwz89znuiz88zj2snz88zz76zz72zz87z9rz78zz71z0z75zf7hz87zgz85zdz90zz77zd02z73zk\"><b>Valikuline elektroh\u00fcdrauliline v\u00f5i manuaalne k\u00e4sipumbaga lahendus sisaldab autonoomset h\u00fcdros\u00fcsteemi, mis v\u00f5imaldab kallutada v\u00e4list h\u00fcdraulikat kasutamata.<br \/>\n<\/b><span style=\"color: #ff0000;\"><b>Uudis! <\/b>Saadaval piduritega EU-T\u00fc\u00fcbikinnitatusega (COC) versioon!<\/span><\/span><\/span><\/div>\n<div><\/div>\n<div><span class=\" author-d-4z65zz66zl57z75zyiz66zfr2fz87zwz89znuiz88zj2snz88zz76zz72zz87z9rz78zz71z0z75zf7hz87zgz85zdz90zz77zd02z73zk\">Eestis toodetud 1600 kg kandev\u00f5imega h\u00fcdraulilise kallutusega haagis traktori, laaduri, ATV ja UTV jaoks. Tugeva konstruktsiooniga ja platvorm kastiga haagis on v\u00e4lja t\u00f6\u00f6tatud just v\u00e4iketehnikat silmas pidades. Portekast ja madal laadimisk\u00f5rgus teevad peale- ja mahalaadimise mugavaks ja ergonoomiliseks. N\u00fc\u00fcdsest tsingitud raami, k\u00fcljepaneelide ja nurgapostidega.<br \/>\n<\/span><\/div>\n","protected":false},"featured_media":18708,"template":"","meta":{"_acf_changed":false},"product_brand":[],"product_cat":[133],"product_tag":[154,155,205,157,158,207,197,159],"class_list":{"0":"post-12525","1":"product","2":"type-product","3":"status-publish","4":"has-post-thumbnail","6":"product_cat-kallurhaagised","7":"product_tag-atv-utv-et","8":"product_tag-golfiklubi","9":"product_tag-kodu","10":"product_tag-laadur","11":"product_tag-omavalitsus","12":"product_tag-teenusepakkuja","13":"product_tag-traktor-et","14":"product_tag-villa-et","15":"tm-has-options","16":"member-discount","17":"discount-restricted","19":"first","20":"instock","21":"taxable","22":"shipping-taxable","23":"purchasable","24":"product-type-simple"},"acf":[],"yoast_head":"<!-- This site is optimized with the Yoast SEO plugin v26.3 - https:\/\/yoast.com\/wordpress\/plugins\/seo\/ -->\n<title>FT-1600 Kallurhaagis - Foresteel: Leheimurid, lehekoristushaagised, leheimur-haagised, mobiilsed kastmise- ja survepesu seadmed. Eestis toodetud.<\/title>\n<meta name=\"description\" content=\"Kvaliteetklassi kallurhaagis v\u00e4iketraktorile, laadurile, ATVle, UTVle suuremale niidumasinale. See v\u00f5imsa h\u00fcdraulilise kallutusega haagis pakub...\" \/>\n<meta name=\"robots\" content=\"index, follow, max-snippet:-1, max-image-preview:large, max-video-preview:-1\" \/>\n<link rel=\"canonical\" href=\"https:\/\/foresteel.eu\/et\/toode\/ft-1600-kallurhaagis-atv-utv-traktor\/\" \/>\n<meta property=\"og:locale\" content=\"et_EE\" \/>\n<meta property=\"og:type\" content=\"article\" \/>\n<meta property=\"og:title\" content=\"FT-1600 Kallurhaagis - Foresteel: Leheimurid, lehekoristushaagised, leheimur-haagised, mobiilsed kastmise- ja survepesu seadmed. Eestis toodetud.\" \/>\n<meta property=\"og:description\" content=\"Kvaliteetklassi kallurhaagis v\u00e4iketraktorile, laadurile, ATVle, UTVle suuremale niidumasinale. See v\u00f5imsa h\u00fcdraulilise kallutusega haagis pakub...\" \/>\n<meta property=\"og:url\" content=\"https:\/\/foresteel.eu\/et\/toode\/ft-1600-kallurhaagis-atv-utv-traktor\/\" \/>\n<meta property=\"og:site_name\" content=\"Foresteel: Leheimurid, lehekoristushaagised, leheimur-haagised, mobiilsed kastmise- ja survepesu seadmed. Eestis toodetud.\" \/>\n<meta property=\"article:publisher\" content=\"https:\/\/www.facebook.com\/foresteel.eu\/\" \/>\n<meta property=\"article:modified_time\" content=\"2024-03-11T13:39:23+00:00\" \/>\n<meta name=\"twitter:card\" content=\"summary_large_image\" \/>\n<script type=\"application\/ld+json\" class=\"yoast-schema-graph\">{\"@context\":\"https:\/\/schema.org\",\"@graph\":[{\"@type\":\"WebPage\",\"@id\":\"https:\/\/foresteel.eu\/et\/toode\/ft-1600-kallurhaagis-atv-utv-traktor\/\",\"url\":\"https:\/\/foresteel.eu\/et\/toode\/ft-1600-kallurhaagis-atv-utv-traktor\/\",\"name\":\"FT-1600 Kallurhaagis - Foresteel: Leheimurid, lehekoristushaagised, leheimur-haagised, mobiilsed kastmise- ja survepesu seadmed. Eestis toodetud.\",\"isPartOf\":{\"@id\":\"https:\/\/foresteel.eu\/#website\"},\"primaryImageOfPage\":{\"@id\":\"https:\/\/foresteel.eu\/et\/toode\/ft-1600-kallurhaagis-atv-utv-traktor\/#primaryimage\"},\"image\":{\"@id\":\"https:\/\/foresteel.eu\/et\/toode\/ft-1600-kallurhaagis-atv-utv-traktor\/#primaryimage\"},\"thumbnailUrl\":\"https:\/\/foresteel.eu\/wp-content\/uploads\/2022\/05\/Foresteel-FT-1600-tipping-trailer-tractors-loaders-atvs.jpg\",\"datePublished\":\"2022-05-29T15:35:45+00:00\",\"dateModified\":\"2024-03-11T13:39:23+00:00\",\"description\":\"Kvaliteetklassi kallurhaagis v\u00e4iketraktorile, laadurile, ATVle, UTVle suuremale niidumasinale. See v\u00f5imsa h\u00fcdraulilise kallutusega haagis pakub...\",\"breadcrumb\":{\"@id\":\"https:\/\/foresteel.eu\/et\/toode\/ft-1600-kallurhaagis-atv-utv-traktor\/#breadcrumb\"},\"inLanguage\":\"et\",\"potentialAction\":[{\"@type\":\"ReadAction\",\"target\":[\"https:\/\/foresteel.eu\/et\/toode\/ft-1600-kallurhaagis-atv-utv-traktor\/\"]}]},{\"@type\":\"ImageObject\",\"inLanguage\":\"et\",\"@id\":\"https:\/\/foresteel.eu\/et\/toode\/ft-1600-kallurhaagis-atv-utv-traktor\/#primaryimage\",\"url\":\"https:\/\/foresteel.eu\/wp-content\/uploads\/2022\/05\/Foresteel-FT-1600-tipping-trailer-tractors-loaders-atvs.jpg\",\"contentUrl\":\"https:\/\/foresteel.eu\/wp-content\/uploads\/2022\/05\/Foresteel-FT-1600-tipping-trailer-tractors-loaders-atvs.jpg\",\"width\":556,\"height\":720},{\"@type\":\"BreadcrumbList\",\"@id\":\"https:\/\/foresteel.eu\/et\/toode\/ft-1600-kallurhaagis-atv-utv-traktor\/#breadcrumb\",\"itemListElement\":[{\"@type\":\"ListItem\",\"position\":1,\"name\":\"Home\",\"item\":\"https:\/\/foresteel.eu\/et\/home\/\"},{\"@type\":\"ListItem\",\"position\":2,\"name\":\"Pood\",\"item\":\"https:\/\/foresteel.eu\/et\/pood\/\"},{\"@type\":\"ListItem\",\"position\":3,\"name\":\"FT-1600 Kallurhaagis\"}]},{\"@type\":\"WebSite\",\"@id\":\"https:\/\/foresteel.eu\/#website\",\"url\":\"https:\/\/foresteel.eu\/\",\"name\":\"Foresteel: Leheimurid, lehekoristushaagised, leheimur-haagised, mobiilsed kastmise- ja survepesu seadmed. Eestis toodetud.\",\"description\":\"Foresteel.\",\"publisher\":{\"@id\":\"https:\/\/foresteel.eu\/#organization\"},\"potentialAction\":[{\"@type\":\"SearchAction\",\"target\":{\"@type\":\"EntryPoint\",\"urlTemplate\":\"https:\/\/foresteel.eu\/?s={search_term_string}\"},\"query-input\":{\"@type\":\"PropertyValueSpecification\",\"valueRequired\":true,\"valueName\":\"search_term_string\"}}],\"inLanguage\":\"et\"},{\"@type\":\"Organization\",\"@id\":\"https:\/\/foresteel.eu\/#organization\",\"name\":\"Foresteel\",\"url\":\"https:\/\/foresteel.eu\/\",\"logo\":{\"@type\":\"ImageObject\",\"inLanguage\":\"et\",\"@id\":\"https:\/\/foresteel.eu\/#\/schema\/logo\/image\/\",\"url\":\"https:\/\/foresteel.eu\/wp-content\/uploads\/2022\/02\/header-logo.png\",\"contentUrl\":\"https:\/\/foresteel.eu\/wp-content\/uploads\/2022\/02\/header-logo.png\",\"width\":233,\"height\":60,\"caption\":\"Foresteel\"},\"image\":{\"@id\":\"https:\/\/foresteel.eu\/#\/schema\/logo\/image\/\"},\"sameAs\":[\"https:\/\/www.facebook.com\/foresteel.eu\/\",\"https:\/\/www.instagram.com\/foresteel\/\",\"https:\/\/www.youtube.com\/channel\/UCnGStzIvsDkYmZ7T1bwH6og\"]}]}<\/script>\n<!-- \/ Yoast SEO plugin. -->","yoast_head_json":{"title":"FT-1600 Kallurhaagis - Foresteel: Leheimurid, lehekoristushaagised, leheimur-haagised, mobiilsed kastmise- ja survepesu seadmed. Eestis toodetud.","description":"Kvaliteetklassi kallurhaagis v\u00e4iketraktorile, laadurile, ATVle, UTVle suuremale niidumasinale. See v\u00f5imsa h\u00fcdraulilise kallutusega haagis pakub...","robots":{"index":"index","follow":"follow","max-snippet":"max-snippet:-1","max-image-preview":"max-image-preview:large","max-video-preview":"max-video-preview:-1"},"canonical":"https:\/\/foresteel.eu\/et\/toode\/ft-1600-kallurhaagis-atv-utv-traktor\/","og_locale":"et_EE","og_type":"article","og_title":"FT-1600 Kallurhaagis - Foresteel: Leheimurid, lehekoristushaagised, leheimur-haagised, mobiilsed kastmise- ja survepesu seadmed. Eestis toodetud.","og_description":"Kvaliteetklassi kallurhaagis v\u00e4iketraktorile, laadurile, ATVle, UTVle suuremale niidumasinale. See v\u00f5imsa h\u00fcdraulilise kallutusega haagis pakub...","og_url":"https:\/\/foresteel.eu\/et\/toode\/ft-1600-kallurhaagis-atv-utv-traktor\/","og_site_name":"Foresteel: Leheimurid, lehekoristushaagised, leheimur-haagised, mobiilsed kastmise- ja survepesu seadmed. Eestis toodetud.","article_publisher":"https:\/\/www.facebook.com\/foresteel.eu\/","article_modified_time":"2024-03-11T13:39:23+00:00","twitter_card":"summary_large_image","schema":{"@context":"https:\/\/schema.org","@graph":[{"@type":"WebPage","@id":"https:\/\/foresteel.eu\/et\/toode\/ft-1600-kallurhaagis-atv-utv-traktor\/","url":"https:\/\/foresteel.eu\/et\/toode\/ft-1600-kallurhaagis-atv-utv-traktor\/","name":"FT-1600 Kallurhaagis - Foresteel: Leheimurid, lehekoristushaagised, leheimur-haagised, mobiilsed kastmise- ja survepesu seadmed. Eestis toodetud.","isPartOf":{"@id":"https:\/\/foresteel.eu\/#website"},"primaryImageOfPage":{"@id":"https:\/\/foresteel.eu\/et\/toode\/ft-1600-kallurhaagis-atv-utv-traktor\/#primaryimage"},"image":{"@id":"https:\/\/foresteel.eu\/et\/toode\/ft-1600-kallurhaagis-atv-utv-traktor\/#primaryimage"},"thumbnailUrl":"https:\/\/foresteel.eu\/wp-content\/uploads\/2022\/05\/Foresteel-FT-1600-tipping-trailer-tractors-loaders-atvs.jpg","datePublished":"2022-05-29T15:35:45+00:00","dateModified":"2024-03-11T13:39:23+00:00","description":"Kvaliteetklassi kallurhaagis v\u00e4iketraktorile, laadurile, ATVle, UTVle suuremale niidumasinale. See v\u00f5imsa h\u00fcdraulilise kallutusega haagis pakub...","breadcrumb":{"@id":"https:\/\/foresteel.eu\/et\/toode\/ft-1600-kallurhaagis-atv-utv-traktor\/#breadcrumb"},"inLanguage":"et","potentialAction":[{"@type":"ReadAction","target":["https:\/\/foresteel.eu\/et\/toode\/ft-1600-kallurhaagis-atv-utv-traktor\/"]}]},{"@type":"ImageObject","inLanguage":"et","@id":"https:\/\/foresteel.eu\/et\/toode\/ft-1600-kallurhaagis-atv-utv-traktor\/#primaryimage","url":"https:\/\/foresteel.eu\/wp-content\/uploads\/2022\/05\/Foresteel-FT-1600-tipping-trailer-tractors-loaders-atvs.jpg","contentUrl":"https:\/\/foresteel.eu\/wp-content\/uploads\/2022\/05\/Foresteel-FT-1600-tipping-trailer-tractors-loaders-atvs.jpg","width":556,"height":720},{"@type":"BreadcrumbList","@id":"https:\/\/foresteel.eu\/et\/toode\/ft-1600-kallurhaagis-atv-utv-traktor\/#breadcrumb","itemListElement":[{"@type":"ListItem","position":1,"name":"Home","item":"https:\/\/foresteel.eu\/et\/home\/"},{"@type":"ListItem","position":2,"name":"Pood","item":"https:\/\/foresteel.eu\/et\/pood\/"},{"@type":"ListItem","position":3,"name":"FT-1600 Kallurhaagis"}]},{"@type":"WebSite","@id":"https:\/\/foresteel.eu\/#website","url":"https:\/\/foresteel.eu\/","name":"Foresteel: Leheimurid, lehekoristushaagised, leheimur-haagised, mobiilsed kastmise- ja survepesu seadmed. Eestis toodetud.","description":"Foresteel.","publisher":{"@id":"https:\/\/foresteel.eu\/#organization"},"potentialAction":[{"@type":"SearchAction","target":{"@type":"EntryPoint","urlTemplate":"https:\/\/foresteel.eu\/?s={search_term_string}"},"query-input":{"@type":"PropertyValueSpecification","valueRequired":true,"valueName":"search_term_string"}}],"inLanguage":"et"},{"@type":"Organization","@id":"https:\/\/foresteel.eu\/#organization","name":"Foresteel","url":"https:\/\/foresteel.eu\/","logo":{"@type":"ImageObject","inLanguage":"et","@id":"https:\/\/foresteel.eu\/#\/schema\/logo\/image\/","url":"https:\/\/foresteel.eu\/wp-content\/uploads\/2022\/02\/header-logo.png","contentUrl":"https:\/\/foresteel.eu\/wp-content\/uploads\/2022\/02\/header-logo.png","width":233,"height":60,"caption":"Foresteel"},"image":{"@id":"https:\/\/foresteel.eu\/#\/schema\/logo\/image\/"},"sameAs":["https:\/\/www.facebook.com\/foresteel.eu\/","https:\/\/www.instagram.com\/foresteel\/","https:\/\/www.youtube.com\/channel\/UCnGStzIvsDkYmZ7T1bwH6og"]}]}},"_links":{"self":[{"href":"https:\/\/foresteel.eu\/et\/wp-json\/wp\/v2\/product\/12525","targetHints":{"allow":["GET"]}}],"collection":[{"href":"https:\/\/foresteel.eu\/et\/wp-json\/wp\/v2\/product"}],"about":[{"href":"https:\/\/foresteel.eu\/et\/wp-json\/wp\/v2\/types\/product"}],"version-history":[{"count":7,"href":"https:\/\/foresteel.eu\/et\/wp-json\/wp\/v2\/product\/12525\/revisions"}],"predecessor-version":[{"id":19466,"href":"https:\/\/foresteel.eu\/et\/wp-json\/wp\/v2\/product\/12525\/revisions\/19466"}],"wp:featuredmedia":[{"embeddable":true,"href":"https:\/\/foresteel.eu\/et\/wp-json\/wp\/v2\/media\/18708"}],"wp:attachment":[{"href":"https:\/\/foresteel.eu\/et\/wp-json\/wp\/v2\/media?parent=12525"}],"wp:term":[{"taxonomy":"product_brand","embeddable":true,"href":"https:\/\/foresteel.eu\/et\/wp-json\/wp\/v2\/product_brand?post=12525"},{"taxonomy":"product_cat","embeddable":true,"href":"https:\/\/foresteel.eu\/et\/wp-json\/wp\/v2\/product_cat?post=12525"},{"taxonomy":"product_tag","embeddable":true,"href":"https:\/\/foresteel.eu\/et\/wp-json\/wp\/v2\/product_tag?post=12525"}],"curies":[{"name":"wp","href":"https:\/\/api.w.org\/{rel}","templated":true}]}}