{"id":12037,"date":"2022-05-26T12:03:55","date_gmt":"2022-05-26T12:03:55","guid":{"rendered":"https:\/\/foresteel.eu\/?page_id=12037"},"modified":"2024-11-14T17:45:05","modified_gmt":"2024-11-14T14:45:05","slug":"garantii","status":"publish","type":"page","link":"https:\/\/foresteel.eu\/et\/garantii\/","title":{"rendered":"Garantii"},"content":{"rendered":"<h2 class=\"wp-block-heading\">Garantii<\/h2><p>Viimati uuendatud\/kehtib 01.11.2020<\/p><h3 class=\"wp-block-heading\"><strong>FT seeria haagised<\/strong><\/h3><p>Garantiitingimused on aluseks FS Production O\u00dc (edaspidi tootja ja Foresteel) toodetud haagistele garantii andmisel ja garantiiga seotud probleemide lahendamisel.&nbsp;Et minimeerida k\u00f5iki etten\u00e4gematuid kahjusid, soovitame haagisele s\u00f5lmida kahjukindlustuslepingu.<\/p><ol class=\"wp-block-list\"><li>Tootja annab haagiste p\u00f5hikonstruktsioonile (raam, kere, elektris\u00fcsteem, h\u00fcdros\u00fcsteem, torud) 1-aastase garantii, mis katab tootmis- ja materjalidefektide parandamise kulud.<\/li>\n\n<li>Haagistes kasutatavatele komponentidele kehtib tootjapoolne garantii, kui neid s\u00e4ilitatakse vastavalt kasutusjuhendile ja hooldusjuhendile.<\/li>\n\n<li>Garantiiaeg algab hetkest, kui haagis l\u00e4heb \u00fcle Foresteeli lepingupartnerile (m\u00fc\u00fcja, vahendaja).<\/li>\n\n<li>Tootja garanteerib, et haagis vastab valmistamise hetkel k\u00f5igile haagisele hetkel kehtivate E\u00dc direktiivide n\u00f5uetele ning sellel ei ole materjali- ega tehasevigu.\u00a0Nende n\u00f5uete eiramise korral kohustub tootja need oma kulul k\u00f5rvaldama.<\/li>\n\n<li>Garantii kehtib ainult siis, kui ostjal on v\u00f5imalik esitada haagise pass v\u00f5i originaalostudokument ja kui haagisel on selgelt eristatav VIN-kood (seerianumber) v\u00f5i kui ostja on selgelt t\u00f5endanud haagise p\u00e4ritolu ja ostukuup\u00e4eva. treiler.<\/li>\n\n<li>Garantii kehtib haagisele ja selle tehnoloogiale vaid juhul, kui kasutaja on rangelt j\u00e4rginud kasutus- ja hooldusjuhendeid.<\/li>\n\n<li>Haagist ja selle tehnikat v\u00f5ib remontida ainult vajalikke tehnilisi teadmisi omav isik ja alles p\u00e4rast tootjalt koosk\u00f5lastuse saamist, mille kohta tuleb esitada remondit\u00f6\u00f6de ja -kulude loetelu.<\/li>\n\n<li>Haagise rehvidele kehtib rehvitootja garantii ja seet\u00f5ttu ei kehti haagise tootja garantii;\u00a0edasim\u00fc\u00fcja aga abistab omanikku vajadusel rehviga seotud n\u00f5uete esitamisel.<\/li>\n\n<li>Garantii ei h\u00f5lma j\u00e4rgmisi stsenaariume:<ul><li>Kui omanik ei teavita edasim\u00fc\u00fcjat haagisel avastatud defektist 3 t\u00f6\u00f6p\u00e4eva jooksul alates selle avastamisest.<\/li><li>Kui omanik ei ole puuduse avastamisel haagise kasutamist katkestanud;<\/li><li>Kui omanik ei tee puuduse k\u00f5rvaldamisel koost\u00f6\u00f6d, j\u00e4ttes esitamata vajalikke lisateavet ja t\u00f5endeid, ning ei tee koost\u00f6\u00f6d edasim\u00fc\u00fcjaga pretensiooniakti FT-WTY-002 koostamisel;<\/li><li>Kui haagist on remonditud v\u00f5i \u00fcmber ehitatud ilma tootja n\u00f5usolekuta ja tootja ei ole eelnevalt saanud remondit\u00f6\u00f6de v\u00f5i -kulude nimekirja;<\/li><li>Kahjustused, mis on tekkinud eba\u00f5igest hoidmisest v\u00f5i hooldusest, n\u00e4iteks haagise hoidmine \u00fcliintensiivsetes v\u00f5i kahjustavates tingimustes, n\u00e4iteks merel, tootmis\u00fcksuses, otseses kokkupuutes vee, kemikaalide, tuha, betooni, mustuse jms;<\/li><li>Osade loomulikust kulumisest tingitud muudatused (rehvid, piduriklotsid\/kettad, kummist amortisaatorid, veljed, tuled, pirnid jne);<\/li><\/ul><ul class=\"wp-block-list\"><li>Defektid, mis on p\u00f5hjustatud haagise v\u00e4\u00e4rkasutusest, v\u00e4listest teguritest v\u00f5i kasutus- ja hooldusjuhendi n\u00f5uete mittet\u00e4itmisest:<ul><li>\u00fclekoormus,<\/li><li>puhastusj\u00e4ljed,<\/li><li>eba\u00f5ige r\u00f5hu all olevad rehvid,<\/li><li>vale suurusega v\u00f5i tasakaalustamata rattad ja kontrollimata kinnitusdetailidega rattad,<\/li><li>haagisele v\u00e4listest elektri-, vee- ja kanalisatsioonis\u00fcsteemidest p\u00f5hjustatud defektid,<\/li><li>lenduvast kruusast v\u00f5i lumest, teesoolast v\u00f5i muudest keemilistest ainetest p\u00f5hjustatud defektid,<\/li><\/ul><ul class=\"wp-block-list\"><li>tulekahju, vandalism, vargused, looduskatastroofid<\/li>\n\n<li><em>t\u00f5ste-\/kallutusmehhanismi vale kasutamine.<\/em><\/li><\/ul><\/li>\n\n<li>rikked ja defektid, mis on p\u00f5hjustatud liikluseeskirjade ja muude ohutusn\u00f5uete, sealhulgas elektriseadmete ja h\u00fcdros\u00fcsteemi paigaldiste ohutusn\u00f5uete (kui need kuuluvad haagise varustusse) eiramisest;<\/li>\n\n<li>Vead, mis on p\u00f5hjustatud inimeste viibimisest haagises s\u00f5idu ajal;<\/li>\n\n<li>Kui koorem ei ole s\u00f5idu ajal haagises \u00fchtlaselt jaotunud, mille tulemuseks on juhitavuse v\u00e4henemine ja k\u00f5ik sellest tulenevad tagaj\u00e4rjed, sealhulgas rehvide eba\u00fchtlane kulumine;<\/li>\n\n<li>Kui lahtised esemed v\u00f5i seadmed on p\u00f5hjustanud haagise v\u00f5i selle muu varustuse defekte v\u00f5i kahjustusi;<\/li>\n\n<li>Kui haagise liikumatus perioodi jooksul ei ole kasutatud seisupidurit, piduriklotse m\u00f5lemal pool rattaid ja tugijalgu, mis p\u00f5hjustab haagise iseenesliku liikumise;<\/li>\n\n<li>Kui seisupidurit (kui need kuuluvad haagise varustusse) ei kasutata haakeseadme k\u00fclge- v\u00f5i lahtihaakimisel, mis p\u00f5hjustab haagise iseenesliku liikumise;<\/li>\n\n<li>rikked, mis on p\u00f5hjustatud haakeseadise eba\u00f5igest kasutamisest;<\/li>\n\n<li>P\u00e4rast haagise ostjale \u00fcleandmist avastatud mehaanilised kahjustused;<\/li>\n\n<li>defektid, mis on tekkinud sellest, et omanik on haagisele lisanud detaile, mis ei kuulu selle originaalvarustusse, v\u00f5i muutnud haagise konstruktsiooni;<\/li>\n\n<li>Hooldus\u00fclevaatust l\u00e4bimata haagise kasutamisest tingitud defektid ja rikked;<\/li>\n\n<li>Kasutatavate materjalide looduslikest omadustest tingitud muutused v\u00f5i keskkonnam\u00f5judest tingitud defektid (v\u00e4rvi v\u00f5i katte vananemine, pleekimine, tsingitud materjalide pinnadefektid jne);<\/li>\n\n<li>Seadmete talitlush\u00e4ired, mis on p\u00f5hjustatud \u00e4ikest v\u00f5i muudest looduss\u00fcndmustest (v\u00e4\u00e4ramatu j\u00f5ud);<\/li>\n\n<li>Aegunud garantiiga haagised.<\/li><\/ul><\/li>\n\n<li>Garantii v\u00e4listab tootja vastutuse ebamugavuste, ajakulu, veose h\u00e4vimise v\u00f5i mis tahes juhusliku v\u00f5i kaudse kahju eest, mis v\u00f5ib tekkida omanikule v\u00f5i kolmandale isikule k\u00e4esoleva garantiiga h\u00f5lmatud defekti t\u00f5ttu.<\/li>\n\n<li>Garantii v\u00e4listab haagise tehnilisest rikkest tuleneva tulu v\u00e4henemise ja muud sellega seotud kulud (k\u00fctus, telefonik\u00f5ned, \u00f6\u00f6bimised, asendushaagise kulud jne), samuti kehavigastuse v\u00f5i materiaalse kahju h\u00fcvitamist omanikule v\u00f5i omanikule. \u00f5nnetuse tagaj\u00e4rjel tekkinud kolmas isik.<\/li>\n\n<li>Selle garantii alla mittekuuluvad esemed: ebamugavused, ajakaotus, haagise kasutamise kadu, tulude kaotus, rendi- v\u00f5i asendusvarustuse kulud v\u00f5i mis tahes muud kahjud v\u00f5i kulud, sealhulgas reisiaeg ja -kulud, nagu toit, k\u00fctus, majutus jne, mis on tekkinud garantiiteeninduse saamiseks.\u00a0Samuti \u00fcletunnit\u00f6\u00f6 tasud, teenindusk\u00f5ned, pukseerimiskulud, kiir-, veo- v\u00f5i transpordikulud.<\/li>\n\n<li>Garantiitingimuste kohaselt k\u00f5rvaldatakse rikked\/defektid \u00fchel j\u00e4rgmistest viisidest:<ul class=\"wp-block-list\"><li>rikkis v\u00f5i defektsete seadmete\/sisustuse v\u00f5i haagise parandamine;<\/li>\n\n<li>rikkis v\u00f5i defektsete seadmete\/haagise sisustuse asendamine uuega;<\/li>\n\n<li>kui seadme v\u00f5i sisustuse remont tundub v\u00f5imatu v\u00f5i vajalikke detaile enam ei toodeta, on tootjal \u00f5igus see asendada samav\u00e4\u00e4rse tootega.<\/li><\/ul><\/li>\n\n<li>Iga garantiijuhtumi puhul tuleb edasim\u00fc\u00fcja esindajaga vormistada kirjalik pretensioon FT-WTY-002, eeldusel, et juhtumile kehtib garantii.\u00a0Esindusele tuleb anda v\u00f5imalus v\u00e4idetavat riket kontrollida.<\/li>\n\n<li>Tootja vastab pretensioonile 5 t\u00f6\u00f6p\u00e4eva jooksul v\u00f5i p\u00e4rast \u00fclevaatust, kui on vajalik p\u00f5hjalik tehniline kontroll.\u00a0P\u00f5hjendatud kahjun\u00f5ude korral on tootja kohustatud hiljemalt 30 kalendrip\u00e4eva jooksul tegema remondit\u00f6\u00f6deks vajalikud ettevalmistused (varuosa v\u00e4ljasaatmine, kahjustatud detaili parandamise kinnitamine jne)<\/li>\n\n<li>Vahetatud v\u00f5i remonditud haagisele kehtib garantii esialgse garantiiaja jooksul.\u00a0Vahetatud v\u00f5i parandatud tehnoloogia garantii kehtib nende esialgse garantiiaja jooksul.<\/li>\n\n<li>K\u00f5ik asendatud seadmed v\u00f5i haagis ise antakse edasiseks tehniliseks kontrolliks tootjale.<\/li>\n\n<li>Garantiiremondiks v\u00f5ib kasutada ainult originaalosi ja komponente.<\/li>\n\n<li>Garantiiajal avastatud rikete parandamise korraldab esindus v\u00f5i edasim\u00fc\u00fcja.\u00a0Edasiste toimingute tegemiseks v\u00f5etakse \u00fchendust tootjaga.<\/li>\n\n<li>Haagise garantiiremondi asukohta ja tagasi toimetamise kulud kannab omanik.<\/li>\n\n<li>Remonti v\u00f5i hooldusesse toodud haagis peab olema t\u00fchi ja puhas, vastasel juhul ei ole remondi v\u00f5i hoolduse tegija kohustatud seda vastu v\u00f5tma.\u00a0T\u00e4iendava puhastamise v\u00f5i hoolduse vajaduse korral kannab kulud haagise omanik.<\/li>\n\n<li>M\u00fc\u00fcja poolt m\u00fc\u00fcgieelse \u00fclevaatuse k\u00e4igus avastatud puudused k\u00f5rvaldatakse kehtivate tingimuste alusel.<\/li>\n\n<li>Edasim\u00fc\u00fcjad on kohustatud kohe p\u00e4rast tarnimist kontrollima tootja poolt tarnitud haagiste kvaliteeti ja kogust ning teavitama tootjat mittevastavusest kirjalikult 3 t\u00f6\u00f6p\u00e4eva jooksul pretensiooni vormis FT-WTY-002.<\/li>\n\n<li>Transpordist tulenevad kahjustused peab turustaja registreerima (CMR-il) enne kauba mahalaadimist.\u00a0Defektid ja kahjustused tuleks kohe pildistada ja kirjalikult fikseerida koos VIN-koodi ja tootja tehaseandmete kleebisega.\u00a0P\u00e4rast haagiste k\u00e4ttesaamist l\u00e4heb vastutus nende seisukorra eest edasi edasim\u00fc\u00fcjale (v\u00f5i varasemal ajal, olenevalt kasutatavast INCOTERMist).<\/li>\n\n<li>See garantii on tootjagarantii, mis t\u00e4hendab, et see ei m\u00f5juta omaniku ja m\u00fc\u00fcgiesindaja vahelises ostulepingus s\u00e4testatud seaduslikke \u00f5igusi ega tarbekaupade m\u00fc\u00fcki reguleerivate siseriiklike seadustega kehtestatud \u00f5igusi.<\/li>\n\n<li><em>Kui haagised on tarnitud osaliselt kokkupanemata kujul, vastutab montaa\u017ei kvaliteedi eest monteerija.<\/em><\/li><\/ol><p>Garantiiprobleemide korral v\u00f5tke \u00fchendust info@foresteel.eu<\/p><h3 class=\"wp-block-heading\">FTW-PW seeria<\/h3><p>Sealhulgas mobiilsed niisutusplatvormid (kastmiss\u00fcsteemid), mobiilsed kastmishaagised, mobiilsed survepesurid.<\/p><p>FTW seeria kastmisseadmed ja PW k\u00f5rgsurvepesurite seeria tootele kehtib Foresteeli garantii:<\/p><ul class=\"wp-block-list\"><li>FTW v\u00f5i PW seadme ehituse, osade ja t\u00f6\u00f6 garantii kehtib 12 kuud;<\/li>\n\n<li>PW seerias kasutatud Honda GX mootorite puhul kehtib 36 kuud\u00a0<a href=\"https:\/\/www.honda-engines-eu.com\/en\/support\/warranty\/warranty-conditions\" target=\"_blank\" rel=\"noreferrer noopener\">link veebisaidile<\/a>\u00a0;<\/li>\n\n<li>Interpump k\u00f5rgsurvepumpade puhul kehtib 12 kuud;\u00a0<a href=\"https:\/\/www.interpump.eu\/\" target=\"_blank\" rel=\"noreferrer noopener\">link veebisaidile<\/a>\u00a0;<\/li><\/ul><p>nii, et see oleks kuu jooksul alates ostukuup\u00e4evast defektsete osade ja materjalideta (kui m\u00fc\u00fcgikohas pole m\u00e4rgitud teisiti).&nbsp;Garantii ei kata kahjustusi, mis on p\u00f5hjustatud eba\u00f5igete t\u00f6\u00f6materjalide kasutamisest, ebaloomulikust kulumisest, keskmisest suuremast koormusest tingitud kulumisest, kliendi v\u00f5i kolmandate isikute eba\u00f5igest paigaldamisest v\u00f5i kasutuselev\u00f5tust \u2013 v\u00e4lja arvatud juhul, kui Foresteel selle eest vastutab.&nbsp;Garantii alla ei kuulu ka kuluvad osad, mis oma materjaliomaduste v\u00f5i kasutusviisi t\u00f5ttu \u00fclem\u00e4\u00e4ra loomuliku kulumise all, nt tihendid, k\u00f5rgsurvevoolikud, k\u00f5rgsurvep\u00fcstolid, plastlaagrid jms, samuti kahjustused, mis on p\u00f5hjustatud ainete voogu, mida lepingus ei n\u00f5uta.&nbsp;K\u00f5ik garantiiperioodid algavad ostukuup\u00e4evast ja ei ole edasiantavad.<\/p><p><\/p><p><strong>T\u00f6\u00f6tundide loenduri vastutusest loobumine ja hoolduse vastutus<\/strong><br>Selles tootes olev t\u00f6\u00f6tundide loendur on m\u00f5eldud kasutustundide j\u00e4lgimise abivahendiks ja regulaarsete hooldusintervallide j\u00e4lgimiseks. T\u00f6\u00f6tundide loendur on siiski elektrooniline seade ja, nagu k\u00f5ik komponendid, v\u00f5ib see aja jooksul rikki minna.<\/p><p>T\u00f6\u00f6tundide loenduri rikke korral ei vastuta Foresteel mootori kahjustuste v\u00f5i j\u00f5udluse v\u00e4henemise eest, mis on tingitud puudulikust hooldusest. Omanikul lasub kohustus regulaarselt visuaalselt kontrollida t\u00f6\u00f6tundide loenduri korrasolekut ning j\u00e4rgida hooldusjuhiseid kasutusjuhendis, s\u00f5ltumata t\u00f6\u00f6tundide loenduri olukorrast.<\/p><p><strong>Garantii v\u00e4listus<\/strong>: See garantii ei kata mootori remonti ega asendust, mis on tingitud puudulikust hooldusest t\u00f6\u00f6tundide loenduri rikke t\u00f5ttu. Soovitame tungivalt pidada eraldi t\u00f6\u00f6logi kasutustundide kohta ettevaatusabin\u00f5una ja varunduseks.<\/p><p><br>See garantii ei kehti defektidele, mis on p\u00f5hjustatud v\u00e4\u00e4rkasutamisest, hooletusest, \u00f5nnetusest, eba\u00f5igest ladustamisest, paigaldamisest v\u00f5i k\u00e4sitsemisest, k\u00fclmakahjustustest, remondist v\u00f5i muudatustest, mida me ei ole teostanud ega heaks kiitnud, v\u00f5i vale k\u00fctuse, saastunud vee v\u00f5i p\u00f5hjustatud sobimatud kemikaalid.&nbsp;Garantii piirdub remondi teostamisega, mis on m\u00e4\u00e4ratud aja jooksul tasuta, eeldusel, et \u00fclaltoodud tingimused on t\u00e4idetud ja esitatakse ostut\u0161eki originaal.<\/p><p>Garantiiprobleemide korral v\u00f5tke \u00fchendust info@foresteel.eu<\/p><p>TOOTJA:<\/p><p>FS Production O\u00dc<br>Savim\u00e4e 8a, 60534 Tartu, Eesti E-<br>post: info@foresteel.eu<\/p><p><a href=\"https:\/\/foresteel.eu\/et\/\">www.foresteel.eu<\/a><\/p>","protected":false},"excerpt":{"rendered":"<p>Garantii Viimati uuendatud\/kehtib 01.11.2020 FT seeria haagised Garantiitingimused on aluseks FS Production O\u00dc (edaspidi tootja ja Foresteel) toodetud haagistele garantii andmisel ja garantiiga seotud probleemide lahendamisel.&nbsp;Et minimeerida k\u00f5iki etten\u00e4gematuid kahjusid, soovitame haagisele s\u00f5lmida kahjukindlustuslepingu. Garantiiprobleemide korral v\u00f5tke \u00fchendust info@foresteel.eu FTW-PW seeria Sealhulgas mobiilsed niisutusplatvormid (kastmiss\u00fcsteemid), mobiilsed kastmishaagised, mobiilsed survepesurid. FTW seeria kastmisseadmed ja PW k\u00f5rgsurvepesurite [&hellip;]<\/p>\n","protected":false},"author":2,"featured_media":0,"parent":0,"menu_order":0,"comment_status":"closed","ping_status":"closed","template":"elementor_header_footer","meta":{"_acf_changed":false,"footnotes":""},"class_list":["post-12037","page","type-page","status-publish","hentry"],"acf":[],"yoast_head":"<!-- This site is optimized with the Yoast SEO plugin v26.3 - https:\/\/yoast.com\/wordpress\/plugins\/seo\/ -->\n<title>Garantii - Foresteel: Leheimurid, lehekoristushaagised, leheimur-haagised, mobiilsed kastmise- ja survepesu seadmed. Eestis toodetud.<\/title>\n<meta name=\"robots\" content=\"index, follow, max-snippet:-1, max-image-preview:large, max-video-preview:-1\" \/>\n<link rel=\"canonical\" href=\"https:\/\/foresteel.eu\/et\/garantii\/\" \/>\n<meta property=\"og:locale\" content=\"et_EE\" \/>\n<meta property=\"og:type\" content=\"article\" \/>\n<meta property=\"og:title\" content=\"Garantii - Foresteel: Leheimurid, lehekoristushaagised, leheimur-haagised, mobiilsed kastmise- ja survepesu seadmed. Eestis toodetud.\" \/>\n<meta property=\"og:description\" content=\"Garantii Viimati uuendatud\/kehtib 01.11.2020 FT seeria haagised Garantiitingimused on aluseks FS Production O\u00dc (edaspidi tootja ja Foresteel) toodetud haagistele garantii andmisel ja garantiiga seotud probleemide lahendamisel.&nbsp;Et minimeerida k\u00f5iki etten\u00e4gematuid kahjusid, soovitame haagisele s\u00f5lmida kahjukindlustuslepingu. Garantiiprobleemide korral v\u00f5tke \u00fchendust info@foresteel.eu FTW-PW seeria Sealhulgas mobiilsed niisutusplatvormid (kastmiss\u00fcsteemid), mobiilsed kastmishaagised, mobiilsed survepesurid. FTW seeria kastmisseadmed ja PW k\u00f5rgsurvepesurite [&hellip;]\" \/>\n<meta property=\"og:url\" content=\"https:\/\/foresteel.eu\/et\/garantii\/\" \/>\n<meta property=\"og:site_name\" content=\"Foresteel: Leheimurid, lehekoristushaagised, leheimur-haagised, mobiilsed kastmise- ja survepesu seadmed. Eestis toodetud.\" \/>\n<meta property=\"article:publisher\" content=\"https:\/\/www.facebook.com\/foresteel.eu\/\" \/>\n<meta property=\"article:modified_time\" content=\"2024-11-14T14:45:05+00:00\" \/>\n<meta name=\"twitter:card\" content=\"summary_large_image\" \/>\n<meta name=\"twitter:label1\" content=\"Est. reading time\" \/>\n\t<meta name=\"twitter:data1\" content=\"6 minutit\" \/>\n<script type=\"application\/ld+json\" class=\"yoast-schema-graph\">{\"@context\":\"https:\/\/schema.org\",\"@graph\":[{\"@type\":\"WebPage\",\"@id\":\"https:\/\/foresteel.eu\/et\/garantii\/\",\"url\":\"https:\/\/foresteel.eu\/et\/garantii\/\",\"name\":\"Garantii - Foresteel: Leheimurid, lehekoristushaagised, leheimur-haagised, mobiilsed kastmise- ja survepesu seadmed. Eestis toodetud.\",\"isPartOf\":{\"@id\":\"https:\/\/foresteel.eu\/#website\"},\"datePublished\":\"2022-05-26T12:03:55+00:00\",\"dateModified\":\"2024-11-14T14:45:05+00:00\",\"breadcrumb\":{\"@id\":\"https:\/\/foresteel.eu\/et\/garantii\/#breadcrumb\"},\"inLanguage\":\"et\",\"potentialAction\":[{\"@type\":\"ReadAction\",\"target\":[\"https:\/\/foresteel.eu\/et\/garantii\/\"]}]},{\"@type\":\"BreadcrumbList\",\"@id\":\"https:\/\/foresteel.eu\/et\/garantii\/#breadcrumb\",\"itemListElement\":[{\"@type\":\"ListItem\",\"position\":1,\"name\":\"Home\",\"item\":\"https:\/\/foresteel.eu\/et\/home\/\"},{\"@type\":\"ListItem\",\"position\":2,\"name\":\"Garantii\"}]},{\"@type\":\"WebSite\",\"@id\":\"https:\/\/foresteel.eu\/#website\",\"url\":\"https:\/\/foresteel.eu\/\",\"name\":\"Foresteel: Leheimurid, lehekoristushaagised, leheimur-haagised, mobiilsed kastmise- ja survepesu seadmed. Eestis toodetud.\",\"description\":\"Foresteel.\",\"publisher\":{\"@id\":\"https:\/\/foresteel.eu\/#organization\"},\"potentialAction\":[{\"@type\":\"SearchAction\",\"target\":{\"@type\":\"EntryPoint\",\"urlTemplate\":\"https:\/\/foresteel.eu\/?s={search_term_string}\"},\"query-input\":{\"@type\":\"PropertyValueSpecification\",\"valueRequired\":true,\"valueName\":\"search_term_string\"}}],\"inLanguage\":\"et\"},{\"@type\":\"Organization\",\"@id\":\"https:\/\/foresteel.eu\/#organization\",\"name\":\"Foresteel\",\"url\":\"https:\/\/foresteel.eu\/\",\"logo\":{\"@type\":\"ImageObject\",\"inLanguage\":\"et\",\"@id\":\"https:\/\/foresteel.eu\/#\/schema\/logo\/image\/\",\"url\":\"https:\/\/foresteel.eu\/wp-content\/uploads\/2022\/02\/header-logo.png\",\"contentUrl\":\"https:\/\/foresteel.eu\/wp-content\/uploads\/2022\/02\/header-logo.png\",\"width\":233,\"height\":60,\"caption\":\"Foresteel\"},\"image\":{\"@id\":\"https:\/\/foresteel.eu\/#\/schema\/logo\/image\/\"},\"sameAs\":[\"https:\/\/www.facebook.com\/foresteel.eu\/\",\"https:\/\/www.instagram.com\/foresteel\/\",\"https:\/\/www.youtube.com\/channel\/UCnGStzIvsDkYmZ7T1bwH6og\"]}]}<\/script>\n<!-- \/ Yoast SEO plugin. -->","yoast_head_json":{"title":"Garantii - Foresteel: Leheimurid, lehekoristushaagised, leheimur-haagised, mobiilsed kastmise- ja survepesu seadmed. Eestis toodetud.","robots":{"index":"index","follow":"follow","max-snippet":"max-snippet:-1","max-image-preview":"max-image-preview:large","max-video-preview":"max-video-preview:-1"},"canonical":"https:\/\/foresteel.eu\/et\/garantii\/","og_locale":"et_EE","og_type":"article","og_title":"Garantii - Foresteel: Leheimurid, lehekoristushaagised, leheimur-haagised, mobiilsed kastmise- ja survepesu seadmed. Eestis toodetud.","og_description":"Garantii Viimati uuendatud\/kehtib 01.11.2020 FT seeria haagised Garantiitingimused on aluseks FS Production O\u00dc (edaspidi tootja ja Foresteel) toodetud haagistele garantii andmisel ja garantiiga seotud probleemide lahendamisel.&nbsp;Et minimeerida k\u00f5iki etten\u00e4gematuid kahjusid, soovitame haagisele s\u00f5lmida kahjukindlustuslepingu. Garantiiprobleemide korral v\u00f5tke \u00fchendust info@foresteel.eu FTW-PW seeria Sealhulgas mobiilsed niisutusplatvormid (kastmiss\u00fcsteemid), mobiilsed kastmishaagised, mobiilsed survepesurid. FTW seeria kastmisseadmed ja PW k\u00f5rgsurvepesurite [&hellip;]","og_url":"https:\/\/foresteel.eu\/et\/garantii\/","og_site_name":"Foresteel: Leheimurid, lehekoristushaagised, leheimur-haagised, mobiilsed kastmise- ja survepesu seadmed. Eestis toodetud.","article_publisher":"https:\/\/www.facebook.com\/foresteel.eu\/","article_modified_time":"2024-11-14T14:45:05+00:00","twitter_card":"summary_large_image","twitter_misc":{"Est. reading time":"6 minutit"},"schema":{"@context":"https:\/\/schema.org","@graph":[{"@type":"WebPage","@id":"https:\/\/foresteel.eu\/et\/garantii\/","url":"https:\/\/foresteel.eu\/et\/garantii\/","name":"Garantii - Foresteel: Leheimurid, lehekoristushaagised, leheimur-haagised, mobiilsed kastmise- ja survepesu seadmed. Eestis toodetud.","isPartOf":{"@id":"https:\/\/foresteel.eu\/#website"},"datePublished":"2022-05-26T12:03:55+00:00","dateModified":"2024-11-14T14:45:05+00:00","breadcrumb":{"@id":"https:\/\/foresteel.eu\/et\/garantii\/#breadcrumb"},"inLanguage":"et","potentialAction":[{"@type":"ReadAction","target":["https:\/\/foresteel.eu\/et\/garantii\/"]}]},{"@type":"BreadcrumbList","@id":"https:\/\/foresteel.eu\/et\/garantii\/#breadcrumb","itemListElement":[{"@type":"ListItem","position":1,"name":"Home","item":"https:\/\/foresteel.eu\/et\/home\/"},{"@type":"ListItem","position":2,"name":"Garantii"}]},{"@type":"WebSite","@id":"https:\/\/foresteel.eu\/#website","url":"https:\/\/foresteel.eu\/","name":"Foresteel: Leheimurid, lehekoristushaagised, leheimur-haagised, mobiilsed kastmise- ja survepesu seadmed. Eestis toodetud.","description":"Foresteel.","publisher":{"@id":"https:\/\/foresteel.eu\/#organization"},"potentialAction":[{"@type":"SearchAction","target":{"@type":"EntryPoint","urlTemplate":"https:\/\/foresteel.eu\/?s={search_term_string}"},"query-input":{"@type":"PropertyValueSpecification","valueRequired":true,"valueName":"search_term_string"}}],"inLanguage":"et"},{"@type":"Organization","@id":"https:\/\/foresteel.eu\/#organization","name":"Foresteel","url":"https:\/\/foresteel.eu\/","logo":{"@type":"ImageObject","inLanguage":"et","@id":"https:\/\/foresteel.eu\/#\/schema\/logo\/image\/","url":"https:\/\/foresteel.eu\/wp-content\/uploads\/2022\/02\/header-logo.png","contentUrl":"https:\/\/foresteel.eu\/wp-content\/uploads\/2022\/02\/header-logo.png","width":233,"height":60,"caption":"Foresteel"},"image":{"@id":"https:\/\/foresteel.eu\/#\/schema\/logo\/image\/"},"sameAs":["https:\/\/www.facebook.com\/foresteel.eu\/","https:\/\/www.instagram.com\/foresteel\/","https:\/\/www.youtube.com\/channel\/UCnGStzIvsDkYmZ7T1bwH6og"]}]}},"_links":{"self":[{"href":"https:\/\/foresteel.eu\/et\/wp-json\/wp\/v2\/pages\/12037","targetHints":{"allow":["GET"]}}],"collection":[{"href":"https:\/\/foresteel.eu\/et\/wp-json\/wp\/v2\/pages"}],"about":[{"href":"https:\/\/foresteel.eu\/et\/wp-json\/wp\/v2\/types\/page"}],"author":[{"embeddable":true,"href":"https:\/\/foresteel.eu\/et\/wp-json\/wp\/v2\/users\/2"}],"replies":[{"embeddable":true,"href":"https:\/\/foresteel.eu\/et\/wp-json\/wp\/v2\/comments?post=12037"}],"version-history":[{"count":1,"href":"https:\/\/foresteel.eu\/et\/wp-json\/wp\/v2\/pages\/12037\/revisions"}],"predecessor-version":[{"id":21120,"href":"https:\/\/foresteel.eu\/et\/wp-json\/wp\/v2\/pages\/12037\/revisions\/21120"}],"wp:attachment":[{"href":"https:\/\/foresteel.eu\/et\/wp-json\/wp\/v2\/media?parent=12037"}],"curies":[{"name":"wp","href":"https:\/\/api.w.org\/{rel}","templated":true}]}}