{"id":29243,"date":"2025-10-14T11:28:53","date_gmt":"2026-02-12T18:29:39","guid":{"rendered":"https:\/\/foresteel.eu\/product\/auswechselbare-hardox-verschleissauskleidung-panzerstahl\/"},"modified":"2026-02-14T19:32:22","modified_gmt":"2026-02-14T16:32:22","slug":"auswechselbare-hardox-verschleissauskleidung-panzerstahl","status":"publish","type":"product","link":"https:\/\/foresteel.eu\/de\/produkt\/auswechselbare-hardox-verschleissauskleidung-panzerstahl\/","title":{"rendered":"Auswechselbare Hardox-Verschlei\u00dfauskleidung (Panzerstahl)"},"content":{"rendered":"<p>Austauschbare Hardox-Verschlei\u00dfauskleidung zur Senkung der Servicekosten<\/p>\n","protected":false},"excerpt":{"rendered":"<p>Langlebiges Laufrad und Laufradgeh\u00e4use aus Hardox (verschlei\u00dffester Stahl)<\/p>\n","protected":false},"featured_media":28782,"template":"","meta":{"_acf_changed":false},"product_brand":[],"product_cat":[243],"product_tag":[],"class_list":{"0":"post-29243","1":"product","2":"type-product","3":"status-publish","4":"has-post-thumbnail","6":"product_cat-standard-ausrustung","7":"tm-has-options","8":"member-discount","9":"discount-restricted","11":"first","12":"instock","13":"taxable","14":"shipping-taxable","15":"purchasable","16":"product-type-simple"},"acf":[],"yoast_head":"<!-- This site is optimized with the Yoast SEO plugin v26.3 - https:\/\/yoast.com\/wordpress\/plugins\/seo\/ -->\n<title>Auswechselbare Hardox-Verschlei\u00dfauskleidung (Panzerstahl) - Foresteel: Laubsaugwagen, Laubverladeger\u00e4te, Laubsauger-Einheiten, Kippanh\u00e4nger, Mobile Bew\u00e4sserungs- &amp; Hochdruckreiniger-Systeme<\/title>\n<meta name=\"description\" content=\"Austauschbare Hardox-Verschlei\u00dfauskleidung zur Reduzierung langfristiger Wartungskosten und zur Erh\u00f6hung der Lebensdauer.\" \/>\n<meta name=\"robots\" content=\"index, follow, max-snippet:-1, max-image-preview:large, max-video-preview:-1\" \/>\n<link rel=\"canonical\" href=\"https:\/\/foresteel.eu\/de\/produkt\/auswechselbare-hardox-verschleissauskleidung-panzerstahl\/\" \/>\n<meta property=\"og:locale\" content=\"de_DE\" \/>\n<meta property=\"og:type\" content=\"article\" \/>\n<meta property=\"og:title\" content=\"Auswechselbare Hardox-Verschlei\u00dfauskleidung (Panzerstahl) - Foresteel: Laubsaugwagen, Laubverladeger\u00e4te, Laubsauger-Einheiten, Kippanh\u00e4nger, Mobile Bew\u00e4sserungs- &amp; Hochdruckreiniger-Systeme\" \/>\n<meta property=\"og:description\" content=\"Austauschbare Hardox-Verschlei\u00dfauskleidung zur Reduzierung langfristiger Wartungskosten und zur Erh\u00f6hung der Lebensdauer.\" \/>\n<meta property=\"og:url\" content=\"https:\/\/foresteel.eu\/de\/produkt\/auswechselbare-hardox-verschleissauskleidung-panzerstahl\/\" \/>\n<meta property=\"og:site_name\" content=\"Foresteel: Laubsaugwagen, Laubverladeger\u00e4te, Laubsauger-Einheiten, Kippanh\u00e4nger, Mobile Bew\u00e4sserungs- &amp; Hochdruckreiniger-Systeme\" \/>\n<meta property=\"article:publisher\" content=\"https:\/\/www.facebook.com\/foresteel.eu\/\" \/>\n<meta property=\"article:modified_time\" content=\"2026-02-14T16:32:22+00:00\" \/>\n<meta property=\"og:image\" content=\"https:\/\/foresteel.eu\/wp-content\/uploads\/2022\/05\/Foresteel-VAC-G2-wear-liner-hardox-s.jpg\" \/>\n\t<meta property=\"og:image:width\" content=\"600\" \/>\n\t<meta property=\"og:image:height\" content=\"600\" \/>\n\t<meta property=\"og:image:type\" content=\"image\/jpeg\" \/>\n<meta name=\"twitter:card\" content=\"summary_large_image\" \/>\n<script type=\"application\/ld+json\" class=\"yoast-schema-graph\">{\"@context\":\"https:\/\/schema.org\",\"@graph\":[{\"@type\":\"WebPage\",\"@id\":\"https:\/\/foresteel.eu\/de\/produkt\/auswechselbare-hardox-verschleissauskleidung-panzerstahl\/\",\"url\":\"https:\/\/foresteel.eu\/de\/produkt\/auswechselbare-hardox-verschleissauskleidung-panzerstahl\/\",\"name\":\"Auswechselbare Hardox-Verschlei\u00dfauskleidung (Panzerstahl) - Foresteel: Laubsaugwagen, Laubverladeger\u00e4te, Laubsauger-Einheiten, Kippanh\u00e4nger, Mobile Bew\u00e4sserungs- &amp; Hochdruckreiniger-Systeme\",\"isPartOf\":{\"@id\":\"https:\/\/foresteel.eu\/#website\"},\"primaryImageOfPage\":{\"@id\":\"https:\/\/foresteel.eu\/de\/produkt\/auswechselbare-hardox-verschleissauskleidung-panzerstahl\/#primaryimage\"},\"image\":{\"@id\":\"https:\/\/foresteel.eu\/de\/produkt\/auswechselbare-hardox-verschleissauskleidung-panzerstahl\/#primaryimage\"},\"thumbnailUrl\":\"https:\/\/foresteel.eu\/wp-content\/uploads\/2022\/05\/Foresteel-VAC-G2-wear-liner-hardox-s.jpg\",\"datePublished\":\"2026-02-12T18:29:39+00:00\",\"dateModified\":\"2026-02-14T16:32:22+00:00\",\"description\":\"Austauschbare Hardox-Verschlei\u00dfauskleidung zur Reduzierung langfristiger Wartungskosten und zur Erh\u00f6hung der Lebensdauer.\",\"breadcrumb\":{\"@id\":\"https:\/\/foresteel.eu\/de\/produkt\/auswechselbare-hardox-verschleissauskleidung-panzerstahl\/#breadcrumb\"},\"inLanguage\":\"de\",\"potentialAction\":[{\"@type\":\"ReadAction\",\"target\":[\"https:\/\/foresteel.eu\/de\/produkt\/auswechselbare-hardox-verschleissauskleidung-panzerstahl\/\"]}]},{\"@type\":\"ImageObject\",\"inLanguage\":\"de\",\"@id\":\"https:\/\/foresteel.eu\/de\/produkt\/auswechselbare-hardox-verschleissauskleidung-panzerstahl\/#primaryimage\",\"url\":\"https:\/\/foresteel.eu\/wp-content\/uploads\/2022\/05\/Foresteel-VAC-G2-wear-liner-hardox-s.jpg\",\"contentUrl\":\"https:\/\/foresteel.eu\/wp-content\/uploads\/2022\/05\/Foresteel-VAC-G2-wear-liner-hardox-s.jpg\",\"width\":600,\"height\":600},{\"@type\":\"BreadcrumbList\",\"@id\":\"https:\/\/foresteel.eu\/de\/produkt\/auswechselbare-hardox-verschleissauskleidung-panzerstahl\/#breadcrumb\",\"itemListElement\":[{\"@type\":\"ListItem\",\"position\":1,\"name\":\"Home\",\"item\":\"https:\/\/foresteel.eu\/de\/home\/\"},{\"@type\":\"ListItem\",\"position\":2,\"name\":\"Shop\",\"item\":\"https:\/\/foresteel.eu\/de\/geschaft\/\"},{\"@type\":\"ListItem\",\"position\":3,\"name\":\"Auswechselbare Hardox-Verschlei\u00dfauskleidung (Panzerstahl)\"}]},{\"@type\":\"WebSite\",\"@id\":\"https:\/\/foresteel.eu\/#website\",\"url\":\"https:\/\/foresteel.eu\/\",\"name\":\"Foresteel: Laubsaugwagen, Laubverladeger\u00e4te, Laubsauger-Einheiten, Kippanh\u00e4nger, Mobile Bew\u00e4sserungs- &amp; Hochdruckreiniger-Systeme\",\"description\":\"Foresteel.\",\"publisher\":{\"@id\":\"https:\/\/foresteel.eu\/#organization\"},\"potentialAction\":[{\"@type\":\"SearchAction\",\"target\":{\"@type\":\"EntryPoint\",\"urlTemplate\":\"https:\/\/foresteel.eu\/?s={search_term_string}\"},\"query-input\":{\"@type\":\"PropertyValueSpecification\",\"valueRequired\":true,\"valueName\":\"search_term_string\"}}],\"inLanguage\":\"de\"},{\"@type\":\"Organization\",\"@id\":\"https:\/\/foresteel.eu\/#organization\",\"name\":\"Foresteel\",\"url\":\"https:\/\/foresteel.eu\/\",\"logo\":{\"@type\":\"ImageObject\",\"inLanguage\":\"de\",\"@id\":\"https:\/\/foresteel.eu\/#\/schema\/logo\/image\/\",\"url\":\"https:\/\/foresteel.eu\/wp-content\/uploads\/2022\/02\/header-logo.png\",\"contentUrl\":\"https:\/\/foresteel.eu\/wp-content\/uploads\/2022\/02\/header-logo.png\",\"width\":233,\"height\":60,\"caption\":\"Foresteel\"},\"image\":{\"@id\":\"https:\/\/foresteel.eu\/#\/schema\/logo\/image\/\"},\"sameAs\":[\"https:\/\/www.facebook.com\/foresteel.eu\/\",\"https:\/\/www.instagram.com\/foresteel\/\",\"https:\/\/www.youtube.com\/channel\/UCnGStzIvsDkYmZ7T1bwH6og\"]}]}<\/script>\n<!-- \/ Yoast SEO plugin. -->","yoast_head_json":{"title":"Auswechselbare Hardox-Verschlei\u00dfauskleidung (Panzerstahl) - Foresteel: Laubsaugwagen, Laubverladeger\u00e4te, Laubsauger-Einheiten, Kippanh\u00e4nger, Mobile Bew\u00e4sserungs- &amp; Hochdruckreiniger-Systeme","description":"Austauschbare Hardox-Verschlei\u00dfauskleidung zur Reduzierung langfristiger Wartungskosten und zur Erh\u00f6hung der Lebensdauer.","robots":{"index":"index","follow":"follow","max-snippet":"max-snippet:-1","max-image-preview":"max-image-preview:large","max-video-preview":"max-video-preview:-1"},"canonical":"https:\/\/foresteel.eu\/de\/produkt\/auswechselbare-hardox-verschleissauskleidung-panzerstahl\/","og_locale":"de_DE","og_type":"article","og_title":"Auswechselbare Hardox-Verschlei\u00dfauskleidung (Panzerstahl) - Foresteel: Laubsaugwagen, Laubverladeger\u00e4te, Laubsauger-Einheiten, Kippanh\u00e4nger, Mobile Bew\u00e4sserungs- &amp; Hochdruckreiniger-Systeme","og_description":"Austauschbare Hardox-Verschlei\u00dfauskleidung zur Reduzierung langfristiger Wartungskosten und zur Erh\u00f6hung der Lebensdauer.","og_url":"https:\/\/foresteel.eu\/de\/produkt\/auswechselbare-hardox-verschleissauskleidung-panzerstahl\/","og_site_name":"Foresteel: Laubsaugwagen, Laubverladeger\u00e4te, Laubsauger-Einheiten, Kippanh\u00e4nger, Mobile Bew\u00e4sserungs- &amp; Hochdruckreiniger-Systeme","article_publisher":"https:\/\/www.facebook.com\/foresteel.eu\/","article_modified_time":"2026-02-14T16:32:22+00:00","og_image":[{"width":600,"height":600,"url":"https:\/\/foresteel.eu\/wp-content\/uploads\/2022\/05\/Foresteel-VAC-G2-wear-liner-hardox-s.jpg","type":"image\/jpeg"}],"twitter_card":"summary_large_image","schema":{"@context":"https:\/\/schema.org","@graph":[{"@type":"WebPage","@id":"https:\/\/foresteel.eu\/de\/produkt\/auswechselbare-hardox-verschleissauskleidung-panzerstahl\/","url":"https:\/\/foresteel.eu\/de\/produkt\/auswechselbare-hardox-verschleissauskleidung-panzerstahl\/","name":"Auswechselbare Hardox-Verschlei\u00dfauskleidung (Panzerstahl) - Foresteel: Laubsaugwagen, Laubverladeger\u00e4te, Laubsauger-Einheiten, Kippanh\u00e4nger, Mobile Bew\u00e4sserungs- &amp; Hochdruckreiniger-Systeme","isPartOf":{"@id":"https:\/\/foresteel.eu\/#website"},"primaryImageOfPage":{"@id":"https:\/\/foresteel.eu\/de\/produkt\/auswechselbare-hardox-verschleissauskleidung-panzerstahl\/#primaryimage"},"image":{"@id":"https:\/\/foresteel.eu\/de\/produkt\/auswechselbare-hardox-verschleissauskleidung-panzerstahl\/#primaryimage"},"thumbnailUrl":"https:\/\/foresteel.eu\/wp-content\/uploads\/2022\/05\/Foresteel-VAC-G2-wear-liner-hardox-s.jpg","datePublished":"2026-02-12T18:29:39+00:00","dateModified":"2026-02-14T16:32:22+00:00","description":"Austauschbare Hardox-Verschlei\u00dfauskleidung zur Reduzierung langfristiger Wartungskosten und zur Erh\u00f6hung der Lebensdauer.","breadcrumb":{"@id":"https:\/\/foresteel.eu\/de\/produkt\/auswechselbare-hardox-verschleissauskleidung-panzerstahl\/#breadcrumb"},"inLanguage":"de","potentialAction":[{"@type":"ReadAction","target":["https:\/\/foresteel.eu\/de\/produkt\/auswechselbare-hardox-verschleissauskleidung-panzerstahl\/"]}]},{"@type":"ImageObject","inLanguage":"de","@id":"https:\/\/foresteel.eu\/de\/produkt\/auswechselbare-hardox-verschleissauskleidung-panzerstahl\/#primaryimage","url":"https:\/\/foresteel.eu\/wp-content\/uploads\/2022\/05\/Foresteel-VAC-G2-wear-liner-hardox-s.jpg","contentUrl":"https:\/\/foresteel.eu\/wp-content\/uploads\/2022\/05\/Foresteel-VAC-G2-wear-liner-hardox-s.jpg","width":600,"height":600},{"@type":"BreadcrumbList","@id":"https:\/\/foresteel.eu\/de\/produkt\/auswechselbare-hardox-verschleissauskleidung-panzerstahl\/#breadcrumb","itemListElement":[{"@type":"ListItem","position":1,"name":"Home","item":"https:\/\/foresteel.eu\/de\/home\/"},{"@type":"ListItem","position":2,"name":"Shop","item":"https:\/\/foresteel.eu\/de\/geschaft\/"},{"@type":"ListItem","position":3,"name":"Auswechselbare Hardox-Verschlei\u00dfauskleidung (Panzerstahl)"}]},{"@type":"WebSite","@id":"https:\/\/foresteel.eu\/#website","url":"https:\/\/foresteel.eu\/","name":"Foresteel: Laubsaugwagen, Laubverladeger\u00e4te, Laubsauger-Einheiten, Kippanh\u00e4nger, Mobile Bew\u00e4sserungs- &amp; Hochdruckreiniger-Systeme","description":"Foresteel.","publisher":{"@id":"https:\/\/foresteel.eu\/#organization"},"potentialAction":[{"@type":"SearchAction","target":{"@type":"EntryPoint","urlTemplate":"https:\/\/foresteel.eu\/?s={search_term_string}"},"query-input":{"@type":"PropertyValueSpecification","valueRequired":true,"valueName":"search_term_string"}}],"inLanguage":"de"},{"@type":"Organization","@id":"https:\/\/foresteel.eu\/#organization","name":"Foresteel","url":"https:\/\/foresteel.eu\/","logo":{"@type":"ImageObject","inLanguage":"de","@id":"https:\/\/foresteel.eu\/#\/schema\/logo\/image\/","url":"https:\/\/foresteel.eu\/wp-content\/uploads\/2022\/02\/header-logo.png","contentUrl":"https:\/\/foresteel.eu\/wp-content\/uploads\/2022\/02\/header-logo.png","width":233,"height":60,"caption":"Foresteel"},"image":{"@id":"https:\/\/foresteel.eu\/#\/schema\/logo\/image\/"},"sameAs":["https:\/\/www.facebook.com\/foresteel.eu\/","https:\/\/www.instagram.com\/foresteel\/","https:\/\/www.youtube.com\/channel\/UCnGStzIvsDkYmZ7T1bwH6og"]}]}},"_links":{"self":[{"href":"https:\/\/foresteel.eu\/de\/wp-json\/wp\/v2\/product\/29243","targetHints":{"allow":["GET"]}}],"collection":[{"href":"https:\/\/foresteel.eu\/de\/wp-json\/wp\/v2\/product"}],"about":[{"href":"https:\/\/foresteel.eu\/de\/wp-json\/wp\/v2\/types\/product"}],"version-history":[{"count":1,"href":"https:\/\/foresteel.eu\/de\/wp-json\/wp\/v2\/product\/29243\/revisions"}],"predecessor-version":[{"id":29293,"href":"https:\/\/foresteel.eu\/de\/wp-json\/wp\/v2\/product\/29243\/revisions\/29293"}],"wp:featuredmedia":[{"embeddable":true,"href":"https:\/\/foresteel.eu\/de\/wp-json\/wp\/v2\/media\/28782"}],"wp:attachment":[{"href":"https:\/\/foresteel.eu\/de\/wp-json\/wp\/v2\/media?parent=29243"}],"wp:term":[{"taxonomy":"product_brand","embeddable":true,"href":"https:\/\/foresteel.eu\/de\/wp-json\/wp\/v2\/product_brand?post=29243"},{"taxonomy":"product_cat","embeddable":true,"href":"https:\/\/foresteel.eu\/de\/wp-json\/wp\/v2\/product_cat?post=29243"},{"taxonomy":"product_tag","embeddable":true,"href":"https:\/\/foresteel.eu\/de\/wp-json\/wp\/v2\/product_tag?post=29243"}],"curies":[{"name":"wp","href":"https:\/\/api.w.org\/{rel}","templated":true}]}}