{"id":29200,"date":"2026-02-05T17:22:25","date_gmt":"2026-02-12T17:45:40","guid":{"rendered":"https:\/\/foresteel.eu\/product\/maehdeckadapter-set-mit-35-m-saugschlauch\/"},"modified":"2026-02-14T20:16:59","modified_gmt":"2026-02-14T17:16:59","slug":"maehdeckadapter-set-mit-35-m-saugschlauch","status":"publish","type":"product","link":"https:\/\/foresteel.eu\/de\/produkt\/maehdeckadapter-set-mit-35-m-saugschlauch\/","title":{"rendered":"M\u00e4hdeckadapter-Set mit 3,5 m Saugschlauch"},"content":{"rendered":"<p>Universelles M\u00e4hdeck-Adapter-Set mit Adapterboot und 3,5 m D200-Saugschlauch mit Quick-Connect. Selbstmontage mit Ausschnitt erforderlich.<\/p>\n","protected":false},"excerpt":{"rendered":"<p>Universelles M\u00e4hdeck-Adapter-Set mit Adapterboot und 3,5 m D200-Saugschlauch mit Quick-Connect. Selbstmontage mit Ausschnitt erforderlich.<\/p>\n","protected":false},"featured_media":28929,"template":"","meta":{"_acf_changed":false},"product_brand":[],"product_cat":[204],"product_tag":[],"class_list":{"0":"post-29200","1":"product","2":"type-product","3":"status-publish","4":"has-post-thumbnail","6":"product_cat-optional-equipment-de","7":"tm-has-options","8":"member-discount","9":"discount-restricted","11":"first","12":"instock","13":"taxable","14":"shipping-taxable","15":"purchasable","16":"product-type-simple"},"acf":[],"yoast_head":"<!-- This site is optimized with the Yoast SEO plugin v26.3 - https:\/\/yoast.com\/wordpress\/plugins\/seo\/ -->\n<title>M\u00e4hdeckadapter-Set mit 3,5 m Saugschlauch - Foresteel: Laubsaugwagen, Laubverladeger\u00e4te, Laubsauger-Einheiten, Kippanh\u00e4nger, Mobile Bew\u00e4sserungs- &amp; Hochdruckreiniger-Systeme<\/title>\n<meta name=\"description\" content=\"Foresteel\u2122 Debris Loader&#039;s universelles M\u00e4hdeck-Adapter-Set mit Adapterboot und 3,5 m D200-Saugschlauch mit Quick-Connect. Selbstmontage mit Ausschnitt erforderlich.\" \/>\n<meta name=\"robots\" content=\"index, follow, max-snippet:-1, max-image-preview:large, max-video-preview:-1\" \/>\n<link rel=\"canonical\" href=\"https:\/\/foresteel.eu\/de\/produkt\/maehdeckadapter-set-mit-35-m-saugschlauch\/\" \/>\n<meta property=\"og:locale\" content=\"de_DE\" \/>\n<meta property=\"og:type\" content=\"article\" \/>\n<meta property=\"og:title\" content=\"M\u00e4hdeckadapter-Set mit 3,5 m Saugschlauch - Foresteel: Laubsaugwagen, Laubverladeger\u00e4te, Laubsauger-Einheiten, Kippanh\u00e4nger, Mobile Bew\u00e4sserungs- &amp; Hochdruckreiniger-Systeme\" \/>\n<meta property=\"og:description\" content=\"Foresteel\u2122 Debris Loader&#039;s universelles M\u00e4hdeck-Adapter-Set mit Adapterboot und 3,5 m D200-Saugschlauch mit Quick-Connect. Selbstmontage mit Ausschnitt erforderlich.\" \/>\n<meta property=\"og:url\" content=\"https:\/\/foresteel.eu\/de\/produkt\/maehdeckadapter-set-mit-35-m-saugschlauch\/\" \/>\n<meta property=\"og:site_name\" content=\"Foresteel: Laubsaugwagen, Laubverladeger\u00e4te, Laubsauger-Einheiten, Kippanh\u00e4nger, Mobile Bew\u00e4sserungs- &amp; Hochdruckreiniger-Systeme\" \/>\n<meta property=\"article:publisher\" content=\"https:\/\/www.facebook.com\/foresteel.eu\/\" \/>\n<meta property=\"article:modified_time\" content=\"2026-02-14T17:16:59+00:00\" \/>\n<meta property=\"og:image\" content=\"https:\/\/foresteel.eu\/wp-content\/uploads\/2026\/02\/Foresteel-VAC-G2-VAC-DECK-KIT-2.jpg\" \/>\n\t<meta property=\"og:image:width\" content=\"800\" \/>\n\t<meta property=\"og:image:height\" content=\"800\" \/>\n\t<meta property=\"og:image:type\" content=\"image\/jpeg\" \/>\n<meta name=\"twitter:card\" content=\"summary_large_image\" \/>\n<script type=\"application\/ld+json\" class=\"yoast-schema-graph\">{\"@context\":\"https:\/\/schema.org\",\"@graph\":[{\"@type\":\"WebPage\",\"@id\":\"https:\/\/foresteel.eu\/de\/produkt\/maehdeckadapter-set-mit-35-m-saugschlauch\/\",\"url\":\"https:\/\/foresteel.eu\/de\/produkt\/maehdeckadapter-set-mit-35-m-saugschlauch\/\",\"name\":\"M\u00e4hdeckadapter-Set mit 3,5 m Saugschlauch - Foresteel: Laubsaugwagen, Laubverladeger\u00e4te, Laubsauger-Einheiten, Kippanh\u00e4nger, Mobile Bew\u00e4sserungs- &amp; Hochdruckreiniger-Systeme\",\"isPartOf\":{\"@id\":\"https:\/\/foresteel.eu\/#website\"},\"primaryImageOfPage\":{\"@id\":\"https:\/\/foresteel.eu\/de\/produkt\/maehdeckadapter-set-mit-35-m-saugschlauch\/#primaryimage\"},\"image\":{\"@id\":\"https:\/\/foresteel.eu\/de\/produkt\/maehdeckadapter-set-mit-35-m-saugschlauch\/#primaryimage\"},\"thumbnailUrl\":\"https:\/\/foresteel.eu\/wp-content\/uploads\/2026\/02\/Foresteel-VAC-G2-VAC-DECK-KIT-2.jpg\",\"datePublished\":\"2026-02-12T17:45:40+00:00\",\"dateModified\":\"2026-02-14T17:16:59+00:00\",\"description\":\"Foresteel\u2122 Debris Loader's universelles M\u00e4hdeck-Adapter-Set mit Adapterboot und 3,5 m D200-Saugschlauch mit Quick-Connect. Selbstmontage mit Ausschnitt erforderlich.\",\"breadcrumb\":{\"@id\":\"https:\/\/foresteel.eu\/de\/produkt\/maehdeckadapter-set-mit-35-m-saugschlauch\/#breadcrumb\"},\"inLanguage\":\"de\",\"potentialAction\":[{\"@type\":\"ReadAction\",\"target\":[\"https:\/\/foresteel.eu\/de\/produkt\/maehdeckadapter-set-mit-35-m-saugschlauch\/\"]}]},{\"@type\":\"ImageObject\",\"inLanguage\":\"de\",\"@id\":\"https:\/\/foresteel.eu\/de\/produkt\/maehdeckadapter-set-mit-35-m-saugschlauch\/#primaryimage\",\"url\":\"https:\/\/foresteel.eu\/wp-content\/uploads\/2026\/02\/Foresteel-VAC-G2-VAC-DECK-KIT-2.jpg\",\"contentUrl\":\"https:\/\/foresteel.eu\/wp-content\/uploads\/2026\/02\/Foresteel-VAC-G2-VAC-DECK-KIT-2.jpg\",\"width\":800,\"height\":800,\"caption\":\"M\u00e4hdeck-Adapterset (Foresteel Universal)\"},{\"@type\":\"BreadcrumbList\",\"@id\":\"https:\/\/foresteel.eu\/de\/produkt\/maehdeckadapter-set-mit-35-m-saugschlauch\/#breadcrumb\",\"itemListElement\":[{\"@type\":\"ListItem\",\"position\":1,\"name\":\"Home\",\"item\":\"https:\/\/foresteel.eu\/de\/home\/\"},{\"@type\":\"ListItem\",\"position\":2,\"name\":\"Shop\",\"item\":\"https:\/\/foresteel.eu\/de\/geschaft\/\"},{\"@type\":\"ListItem\",\"position\":3,\"name\":\"M\u00e4hdeckadapter-Set mit 3,5 m Saugschlauch\"}]},{\"@type\":\"WebSite\",\"@id\":\"https:\/\/foresteel.eu\/#website\",\"url\":\"https:\/\/foresteel.eu\/\",\"name\":\"Foresteel: Laubsaugwagen, Laubverladeger\u00e4te, Laubsauger-Einheiten, Kippanh\u00e4nger, Mobile Bew\u00e4sserungs- &amp; Hochdruckreiniger-Systeme\",\"description\":\"Foresteel.\",\"publisher\":{\"@id\":\"https:\/\/foresteel.eu\/#organization\"},\"potentialAction\":[{\"@type\":\"SearchAction\",\"target\":{\"@type\":\"EntryPoint\",\"urlTemplate\":\"https:\/\/foresteel.eu\/?s={search_term_string}\"},\"query-input\":{\"@type\":\"PropertyValueSpecification\",\"valueRequired\":true,\"valueName\":\"search_term_string\"}}],\"inLanguage\":\"de\"},{\"@type\":\"Organization\",\"@id\":\"https:\/\/foresteel.eu\/#organization\",\"name\":\"Foresteel\",\"url\":\"https:\/\/foresteel.eu\/\",\"logo\":{\"@type\":\"ImageObject\",\"inLanguage\":\"de\",\"@id\":\"https:\/\/foresteel.eu\/#\/schema\/logo\/image\/\",\"url\":\"https:\/\/foresteel.eu\/wp-content\/uploads\/2022\/02\/header-logo.png\",\"contentUrl\":\"https:\/\/foresteel.eu\/wp-content\/uploads\/2022\/02\/header-logo.png\",\"width\":233,\"height\":60,\"caption\":\"Foresteel\"},\"image\":{\"@id\":\"https:\/\/foresteel.eu\/#\/schema\/logo\/image\/\"},\"sameAs\":[\"https:\/\/www.facebook.com\/foresteel.eu\/\",\"https:\/\/www.instagram.com\/foresteel\/\",\"https:\/\/www.youtube.com\/channel\/UCnGStzIvsDkYmZ7T1bwH6og\"]}]}<\/script>\n<!-- \/ Yoast SEO plugin. -->","yoast_head_json":{"title":"M\u00e4hdeckadapter-Set mit 3,5 m Saugschlauch - Foresteel: Laubsaugwagen, Laubverladeger\u00e4te, Laubsauger-Einheiten, Kippanh\u00e4nger, Mobile Bew\u00e4sserungs- &amp; Hochdruckreiniger-Systeme","description":"Foresteel\u2122 Debris Loader's universelles M\u00e4hdeck-Adapter-Set mit Adapterboot und 3,5 m D200-Saugschlauch mit Quick-Connect. Selbstmontage mit Ausschnitt erforderlich.","robots":{"index":"index","follow":"follow","max-snippet":"max-snippet:-1","max-image-preview":"max-image-preview:large","max-video-preview":"max-video-preview:-1"},"canonical":"https:\/\/foresteel.eu\/de\/produkt\/maehdeckadapter-set-mit-35-m-saugschlauch\/","og_locale":"de_DE","og_type":"article","og_title":"M\u00e4hdeckadapter-Set mit 3,5 m Saugschlauch - Foresteel: Laubsaugwagen, Laubverladeger\u00e4te, Laubsauger-Einheiten, Kippanh\u00e4nger, Mobile Bew\u00e4sserungs- &amp; Hochdruckreiniger-Systeme","og_description":"Foresteel\u2122 Debris Loader's universelles M\u00e4hdeck-Adapter-Set mit Adapterboot und 3,5 m D200-Saugschlauch mit Quick-Connect. Selbstmontage mit Ausschnitt erforderlich.","og_url":"https:\/\/foresteel.eu\/de\/produkt\/maehdeckadapter-set-mit-35-m-saugschlauch\/","og_site_name":"Foresteel: Laubsaugwagen, Laubverladeger\u00e4te, Laubsauger-Einheiten, Kippanh\u00e4nger, Mobile Bew\u00e4sserungs- &amp; Hochdruckreiniger-Systeme","article_publisher":"https:\/\/www.facebook.com\/foresteel.eu\/","article_modified_time":"2026-02-14T17:16:59+00:00","og_image":[{"width":800,"height":800,"url":"https:\/\/foresteel.eu\/wp-content\/uploads\/2026\/02\/Foresteel-VAC-G2-VAC-DECK-KIT-2.jpg","type":"image\/jpeg"}],"twitter_card":"summary_large_image","schema":{"@context":"https:\/\/schema.org","@graph":[{"@type":"WebPage","@id":"https:\/\/foresteel.eu\/de\/produkt\/maehdeckadapter-set-mit-35-m-saugschlauch\/","url":"https:\/\/foresteel.eu\/de\/produkt\/maehdeckadapter-set-mit-35-m-saugschlauch\/","name":"M\u00e4hdeckadapter-Set mit 3,5 m Saugschlauch - Foresteel: Laubsaugwagen, Laubverladeger\u00e4te, Laubsauger-Einheiten, Kippanh\u00e4nger, Mobile Bew\u00e4sserungs- &amp; Hochdruckreiniger-Systeme","isPartOf":{"@id":"https:\/\/foresteel.eu\/#website"},"primaryImageOfPage":{"@id":"https:\/\/foresteel.eu\/de\/produkt\/maehdeckadapter-set-mit-35-m-saugschlauch\/#primaryimage"},"image":{"@id":"https:\/\/foresteel.eu\/de\/produkt\/maehdeckadapter-set-mit-35-m-saugschlauch\/#primaryimage"},"thumbnailUrl":"https:\/\/foresteel.eu\/wp-content\/uploads\/2026\/02\/Foresteel-VAC-G2-VAC-DECK-KIT-2.jpg","datePublished":"2026-02-12T17:45:40+00:00","dateModified":"2026-02-14T17:16:59+00:00","description":"Foresteel\u2122 Debris Loader's universelles M\u00e4hdeck-Adapter-Set mit Adapterboot und 3,5 m D200-Saugschlauch mit Quick-Connect. Selbstmontage mit Ausschnitt erforderlich.","breadcrumb":{"@id":"https:\/\/foresteel.eu\/de\/produkt\/maehdeckadapter-set-mit-35-m-saugschlauch\/#breadcrumb"},"inLanguage":"de","potentialAction":[{"@type":"ReadAction","target":["https:\/\/foresteel.eu\/de\/produkt\/maehdeckadapter-set-mit-35-m-saugschlauch\/"]}]},{"@type":"ImageObject","inLanguage":"de","@id":"https:\/\/foresteel.eu\/de\/produkt\/maehdeckadapter-set-mit-35-m-saugschlauch\/#primaryimage","url":"https:\/\/foresteel.eu\/wp-content\/uploads\/2026\/02\/Foresteel-VAC-G2-VAC-DECK-KIT-2.jpg","contentUrl":"https:\/\/foresteel.eu\/wp-content\/uploads\/2026\/02\/Foresteel-VAC-G2-VAC-DECK-KIT-2.jpg","width":800,"height":800,"caption":"M\u00e4hdeck-Adapterset (Foresteel Universal)"},{"@type":"BreadcrumbList","@id":"https:\/\/foresteel.eu\/de\/produkt\/maehdeckadapter-set-mit-35-m-saugschlauch\/#breadcrumb","itemListElement":[{"@type":"ListItem","position":1,"name":"Home","item":"https:\/\/foresteel.eu\/de\/home\/"},{"@type":"ListItem","position":2,"name":"Shop","item":"https:\/\/foresteel.eu\/de\/geschaft\/"},{"@type":"ListItem","position":3,"name":"M\u00e4hdeckadapter-Set mit 3,5 m Saugschlauch"}]},{"@type":"WebSite","@id":"https:\/\/foresteel.eu\/#website","url":"https:\/\/foresteel.eu\/","name":"Foresteel: Laubsaugwagen, Laubverladeger\u00e4te, Laubsauger-Einheiten, Kippanh\u00e4nger, Mobile Bew\u00e4sserungs- &amp; Hochdruckreiniger-Systeme","description":"Foresteel.","publisher":{"@id":"https:\/\/foresteel.eu\/#organization"},"potentialAction":[{"@type":"SearchAction","target":{"@type":"EntryPoint","urlTemplate":"https:\/\/foresteel.eu\/?s={search_term_string}"},"query-input":{"@type":"PropertyValueSpecification","valueRequired":true,"valueName":"search_term_string"}}],"inLanguage":"de"},{"@type":"Organization","@id":"https:\/\/foresteel.eu\/#organization","name":"Foresteel","url":"https:\/\/foresteel.eu\/","logo":{"@type":"ImageObject","inLanguage":"de","@id":"https:\/\/foresteel.eu\/#\/schema\/logo\/image\/","url":"https:\/\/foresteel.eu\/wp-content\/uploads\/2022\/02\/header-logo.png","contentUrl":"https:\/\/foresteel.eu\/wp-content\/uploads\/2022\/02\/header-logo.png","width":233,"height":60,"caption":"Foresteel"},"image":{"@id":"https:\/\/foresteel.eu\/#\/schema\/logo\/image\/"},"sameAs":["https:\/\/www.facebook.com\/foresteel.eu\/","https:\/\/www.instagram.com\/foresteel\/","https:\/\/www.youtube.com\/channel\/UCnGStzIvsDkYmZ7T1bwH6og"]}]}},"_links":{"self":[{"href":"https:\/\/foresteel.eu\/de\/wp-json\/wp\/v2\/product\/29200","targetHints":{"allow":["GET"]}}],"collection":[{"href":"https:\/\/foresteel.eu\/de\/wp-json\/wp\/v2\/product"}],"about":[{"href":"https:\/\/foresteel.eu\/de\/wp-json\/wp\/v2\/types\/product"}],"version-history":[{"count":1,"href":"https:\/\/foresteel.eu\/de\/wp-json\/wp\/v2\/product\/29200\/revisions"}],"predecessor-version":[{"id":29316,"href":"https:\/\/foresteel.eu\/de\/wp-json\/wp\/v2\/product\/29200\/revisions\/29316"}],"wp:featuredmedia":[{"embeddable":true,"href":"https:\/\/foresteel.eu\/de\/wp-json\/wp\/v2\/media\/28929"}],"wp:attachment":[{"href":"https:\/\/foresteel.eu\/de\/wp-json\/wp\/v2\/media?parent=29200"}],"wp:term":[{"taxonomy":"product_brand","embeddable":true,"href":"https:\/\/foresteel.eu\/de\/wp-json\/wp\/v2\/product_brand?post=29200"},{"taxonomy":"product_cat","embeddable":true,"href":"https:\/\/foresteel.eu\/de\/wp-json\/wp\/v2\/product_cat?post=29200"},{"taxonomy":"product_tag","embeddable":true,"href":"https:\/\/foresteel.eu\/de\/wp-json\/wp\/v2\/product_tag?post=29200"}],"curies":[{"name":"wp","href":"https:\/\/api.w.org\/{rel}","templated":true}]}}