{"id":29194,"date":"2026-02-05T17:30:32","date_gmt":"2026-02-12T17:36:43","guid":{"rendered":"https:\/\/foresteel.eu\/product\/jaehrliches-motorwartungskit-fuer-midvac-14-ps-vanguard\/"},"modified":"2026-02-14T20:30:34","modified_gmt":"2026-02-14T17:30:34","slug":"jaehrliches-motorwartungskit-fuer-midvac-14-ps-vanguard","status":"publish","type":"product","link":"https:\/\/foresteel.eu\/de\/produkt\/jaehrliches-motorwartungskit-fuer-midvac-14-ps-vanguard\/","title":{"rendered":"J\u00e4hrliches Motorwartungskit f\u00fcr MIDvac, 14 PS Vanguard"},"content":{"rendered":"<p>J\u00e4hrliches Motorwartungskit f\u00fcr MIDvac, 14 PS Vanguard<\/p>\n<p>Beinhaltet:<\/p>\n<ul>\n<li>2 \u00d7 0,6 L empfohlenes Motor\u00f6l<\/li>\n<li>Z\u00fcndkerze<\/li>\n<li>Luftfilter<\/li>\n<\/ul>\n","protected":false},"excerpt":{"rendered":"<p>J\u00e4hrliches Motorwartungskit f\u00fcr MIDvac, 14 PS Vanguard<\/p>\n<p>Beinhaltet:<\/p>\n<ul>\n<li>2 \u00d7 0,6 L empfohlenes Motor\u00f6l<\/li>\n<li>Z\u00fcndkerze<\/li>\n<li>Luftfilter<\/li>\n<\/ul>\n","protected":false},"featured_media":28934,"template":"","meta":{"_acf_changed":false},"product_brand":[],"product_cat":[204],"product_tag":[],"class_list":{"0":"post-29194","1":"product","2":"type-product","3":"status-publish","4":"has-post-thumbnail","6":"product_cat-optional-equipment-de","7":"tm-has-options","8":"member-discount","9":"discount-restricted","11":"first","12":"instock","13":"taxable","14":"shipping-taxable","15":"purchasable","16":"product-type-simple"},"acf":[],"yoast_head":"<!-- This site is optimized with the Yoast SEO plugin v27.4 - https:\/\/yoast.com\/product\/yoast-seo-wordpress\/ -->\n<title>J\u00e4hrliches Motorwartungskit f\u00fcr MIDvac, 14 PS Vanguard - Foresteel: Laubsaugwagen, Laubverladeger\u00e4te, Laubsauger-Einheiten, Kippanh\u00e4nger, Mobile Bew\u00e4sserungs- &amp; Hochdruckreiniger-Systeme<\/title>\n<meta name=\"description\" content=\"Der verl\u00e4ngerte Schlauchhaltearm des Foresteel\u2122 Laubsauger sorgt f\u00fcr bessere Ergonomie und geringere Erm\u00fcdung des Fahrers.\" \/>\n<meta name=\"robots\" content=\"index, follow, max-snippet:-1, max-image-preview:large, max-video-preview:-1\" \/>\n<link rel=\"canonical\" href=\"https:\/\/foresteel.eu\/de\/produkt\/jaehrliches-motorwartungskit-fuer-midvac-14-ps-vanguard\/\" \/>\n<meta property=\"og:locale\" content=\"de_DE\" \/>\n<meta property=\"og:type\" content=\"article\" \/>\n<meta property=\"og:title\" content=\"J\u00e4hrliches Motorwartungskit f\u00fcr MIDvac, 14 PS Vanguard - Foresteel: Laubsaugwagen, Laubverladeger\u00e4te, Laubsauger-Einheiten, Kippanh\u00e4nger, Mobile Bew\u00e4sserungs- &amp; Hochdruckreiniger-Systeme\" \/>\n<meta property=\"og:description\" content=\"Der verl\u00e4ngerte Schlauchhaltearm des Foresteel\u2122 Laubsauger sorgt f\u00fcr bessere Ergonomie und geringere Erm\u00fcdung des Fahrers.\" \/>\n<meta property=\"og:url\" content=\"https:\/\/foresteel.eu\/de\/produkt\/jaehrliches-motorwartungskit-fuer-midvac-14-ps-vanguard\/\" \/>\n<meta property=\"og:site_name\" content=\"Foresteel: Laubsaugwagen, Laubverladeger\u00e4te, Laubsauger-Einheiten, Kippanh\u00e4nger, Mobile Bew\u00e4sserungs- &amp; Hochdruckreiniger-Systeme\" \/>\n<meta property=\"article:publisher\" content=\"https:\/\/www.facebook.com\/foresteel.eu\/\" \/>\n<meta property=\"article:modified_time\" content=\"2026-02-14T17:30:34+00:00\" \/>\n<meta property=\"og:image\" content=\"https:\/\/foresteel.eu\/wp-content\/uploads\/2026\/02\/FORESTEEL-FVAC-13-ANNUAL.jpg\" \/>\n\t<meta property=\"og:image:width\" content=\"800\" \/>\n\t<meta property=\"og:image:height\" content=\"800\" \/>\n\t<meta property=\"og:image:type\" content=\"image\/jpeg\" \/>\n<meta name=\"twitter:card\" content=\"summary_large_image\" \/>\n<script type=\"application\/ld+json\" class=\"yoast-schema-graph\">{\"@context\":\"https:\\\/\\\/schema.org\",\"@graph\":[{\"@type\":\"WebPage\",\"@id\":\"https:\\\/\\\/foresteel.eu\\\/de\\\/produkt\\\/jaehrliches-motorwartungskit-fuer-midvac-14-ps-vanguard\\\/\",\"url\":\"https:\\\/\\\/foresteel.eu\\\/de\\\/produkt\\\/jaehrliches-motorwartungskit-fuer-midvac-14-ps-vanguard\\\/\",\"name\":\"J\u00e4hrliches Motorwartungskit f\u00fcr MIDvac, 14 PS Vanguard - Foresteel: Laubsaugwagen, Laubverladeger\u00e4te, Laubsauger-Einheiten, Kippanh\u00e4nger, Mobile Bew\u00e4sserungs- &amp; Hochdruckreiniger-Systeme\",\"isPartOf\":{\"@id\":\"https:\\\/\\\/foresteel.eu\\\/#website\"},\"primaryImageOfPage\":{\"@id\":\"https:\\\/\\\/foresteel.eu\\\/de\\\/produkt\\\/jaehrliches-motorwartungskit-fuer-midvac-14-ps-vanguard\\\/#primaryimage\"},\"image\":{\"@id\":\"https:\\\/\\\/foresteel.eu\\\/de\\\/produkt\\\/jaehrliches-motorwartungskit-fuer-midvac-14-ps-vanguard\\\/#primaryimage\"},\"thumbnailUrl\":\"https:\\\/\\\/foresteel.eu\\\/wp-content\\\/uploads\\\/2026\\\/02\\\/FORESTEEL-FVAC-13-ANNUAL.jpg\",\"datePublished\":\"2026-02-12T17:36:43+00:00\",\"dateModified\":\"2026-02-14T17:30:34+00:00\",\"description\":\"Der verl\u00e4ngerte Schlauchhaltearm des Foresteel\u2122 Laubsauger sorgt f\u00fcr bessere Ergonomie und geringere Erm\u00fcdung des Fahrers.\",\"breadcrumb\":{\"@id\":\"https:\\\/\\\/foresteel.eu\\\/de\\\/produkt\\\/jaehrliches-motorwartungskit-fuer-midvac-14-ps-vanguard\\\/#breadcrumb\"},\"inLanguage\":\"de\",\"potentialAction\":[{\"@type\":\"ReadAction\",\"target\":[\"https:\\\/\\\/foresteel.eu\\\/de\\\/produkt\\\/jaehrliches-motorwartungskit-fuer-midvac-14-ps-vanguard\\\/\"]}]},{\"@type\":\"ImageObject\",\"inLanguage\":\"de\",\"@id\":\"https:\\\/\\\/foresteel.eu\\\/de\\\/produkt\\\/jaehrliches-motorwartungskit-fuer-midvac-14-ps-vanguard\\\/#primaryimage\",\"url\":\"https:\\\/\\\/foresteel.eu\\\/wp-content\\\/uploads\\\/2026\\\/02\\\/FORESTEEL-FVAC-13-ANNUAL.jpg\",\"contentUrl\":\"https:\\\/\\\/foresteel.eu\\\/wp-content\\\/uploads\\\/2026\\\/02\\\/FORESTEEL-FVAC-13-ANNUAL.jpg\",\"width\":800,\"height\":800},{\"@type\":\"BreadcrumbList\",\"@id\":\"https:\\\/\\\/foresteel.eu\\\/de\\\/produkt\\\/jaehrliches-motorwartungskit-fuer-midvac-14-ps-vanguard\\\/#breadcrumb\",\"itemListElement\":[{\"@type\":\"ListItem\",\"position\":1,\"name\":\"Home\",\"item\":\"https:\\\/\\\/foresteel.eu\\\/de\\\/home\\\/\"},{\"@type\":\"ListItem\",\"position\":2,\"name\":\"Shop\",\"item\":\"https:\\\/\\\/foresteel.eu\\\/de\\\/geschaft\\\/\"},{\"@type\":\"ListItem\",\"position\":3,\"name\":\"J\u00e4hrliches Motorwartungskit f\u00fcr MIDvac, 14 PS Vanguard\"}]},{\"@type\":\"WebSite\",\"@id\":\"https:\\\/\\\/foresteel.eu\\\/#website\",\"url\":\"https:\\\/\\\/foresteel.eu\\\/\",\"name\":\"Foresteel: Laubsaugwagen, Laubverladeger\u00e4te, Laubsauger-Einheiten, Kippanh\u00e4nger, Mobile Bew\u00e4sserungs- &amp; Hochdruckreiniger-Systeme\",\"description\":\"Foresteel.\",\"publisher\":{\"@id\":\"https:\\\/\\\/foresteel.eu\\\/#organization\"},\"potentialAction\":[{\"@type\":\"SearchAction\",\"target\":{\"@type\":\"EntryPoint\",\"urlTemplate\":\"https:\\\/\\\/foresteel.eu\\\/?s={search_term_string}\"},\"query-input\":{\"@type\":\"PropertyValueSpecification\",\"valueRequired\":true,\"valueName\":\"search_term_string\"}}],\"inLanguage\":\"de\"},{\"@type\":\"Organization\",\"@id\":\"https:\\\/\\\/foresteel.eu\\\/#organization\",\"name\":\"Foresteel\",\"url\":\"https:\\\/\\\/foresteel.eu\\\/\",\"logo\":{\"@type\":\"ImageObject\",\"inLanguage\":\"de\",\"@id\":\"https:\\\/\\\/foresteel.eu\\\/#\\\/schema\\\/logo\\\/image\\\/\",\"url\":\"https:\\\/\\\/foresteel.eu\\\/wp-content\\\/uploads\\\/2022\\\/02\\\/header-logo.png\",\"contentUrl\":\"https:\\\/\\\/foresteel.eu\\\/wp-content\\\/uploads\\\/2022\\\/02\\\/header-logo.png\",\"width\":233,\"height\":60,\"caption\":\"Foresteel\"},\"image\":{\"@id\":\"https:\\\/\\\/foresteel.eu\\\/#\\\/schema\\\/logo\\\/image\\\/\"},\"sameAs\":[\"https:\\\/\\\/www.facebook.com\\\/foresteel.eu\\\/\",\"https:\\\/\\\/www.instagram.com\\\/foresteel\\\/\",\"https:\\\/\\\/www.youtube.com\\\/channel\\\/UCnGStzIvsDkYmZ7T1bwH6og\"]}]}<\/script>\n<!-- \/ Yoast SEO plugin. -->","yoast_head_json":{"title":"J\u00e4hrliches Motorwartungskit f\u00fcr MIDvac, 14 PS Vanguard - Foresteel: Laubsaugwagen, Laubverladeger\u00e4te, Laubsauger-Einheiten, Kippanh\u00e4nger, Mobile Bew\u00e4sserungs- &amp; Hochdruckreiniger-Systeme","description":"Der verl\u00e4ngerte Schlauchhaltearm des Foresteel\u2122 Laubsauger sorgt f\u00fcr bessere Ergonomie und geringere Erm\u00fcdung des Fahrers.","robots":{"index":"index","follow":"follow","max-snippet":"max-snippet:-1","max-image-preview":"max-image-preview:large","max-video-preview":"max-video-preview:-1"},"canonical":"https:\/\/foresteel.eu\/de\/produkt\/jaehrliches-motorwartungskit-fuer-midvac-14-ps-vanguard\/","og_locale":"de_DE","og_type":"article","og_title":"J\u00e4hrliches Motorwartungskit f\u00fcr MIDvac, 14 PS Vanguard - Foresteel: Laubsaugwagen, Laubverladeger\u00e4te, Laubsauger-Einheiten, Kippanh\u00e4nger, Mobile Bew\u00e4sserungs- &amp; Hochdruckreiniger-Systeme","og_description":"Der verl\u00e4ngerte Schlauchhaltearm des Foresteel\u2122 Laubsauger sorgt f\u00fcr bessere Ergonomie und geringere Erm\u00fcdung des Fahrers.","og_url":"https:\/\/foresteel.eu\/de\/produkt\/jaehrliches-motorwartungskit-fuer-midvac-14-ps-vanguard\/","og_site_name":"Foresteel: Laubsaugwagen, Laubverladeger\u00e4te, Laubsauger-Einheiten, Kippanh\u00e4nger, Mobile Bew\u00e4sserungs- &amp; Hochdruckreiniger-Systeme","article_publisher":"https:\/\/www.facebook.com\/foresteel.eu\/","article_modified_time":"2026-02-14T17:30:34+00:00","og_image":[{"width":800,"height":800,"url":"https:\/\/foresteel.eu\/wp-content\/uploads\/2026\/02\/FORESTEEL-FVAC-13-ANNUAL.jpg","type":"image\/jpeg"}],"twitter_card":"summary_large_image","schema":{"@context":"https:\/\/schema.org","@graph":[{"@type":"WebPage","@id":"https:\/\/foresteel.eu\/de\/produkt\/jaehrliches-motorwartungskit-fuer-midvac-14-ps-vanguard\/","url":"https:\/\/foresteel.eu\/de\/produkt\/jaehrliches-motorwartungskit-fuer-midvac-14-ps-vanguard\/","name":"J\u00e4hrliches Motorwartungskit f\u00fcr MIDvac, 14 PS Vanguard - Foresteel: Laubsaugwagen, Laubverladeger\u00e4te, Laubsauger-Einheiten, Kippanh\u00e4nger, Mobile Bew\u00e4sserungs- &amp; Hochdruckreiniger-Systeme","isPartOf":{"@id":"https:\/\/foresteel.eu\/#website"},"primaryImageOfPage":{"@id":"https:\/\/foresteel.eu\/de\/produkt\/jaehrliches-motorwartungskit-fuer-midvac-14-ps-vanguard\/#primaryimage"},"image":{"@id":"https:\/\/foresteel.eu\/de\/produkt\/jaehrliches-motorwartungskit-fuer-midvac-14-ps-vanguard\/#primaryimage"},"thumbnailUrl":"https:\/\/foresteel.eu\/wp-content\/uploads\/2026\/02\/FORESTEEL-FVAC-13-ANNUAL.jpg","datePublished":"2026-02-12T17:36:43+00:00","dateModified":"2026-02-14T17:30:34+00:00","description":"Der verl\u00e4ngerte Schlauchhaltearm des Foresteel\u2122 Laubsauger sorgt f\u00fcr bessere Ergonomie und geringere Erm\u00fcdung des Fahrers.","breadcrumb":{"@id":"https:\/\/foresteel.eu\/de\/produkt\/jaehrliches-motorwartungskit-fuer-midvac-14-ps-vanguard\/#breadcrumb"},"inLanguage":"de","potentialAction":[{"@type":"ReadAction","target":["https:\/\/foresteel.eu\/de\/produkt\/jaehrliches-motorwartungskit-fuer-midvac-14-ps-vanguard\/"]}]},{"@type":"ImageObject","inLanguage":"de","@id":"https:\/\/foresteel.eu\/de\/produkt\/jaehrliches-motorwartungskit-fuer-midvac-14-ps-vanguard\/#primaryimage","url":"https:\/\/foresteel.eu\/wp-content\/uploads\/2026\/02\/FORESTEEL-FVAC-13-ANNUAL.jpg","contentUrl":"https:\/\/foresteel.eu\/wp-content\/uploads\/2026\/02\/FORESTEEL-FVAC-13-ANNUAL.jpg","width":800,"height":800},{"@type":"BreadcrumbList","@id":"https:\/\/foresteel.eu\/de\/produkt\/jaehrliches-motorwartungskit-fuer-midvac-14-ps-vanguard\/#breadcrumb","itemListElement":[{"@type":"ListItem","position":1,"name":"Home","item":"https:\/\/foresteel.eu\/de\/home\/"},{"@type":"ListItem","position":2,"name":"Shop","item":"https:\/\/foresteel.eu\/de\/geschaft\/"},{"@type":"ListItem","position":3,"name":"J\u00e4hrliches Motorwartungskit f\u00fcr MIDvac, 14 PS Vanguard"}]},{"@type":"WebSite","@id":"https:\/\/foresteel.eu\/#website","url":"https:\/\/foresteel.eu\/","name":"Foresteel: Laubsaugwagen, Laubverladeger\u00e4te, Laubsauger-Einheiten, Kippanh\u00e4nger, Mobile Bew\u00e4sserungs- &amp; Hochdruckreiniger-Systeme","description":"Foresteel.","publisher":{"@id":"https:\/\/foresteel.eu\/#organization"},"potentialAction":[{"@type":"SearchAction","target":{"@type":"EntryPoint","urlTemplate":"https:\/\/foresteel.eu\/?s={search_term_string}"},"query-input":{"@type":"PropertyValueSpecification","valueRequired":true,"valueName":"search_term_string"}}],"inLanguage":"de"},{"@type":"Organization","@id":"https:\/\/foresteel.eu\/#organization","name":"Foresteel","url":"https:\/\/foresteel.eu\/","logo":{"@type":"ImageObject","inLanguage":"de","@id":"https:\/\/foresteel.eu\/#\/schema\/logo\/image\/","url":"https:\/\/foresteel.eu\/wp-content\/uploads\/2022\/02\/header-logo.png","contentUrl":"https:\/\/foresteel.eu\/wp-content\/uploads\/2022\/02\/header-logo.png","width":233,"height":60,"caption":"Foresteel"},"image":{"@id":"https:\/\/foresteel.eu\/#\/schema\/logo\/image\/"},"sameAs":["https:\/\/www.facebook.com\/foresteel.eu\/","https:\/\/www.instagram.com\/foresteel\/","https:\/\/www.youtube.com\/channel\/UCnGStzIvsDkYmZ7T1bwH6og"]}]}},"_links":{"self":[{"href":"https:\/\/foresteel.eu\/de\/wp-json\/wp\/v2\/product\/29194","targetHints":{"allow":["GET"]}}],"collection":[{"href":"https:\/\/foresteel.eu\/de\/wp-json\/wp\/v2\/product"}],"about":[{"href":"https:\/\/foresteel.eu\/de\/wp-json\/wp\/v2\/types\/product"}],"version-history":[{"count":1,"href":"https:\/\/foresteel.eu\/de\/wp-json\/wp\/v2\/product\/29194\/revisions"}],"predecessor-version":[{"id":29319,"href":"https:\/\/foresteel.eu\/de\/wp-json\/wp\/v2\/product\/29194\/revisions\/29319"}],"wp:featuredmedia":[{"embeddable":true,"href":"https:\/\/foresteel.eu\/de\/wp-json\/wp\/v2\/media\/28934"}],"wp:attachment":[{"href":"https:\/\/foresteel.eu\/de\/wp-json\/wp\/v2\/media?parent=29194"}],"wp:term":[{"taxonomy":"product_brand","embeddable":true,"href":"https:\/\/foresteel.eu\/de\/wp-json\/wp\/v2\/product_brand?post=29194"},{"taxonomy":"product_cat","embeddable":true,"href":"https:\/\/foresteel.eu\/de\/wp-json\/wp\/v2\/product_cat?post=29194"},{"taxonomy":"product_tag","embeddable":true,"href":"https:\/\/foresteel.eu\/de\/wp-json\/wp\/v2\/product_tag?post=29194"}],"curies":[{"name":"wp","href":"https:\/\/api.w.org\/{rel}","templated":true}]}}