{"id":29173,"date":"2026-02-16T10:30:38","date_gmt":"2026-02-16T07:30:38","guid":{"rendered":"https:\/\/foresteel.eu\/?post_type=product&#038;p=29173"},"modified":"2026-02-16T13:31:40","modified_gmt":"2026-02-16T10:31:40","slug":"midvac-g2-laubsauger-verladegeblase","status":"publish","type":"product","link":"https:\/\/foresteel.eu\/de\/produkt\/midvac-g2-laubsauger-verladegeblase\/","title":{"rendered":"MIDvac G2 Laubsauger"},"content":{"rendered":"<p><span style=\"color: #ff0000;\"><em><strong>Bestseller: MIDvac-EL<\/strong><\/em><\/span><br \/>\n<strong>Hocheffizientes professionelles Verladegebl\u00e4se<\/strong> f\u00fcr die Laub-, Gras- und Schmutzbeseitigung.<br \/>\nAngetrieben von <strong>Briggs &amp; Stratton Vanguard<\/strong>&#8211;<strong>Motoren <\/strong>in Gewerbeausf\u00fchrung und ausgestattet mit <strong>Hardox-Laufrad<\/strong>, <strong>Hardox-H\u00e4ckselmesser <\/strong>sowie <strong>austauschbarer Hardox-Verschlei\u00dfauskleidung<\/strong> liefert der Foresteel Laubsauger eine konstant hohe Saugleistung bei niedrigen Betriebskosten \u00fcber die gesamte Lebensdauer. Ausgelegt f\u00fcr den t\u00e4glichen professionellen Einsatz sowie die flexible Montage auf Anh\u00e4ngern, LKWs und verschiedenen Nutzfahrzeug-Plattformen.<\/p>\n<p><strong>MIDvac 14 PS (jetzt mit Vanguard Motor)<\/strong> ist die vielseitige Wahl f\u00fcr den t\u00e4gliche professionellen Reinigungseinsatz und bietet effiziente Leistung bei niedrigen Betriebskosten f\u00fcr typische Laub- und Gr\u00fcnabfallanwendungen.<\/p>\n<p><strong>Serienausstattung <\/strong>und <strong>optionale Extras<\/strong> finden Sie unten<\/p>\n<p>Optimierte Zentrifugalturbine und Str\u00f6mungsdynamik f\u00fcr effizienten Materialtransport und konstante Aufnahmeleistung im professionellen Einsatz.<\/p>\n","protected":false},"excerpt":{"rendered":"<p><span style=\"color: #ff0000;\"><em><strong>Bestseller: MIDvac-EL<\/strong><\/em><\/span><br \/>\nHocheffizientes professionelles Verladegebl\u00e4se f\u00fcr die Laub-, Gras- und Schmutzbeseitigung.<br \/>\nAngetrieben von <strong>Briggs &amp; Stratton Vanguard<\/strong>&#8211;<strong>Motoren <\/strong>in Gewerbeausf\u00fchrung und ausgestattet mit <strong>Hardox-Laufrad<\/strong>, <strong>Hardox-H\u00e4ckselmesser<\/strong> sowie <strong>austauschbarer Hardox-Verschlei\u00dfauskleidung<\/strong> liefert der Foresteel Laubsauger eine konstant hohe Saugleistung bei niedrigen Betriebskosten \u00fcber die gesamte Lebensdauer.<\/p>\n<p>Ausgelegt f\u00fcr den t\u00e4glichen professionellen Einsatz sowie die flexible Montage auf Anh\u00e4ngern, LKWs und verschiedenen Nutzfahrzeug-Plattformen.<\/p>\n<p><strong>MIDvac 14 PS mit Elektrostart<\/strong> ist die vielseitige L\u00f6sung f\u00fcr den t\u00e4glichen professionellen Reinigungseinsatz und bietet effiziente Leistung bei niedrigen Betriebskosten f\u00fcr typische Laub- und Gr\u00fcnabfallanwendungen.<\/p>\n<p>Serienausstattung und optionale Extras finden Sie unten<\/p>\n","protected":false},"featured_media":29283,"template":"","meta":{"_acf_changed":false},"product_brand":[],"product_cat":[711],"product_tag":[597,596,593,594,595],"class_list":{"0":"post-29173","1":"product","2":"type-product","3":"status-publish","4":"has-post-thumbnail","6":"product_cat-laubsauger-verladegeblase","7":"product_tag-foresteel-laubsauger","8":"product_tag-hacksler","9":"product_tag-laubsauger","10":"product_tag-schmutzladersauger","11":"product_tag-vangaurd-de","12":"tm-has-options","13":"member-discount","14":"discount-restricted","16":"first","17":"instock","18":"taxable","19":"shipping-taxable","20":"purchasable","21":"product-type-simple"},"acf":[],"yoast_head":"<!-- This site is optimized with the Yoast SEO plugin v27.4 - https:\/\/yoast.com\/product\/yoast-seo-wordpress\/ -->\n<title>MIDvac G2 Laubsauger - Foresteel: Laubsaugwagen, Laubverladeger\u00e4te, Laubsauger-Einheiten, Kippanh\u00e4nger, Mobile Bew\u00e4sserungs- &amp; Hochdruckreiniger-Systeme<\/title>\n<meta name=\"robots\" content=\"index, follow, max-snippet:-1, max-image-preview:large, max-video-preview:-1\" \/>\n<link rel=\"canonical\" href=\"https:\/\/foresteel.eu\/de\/produkt\/midvac-g2-laubsauger-verladegeblase\/\" \/>\n<meta property=\"og:locale\" content=\"de_DE\" \/>\n<meta property=\"og:type\" content=\"article\" \/>\n<meta property=\"og:title\" content=\"MIDvac G2 Laubsauger - Foresteel: Laubsaugwagen, Laubverladeger\u00e4te, Laubsauger-Einheiten, Kippanh\u00e4nger, Mobile Bew\u00e4sserungs- &amp; Hochdruckreiniger-Systeme\" \/>\n<meta property=\"og:description\" content=\"Bestseller: MIDvac-EL Hocheffizientes professionelles Verladegebl\u00e4se f\u00fcr die Laub-, Gras- und Schmutzbeseitigung. Angetrieben von Briggs &amp; Stratton Vanguard-Motoren in Gewerbeausf\u00fchrung und ausgestattet mit Hardox-Laufrad, Hardox-H\u00e4ckselmesser sowie austauschbarer Hardox-Verschlei\u00dfauskleidung liefert der Foresteel Laubsauger eine konstant hohe Saugleistung bei niedrigen Betriebskosten \u00fcber die gesamte Lebensdauer.  Ausgelegt f\u00fcr den t\u00e4glichen professionellen Einsatz sowie die flexible Montage auf Anh\u00e4ngern, LKWs und verschiedenen Nutzfahrzeug-Plattformen.  MIDvac 14 PS mit Elektrostart ist die vielseitige L\u00f6sung f\u00fcr den t\u00e4glichen professionellen Reinigungseinsatz und bietet effiziente Leistung bei niedrigen Betriebskosten f\u00fcr typische Laub- und Gr\u00fcnabfallanwendungen.  Serienausstattung und optionale Extras finden Sie unten\" \/>\n<meta property=\"og:url\" content=\"https:\/\/foresteel.eu\/de\/produkt\/midvac-g2-laubsauger-verladegeblase\/\" \/>\n<meta property=\"og:site_name\" content=\"Foresteel: Laubsaugwagen, Laubverladeger\u00e4te, Laubsauger-Einheiten, Kippanh\u00e4nger, Mobile Bew\u00e4sserungs- &amp; Hochdruckreiniger-Systeme\" \/>\n<meta property=\"article:publisher\" content=\"https:\/\/www.facebook.com\/foresteel.eu\/\" \/>\n<meta property=\"article:modified_time\" content=\"2026-02-16T10:31:40+00:00\" \/>\n<meta property=\"og:image\" content=\"https:\/\/foresteel.eu\/wp-content\/uploads\/2025\/10\/Foresteel-VAC-G2-MIDvac-SET-2-web.jpg\" \/>\n\t<meta property=\"og:image:width\" content=\"556\" \/>\n\t<meta property=\"og:image:height\" content=\"720\" \/>\n\t<meta property=\"og:image:type\" content=\"image\/jpeg\" \/>\n<meta name=\"twitter:card\" content=\"summary_large_image\" \/>\n<meta name=\"twitter:label1\" content=\"Gesch\u00e4tzte Lesezeit\" \/>\n\t<meta name=\"twitter:data1\" content=\"1\u00a0Minute\" \/>\n<script type=\"application\/ld+json\" class=\"yoast-schema-graph\">{\"@context\":\"https:\\\/\\\/schema.org\",\"@graph\":[{\"@type\":\"WebPage\",\"@id\":\"https:\\\/\\\/foresteel.eu\\\/de\\\/produkt\\\/midvac-g2-laubsauger-verladegeblase\\\/\",\"url\":\"https:\\\/\\\/foresteel.eu\\\/de\\\/produkt\\\/midvac-g2-laubsauger-verladegeblase\\\/\",\"name\":\"MIDvac G2 Laubsauger - Foresteel: Laubsaugwagen, Laubverladeger\u00e4te, Laubsauger-Einheiten, Kippanh\u00e4nger, Mobile Bew\u00e4sserungs- &amp; Hochdruckreiniger-Systeme\",\"isPartOf\":{\"@id\":\"https:\\\/\\\/foresteel.eu\\\/#website\"},\"primaryImageOfPage\":{\"@id\":\"https:\\\/\\\/foresteel.eu\\\/de\\\/produkt\\\/midvac-g2-laubsauger-verladegeblase\\\/#primaryimage\"},\"image\":{\"@id\":\"https:\\\/\\\/foresteel.eu\\\/de\\\/produkt\\\/midvac-g2-laubsauger-verladegeblase\\\/#primaryimage\"},\"thumbnailUrl\":\"https:\\\/\\\/foresteel.eu\\\/wp-content\\\/uploads\\\/2025\\\/10\\\/Foresteel-VAC-G2-MIDvac-SET-2-web.jpg\",\"datePublished\":\"2026-02-16T07:30:38+00:00\",\"dateModified\":\"2026-02-16T10:31:40+00:00\",\"breadcrumb\":{\"@id\":\"https:\\\/\\\/foresteel.eu\\\/de\\\/produkt\\\/midvac-g2-laubsauger-verladegeblase\\\/#breadcrumb\"},\"inLanguage\":\"de\",\"potentialAction\":[{\"@type\":\"ReadAction\",\"target\":[\"https:\\\/\\\/foresteel.eu\\\/de\\\/produkt\\\/midvac-g2-laubsauger-verladegeblase\\\/\"]}]},{\"@type\":\"ImageObject\",\"inLanguage\":\"de\",\"@id\":\"https:\\\/\\\/foresteel.eu\\\/de\\\/produkt\\\/midvac-g2-laubsauger-verladegeblase\\\/#primaryimage\",\"url\":\"https:\\\/\\\/foresteel.eu\\\/wp-content\\\/uploads\\\/2025\\\/10\\\/Foresteel-VAC-G2-MIDvac-SET-2-web.jpg\",\"contentUrl\":\"https:\\\/\\\/foresteel.eu\\\/wp-content\\\/uploads\\\/2025\\\/10\\\/Foresteel-VAC-G2-MIDvac-SET-2-web.jpg\",\"width\":556,\"height\":720},{\"@type\":\"BreadcrumbList\",\"@id\":\"https:\\\/\\\/foresteel.eu\\\/de\\\/produkt\\\/midvac-g2-laubsauger-verladegeblase\\\/#breadcrumb\",\"itemListElement\":[{\"@type\":\"ListItem\",\"position\":1,\"name\":\"Home\",\"item\":\"https:\\\/\\\/foresteel.eu\\\/de\\\/home\\\/\"},{\"@type\":\"ListItem\",\"position\":2,\"name\":\"Shop\",\"item\":\"https:\\\/\\\/foresteel.eu\\\/de\\\/geschaft\\\/\"},{\"@type\":\"ListItem\",\"position\":3,\"name\":\"MIDvac G2 Laubsauger\"}]},{\"@type\":\"WebSite\",\"@id\":\"https:\\\/\\\/foresteel.eu\\\/#website\",\"url\":\"https:\\\/\\\/foresteel.eu\\\/\",\"name\":\"Foresteel: Laubsaugwagen, Laubverladeger\u00e4te, Laubsauger-Einheiten, Kippanh\u00e4nger, Mobile Bew\u00e4sserungs- &amp; Hochdruckreiniger-Systeme\",\"description\":\"Foresteel.\",\"publisher\":{\"@id\":\"https:\\\/\\\/foresteel.eu\\\/#organization\"},\"potentialAction\":[{\"@type\":\"SearchAction\",\"target\":{\"@type\":\"EntryPoint\",\"urlTemplate\":\"https:\\\/\\\/foresteel.eu\\\/?s={search_term_string}\"},\"query-input\":{\"@type\":\"PropertyValueSpecification\",\"valueRequired\":true,\"valueName\":\"search_term_string\"}}],\"inLanguage\":\"de\"},{\"@type\":\"Organization\",\"@id\":\"https:\\\/\\\/foresteel.eu\\\/#organization\",\"name\":\"Foresteel\",\"url\":\"https:\\\/\\\/foresteel.eu\\\/\",\"logo\":{\"@type\":\"ImageObject\",\"inLanguage\":\"de\",\"@id\":\"https:\\\/\\\/foresteel.eu\\\/#\\\/schema\\\/logo\\\/image\\\/\",\"url\":\"https:\\\/\\\/foresteel.eu\\\/wp-content\\\/uploads\\\/2022\\\/02\\\/header-logo.png\",\"contentUrl\":\"https:\\\/\\\/foresteel.eu\\\/wp-content\\\/uploads\\\/2022\\\/02\\\/header-logo.png\",\"width\":233,\"height\":60,\"caption\":\"Foresteel\"},\"image\":{\"@id\":\"https:\\\/\\\/foresteel.eu\\\/#\\\/schema\\\/logo\\\/image\\\/\"},\"sameAs\":[\"https:\\\/\\\/www.facebook.com\\\/foresteel.eu\\\/\",\"https:\\\/\\\/www.instagram.com\\\/foresteel\\\/\",\"https:\\\/\\\/www.youtube.com\\\/channel\\\/UCnGStzIvsDkYmZ7T1bwH6og\"]}]}<\/script>\n<!-- \/ Yoast SEO plugin. -->","yoast_head_json":{"title":"MIDvac G2 Laubsauger - Foresteel: Laubsaugwagen, Laubverladeger\u00e4te, Laubsauger-Einheiten, Kippanh\u00e4nger, Mobile Bew\u00e4sserungs- &amp; Hochdruckreiniger-Systeme","robots":{"index":"index","follow":"follow","max-snippet":"max-snippet:-1","max-image-preview":"max-image-preview:large","max-video-preview":"max-video-preview:-1"},"canonical":"https:\/\/foresteel.eu\/de\/produkt\/midvac-g2-laubsauger-verladegeblase\/","og_locale":"de_DE","og_type":"article","og_title":"MIDvac G2 Laubsauger - Foresteel: Laubsaugwagen, Laubverladeger\u00e4te, Laubsauger-Einheiten, Kippanh\u00e4nger, Mobile Bew\u00e4sserungs- &amp; Hochdruckreiniger-Systeme","og_description":"Bestseller: MIDvac-EL Hocheffizientes professionelles Verladegebl\u00e4se f\u00fcr die Laub-, Gras- und Schmutzbeseitigung. Angetrieben von Briggs &amp; Stratton Vanguard-Motoren in Gewerbeausf\u00fchrung und ausgestattet mit Hardox-Laufrad, Hardox-H\u00e4ckselmesser sowie austauschbarer Hardox-Verschlei\u00dfauskleidung liefert der Foresteel Laubsauger eine konstant hohe Saugleistung bei niedrigen Betriebskosten \u00fcber die gesamte Lebensdauer.  Ausgelegt f\u00fcr den t\u00e4glichen professionellen Einsatz sowie die flexible Montage auf Anh\u00e4ngern, LKWs und verschiedenen Nutzfahrzeug-Plattformen.  MIDvac 14 PS mit Elektrostart ist die vielseitige L\u00f6sung f\u00fcr den t\u00e4glichen professionellen Reinigungseinsatz und bietet effiziente Leistung bei niedrigen Betriebskosten f\u00fcr typische Laub- und Gr\u00fcnabfallanwendungen.  Serienausstattung und optionale Extras finden Sie unten","og_url":"https:\/\/foresteel.eu\/de\/produkt\/midvac-g2-laubsauger-verladegeblase\/","og_site_name":"Foresteel: Laubsaugwagen, Laubverladeger\u00e4te, Laubsauger-Einheiten, Kippanh\u00e4nger, Mobile Bew\u00e4sserungs- &amp; Hochdruckreiniger-Systeme","article_publisher":"https:\/\/www.facebook.com\/foresteel.eu\/","article_modified_time":"2026-02-16T10:31:40+00:00","og_image":[{"width":556,"height":720,"url":"https:\/\/foresteel.eu\/wp-content\/uploads\/2025\/10\/Foresteel-VAC-G2-MIDvac-SET-2-web.jpg","type":"image\/jpeg"}],"twitter_card":"summary_large_image","twitter_misc":{"Gesch\u00e4tzte Lesezeit":"1\u00a0Minute"},"schema":{"@context":"https:\/\/schema.org","@graph":[{"@type":"WebPage","@id":"https:\/\/foresteel.eu\/de\/produkt\/midvac-g2-laubsauger-verladegeblase\/","url":"https:\/\/foresteel.eu\/de\/produkt\/midvac-g2-laubsauger-verladegeblase\/","name":"MIDvac G2 Laubsauger - Foresteel: Laubsaugwagen, Laubverladeger\u00e4te, Laubsauger-Einheiten, Kippanh\u00e4nger, Mobile Bew\u00e4sserungs- &amp; Hochdruckreiniger-Systeme","isPartOf":{"@id":"https:\/\/foresteel.eu\/#website"},"primaryImageOfPage":{"@id":"https:\/\/foresteel.eu\/de\/produkt\/midvac-g2-laubsauger-verladegeblase\/#primaryimage"},"image":{"@id":"https:\/\/foresteel.eu\/de\/produkt\/midvac-g2-laubsauger-verladegeblase\/#primaryimage"},"thumbnailUrl":"https:\/\/foresteel.eu\/wp-content\/uploads\/2025\/10\/Foresteel-VAC-G2-MIDvac-SET-2-web.jpg","datePublished":"2026-02-16T07:30:38+00:00","dateModified":"2026-02-16T10:31:40+00:00","breadcrumb":{"@id":"https:\/\/foresteel.eu\/de\/produkt\/midvac-g2-laubsauger-verladegeblase\/#breadcrumb"},"inLanguage":"de","potentialAction":[{"@type":"ReadAction","target":["https:\/\/foresteel.eu\/de\/produkt\/midvac-g2-laubsauger-verladegeblase\/"]}]},{"@type":"ImageObject","inLanguage":"de","@id":"https:\/\/foresteel.eu\/de\/produkt\/midvac-g2-laubsauger-verladegeblase\/#primaryimage","url":"https:\/\/foresteel.eu\/wp-content\/uploads\/2025\/10\/Foresteel-VAC-G2-MIDvac-SET-2-web.jpg","contentUrl":"https:\/\/foresteel.eu\/wp-content\/uploads\/2025\/10\/Foresteel-VAC-G2-MIDvac-SET-2-web.jpg","width":556,"height":720},{"@type":"BreadcrumbList","@id":"https:\/\/foresteel.eu\/de\/produkt\/midvac-g2-laubsauger-verladegeblase\/#breadcrumb","itemListElement":[{"@type":"ListItem","position":1,"name":"Home","item":"https:\/\/foresteel.eu\/de\/home\/"},{"@type":"ListItem","position":2,"name":"Shop","item":"https:\/\/foresteel.eu\/de\/geschaft\/"},{"@type":"ListItem","position":3,"name":"MIDvac G2 Laubsauger"}]},{"@type":"WebSite","@id":"https:\/\/foresteel.eu\/#website","url":"https:\/\/foresteel.eu\/","name":"Foresteel: Laubsaugwagen, Laubverladeger\u00e4te, Laubsauger-Einheiten, Kippanh\u00e4nger, Mobile Bew\u00e4sserungs- &amp; Hochdruckreiniger-Systeme","description":"Foresteel.","publisher":{"@id":"https:\/\/foresteel.eu\/#organization"},"potentialAction":[{"@type":"SearchAction","target":{"@type":"EntryPoint","urlTemplate":"https:\/\/foresteel.eu\/?s={search_term_string}"},"query-input":{"@type":"PropertyValueSpecification","valueRequired":true,"valueName":"search_term_string"}}],"inLanguage":"de"},{"@type":"Organization","@id":"https:\/\/foresteel.eu\/#organization","name":"Foresteel","url":"https:\/\/foresteel.eu\/","logo":{"@type":"ImageObject","inLanguage":"de","@id":"https:\/\/foresteel.eu\/#\/schema\/logo\/image\/","url":"https:\/\/foresteel.eu\/wp-content\/uploads\/2022\/02\/header-logo.png","contentUrl":"https:\/\/foresteel.eu\/wp-content\/uploads\/2022\/02\/header-logo.png","width":233,"height":60,"caption":"Foresteel"},"image":{"@id":"https:\/\/foresteel.eu\/#\/schema\/logo\/image\/"},"sameAs":["https:\/\/www.facebook.com\/foresteel.eu\/","https:\/\/www.instagram.com\/foresteel\/","https:\/\/www.youtube.com\/channel\/UCnGStzIvsDkYmZ7T1bwH6og"]}]}},"_links":{"self":[{"href":"https:\/\/foresteel.eu\/de\/wp-json\/wp\/v2\/product\/29173","targetHints":{"allow":["GET"]}}],"collection":[{"href":"https:\/\/foresteel.eu\/de\/wp-json\/wp\/v2\/product"}],"about":[{"href":"https:\/\/foresteel.eu\/de\/wp-json\/wp\/v2\/types\/product"}],"version-history":[{"count":15,"href":"https:\/\/foresteel.eu\/de\/wp-json\/wp\/v2\/product\/29173\/revisions"}],"predecessor-version":[{"id":29348,"href":"https:\/\/foresteel.eu\/de\/wp-json\/wp\/v2\/product\/29173\/revisions\/29348"}],"wp:featuredmedia":[{"embeddable":true,"href":"https:\/\/foresteel.eu\/de\/wp-json\/wp\/v2\/media\/29283"}],"wp:attachment":[{"href":"https:\/\/foresteel.eu\/de\/wp-json\/wp\/v2\/media?parent=29173"}],"wp:term":[{"taxonomy":"product_brand","embeddable":true,"href":"https:\/\/foresteel.eu\/de\/wp-json\/wp\/v2\/product_brand?post=29173"},{"taxonomy":"product_cat","embeddable":true,"href":"https:\/\/foresteel.eu\/de\/wp-json\/wp\/v2\/product_cat?post=29173"},{"taxonomy":"product_tag","embeddable":true,"href":"https:\/\/foresteel.eu\/de\/wp-json\/wp\/v2\/product_tag?post=29173"}],"curies":[{"name":"wp","href":"https:\/\/api.w.org\/{rel}","templated":true}]}}