{"id":19796,"date":"2022-05-27T09:02:45","date_gmt":"2022-05-27T06:02:45","guid":{"rendered":"https:\/\/foresteel.eu\/product\/87-kw-honda-hochdruckpumpe-max-200-bar-21-l-min\/"},"modified":"2022-05-27T09:02:45","modified_gmt":"2022-05-27T06:02:45","slug":"87-kw-honda-hochdruckpumpe-max-200-bar-21-l-min","status":"publish","type":"product","link":"https:\/\/foresteel.eu\/de\/produkt\/87-kw-honda-hochdruckpumpe-max-200-bar-21-l-min\/","title":{"rendered":"8,7 kW Honda Hochdruckpumpe, max 200 bar, 21 l\/min"},"content":{"rendered":"","protected":false},"excerpt":{"rendered":"<p>Upgrade-Option f\u00fcr PW-Serie \u2013 Upgrade-Kosten werden angezeigt, im Konfigurator ausw\u00e4hlen. Nicht separat erh\u00e4ltlich.<\/p>\n<p>Erh\u00f6hen Sie mit dieser Option die Pumpenleistung auf 200 bar und 21 l\/min.<\/p>\n<ul>\n<li>200 Bar max. Druck<\/li>\n<li>21 Lpm max. Durchfluss<\/li>\n<li>Honda GX390 R\u00fccklaufstarter<\/li>\n<li>Integriertes Entladeventil<\/li>\n<li>Inline-Saugfilter mit zus\u00e4tzlichem Filter im Tank<\/li>\n<li>R\u00fccklauf zum Tank-Bypass zum Schutz vor \u00dcberhitzung<\/li>\n<\/ul>\n","protected":false},"featured_media":15298,"template":"","meta":{"_acf_changed":false},"product_brand":[],"product_cat":[204],"product_tag":[],"class_list":{"0":"post-19796","1":"product","2":"type-product","3":"status-publish","4":"has-post-thumbnail","6":"product_cat-optional-equipment-de","7":"tm-has-options","8":"member-discount","9":"discount-restricted","11":"first","12":"instock","13":"taxable","14":"shipping-taxable","15":"purchasable","16":"product-type-simple"},"acf":[],"yoast_head":"<!-- This site is optimized with the Yoast SEO plugin v26.3 - https:\/\/yoast.com\/wordpress\/plugins\/seo\/ -->\n<title>8,7 kW Honda Hochdruckpumpe, max 200 bar, 21 l\/min - Foresteel: Laubsaugwagen, Laubverladeger\u00e4te, Laubsauger-Einheiten, Kippanh\u00e4nger, Mobile Bew\u00e4sserungs- &amp; Hochdruckreiniger-Systeme<\/title>\n<meta name=\"robots\" content=\"index, follow, max-snippet:-1, max-image-preview:large, max-video-preview:-1\" \/>\n<link rel=\"canonical\" href=\"https:\/\/foresteel.eu\/de\/produkt\/87-kw-honda-hochdruckpumpe-max-200-bar-21-l-min\/\" \/>\n<meta property=\"og:locale\" content=\"de_DE\" \/>\n<meta property=\"og:type\" content=\"article\" \/>\n<meta property=\"og:title\" content=\"8,7 kW Honda Hochdruckpumpe, max 200 bar, 21 l\/min - Foresteel: Laubsaugwagen, Laubverladeger\u00e4te, Laubsauger-Einheiten, Kippanh\u00e4nger, Mobile Bew\u00e4sserungs- &amp; Hochdruckreiniger-Systeme\" \/>\n<meta property=\"og:description\" content=\"Upgrade-Option f\u00fcr PW-Serie \u2013 Upgrade-Kosten werden angezeigt, im Konfigurator ausw\u00e4hlen. Nicht separat erh\u00e4ltlich.  Erh\u00f6hen Sie mit dieser Option die Pumpenleistung auf 200 bar und 21 l\/min.   200 Bar max. Druck  21 Lpm max. Durchfluss  Honda GX390 R\u00fccklaufstarter  Integriertes Entladeventil  Inline-Saugfilter mit zus\u00e4tzlichem Filter im Tank  R\u00fccklauf zum Tank-Bypass zum Schutz vor \u00dcberhitzung\" \/>\n<meta property=\"og:url\" content=\"https:\/\/foresteel.eu\/de\/produkt\/87-kw-honda-hochdruckpumpe-max-200-bar-21-l-min\/\" \/>\n<meta property=\"og:site_name\" content=\"Foresteel: Laubsaugwagen, Laubverladeger\u00e4te, Laubsauger-Einheiten, Kippanh\u00e4nger, Mobile Bew\u00e4sserungs- &amp; Hochdruckreiniger-Systeme\" \/>\n<meta property=\"article:publisher\" content=\"https:\/\/www.facebook.com\/foresteel.eu\/\" \/>\n<meta name=\"twitter:card\" content=\"summary_large_image\" \/>\n<script type=\"application\/ld+json\" class=\"yoast-schema-graph\">{\"@context\":\"https:\/\/schema.org\",\"@graph\":[{\"@type\":\"WebPage\",\"@id\":\"https:\/\/foresteel.eu\/de\/produkt\/87-kw-honda-hochdruckpumpe-max-200-bar-21-l-min\/\",\"url\":\"https:\/\/foresteel.eu\/de\/produkt\/87-kw-honda-hochdruckpumpe-max-200-bar-21-l-min\/\",\"name\":\"8,7 kW Honda Hochdruckpumpe, max 200 bar, 21 l\/min - Foresteel: Laubsaugwagen, Laubverladeger\u00e4te, Laubsauger-Einheiten, Kippanh\u00e4nger, Mobile Bew\u00e4sserungs- &amp; Hochdruckreiniger-Systeme\",\"isPartOf\":{\"@id\":\"https:\/\/foresteel.eu\/#website\"},\"primaryImageOfPage\":{\"@id\":\"https:\/\/foresteel.eu\/de\/produkt\/87-kw-honda-hochdruckpumpe-max-200-bar-21-l-min\/#primaryimage\"},\"image\":{\"@id\":\"https:\/\/foresteel.eu\/de\/produkt\/87-kw-honda-hochdruckpumpe-max-200-bar-21-l-min\/#primaryimage\"},\"thumbnailUrl\":\"https:\/\/foresteel.eu\/wp-content\/uploads\/2022\/05\/PW-PUMP-200-21.jpg\",\"datePublished\":\"2022-05-27T06:02:45+00:00\",\"breadcrumb\":{\"@id\":\"https:\/\/foresteel.eu\/de\/produkt\/87-kw-honda-hochdruckpumpe-max-200-bar-21-l-min\/#breadcrumb\"},\"inLanguage\":\"de\",\"potentialAction\":[{\"@type\":\"ReadAction\",\"target\":[\"https:\/\/foresteel.eu\/de\/produkt\/87-kw-honda-hochdruckpumpe-max-200-bar-21-l-min\/\"]}]},{\"@type\":\"ImageObject\",\"inLanguage\":\"de\",\"@id\":\"https:\/\/foresteel.eu\/de\/produkt\/87-kw-honda-hochdruckpumpe-max-200-bar-21-l-min\/#primaryimage\",\"url\":\"https:\/\/foresteel.eu\/wp-content\/uploads\/2022\/05\/PW-PUMP-200-21.jpg\",\"contentUrl\":\"https:\/\/foresteel.eu\/wp-content\/uploads\/2022\/05\/PW-PUMP-200-21.jpg\",\"width\":1274,\"height\":1048},{\"@type\":\"BreadcrumbList\",\"@id\":\"https:\/\/foresteel.eu\/de\/produkt\/87-kw-honda-hochdruckpumpe-max-200-bar-21-l-min\/#breadcrumb\",\"itemListElement\":[{\"@type\":\"ListItem\",\"position\":1,\"name\":\"Home\",\"item\":\"https:\/\/foresteel.eu\/de\/home\/\"},{\"@type\":\"ListItem\",\"position\":2,\"name\":\"Shop\",\"item\":\"https:\/\/foresteel.eu\/de\/geschaft\/\"},{\"@type\":\"ListItem\",\"position\":3,\"name\":\"8,7 kW Honda Hochdruckpumpe, max 200 bar, 21 l\/min\"}]},{\"@type\":\"WebSite\",\"@id\":\"https:\/\/foresteel.eu\/#website\",\"url\":\"https:\/\/foresteel.eu\/\",\"name\":\"Foresteel: Laubsaugwagen, Laubverladeger\u00e4te, Laubsauger-Einheiten, Kippanh\u00e4nger, Mobile Bew\u00e4sserungs- &amp; Hochdruckreiniger-Systeme\",\"description\":\"Foresteel.\",\"publisher\":{\"@id\":\"https:\/\/foresteel.eu\/#organization\"},\"potentialAction\":[{\"@type\":\"SearchAction\",\"target\":{\"@type\":\"EntryPoint\",\"urlTemplate\":\"https:\/\/foresteel.eu\/?s={search_term_string}\"},\"query-input\":{\"@type\":\"PropertyValueSpecification\",\"valueRequired\":true,\"valueName\":\"search_term_string\"}}],\"inLanguage\":\"de\"},{\"@type\":\"Organization\",\"@id\":\"https:\/\/foresteel.eu\/#organization\",\"name\":\"Foresteel\",\"url\":\"https:\/\/foresteel.eu\/\",\"logo\":{\"@type\":\"ImageObject\",\"inLanguage\":\"de\",\"@id\":\"https:\/\/foresteel.eu\/#\/schema\/logo\/image\/\",\"url\":\"https:\/\/foresteel.eu\/wp-content\/uploads\/2022\/02\/header-logo.png\",\"contentUrl\":\"https:\/\/foresteel.eu\/wp-content\/uploads\/2022\/02\/header-logo.png\",\"width\":233,\"height\":60,\"caption\":\"Foresteel\"},\"image\":{\"@id\":\"https:\/\/foresteel.eu\/#\/schema\/logo\/image\/\"},\"sameAs\":[\"https:\/\/www.facebook.com\/foresteel.eu\/\",\"https:\/\/www.instagram.com\/foresteel\/\",\"https:\/\/www.youtube.com\/channel\/UCnGStzIvsDkYmZ7T1bwH6og\"]}]}<\/script>\n<!-- \/ Yoast SEO plugin. -->","yoast_head_json":{"title":"8,7 kW Honda Hochdruckpumpe, max 200 bar, 21 l\/min - Foresteel: Laubsaugwagen, Laubverladeger\u00e4te, Laubsauger-Einheiten, Kippanh\u00e4nger, Mobile Bew\u00e4sserungs- &amp; Hochdruckreiniger-Systeme","robots":{"index":"index","follow":"follow","max-snippet":"max-snippet:-1","max-image-preview":"max-image-preview:large","max-video-preview":"max-video-preview:-1"},"canonical":"https:\/\/foresteel.eu\/de\/produkt\/87-kw-honda-hochdruckpumpe-max-200-bar-21-l-min\/","og_locale":"de_DE","og_type":"article","og_title":"8,7 kW Honda Hochdruckpumpe, max 200 bar, 21 l\/min - Foresteel: Laubsaugwagen, Laubverladeger\u00e4te, Laubsauger-Einheiten, Kippanh\u00e4nger, Mobile Bew\u00e4sserungs- &amp; Hochdruckreiniger-Systeme","og_description":"Upgrade-Option f\u00fcr PW-Serie \u2013 Upgrade-Kosten werden angezeigt, im Konfigurator ausw\u00e4hlen. Nicht separat erh\u00e4ltlich.  Erh\u00f6hen Sie mit dieser Option die Pumpenleistung auf 200 bar und 21 l\/min.   200 Bar max. Druck  21 Lpm max. Durchfluss  Honda GX390 R\u00fccklaufstarter  Integriertes Entladeventil  Inline-Saugfilter mit zus\u00e4tzlichem Filter im Tank  R\u00fccklauf zum Tank-Bypass zum Schutz vor \u00dcberhitzung","og_url":"https:\/\/foresteel.eu\/de\/produkt\/87-kw-honda-hochdruckpumpe-max-200-bar-21-l-min\/","og_site_name":"Foresteel: Laubsaugwagen, Laubverladeger\u00e4te, Laubsauger-Einheiten, Kippanh\u00e4nger, Mobile Bew\u00e4sserungs- &amp; Hochdruckreiniger-Systeme","article_publisher":"https:\/\/www.facebook.com\/foresteel.eu\/","twitter_card":"summary_large_image","schema":{"@context":"https:\/\/schema.org","@graph":[{"@type":"WebPage","@id":"https:\/\/foresteel.eu\/de\/produkt\/87-kw-honda-hochdruckpumpe-max-200-bar-21-l-min\/","url":"https:\/\/foresteel.eu\/de\/produkt\/87-kw-honda-hochdruckpumpe-max-200-bar-21-l-min\/","name":"8,7 kW Honda Hochdruckpumpe, max 200 bar, 21 l\/min - Foresteel: Laubsaugwagen, Laubverladeger\u00e4te, Laubsauger-Einheiten, Kippanh\u00e4nger, Mobile Bew\u00e4sserungs- &amp; Hochdruckreiniger-Systeme","isPartOf":{"@id":"https:\/\/foresteel.eu\/#website"},"primaryImageOfPage":{"@id":"https:\/\/foresteel.eu\/de\/produkt\/87-kw-honda-hochdruckpumpe-max-200-bar-21-l-min\/#primaryimage"},"image":{"@id":"https:\/\/foresteel.eu\/de\/produkt\/87-kw-honda-hochdruckpumpe-max-200-bar-21-l-min\/#primaryimage"},"thumbnailUrl":"https:\/\/foresteel.eu\/wp-content\/uploads\/2022\/05\/PW-PUMP-200-21.jpg","datePublished":"2022-05-27T06:02:45+00:00","breadcrumb":{"@id":"https:\/\/foresteel.eu\/de\/produkt\/87-kw-honda-hochdruckpumpe-max-200-bar-21-l-min\/#breadcrumb"},"inLanguage":"de","potentialAction":[{"@type":"ReadAction","target":["https:\/\/foresteel.eu\/de\/produkt\/87-kw-honda-hochdruckpumpe-max-200-bar-21-l-min\/"]}]},{"@type":"ImageObject","inLanguage":"de","@id":"https:\/\/foresteel.eu\/de\/produkt\/87-kw-honda-hochdruckpumpe-max-200-bar-21-l-min\/#primaryimage","url":"https:\/\/foresteel.eu\/wp-content\/uploads\/2022\/05\/PW-PUMP-200-21.jpg","contentUrl":"https:\/\/foresteel.eu\/wp-content\/uploads\/2022\/05\/PW-PUMP-200-21.jpg","width":1274,"height":1048},{"@type":"BreadcrumbList","@id":"https:\/\/foresteel.eu\/de\/produkt\/87-kw-honda-hochdruckpumpe-max-200-bar-21-l-min\/#breadcrumb","itemListElement":[{"@type":"ListItem","position":1,"name":"Home","item":"https:\/\/foresteel.eu\/de\/home\/"},{"@type":"ListItem","position":2,"name":"Shop","item":"https:\/\/foresteel.eu\/de\/geschaft\/"},{"@type":"ListItem","position":3,"name":"8,7 kW Honda Hochdruckpumpe, max 200 bar, 21 l\/min"}]},{"@type":"WebSite","@id":"https:\/\/foresteel.eu\/#website","url":"https:\/\/foresteel.eu\/","name":"Foresteel: Laubsaugwagen, Laubverladeger\u00e4te, Laubsauger-Einheiten, Kippanh\u00e4nger, Mobile Bew\u00e4sserungs- &amp; Hochdruckreiniger-Systeme","description":"Foresteel.","publisher":{"@id":"https:\/\/foresteel.eu\/#organization"},"potentialAction":[{"@type":"SearchAction","target":{"@type":"EntryPoint","urlTemplate":"https:\/\/foresteel.eu\/?s={search_term_string}"},"query-input":{"@type":"PropertyValueSpecification","valueRequired":true,"valueName":"search_term_string"}}],"inLanguage":"de"},{"@type":"Organization","@id":"https:\/\/foresteel.eu\/#organization","name":"Foresteel","url":"https:\/\/foresteel.eu\/","logo":{"@type":"ImageObject","inLanguage":"de","@id":"https:\/\/foresteel.eu\/#\/schema\/logo\/image\/","url":"https:\/\/foresteel.eu\/wp-content\/uploads\/2022\/02\/header-logo.png","contentUrl":"https:\/\/foresteel.eu\/wp-content\/uploads\/2022\/02\/header-logo.png","width":233,"height":60,"caption":"Foresteel"},"image":{"@id":"https:\/\/foresteel.eu\/#\/schema\/logo\/image\/"},"sameAs":["https:\/\/www.facebook.com\/foresteel.eu\/","https:\/\/www.instagram.com\/foresteel\/","https:\/\/www.youtube.com\/channel\/UCnGStzIvsDkYmZ7T1bwH6og"]}]}},"_links":{"self":[{"href":"https:\/\/foresteel.eu\/de\/wp-json\/wp\/v2\/product\/19796","targetHints":{"allow":["GET"]}}],"collection":[{"href":"https:\/\/foresteel.eu\/de\/wp-json\/wp\/v2\/product"}],"about":[{"href":"https:\/\/foresteel.eu\/de\/wp-json\/wp\/v2\/types\/product"}],"version-history":[{"count":0,"href":"https:\/\/foresteel.eu\/de\/wp-json\/wp\/v2\/product\/19796\/revisions"}],"wp:featuredmedia":[{"embeddable":true,"href":"https:\/\/foresteel.eu\/de\/wp-json\/wp\/v2\/media\/15298"}],"wp:attachment":[{"href":"https:\/\/foresteel.eu\/de\/wp-json\/wp\/v2\/media?parent=19796"}],"wp:term":[{"taxonomy":"product_brand","embeddable":true,"href":"https:\/\/foresteel.eu\/de\/wp-json\/wp\/v2\/product_brand?post=19796"},{"taxonomy":"product_cat","embeddable":true,"href":"https:\/\/foresteel.eu\/de\/wp-json\/wp\/v2\/product_cat?post=19796"},{"taxonomy":"product_tag","embeddable":true,"href":"https:\/\/foresteel.eu\/de\/wp-json\/wp\/v2\/product_tag?post=19796"}],"curies":[{"name":"wp","href":"https:\/\/api.w.org\/{rel}","templated":true}]}}