{"id":17691,"date":"2022-05-21T10:27:41","date_gmt":"2022-05-21T10:27:41","guid":{"rendered":"https:\/\/foresteel.eu\/product\/ft-1600-offroad-tipping-trailer\/"},"modified":"2024-03-11T16:37:02","modified_gmt":"2024-03-11T13:37:02","slug":"ft-1600-offroad-kippanhaenger-atv-utv-traktor","status":"publish","type":"product","link":"https:\/\/foresteel.eu\/de\/produkt\/ft-1600-offroad-kippanhaenger-atv-utv-traktor\/","title":{"rendered":"FT-1600 OFFROAD Kippanh\u00e4nger"},"content":{"rendered":"","protected":false},"excerpt":{"rendered":"<p><b><span data-sheets-value=\"{&quot;1&quot;:2,&quot;2&quot;:&quot;Wenn die Stra\u00dfen anfangen, uneben auszusehen und Sie h\u00e4ufig abseits der ausgetretenen Pfade fahren m\u00fcssen, ist es an der Zeit, den FT-1600 OFFROAD kennenzulernen.&quot;}\" data-sheets-userformat=\"{&quot;2&quot;:769,&quot;3&quot;:{&quot;1&quot;:0},&quot;11&quot;:4,&quot;12&quot;:0}\">Wenn die Stra\u00dfen anfangen, uneben auszusehen und Sie h\u00e4ufig abseits der ausgetretenen Pfade fahren m\u00fcssen, ist es an der Zeit, den FT-1600 OFFROAD kennenzulernen.<br \/>\n<\/span><\/b><span style=\"color: #ff0000;\"><strong>Neu!<\/strong> Versionen mit Stra\u00dfenzulassung (EU CoC) jetzt verf\u00fcgbar!<\/span><b><span data-sheets-value=\"{&quot;1&quot;:2,&quot;2&quot;:&quot;Wenn die Stra\u00dfen anfangen, uneben auszusehen und Sie h\u00e4ufig abseits der ausgetretenen Pfade fahren m\u00fcssen, ist es an der Zeit, den FT-1600 OFFROAD kennenzulernen.&quot;}\" data-sheets-userformat=\"{&quot;2&quot;:769,&quot;3&quot;:{&quot;1&quot;:0},&quot;11&quot;:4,&quot;12&quot;:0}\"><br \/>\n<\/span><\/b><\/p>\n<p><span data-sheets-value=\"{&quot;1&quot;:2,&quot;2&quot;:&quot;&quot;Hydraulik-Kippanh\u00e4nger mit Drehgestellachse f\u00fcr kleine Traktoren, Kompaktlader, gr\u00f6\u00dfere ATVs und UTVs. F\u00fcr verbesserte Stabilit\u00e4t, Flexibilit\u00e4t und Komfort auf unebenem Gel\u00e4nde ist er f\u00fcr kompakte Maschinen gedacht. Aufgrund seiner hohen Festigkeit und seiner hohen Festigkeit ist er ein gro\u00dfartiger Kippanh\u00e4nger Durchdachte Konstruktion Der FT-1600 OFFROAD erm\u00f6glicht es Ihnen, Ihre eigenen Routen festzulegen, und macht das Fahren auf Stra\u00dfen, Feldern, W\u00e4ldern und Wegen au\u00dfergew\u00f6hnlich glatt.&lt;br&gt;&lt;br&gt;rnIm Vergleich zum einachsigen Design bieten Bogie-Achsen zus\u00e4tzliche Flexibilit\u00e4t und Laufruhe, was von allen gesch\u00e4tzt wird, die in den empfindlichen Rasenbereichen arbeiten.&quot;}\" data-sheets-userformat=\"{&quot;2&quot;:769,&quot;3&quot;:{&quot;1&quot;:0},&quot;11&quot;:4,&quot;12&quot;:0}\">Hydraulik-Kippanh\u00e4nger mit Drehgestellachse f\u00fcr kleine Traktoren, Kompaktlader, gr\u00f6\u00dfere Quads und UTVs. F\u00fcr verbesserte Stabilit\u00e4t, Flexibilit\u00e4t und Komfort auf unebenem Gel\u00e4nde ist er f\u00fcr kompakte Maschinen gedacht. Aufgrund seiner hohen Festigkeit und seiner hohen Festigkeit ist er ein gro\u00dfartiger Kippanh\u00e4nger Durchdachte Konstruktion Der FT-1600 OFFROAD erm\u00f6glicht es Ihnen, Ihre eigenen Routen festzulegen, und macht das Fahren auf Stra\u00dfen, Feldern, W\u00e4ldern und Wegen au\u00dfergew\u00f6hnlich glatt. <\/span><span data-sheets-value=\"{&quot;1&quot;:2,&quot;2&quot;:&quot;&quot;Hydraulik-Kippanh\u00e4nger mit Drehgestellachse f\u00fcr kleine Traktoren, Kompaktlader, gr\u00f6\u00dfere ATVs und UTVs. F\u00fcr verbesserte Stabilit\u00e4t, Flexibilit\u00e4t und Komfort auf unebenem Gel\u00e4nde ist er f\u00fcr kompakte Maschinen gedacht. Aufgrund seiner hohen Festigkeit und seiner hohen Festigkeit ist er ein gro\u00dfartiger Kippanh\u00e4nger Durchdachte Konstruktion Der FT-1600 OFFROAD erm\u00f6glicht es Ihnen, Ihre eigenen Routen festzulegen, und macht das Fahren auf Stra\u00dfen, Feldern, W\u00e4ldern und Wegen au\u00dfergew\u00f6hnlich glatt.&lt;br&gt;&lt;br&gt;rnIm Vergleich zum einachsigen Design bieten Bogie-Achsen zus\u00e4tzliche Flexibilit\u00e4t und Laufruhe, was von allen gesch\u00e4tzt wird, die in den empfindlichen Rasenbereichen arbeiten.&quot;}\" data-sheets-userformat=\"{&quot;2&quot;:769,&quot;3&quot;:{&quot;1&quot;:0},&quot;11&quot;:4,&quot;12&quot;:0}\">Im Vergleich zum einachsigen Design bieten Bogie-Achsen zus\u00e4tzliche Flexibilit\u00e4t und Laufruhe, was von allen gesch\u00e4tzt wird, die in den empfindlichen Rasenbereichen arbeiten. Jetzt mit verzinktem Rahmen, Seitenw\u00e4nden und Eckpfosten!<\/span><\/p>\n<p><span data-sheets-value=\"{&quot;1&quot;:2,&quot;2&quot;:&quot;*Lieferung auf Palette mit demontierter Deichsel und R\u00e4dern f\u00fcr eine bequeme T\u00fcrlieferung. Montage mit einfachen Werkzeugen.&quot;}\" data-sheets-userformat=\"{&quot;2&quot;:769,&quot;3&quot;:{&quot;1&quot;:0},&quot;11&quot;:4,&quot;12&quot;:0}\">*Lieferung auf Palette mit demontierter Deichsel und R\u00e4dern f\u00fcr eine bequeme T\u00fcrlieferung. Montage mit einfachen Werkzeugen.<\/span><\/p>\n","protected":false},"featured_media":18716,"template":"","meta":{"_acf_changed":false},"product_brand":[],"product_cat":[195],"product_tag":[184,209,238,190,191,210],"class_list":{"0":"post-17691","1":"product","2":"type-product","3":"status-publish","4":"has-post-thumbnail","6":"product_cat-kippanhanger","7":"product_tag-atv-utv","8":"product_tag-dienstleister-landschaftsbau","9":"product_tag-haus-bauernhof","10":"product_tag-lader","11":"product_tag-traktor","12":"product_tag-villa-herrenhaus-ferienanlage","13":"tm-has-options","14":"member-discount","15":"discount-restricted","17":"first","18":"instock","19":"taxable","20":"shipping-taxable","21":"purchasable","22":"product-type-simple"},"acf":[],"yoast_head":"<!-- This site is optimized with the Yoast SEO plugin v26.3 - https:\/\/yoast.com\/wordpress\/plugins\/seo\/ -->\n<title>FT-1600 OFFROAD Kippanh\u00e4nger - Foresteel: Laubsaugwagen, Laubverladeger\u00e4te, Laubsauger-Einheiten, Kippanh\u00e4nger, Mobile Bew\u00e4sserungs- &amp; Hochdruckreiniger-Systeme<\/title>\n<meta name=\"description\" content=\"Der multifunktionale hydraulische Kippanh\u00e4nger hat einen Pritschenaufbau und ist f\u00fcr Kompakttraktoren, Kompaktlader, Quads und UTVs ausgelegt.\" \/>\n<meta name=\"robots\" content=\"index, follow, max-snippet:-1, max-image-preview:large, max-video-preview:-1\" \/>\n<link rel=\"canonical\" href=\"https:\/\/foresteel.eu\/de\/produkt\/ft-1600-offroad-kippanhaenger-atv-utv-traktor\/\" \/>\n<meta property=\"og:locale\" content=\"de_DE\" \/>\n<meta property=\"og:type\" content=\"article\" \/>\n<meta property=\"og:title\" content=\"FT-1600 OFFROAD Kippanh\u00e4nger - Foresteel: Laubsaugwagen, Laubverladeger\u00e4te, Laubsauger-Einheiten, Kippanh\u00e4nger, Mobile Bew\u00e4sserungs- &amp; Hochdruckreiniger-Systeme\" \/>\n<meta property=\"og:description\" content=\"Der multifunktionale hydraulische Kippanh\u00e4nger hat einen Pritschenaufbau und ist f\u00fcr Kompakttraktoren, Kompaktlader, Quads und UTVs ausgelegt.\" \/>\n<meta property=\"og:url\" content=\"https:\/\/foresteel.eu\/de\/produkt\/ft-1600-offroad-kippanhaenger-atv-utv-traktor\/\" \/>\n<meta property=\"og:site_name\" content=\"Foresteel: Laubsaugwagen, Laubverladeger\u00e4te, Laubsauger-Einheiten, Kippanh\u00e4nger, Mobile Bew\u00e4sserungs- &amp; Hochdruckreiniger-Systeme\" \/>\n<meta property=\"article:publisher\" content=\"https:\/\/www.facebook.com\/foresteel.eu\/\" \/>\n<meta property=\"article:modified_time\" content=\"2024-03-11T13:37:02+00:00\" \/>\n<meta name=\"twitter:card\" content=\"summary_large_image\" \/>\n<script type=\"application\/ld+json\" class=\"yoast-schema-graph\">{\"@context\":\"https:\/\/schema.org\",\"@graph\":[{\"@type\":\"WebPage\",\"@id\":\"https:\/\/foresteel.eu\/de\/produkt\/ft-1600-offroad-kippanhaenger-atv-utv-traktor\/\",\"url\":\"https:\/\/foresteel.eu\/de\/produkt\/ft-1600-offroad-kippanhaenger-atv-utv-traktor\/\",\"name\":\"FT-1600 OFFROAD Kippanh\u00e4nger - Foresteel: Laubsaugwagen, Laubverladeger\u00e4te, Laubsauger-Einheiten, Kippanh\u00e4nger, Mobile Bew\u00e4sserungs- &amp; Hochdruckreiniger-Systeme\",\"isPartOf\":{\"@id\":\"https:\/\/foresteel.eu\/#website\"},\"primaryImageOfPage\":{\"@id\":\"https:\/\/foresteel.eu\/de\/produkt\/ft-1600-offroad-kippanhaenger-atv-utv-traktor\/#primaryimage\"},\"image\":{\"@id\":\"https:\/\/foresteel.eu\/de\/produkt\/ft-1600-offroad-kippanhaenger-atv-utv-traktor\/#primaryimage\"},\"thumbnailUrl\":\"https:\/\/foresteel.eu\/wp-content\/uploads\/2022\/05\/Foresteel-FT-1600-OFFROAD-tipping-trailer-tractor-loader-atv-1.jpg\",\"datePublished\":\"2022-05-21T10:27:41+00:00\",\"dateModified\":\"2024-03-11T13:37:02+00:00\",\"description\":\"Der multifunktionale hydraulische Kippanh\u00e4nger hat einen Pritschenaufbau und ist f\u00fcr Kompakttraktoren, Kompaktlader, Quads und UTVs ausgelegt.\",\"breadcrumb\":{\"@id\":\"https:\/\/foresteel.eu\/de\/produkt\/ft-1600-offroad-kippanhaenger-atv-utv-traktor\/#breadcrumb\"},\"inLanguage\":\"de\",\"potentialAction\":[{\"@type\":\"ReadAction\",\"target\":[\"https:\/\/foresteel.eu\/de\/produkt\/ft-1600-offroad-kippanhaenger-atv-utv-traktor\/\"]}]},{\"@type\":\"ImageObject\",\"inLanguage\":\"de\",\"@id\":\"https:\/\/foresteel.eu\/de\/produkt\/ft-1600-offroad-kippanhaenger-atv-utv-traktor\/#primaryimage\",\"url\":\"https:\/\/foresteel.eu\/wp-content\/uploads\/2022\/05\/Foresteel-FT-1600-OFFROAD-tipping-trailer-tractor-loader-atv-1.jpg\",\"contentUrl\":\"https:\/\/foresteel.eu\/wp-content\/uploads\/2022\/05\/Foresteel-FT-1600-OFFROAD-tipping-trailer-tractor-loader-atv-1.jpg\",\"width\":556,\"height\":720},{\"@type\":\"BreadcrumbList\",\"@id\":\"https:\/\/foresteel.eu\/de\/produkt\/ft-1600-offroad-kippanhaenger-atv-utv-traktor\/#breadcrumb\",\"itemListElement\":[{\"@type\":\"ListItem\",\"position\":1,\"name\":\"Home\",\"item\":\"https:\/\/foresteel.eu\/de\/home\/\"},{\"@type\":\"ListItem\",\"position\":2,\"name\":\"Shop\",\"item\":\"https:\/\/foresteel.eu\/de\/geschaft\/\"},{\"@type\":\"ListItem\",\"position\":3,\"name\":\"FT-1600 OFFROAD Kippanh\u00e4nger\"}]},{\"@type\":\"WebSite\",\"@id\":\"https:\/\/foresteel.eu\/#website\",\"url\":\"https:\/\/foresteel.eu\/\",\"name\":\"Foresteel: Laubsaugwagen, Laubverladeger\u00e4te, Laubsauger-Einheiten, Kippanh\u00e4nger, Mobile Bew\u00e4sserungs- &amp; Hochdruckreiniger-Systeme\",\"description\":\"Foresteel.\",\"publisher\":{\"@id\":\"https:\/\/foresteel.eu\/#organization\"},\"potentialAction\":[{\"@type\":\"SearchAction\",\"target\":{\"@type\":\"EntryPoint\",\"urlTemplate\":\"https:\/\/foresteel.eu\/?s={search_term_string}\"},\"query-input\":{\"@type\":\"PropertyValueSpecification\",\"valueRequired\":true,\"valueName\":\"search_term_string\"}}],\"inLanguage\":\"de\"},{\"@type\":\"Organization\",\"@id\":\"https:\/\/foresteel.eu\/#organization\",\"name\":\"Foresteel\",\"url\":\"https:\/\/foresteel.eu\/\",\"logo\":{\"@type\":\"ImageObject\",\"inLanguage\":\"de\",\"@id\":\"https:\/\/foresteel.eu\/#\/schema\/logo\/image\/\",\"url\":\"https:\/\/foresteel.eu\/wp-content\/uploads\/2022\/02\/header-logo.png\",\"contentUrl\":\"https:\/\/foresteel.eu\/wp-content\/uploads\/2022\/02\/header-logo.png\",\"width\":233,\"height\":60,\"caption\":\"Foresteel\"},\"image\":{\"@id\":\"https:\/\/foresteel.eu\/#\/schema\/logo\/image\/\"},\"sameAs\":[\"https:\/\/www.facebook.com\/foresteel.eu\/\",\"https:\/\/www.instagram.com\/foresteel\/\",\"https:\/\/www.youtube.com\/channel\/UCnGStzIvsDkYmZ7T1bwH6og\"]}]}<\/script>\n<!-- \/ Yoast SEO plugin. -->","yoast_head_json":{"title":"FT-1600 OFFROAD Kippanh\u00e4nger - Foresteel: Laubsaugwagen, Laubverladeger\u00e4te, Laubsauger-Einheiten, Kippanh\u00e4nger, Mobile Bew\u00e4sserungs- &amp; Hochdruckreiniger-Systeme","description":"Der multifunktionale hydraulische Kippanh\u00e4nger hat einen Pritschenaufbau und ist f\u00fcr Kompakttraktoren, Kompaktlader, Quads und UTVs ausgelegt.","robots":{"index":"index","follow":"follow","max-snippet":"max-snippet:-1","max-image-preview":"max-image-preview:large","max-video-preview":"max-video-preview:-1"},"canonical":"https:\/\/foresteel.eu\/de\/produkt\/ft-1600-offroad-kippanhaenger-atv-utv-traktor\/","og_locale":"de_DE","og_type":"article","og_title":"FT-1600 OFFROAD Kippanh\u00e4nger - Foresteel: Laubsaugwagen, Laubverladeger\u00e4te, Laubsauger-Einheiten, Kippanh\u00e4nger, Mobile Bew\u00e4sserungs- &amp; Hochdruckreiniger-Systeme","og_description":"Der multifunktionale hydraulische Kippanh\u00e4nger hat einen Pritschenaufbau und ist f\u00fcr Kompakttraktoren, Kompaktlader, Quads und UTVs ausgelegt.","og_url":"https:\/\/foresteel.eu\/de\/produkt\/ft-1600-offroad-kippanhaenger-atv-utv-traktor\/","og_site_name":"Foresteel: Laubsaugwagen, Laubverladeger\u00e4te, Laubsauger-Einheiten, Kippanh\u00e4nger, Mobile Bew\u00e4sserungs- &amp; Hochdruckreiniger-Systeme","article_publisher":"https:\/\/www.facebook.com\/foresteel.eu\/","article_modified_time":"2024-03-11T13:37:02+00:00","twitter_card":"summary_large_image","schema":{"@context":"https:\/\/schema.org","@graph":[{"@type":"WebPage","@id":"https:\/\/foresteel.eu\/de\/produkt\/ft-1600-offroad-kippanhaenger-atv-utv-traktor\/","url":"https:\/\/foresteel.eu\/de\/produkt\/ft-1600-offroad-kippanhaenger-atv-utv-traktor\/","name":"FT-1600 OFFROAD Kippanh\u00e4nger - Foresteel: Laubsaugwagen, Laubverladeger\u00e4te, Laubsauger-Einheiten, Kippanh\u00e4nger, Mobile Bew\u00e4sserungs- &amp; Hochdruckreiniger-Systeme","isPartOf":{"@id":"https:\/\/foresteel.eu\/#website"},"primaryImageOfPage":{"@id":"https:\/\/foresteel.eu\/de\/produkt\/ft-1600-offroad-kippanhaenger-atv-utv-traktor\/#primaryimage"},"image":{"@id":"https:\/\/foresteel.eu\/de\/produkt\/ft-1600-offroad-kippanhaenger-atv-utv-traktor\/#primaryimage"},"thumbnailUrl":"https:\/\/foresteel.eu\/wp-content\/uploads\/2022\/05\/Foresteel-FT-1600-OFFROAD-tipping-trailer-tractor-loader-atv-1.jpg","datePublished":"2022-05-21T10:27:41+00:00","dateModified":"2024-03-11T13:37:02+00:00","description":"Der multifunktionale hydraulische Kippanh\u00e4nger hat einen Pritschenaufbau und ist f\u00fcr Kompakttraktoren, Kompaktlader, Quads und UTVs ausgelegt.","breadcrumb":{"@id":"https:\/\/foresteel.eu\/de\/produkt\/ft-1600-offroad-kippanhaenger-atv-utv-traktor\/#breadcrumb"},"inLanguage":"de","potentialAction":[{"@type":"ReadAction","target":["https:\/\/foresteel.eu\/de\/produkt\/ft-1600-offroad-kippanhaenger-atv-utv-traktor\/"]}]},{"@type":"ImageObject","inLanguage":"de","@id":"https:\/\/foresteel.eu\/de\/produkt\/ft-1600-offroad-kippanhaenger-atv-utv-traktor\/#primaryimage","url":"https:\/\/foresteel.eu\/wp-content\/uploads\/2022\/05\/Foresteel-FT-1600-OFFROAD-tipping-trailer-tractor-loader-atv-1.jpg","contentUrl":"https:\/\/foresteel.eu\/wp-content\/uploads\/2022\/05\/Foresteel-FT-1600-OFFROAD-tipping-trailer-tractor-loader-atv-1.jpg","width":556,"height":720},{"@type":"BreadcrumbList","@id":"https:\/\/foresteel.eu\/de\/produkt\/ft-1600-offroad-kippanhaenger-atv-utv-traktor\/#breadcrumb","itemListElement":[{"@type":"ListItem","position":1,"name":"Home","item":"https:\/\/foresteel.eu\/de\/home\/"},{"@type":"ListItem","position":2,"name":"Shop","item":"https:\/\/foresteel.eu\/de\/geschaft\/"},{"@type":"ListItem","position":3,"name":"FT-1600 OFFROAD Kippanh\u00e4nger"}]},{"@type":"WebSite","@id":"https:\/\/foresteel.eu\/#website","url":"https:\/\/foresteel.eu\/","name":"Foresteel: Laubsaugwagen, Laubverladeger\u00e4te, Laubsauger-Einheiten, Kippanh\u00e4nger, Mobile Bew\u00e4sserungs- &amp; Hochdruckreiniger-Systeme","description":"Foresteel.","publisher":{"@id":"https:\/\/foresteel.eu\/#organization"},"potentialAction":[{"@type":"SearchAction","target":{"@type":"EntryPoint","urlTemplate":"https:\/\/foresteel.eu\/?s={search_term_string}"},"query-input":{"@type":"PropertyValueSpecification","valueRequired":true,"valueName":"search_term_string"}}],"inLanguage":"de"},{"@type":"Organization","@id":"https:\/\/foresteel.eu\/#organization","name":"Foresteel","url":"https:\/\/foresteel.eu\/","logo":{"@type":"ImageObject","inLanguage":"de","@id":"https:\/\/foresteel.eu\/#\/schema\/logo\/image\/","url":"https:\/\/foresteel.eu\/wp-content\/uploads\/2022\/02\/header-logo.png","contentUrl":"https:\/\/foresteel.eu\/wp-content\/uploads\/2022\/02\/header-logo.png","width":233,"height":60,"caption":"Foresteel"},"image":{"@id":"https:\/\/foresteel.eu\/#\/schema\/logo\/image\/"},"sameAs":["https:\/\/www.facebook.com\/foresteel.eu\/","https:\/\/www.instagram.com\/foresteel\/","https:\/\/www.youtube.com\/channel\/UCnGStzIvsDkYmZ7T1bwH6og"]}]}},"_links":{"self":[{"href":"https:\/\/foresteel.eu\/de\/wp-json\/wp\/v2\/product\/17691","targetHints":{"allow":["GET"]}}],"collection":[{"href":"https:\/\/foresteel.eu\/de\/wp-json\/wp\/v2\/product"}],"about":[{"href":"https:\/\/foresteel.eu\/de\/wp-json\/wp\/v2\/types\/product"}],"version-history":[{"count":8,"href":"https:\/\/foresteel.eu\/de\/wp-json\/wp\/v2\/product\/17691\/revisions"}],"predecessor-version":[{"id":19463,"href":"https:\/\/foresteel.eu\/de\/wp-json\/wp\/v2\/product\/17691\/revisions\/19463"}],"wp:featuredmedia":[{"embeddable":true,"href":"https:\/\/foresteel.eu\/de\/wp-json\/wp\/v2\/media\/18716"}],"wp:attachment":[{"href":"https:\/\/foresteel.eu\/de\/wp-json\/wp\/v2\/media?parent=17691"}],"wp:term":[{"taxonomy":"product_brand","embeddable":true,"href":"https:\/\/foresteel.eu\/de\/wp-json\/wp\/v2\/product_brand?post=17691"},{"taxonomy":"product_cat","embeddable":true,"href":"https:\/\/foresteel.eu\/de\/wp-json\/wp\/v2\/product_cat?post=17691"},{"taxonomy":"product_tag","embeddable":true,"href":"https:\/\/foresteel.eu\/de\/wp-json\/wp\/v2\/product_tag?post=17691"}],"curies":[{"name":"wp","href":"https:\/\/api.w.org\/{rel}","templated":true}]}}