{"id":17680,"date":"2022-05-25T14:48:06","date_gmt":"2022-05-25T14:48:06","guid":{"rendered":"https:\/\/foresteel.eu\/product\/ft-2200-leaf-vacuum-trailer-time-saving-leaf-collection-machine\/"},"modified":"2024-03-04T15:29:53","modified_gmt":"2024-03-04T12:29:53","slug":"ft-2200-laubsaugwagen-kippanhaenger-mit-laubsauger","status":"publish","type":"product","link":"https:\/\/foresteel.eu\/de\/produkt\/ft-2200-laubsaugwagen-kippanhaenger-mit-laubsauger\/","title":{"rendered":"FT-2200 T3 Laubsaugwagen"},"content":{"rendered":"<h1>FT-2200 kompletter Laubsaugwagen \/ Laubsaug Anh\u00e4nger f\u00fcr die schnelle und einfache Laubreinigung. Geeignet f\u00fcr kleine Traktoren, Kompaktlader, Golf- und Parkmaschinen.<\/h1>\n<p>2-in-1-Design. Aufgrund der schnellen und einfachen Demontage der Laubausr\u00fcstung (Saugeinheit) k\u00f6nnen Foresteel-Laubanh\u00e4nger auch als herk\u00f6mmliche Kippanh\u00e4nger f\u00fcr die gesamte Saison verwendet werden (die Demontage dauert weniger als 30 Minuten). Basierend auf dem modularen Aufbau sind unsere Laubsammelmaschinen im 2-in-1-Design, sodass Benutzer einen Kippanh\u00e4nger und einen Laubsauganh\u00e4nger in einer Maschine haben.<\/p>\n<p>Das in sich geschlossene Fl\u00fcgelrad erzeugt ein starkes Vakuum und einen Hochgeschwindigkeitsluftstrom. F\u00fcr ein schnelles und einfaches Entladen haben laubsaugwagen eine robuste hydraulische Kippfunktion mit einem hohen Kippwinkel. Selbst die schwierigsten Lasten k\u00f6nnen vom Benutzer leicht abgeladen werden.<\/p>\n<p>Die Anh\u00e4nger sind mit einer Vielzahl von optionalen Extras erh\u00e4ltlich, die sie an Ihre Bed\u00fcrfnisse anpassen k\u00f6nnen.<br \/>\nEr wurde speziell f\u00fcr kompakte Maschinen entwickelt, hat eine optimierte Gewichtsverteilung und dank spezieller Materialien ein geringes Eigengewicht f\u00fcr einfaches Ziehen.<\/p>\n<h3>Hochwertige Laubsammell\u00f6sungen mit garantierter Produktivit\u00e4tssteigerung und Zeiteffizienz.<\/h3>\n<p>Vereinfachen Sie Ihre Laub- und Abfallsammelaufgaben mit einem multifunktionalen Foresteel-Laubanh\u00e4nger.<\/p>\n<ul>\n<li>Voll ausgestattete Laubsammelmaschinen, die einsatzbereit sind<\/li>\n<li>Weniger Arbeit und \u00c4rger. Weniger Arbeitskr\u00e4fte erforderlich<\/li>\n<li>Passende Modelle f\u00fcr Ihre Kompaktmaschinen<\/li>\n<li>Konfigurierbar nach Ihren Bed\u00fcrfnissen<\/li>\n<li>Zuverl\u00e4ssige und bew\u00e4hrte L\u00f6sungen<\/li>\n<li>Leistungsstarke Laubsauger und fachm\u00e4nnisch konstruierte Anh\u00e4nger<\/li>\n<\/ul>\n<p>Die zeitsparenden und einfach zu bedienenden Kehrsaugmaschinen von Foresteel kombinieren einen Kippanh\u00e4nger mit einem benzinbetriebenen Laubsauger sowie einem Laubh\u00e4cksler, der Bl\u00e4tter zerkleinert und fest in der Anh\u00e4ngerkiste verdichtet, wodurch die Arbeitskapazit\u00e4t um das bis zu Zehnfache erh\u00f6ht wird.<\/p>\n<p>Unsere Laubsauger werden von Briggs &amp; Stratton-Motoren angetrieben, die f\u00fcr ihre Zuverl\u00e4ssigkeit, Leistung und Effizienz bekannt sind. Die geringe Gr\u00f6\u00dfe und das geringe Gewicht unserer Laubanh\u00e4nger machen sie ideal f\u00fcr kleine bis mittelgro\u00dfe Parks und Grundst\u00fccke. Das geringe Gewicht erm\u00f6glicht das Arbeiten auf leicht zu besch\u00e4digenden und empfindlichen Bereichen wie Gr\u00fcns, Rasen und Parks.<\/p>\n<p>Foresteel-Laubsauganh\u00e4nger sind ideal zum Sammeln und R\u00e4umen von Bl\u00e4ttern und gem\u00e4htem Gras sowie anderen Abf\u00e4llen wie M\u00fcll, Holzsp\u00e4nen, Eicheln, Tannennadeln, Heu, Mist und anderen leichten Gegenst\u00e4nden. Unsere autarken Laubsauger sind eine bew\u00e4hrte L\u00f6sung f\u00fcr Kommunen, Golfpl\u00e4tze, Herrenh\u00e4user, Grundst\u00fcckspflegeunternehmen, Sportanlagen, Kirchen- und Friedhofsverwalter und viele andere mit kleinen bis mittelgro\u00dfen Parks, Wegen und Rasenfl\u00e4chen.<\/p>\n","protected":false},"excerpt":{"rendered":"<p><b><span data-sheets-value=\"{&quot;1&quot;:2,&quot;2&quot;:&quot;F\u00fcr Traktoren, Kompaktlader und Kommunalmaschinen steht ein multifunktionaler Laubsammelanh\u00e4nger mit 2200 kg Ladekapazit\u00e4t zur Verf\u00fcgung.&quot;}\" data-sheets-userformat=\"{&quot;2&quot;:769,&quot;3&quot;:{&quot;1&quot;:0},&quot;11&quot;:4,&quot;12&quot;:0}\">F\u00fcr Traktoren, Kompaktlader und Kommunalmaschinen steht ein multifunktionaler Laubsammelanh\u00e4nger mit 2200 kg Ladekapazit\u00e4t zur Verf\u00fcgung.<\/span><\/b><\/p>\n<p><span style=\"color: #ff0000;\"><strong>Neu! Versionen mit Stra\u00dfenzulassung (EU CoC) jetzt verf\u00fcgbar!<\/strong><\/span><\/p>\n<p><span data-sheets-value=\"{&quot;1&quot;:2,&quot;2&quot;:&quot;Das in sich geschlossene Fl\u00fcgelrad erzeugt ein starkes Vakuum und einen Hochgeschwindigkeitsluftstrom. F\u00fcr ein schnelles und einfaches Entladen haben Blattanh\u00e4nger eine robuste hydraulische Kippfunktion mit einem hohen Kippwinkel. Der Kippwinkel der Anh\u00e4nger ist mehr als ausreichend, um selbst schwierigste Lasten zu entladen.&quot;}\" data-sheets-userformat=\"{&quot;2&quot;:769,&quot;3&quot;:{&quot;1&quot;:0},&quot;11&quot;:4,&quot;12&quot;:0}\">Das in sich geschlossene Fl\u00fcgelrad erzeugt ein starkes Vakuum und einen Hochgeschwindigkeitsluftstrom. F\u00fcr ein schnelles und einfaches Entladen haben Blattanh\u00e4nger eine robuste hydraulische Kippfunktion mit einem hohen Kippwinkel. Der Kippwinkel der Anh\u00e4nger ist mehr als ausreichend, um selbst schwierigste Lasten zu entladen.<\/span><\/p>\n","protected":false},"featured_media":15622,"template":"","meta":{"_acf_changed":false},"product_brand":[],"product_cat":[232],"product_tag":[209,212,211,190,191],"class_list":{"0":"post-17680","1":"product","2":"type-product","3":"status-publish","4":"has-post-thumbnail","6":"product_cat-laubsaugwagen","7":"product_tag-dienstleister-landschaftsbau","8":"product_tag-gemeinde","9":"product_tag-golfclub","10":"product_tag-lader","11":"product_tag-traktor","12":"tm-has-options","13":"member-discount","14":"discount-restricted","16":"first","17":"instock","18":"taxable","19":"shipping-taxable","20":"purchasable","21":"product-type-simple"},"acf":[],"yoast_head":"<!-- This site is optimized with the Yoast SEO plugin v26.3 - https:\/\/yoast.com\/wordpress\/plugins\/seo\/ -->\n<title>FT-2200 T3 Laubsaugwagen - Effizienter Laubsaug Anh\u00e4nger.<\/title>\n<meta name=\"description\" content=\"Kompletter Laubsaug Anh\u00e4nger f\u00fcr die schnelle Laubreinigung. Geeignet Laubsaugwagen f\u00fcr kleine Traktoren, Kompaktlader, Golf- und Parkmaschinen.\" \/>\n<meta name=\"robots\" content=\"index, follow, max-snippet:-1, max-image-preview:large, max-video-preview:-1\" \/>\n<link rel=\"canonical\" href=\"https:\/\/foresteel.eu\/de\/produkt\/ft-2200-laubsaugwagen-kippanhaenger-mit-laubsauger\/\" \/>\n<meta property=\"og:locale\" content=\"de_DE\" \/>\n<meta property=\"og:type\" content=\"article\" \/>\n<meta property=\"og:title\" content=\"FT-2200 T3 Laubsaugwagen - Effizienter Laubsaug Anh\u00e4nger.\" \/>\n<meta property=\"og:description\" content=\"Kompletter Laubsaug Anh\u00e4nger f\u00fcr die schnelle Laubreinigung. Geeignet Laubsaugwagen f\u00fcr kleine Traktoren, Kompaktlader, Golf- und Parkmaschinen.\" \/>\n<meta property=\"og:url\" content=\"https:\/\/foresteel.eu\/de\/produkt\/ft-2200-laubsaugwagen-kippanhaenger-mit-laubsauger\/\" \/>\n<meta property=\"og:site_name\" content=\"Foresteel: Laubsaugwagen, Laubverladeger\u00e4te, Laubsauger-Einheiten, Kippanh\u00e4nger, Mobile Bew\u00e4sserungs- &amp; Hochdruckreiniger-Systeme\" \/>\n<meta property=\"article:publisher\" content=\"https:\/\/www.facebook.com\/foresteel.eu\/\" \/>\n<meta property=\"article:modified_time\" content=\"2024-03-04T12:29:53+00:00\" \/>\n<meta property=\"og:image\" content=\"https:\/\/foresteel.eu\/wp-content\/uploads\/2022\/05\/Foresteel-FT-2200-leaf-trailer-deck.jpg\" \/>\n\t<meta property=\"og:image:width\" content=\"908\" \/>\n\t<meta property=\"og:image:height\" content=\"908\" \/>\n\t<meta property=\"og:image:type\" content=\"image\/jpeg\" \/>\n<meta name=\"twitter:card\" content=\"summary_large_image\" \/>\n<meta name=\"twitter:label1\" content=\"Gesch\u00e4tzte Lesezeit\" \/>\n\t<meta name=\"twitter:data1\" content=\"2\u00a0Minuten\" \/>\n<script type=\"application\/ld+json\" class=\"yoast-schema-graph\">{\"@context\":\"https:\/\/schema.org\",\"@graph\":[{\"@type\":\"WebPage\",\"@id\":\"https:\/\/foresteel.eu\/de\/produkt\/ft-2200-laubsaugwagen-kippanhaenger-mit-laubsauger\/\",\"url\":\"https:\/\/foresteel.eu\/de\/produkt\/ft-2200-laubsaugwagen-kippanhaenger-mit-laubsauger\/\",\"name\":\"FT-2200 T3 Laubsaugwagen - Effizienter Laubsaug Anh\u00e4nger.\",\"isPartOf\":{\"@id\":\"https:\/\/foresteel.eu\/#website\"},\"primaryImageOfPage\":{\"@id\":\"https:\/\/foresteel.eu\/de\/produkt\/ft-2200-laubsaugwagen-kippanhaenger-mit-laubsauger\/#primaryimage\"},\"image\":{\"@id\":\"https:\/\/foresteel.eu\/de\/produkt\/ft-2200-laubsaugwagen-kippanhaenger-mit-laubsauger\/#primaryimage\"},\"thumbnailUrl\":\"https:\/\/foresteel.eu\/wp-content\/uploads\/2022\/05\/Foresteel-FT-2200-leaf-trailer-deck.jpg\",\"datePublished\":\"2022-05-25T14:48:06+00:00\",\"dateModified\":\"2024-03-04T12:29:53+00:00\",\"description\":\"Kompletter Laubsaug Anh\u00e4nger f\u00fcr die schnelle Laubreinigung. Geeignet Laubsaugwagen f\u00fcr kleine Traktoren, Kompaktlader, Golf- und Parkmaschinen.\",\"breadcrumb\":{\"@id\":\"https:\/\/foresteel.eu\/de\/produkt\/ft-2200-laubsaugwagen-kippanhaenger-mit-laubsauger\/#breadcrumb\"},\"inLanguage\":\"de\",\"potentialAction\":[{\"@type\":\"ReadAction\",\"target\":[\"https:\/\/foresteel.eu\/de\/produkt\/ft-2200-laubsaugwagen-kippanhaenger-mit-laubsauger\/\"]}]},{\"@type\":\"ImageObject\",\"inLanguage\":\"de\",\"@id\":\"https:\/\/foresteel.eu\/de\/produkt\/ft-2200-laubsaugwagen-kippanhaenger-mit-laubsauger\/#primaryimage\",\"url\":\"https:\/\/foresteel.eu\/wp-content\/uploads\/2022\/05\/Foresteel-FT-2200-leaf-trailer-deck.jpg\",\"contentUrl\":\"https:\/\/foresteel.eu\/wp-content\/uploads\/2022\/05\/Foresteel-FT-2200-leaf-trailer-deck.jpg\",\"width\":908,\"height\":908},{\"@type\":\"BreadcrumbList\",\"@id\":\"https:\/\/foresteel.eu\/de\/produkt\/ft-2200-laubsaugwagen-kippanhaenger-mit-laubsauger\/#breadcrumb\",\"itemListElement\":[{\"@type\":\"ListItem\",\"position\":1,\"name\":\"Home\",\"item\":\"https:\/\/foresteel.eu\/de\/home\/\"},{\"@type\":\"ListItem\",\"position\":2,\"name\":\"Shop\",\"item\":\"https:\/\/foresteel.eu\/de\/geschaft\/\"},{\"@type\":\"ListItem\",\"position\":3,\"name\":\"FT-2200 T3 Laubsaugwagen\"}]},{\"@type\":\"WebSite\",\"@id\":\"https:\/\/foresteel.eu\/#website\",\"url\":\"https:\/\/foresteel.eu\/\",\"name\":\"Foresteel: Laubsaugwagen, Laubverladeger\u00e4te, Laubsauger-Einheiten, Kippanh\u00e4nger, Mobile Bew\u00e4sserungs- &amp; Hochdruckreiniger-Systeme\",\"description\":\"Foresteel.\",\"publisher\":{\"@id\":\"https:\/\/foresteel.eu\/#organization\"},\"potentialAction\":[{\"@type\":\"SearchAction\",\"target\":{\"@type\":\"EntryPoint\",\"urlTemplate\":\"https:\/\/foresteel.eu\/?s={search_term_string}\"},\"query-input\":{\"@type\":\"PropertyValueSpecification\",\"valueRequired\":true,\"valueName\":\"search_term_string\"}}],\"inLanguage\":\"de\"},{\"@type\":\"Organization\",\"@id\":\"https:\/\/foresteel.eu\/#organization\",\"name\":\"Foresteel\",\"url\":\"https:\/\/foresteel.eu\/\",\"logo\":{\"@type\":\"ImageObject\",\"inLanguage\":\"de\",\"@id\":\"https:\/\/foresteel.eu\/#\/schema\/logo\/image\/\",\"url\":\"https:\/\/foresteel.eu\/wp-content\/uploads\/2022\/02\/header-logo.png\",\"contentUrl\":\"https:\/\/foresteel.eu\/wp-content\/uploads\/2022\/02\/header-logo.png\",\"width\":233,\"height\":60,\"caption\":\"Foresteel\"},\"image\":{\"@id\":\"https:\/\/foresteel.eu\/#\/schema\/logo\/image\/\"},\"sameAs\":[\"https:\/\/www.facebook.com\/foresteel.eu\/\",\"https:\/\/www.instagram.com\/foresteel\/\",\"https:\/\/www.youtube.com\/channel\/UCnGStzIvsDkYmZ7T1bwH6og\"]}]}<\/script>\n<!-- \/ Yoast SEO plugin. -->","yoast_head_json":{"title":"FT-2200 T3 Laubsaugwagen - Effizienter Laubsaug Anh\u00e4nger.","description":"Kompletter Laubsaug Anh\u00e4nger f\u00fcr die schnelle Laubreinigung. Geeignet Laubsaugwagen f\u00fcr kleine Traktoren, Kompaktlader, Golf- und Parkmaschinen.","robots":{"index":"index","follow":"follow","max-snippet":"max-snippet:-1","max-image-preview":"max-image-preview:large","max-video-preview":"max-video-preview:-1"},"canonical":"https:\/\/foresteel.eu\/de\/produkt\/ft-2200-laubsaugwagen-kippanhaenger-mit-laubsauger\/","og_locale":"de_DE","og_type":"article","og_title":"FT-2200 T3 Laubsaugwagen - Effizienter Laubsaug Anh\u00e4nger.","og_description":"Kompletter Laubsaug Anh\u00e4nger f\u00fcr die schnelle Laubreinigung. Geeignet Laubsaugwagen f\u00fcr kleine Traktoren, Kompaktlader, Golf- und Parkmaschinen.","og_url":"https:\/\/foresteel.eu\/de\/produkt\/ft-2200-laubsaugwagen-kippanhaenger-mit-laubsauger\/","og_site_name":"Foresteel: Laubsaugwagen, Laubverladeger\u00e4te, Laubsauger-Einheiten, Kippanh\u00e4nger, Mobile Bew\u00e4sserungs- &amp; Hochdruckreiniger-Systeme","article_publisher":"https:\/\/www.facebook.com\/foresteel.eu\/","article_modified_time":"2024-03-04T12:29:53+00:00","og_image":[{"width":908,"height":908,"url":"https:\/\/foresteel.eu\/wp-content\/uploads\/2022\/05\/Foresteel-FT-2200-leaf-trailer-deck.jpg","type":"image\/jpeg"}],"twitter_card":"summary_large_image","twitter_misc":{"Gesch\u00e4tzte Lesezeit":"2\u00a0Minuten"},"schema":{"@context":"https:\/\/schema.org","@graph":[{"@type":"WebPage","@id":"https:\/\/foresteel.eu\/de\/produkt\/ft-2200-laubsaugwagen-kippanhaenger-mit-laubsauger\/","url":"https:\/\/foresteel.eu\/de\/produkt\/ft-2200-laubsaugwagen-kippanhaenger-mit-laubsauger\/","name":"FT-2200 T3 Laubsaugwagen - Effizienter Laubsaug Anh\u00e4nger.","isPartOf":{"@id":"https:\/\/foresteel.eu\/#website"},"primaryImageOfPage":{"@id":"https:\/\/foresteel.eu\/de\/produkt\/ft-2200-laubsaugwagen-kippanhaenger-mit-laubsauger\/#primaryimage"},"image":{"@id":"https:\/\/foresteel.eu\/de\/produkt\/ft-2200-laubsaugwagen-kippanhaenger-mit-laubsauger\/#primaryimage"},"thumbnailUrl":"https:\/\/foresteel.eu\/wp-content\/uploads\/2022\/05\/Foresteel-FT-2200-leaf-trailer-deck.jpg","datePublished":"2022-05-25T14:48:06+00:00","dateModified":"2024-03-04T12:29:53+00:00","description":"Kompletter Laubsaug Anh\u00e4nger f\u00fcr die schnelle Laubreinigung. Geeignet Laubsaugwagen f\u00fcr kleine Traktoren, Kompaktlader, Golf- und Parkmaschinen.","breadcrumb":{"@id":"https:\/\/foresteel.eu\/de\/produkt\/ft-2200-laubsaugwagen-kippanhaenger-mit-laubsauger\/#breadcrumb"},"inLanguage":"de","potentialAction":[{"@type":"ReadAction","target":["https:\/\/foresteel.eu\/de\/produkt\/ft-2200-laubsaugwagen-kippanhaenger-mit-laubsauger\/"]}]},{"@type":"ImageObject","inLanguage":"de","@id":"https:\/\/foresteel.eu\/de\/produkt\/ft-2200-laubsaugwagen-kippanhaenger-mit-laubsauger\/#primaryimage","url":"https:\/\/foresteel.eu\/wp-content\/uploads\/2022\/05\/Foresteel-FT-2200-leaf-trailer-deck.jpg","contentUrl":"https:\/\/foresteel.eu\/wp-content\/uploads\/2022\/05\/Foresteel-FT-2200-leaf-trailer-deck.jpg","width":908,"height":908},{"@type":"BreadcrumbList","@id":"https:\/\/foresteel.eu\/de\/produkt\/ft-2200-laubsaugwagen-kippanhaenger-mit-laubsauger\/#breadcrumb","itemListElement":[{"@type":"ListItem","position":1,"name":"Home","item":"https:\/\/foresteel.eu\/de\/home\/"},{"@type":"ListItem","position":2,"name":"Shop","item":"https:\/\/foresteel.eu\/de\/geschaft\/"},{"@type":"ListItem","position":3,"name":"FT-2200 T3 Laubsaugwagen"}]},{"@type":"WebSite","@id":"https:\/\/foresteel.eu\/#website","url":"https:\/\/foresteel.eu\/","name":"Foresteel: Laubsaugwagen, Laubverladeger\u00e4te, Laubsauger-Einheiten, Kippanh\u00e4nger, Mobile Bew\u00e4sserungs- &amp; Hochdruckreiniger-Systeme","description":"Foresteel.","publisher":{"@id":"https:\/\/foresteel.eu\/#organization"},"potentialAction":[{"@type":"SearchAction","target":{"@type":"EntryPoint","urlTemplate":"https:\/\/foresteel.eu\/?s={search_term_string}"},"query-input":{"@type":"PropertyValueSpecification","valueRequired":true,"valueName":"search_term_string"}}],"inLanguage":"de"},{"@type":"Organization","@id":"https:\/\/foresteel.eu\/#organization","name":"Foresteel","url":"https:\/\/foresteel.eu\/","logo":{"@type":"ImageObject","inLanguage":"de","@id":"https:\/\/foresteel.eu\/#\/schema\/logo\/image\/","url":"https:\/\/foresteel.eu\/wp-content\/uploads\/2022\/02\/header-logo.png","contentUrl":"https:\/\/foresteel.eu\/wp-content\/uploads\/2022\/02\/header-logo.png","width":233,"height":60,"caption":"Foresteel"},"image":{"@id":"https:\/\/foresteel.eu\/#\/schema\/logo\/image\/"},"sameAs":["https:\/\/www.facebook.com\/foresteel.eu\/","https:\/\/www.instagram.com\/foresteel\/","https:\/\/www.youtube.com\/channel\/UCnGStzIvsDkYmZ7T1bwH6og"]}]}},"_links":{"self":[{"href":"https:\/\/foresteel.eu\/de\/wp-json\/wp\/v2\/product\/17680","targetHints":{"allow":["GET"]}}],"collection":[{"href":"https:\/\/foresteel.eu\/de\/wp-json\/wp\/v2\/product"}],"about":[{"href":"https:\/\/foresteel.eu\/de\/wp-json\/wp\/v2\/types\/product"}],"version-history":[{"count":6,"href":"https:\/\/foresteel.eu\/de\/wp-json\/wp\/v2\/product\/17680\/revisions"}],"predecessor-version":[{"id":19436,"href":"https:\/\/foresteel.eu\/de\/wp-json\/wp\/v2\/product\/17680\/revisions\/19436"}],"wp:featuredmedia":[{"embeddable":true,"href":"https:\/\/foresteel.eu\/de\/wp-json\/wp\/v2\/media\/15622"}],"wp:attachment":[{"href":"https:\/\/foresteel.eu\/de\/wp-json\/wp\/v2\/media?parent=17680"}],"wp:term":[{"taxonomy":"product_brand","embeddable":true,"href":"https:\/\/foresteel.eu\/de\/wp-json\/wp\/v2\/product_brand?post=17680"},{"taxonomy":"product_cat","embeddable":true,"href":"https:\/\/foresteel.eu\/de\/wp-json\/wp\/v2\/product_cat?post=17680"},{"taxonomy":"product_tag","embeddable":true,"href":"https:\/\/foresteel.eu\/de\/wp-json\/wp\/v2\/product_tag?post=17680"}],"curies":[{"name":"wp","href":"https:\/\/api.w.org\/{rel}","templated":true}]}}