{"id":17554,"date":"2022-10-13T12:36:53","date_gmt":"2022-10-13T09:36:53","guid":{"rendered":"https:\/\/foresteel.eu\/?page_id=17554"},"modified":"2022-10-13T12:36:58","modified_gmt":"2022-10-13T09:36:58","slug":"zahlungen","status":"publish","type":"page","link":"https:\/\/foresteel.eu\/de\/zahlungen\/","title":{"rendered":"Zahlungen"},"content":{"rendered":"<h1 class=\"wp-block-heading\">Zahlungen<\/h1><p>Folgende Zahlungsmethoden sind verf\u00fcgbar<\/p><p>Europa und weltweit:<\/p><ul class=\"wp-block-list\"><li>KARTENZAHLUNG (Kredit- oder Debitkarte; VISA, MASTERCARD usw.)<\/li><li>Direkte Bank\u00fcberweisung \/ \u00dcberweisung (Rechnung; weltweit)<\/li><\/ul><p>Au\u00dferdem in den Baltischen Staaten und Finnland:<\/p><ul class=\"wp-block-list\"><li>Banklink-Zahlung (Baltische Staaten und Finnland)<\/li><li>BNPL &#8211; Jetzt kaufen, sp\u00e4ter bezahlen! (Baltische Staaten)<\/li><li>ESTO 6 (Teilrechnung; Baltische Staaten)<\/li><li>ESTO Liising (Pacht; Baltische Staaten)<\/li><\/ul><p><\/p><p><strong>KARTENZAHLUNG<\/strong> (Kredit- oder Debitkarte; weltweit)<\/p><p>Unsere E-Commerce-Website erm\u00f6glicht sichere Zahlungen mit Debit- und Kreditkarten, einschlie\u00dflich Prepaid- und wiederaufladbaren Karten. Kartenzahlungen erfolgen \u00fcber den sicheren Zahlungsanbieter STRIPE.<\/p><p>Nach der Zahlung wird automatisch eine Zahlungsbest\u00e4tigung an die E-Mail-Adresse des Kunden gesendet. Dies ist zugleich eine Auftragsbest\u00e4tigung. Der Abschluss der Bestellung beginnt und dieser Vertrag gilt in dem Moment als abgeschlossen, in dem die Zahlungsbest\u00e4tigung\/Auftragsbest\u00e4tigung an die E-Mail-Adresse des Kunden gesendet wird.<\/p><p><\/p><p><strong>Bank\u00fcberweisung\/Bank\u00fcberweisung<\/strong> (Rechnung; weltweit)<\/p><p>Um eine Bank\u00fcberweisung zu senden, m\u00fcssen nach Abschluss der Bestellung die folgenden Schritte ausgef\u00fchrt werden:<\/p><p>1. Kopieren Sie die Bestell-\/Rechnungsnummer von der an Ihre E-Mail gesendeten Rechnung<br>2. Als Grund und Verwendungszweck einer solchen \u00dcberweisung ist die Bestellnummer anzugeben.<br>3. Kopieren Sie die Bankdaten von der Rechnung, die der E-Shop an Ihre E-Mail-Adresse gesendet hat.<\/p><p>4. Fahren Sie mit der Zahlung fort. Die Zahlung per \u00dcberweisung muss auf folgendes Konto erfolgen:<br>Kontoinhaber: FS Production O\u00dc<br>IBAN: EE427700771002033304<br>Bic\/Swift: LHVBEE22<\/p><p>Internationale Bank\u00fcberweisungen dauern in der Regel l\u00e4nger als Inlands\u00fcberweisungen. Es kann bis zu 3-5 Werktage dauern, bis FORESTEEL das Geld erh\u00e4lt. Wenn wir das Geld nicht innerhalb von 10 Tagen nach Annahme der Bestellung erhalten, wird diese Bestellanfrage storniert.<\/p><p>Nach dem Absenden einer Bestellung wird automatisch eine Zahlungsbest\u00e4tigung an die E-Mail-Adresse des Kunden gesendet. Der Kunde erh\u00e4lt innerhalb von 2 Werktagen eine Vorauszahlungsrechnung mit einer Zahlungsfrist von 5 Tagen und der Kunde ist verpflichtet zu pr\u00fcfen, ob die Daten auf der Rechnung korrekt sind. Dieser Vertrag gilt als abgeschlossen und die Ausf\u00fchrung der Bestellung beginnt ab dem Zeitpunkt, an dem 100 % des auf der Rechnung angegebenen Gesamtbetrags auf dem Bankkonto von FORESTEEL eingegangen sind. Falls die Zahlung nicht rechtzeitig best\u00e4tigt wird, werden die Bestellung und die Anzahlungsrechnung automatisch storniert.<\/p><p><\/p><p><strong>Banklink-Zahlung (Baltische Staaten und Finnland)<\/strong><\/p><p>Alle baltischen und finnischen Bankverbindungen f\u00fcr einfache, bequeme und sichere Zahlungen verf\u00fcgbar.<\/p><p><\/p><p><strong>BNPL, SPLIT INVOICE, LEAASE (Baltische Staaten) <\/strong><\/p><p>Zus\u00e4tzlich sind derzeit verschiedene sichere und bequeme BNPL-, SPLIT INVOICE- und LEASE-Optionen in den BALTISCHEN STAATEN verf\u00fcgbar:<\/p><p>BNPL &#8211; Jetzt kaufen, sp\u00e4ter bezahlen! (Baltische Staaten)<\/p><ul class=\"wp-block-list\"><li>Jetzt kaufen, 30 Tage sp\u00e4ter bezahlen. 0&nbsp;% Zinsen, keine zus\u00e4tzlichen Kosten oder zus\u00e4tzliche Geb\u00fchren.<\/li><\/ul><ul class=\"wp-block-list\"><li>Weitere Informationen und Bedingungen an der Kasse.<\/li><\/ul><p>ESTO 6 (geteilte Rechnung; baltische Staaten)<\/p><ul class=\"wp-block-list\"><li>Teilen Sie Ihre Rechnung in 6 gleiche Teile auf: 0&nbsp;% Zinsen, keine zus\u00e4tzlichen Kosten oder zus\u00e4tzliche Geb\u00fchren.<\/li><\/ul><ul class=\"wp-block-list\"><li>Weitere Informationen und Bedingungen an der Kasse.<\/li><\/ul><p>ESTO Liising (Pacht; baltische Staaten)<\/p><ul class=\"wp-block-list\"><li>Verwenden Sie die Leasingoption, um die monatlichen Rechnungen zu minimieren und Ihre Investition auf bis zu 6 Jahre zu verteilen<\/li><\/ul><ul class=\"wp-block-list\"><li>Weitere Informationen und Bedingungen an der Kasse.<\/li><\/ul>","protected":false},"excerpt":{"rendered":"<p>Zahlungen Folgende Zahlungsmethoden sind verf\u00fcgbar Europa und weltweit: KARTENZAHLUNG (Kredit- oder Debitkarte; VISA, MASTERCARD usw.) Direkte Bank\u00fcberweisung \/ \u00dcberweisung (Rechnung; weltweit) Au\u00dferdem in den Baltischen Staaten und Finnland: Banklink-Zahlung (Baltische Staaten und Finnland) BNPL &#8211; Jetzt kaufen, sp\u00e4ter bezahlen! (Baltische Staaten) ESTO 6 (Teilrechnung; Baltische Staaten) ESTO Liising (Pacht; Baltische Staaten) KARTENZAHLUNG (Kredit- oder Debitkarte; [&hellip;]<\/p>\n","protected":false},"author":4,"featured_media":0,"parent":0,"menu_order":0,"comment_status":"closed","ping_status":"closed","template":"elementor_header_footer","meta":{"_acf_changed":false,"footnotes":""},"class_list":["post-17554","page","type-page","status-publish","hentry"],"acf":[],"yoast_head":"<!-- This site is optimized with the Yoast SEO plugin v26.3 - https:\/\/yoast.com\/wordpress\/plugins\/seo\/ -->\n<title>Zahlungen - Foresteel: Laubsaugwagen, Laubverladeger\u00e4te, Laubsauger-Einheiten, Kippanh\u00e4nger, Mobile Bew\u00e4sserungs- &amp; Hochdruckreiniger-Systeme<\/title>\n<meta name=\"robots\" content=\"index, follow, max-snippet:-1, max-image-preview:large, max-video-preview:-1\" \/>\n<link rel=\"canonical\" href=\"https:\/\/foresteel.eu\/de\/zahlungen\/\" \/>\n<meta property=\"og:locale\" content=\"de_DE\" \/>\n<meta property=\"og:type\" content=\"article\" \/>\n<meta property=\"og:title\" content=\"Zahlungen - Foresteel: Laubsaugwagen, Laubverladeger\u00e4te, Laubsauger-Einheiten, Kippanh\u00e4nger, Mobile Bew\u00e4sserungs- &amp; Hochdruckreiniger-Systeme\" \/>\n<meta property=\"og:description\" content=\"Zahlungen Folgende Zahlungsmethoden sind verf\u00fcgbar Europa und weltweit: KARTENZAHLUNG (Kredit- oder Debitkarte; VISA, MASTERCARD usw.) Direkte Bank\u00fcberweisung \/ \u00dcberweisung (Rechnung; weltweit) Au\u00dferdem in den Baltischen Staaten und Finnland: Banklink-Zahlung (Baltische Staaten und Finnland) BNPL &#8211; Jetzt kaufen, sp\u00e4ter bezahlen! (Baltische Staaten) ESTO 6 (Teilrechnung; Baltische Staaten) ESTO Liising (Pacht; Baltische Staaten) KARTENZAHLUNG (Kredit- oder Debitkarte; [&hellip;]\" \/>\n<meta property=\"og:url\" content=\"https:\/\/foresteel.eu\/de\/zahlungen\/\" \/>\n<meta property=\"og:site_name\" content=\"Foresteel: Laubsaugwagen, Laubverladeger\u00e4te, Laubsauger-Einheiten, Kippanh\u00e4nger, Mobile Bew\u00e4sserungs- &amp; Hochdruckreiniger-Systeme\" \/>\n<meta property=\"article:publisher\" content=\"https:\/\/www.facebook.com\/foresteel.eu\/\" \/>\n<meta property=\"article:modified_time\" content=\"2022-10-13T09:36:58+00:00\" \/>\n<meta name=\"twitter:card\" content=\"summary_large_image\" \/>\n<meta name=\"twitter:label1\" content=\"Gesch\u00e4tzte Lesezeit\" \/>\n\t<meta name=\"twitter:data1\" content=\"3\u00a0Minuten\" \/>\n<script type=\"application\/ld+json\" class=\"yoast-schema-graph\">{\"@context\":\"https:\/\/schema.org\",\"@graph\":[{\"@type\":\"WebPage\",\"@id\":\"https:\/\/foresteel.eu\/de\/zahlungen\/\",\"url\":\"https:\/\/foresteel.eu\/de\/zahlungen\/\",\"name\":\"Zahlungen - Foresteel: Laubsaugwagen, Laubverladeger\u00e4te, Laubsauger-Einheiten, Kippanh\u00e4nger, Mobile Bew\u00e4sserungs- &amp; Hochdruckreiniger-Systeme\",\"isPartOf\":{\"@id\":\"https:\/\/foresteel.eu\/#website\"},\"datePublished\":\"2022-10-13T09:36:53+00:00\",\"dateModified\":\"2022-10-13T09:36:58+00:00\",\"breadcrumb\":{\"@id\":\"https:\/\/foresteel.eu\/de\/zahlungen\/#breadcrumb\"},\"inLanguage\":\"de\",\"potentialAction\":[{\"@type\":\"ReadAction\",\"target\":[\"https:\/\/foresteel.eu\/de\/zahlungen\/\"]}]},{\"@type\":\"BreadcrumbList\",\"@id\":\"https:\/\/foresteel.eu\/de\/zahlungen\/#breadcrumb\",\"itemListElement\":[{\"@type\":\"ListItem\",\"position\":1,\"name\":\"Home\",\"item\":\"https:\/\/foresteel.eu\/de\/home\/\"},{\"@type\":\"ListItem\",\"position\":2,\"name\":\"Zahlungen\"}]},{\"@type\":\"WebSite\",\"@id\":\"https:\/\/foresteel.eu\/#website\",\"url\":\"https:\/\/foresteel.eu\/\",\"name\":\"Foresteel: Laubsaugwagen, Laubverladeger\u00e4te, Laubsauger-Einheiten, Kippanh\u00e4nger, Mobile Bew\u00e4sserungs- &amp; Hochdruckreiniger-Systeme\",\"description\":\"Foresteel.\",\"publisher\":{\"@id\":\"https:\/\/foresteel.eu\/#organization\"},\"potentialAction\":[{\"@type\":\"SearchAction\",\"target\":{\"@type\":\"EntryPoint\",\"urlTemplate\":\"https:\/\/foresteel.eu\/?s={search_term_string}\"},\"query-input\":{\"@type\":\"PropertyValueSpecification\",\"valueRequired\":true,\"valueName\":\"search_term_string\"}}],\"inLanguage\":\"de\"},{\"@type\":\"Organization\",\"@id\":\"https:\/\/foresteel.eu\/#organization\",\"name\":\"Foresteel\",\"url\":\"https:\/\/foresteel.eu\/\",\"logo\":{\"@type\":\"ImageObject\",\"inLanguage\":\"de\",\"@id\":\"https:\/\/foresteel.eu\/#\/schema\/logo\/image\/\",\"url\":\"https:\/\/foresteel.eu\/wp-content\/uploads\/2022\/02\/header-logo.png\",\"contentUrl\":\"https:\/\/foresteel.eu\/wp-content\/uploads\/2022\/02\/header-logo.png\",\"width\":233,\"height\":60,\"caption\":\"Foresteel\"},\"image\":{\"@id\":\"https:\/\/foresteel.eu\/#\/schema\/logo\/image\/\"},\"sameAs\":[\"https:\/\/www.facebook.com\/foresteel.eu\/\",\"https:\/\/www.instagram.com\/foresteel\/\",\"https:\/\/www.youtube.com\/channel\/UCnGStzIvsDkYmZ7T1bwH6og\"]}]}<\/script>\n<!-- \/ Yoast SEO plugin. -->","yoast_head_json":{"title":"Zahlungen - Foresteel: Laubsaugwagen, Laubverladeger\u00e4te, Laubsauger-Einheiten, Kippanh\u00e4nger, Mobile Bew\u00e4sserungs- &amp; Hochdruckreiniger-Systeme","robots":{"index":"index","follow":"follow","max-snippet":"max-snippet:-1","max-image-preview":"max-image-preview:large","max-video-preview":"max-video-preview:-1"},"canonical":"https:\/\/foresteel.eu\/de\/zahlungen\/","og_locale":"de_DE","og_type":"article","og_title":"Zahlungen - Foresteel: Laubsaugwagen, Laubverladeger\u00e4te, Laubsauger-Einheiten, Kippanh\u00e4nger, Mobile Bew\u00e4sserungs- &amp; Hochdruckreiniger-Systeme","og_description":"Zahlungen Folgende Zahlungsmethoden sind verf\u00fcgbar Europa und weltweit: KARTENZAHLUNG (Kredit- oder Debitkarte; VISA, MASTERCARD usw.) Direkte Bank\u00fcberweisung \/ \u00dcberweisung (Rechnung; weltweit) Au\u00dferdem in den Baltischen Staaten und Finnland: Banklink-Zahlung (Baltische Staaten und Finnland) BNPL &#8211; Jetzt kaufen, sp\u00e4ter bezahlen! (Baltische Staaten) ESTO 6 (Teilrechnung; Baltische Staaten) ESTO Liising (Pacht; Baltische Staaten) KARTENZAHLUNG (Kredit- oder Debitkarte; [&hellip;]","og_url":"https:\/\/foresteel.eu\/de\/zahlungen\/","og_site_name":"Foresteel: Laubsaugwagen, Laubverladeger\u00e4te, Laubsauger-Einheiten, Kippanh\u00e4nger, Mobile Bew\u00e4sserungs- &amp; Hochdruckreiniger-Systeme","article_publisher":"https:\/\/www.facebook.com\/foresteel.eu\/","article_modified_time":"2022-10-13T09:36:58+00:00","twitter_card":"summary_large_image","twitter_misc":{"Gesch\u00e4tzte Lesezeit":"3\u00a0Minuten"},"schema":{"@context":"https:\/\/schema.org","@graph":[{"@type":"WebPage","@id":"https:\/\/foresteel.eu\/de\/zahlungen\/","url":"https:\/\/foresteel.eu\/de\/zahlungen\/","name":"Zahlungen - Foresteel: Laubsaugwagen, Laubverladeger\u00e4te, Laubsauger-Einheiten, Kippanh\u00e4nger, Mobile Bew\u00e4sserungs- &amp; Hochdruckreiniger-Systeme","isPartOf":{"@id":"https:\/\/foresteel.eu\/#website"},"datePublished":"2022-10-13T09:36:53+00:00","dateModified":"2022-10-13T09:36:58+00:00","breadcrumb":{"@id":"https:\/\/foresteel.eu\/de\/zahlungen\/#breadcrumb"},"inLanguage":"de","potentialAction":[{"@type":"ReadAction","target":["https:\/\/foresteel.eu\/de\/zahlungen\/"]}]},{"@type":"BreadcrumbList","@id":"https:\/\/foresteel.eu\/de\/zahlungen\/#breadcrumb","itemListElement":[{"@type":"ListItem","position":1,"name":"Home","item":"https:\/\/foresteel.eu\/de\/home\/"},{"@type":"ListItem","position":2,"name":"Zahlungen"}]},{"@type":"WebSite","@id":"https:\/\/foresteel.eu\/#website","url":"https:\/\/foresteel.eu\/","name":"Foresteel: Laubsaugwagen, Laubverladeger\u00e4te, Laubsauger-Einheiten, Kippanh\u00e4nger, Mobile Bew\u00e4sserungs- &amp; Hochdruckreiniger-Systeme","description":"Foresteel.","publisher":{"@id":"https:\/\/foresteel.eu\/#organization"},"potentialAction":[{"@type":"SearchAction","target":{"@type":"EntryPoint","urlTemplate":"https:\/\/foresteel.eu\/?s={search_term_string}"},"query-input":{"@type":"PropertyValueSpecification","valueRequired":true,"valueName":"search_term_string"}}],"inLanguage":"de"},{"@type":"Organization","@id":"https:\/\/foresteel.eu\/#organization","name":"Foresteel","url":"https:\/\/foresteel.eu\/","logo":{"@type":"ImageObject","inLanguage":"de","@id":"https:\/\/foresteel.eu\/#\/schema\/logo\/image\/","url":"https:\/\/foresteel.eu\/wp-content\/uploads\/2022\/02\/header-logo.png","contentUrl":"https:\/\/foresteel.eu\/wp-content\/uploads\/2022\/02\/header-logo.png","width":233,"height":60,"caption":"Foresteel"},"image":{"@id":"https:\/\/foresteel.eu\/#\/schema\/logo\/image\/"},"sameAs":["https:\/\/www.facebook.com\/foresteel.eu\/","https:\/\/www.instagram.com\/foresteel\/","https:\/\/www.youtube.com\/channel\/UCnGStzIvsDkYmZ7T1bwH6og"]}]}},"_links":{"self":[{"href":"https:\/\/foresteel.eu\/de\/wp-json\/wp\/v2\/pages\/17554","targetHints":{"allow":["GET"]}}],"collection":[{"href":"https:\/\/foresteel.eu\/de\/wp-json\/wp\/v2\/pages"}],"about":[{"href":"https:\/\/foresteel.eu\/de\/wp-json\/wp\/v2\/types\/page"}],"author":[{"embeddable":true,"href":"https:\/\/foresteel.eu\/de\/wp-json\/wp\/v2\/users\/4"}],"replies":[{"embeddable":true,"href":"https:\/\/foresteel.eu\/de\/wp-json\/wp\/v2\/comments?post=17554"}],"version-history":[{"count":1,"href":"https:\/\/foresteel.eu\/de\/wp-json\/wp\/v2\/pages\/17554\/revisions"}],"predecessor-version":[{"id":17555,"href":"https:\/\/foresteel.eu\/de\/wp-json\/wp\/v2\/pages\/17554\/revisions\/17555"}],"wp:attachment":[{"href":"https:\/\/foresteel.eu\/de\/wp-json\/wp\/v2\/media?parent=17554"}],"curies":[{"name":"wp","href":"https:\/\/api.w.org\/{rel}","templated":true}]}}